{"id":884497,"date":"2024-03-14T16:59:28","date_gmt":"2024-03-14T16:59:28","guid":{"rendered":"https:\/\/dev2.afinialabel.com\/samples-key-x350\/"},"modified":"2026-02-18T04:26:22","modified_gmt":"2026-02-18T04:26:22","slug":"echantillons-cle-x350","status":"publish","type":"page","link":"https:\/\/dev2.afinialabel.com\/fr\/echantillons-cle-x350\/","title":{"rendered":"Cl\u00e9 d&rsquo;\u00e9chantillons X350"},"content":{"rendered":"\t\t<div data-elementor-type=\"wp-page\" data-elementor-id=\"884497\" class=\"elementor elementor-884497 elementor-393798\" data-elementor-post-type=\"page\">\n\t\t\t\t\t\t<section data-particle_enable=\"false\" data-particle-mobile-disabled=\"false\" class=\"elementor-section elementor-top-section elementor-element elementor-element-45cac35 elementor-section-boxed elementor-section-height-default elementor-section-height-default\" data-id=\"45cac35\" data-element_type=\"section\" data-e-type=\"section\">\n\t\t\t\t\t\t<div class=\"elementor-container elementor-column-gap-default\">\n\t\t\t\t\t<div class=\"elementor-column elementor-col-100 elementor-top-column elementor-element elementor-element-4eaaf36\" data-id=\"4eaaf36\" data-element_type=\"column\" data-e-type=\"column\">\n\t\t\t<div class=\"elementor-widget-wrap elementor-element-populated\">\n\t\t\t\t\t\t<div class=\"elementor-element elementor-element-3eb3efd6 elementor-widget elementor-widget-heading\" data-id=\"3eb3efd6\" data-element_type=\"widget\" data-e-type=\"widget\" data-widget_type=\"heading.default\">\n\t\t\t\t<div class=\"elementor-widget-container\">\n\t\t\t\t\t<h1 class=\"elementor-heading-title elementor-size-default\">L\u00e9gende des \u00e9chantillons d&#039;\u00e9tiquettes Afinia<span> - Co\u00fbt par impression<\/span><\/h1>\t\t\t\t<\/div>\n\t\t\t\t<\/div>\n\t\t\t\t<div class=\"elementor-element elementor-element-4462c6b6 elementor-widget elementor-widget-text-editor\" data-id=\"4462c6b6\" data-element_type=\"widget\" data-e-type=\"widget\" data-widget_type=\"text-editor.default\">\n\t\t\t\t<div class=\"elementor-widget-container\">\n\t\t\t\t\t\t\t\t\t<p><span style=\"font-family: var(--normal-font); font-size: var(--standard-font); font-weight: 300;\"><strong>Bienvenue sur la page d&#39;exemple de cl\u00e9s pour la <a href=\"https:\/\/dev2.afinialabel.com\/fr\/imprimantes-detiquettes-numeriques\/presse-numerique-rouleau-a-rouleau-x350\/\">presse num\u00e9rique rouleau \u00e0 rouleau X350<\/a>.<\/strong> Ce tableau a pour but de comparer les co\u00fbts d&#39;encre par impression pour les \u00e9tiquettes imprim\u00e9es sur la X350. <\/span><\/p>\n<div><span style=\"font-family: var(--normal-font); font-size: var(--standard-font); font-weight: 300;\">Pour comparer les prix de nos <a href=\"\/digital-label-printers\/\">imprimantes d&#39;\u00e9tiquettes de bureau<\/a>, <a href=\"https:\/\/dev2.afinialabel.com\/fr\/cle-dechantillons\/\" target=\"_blank\" rel=\"noopener\">cliquez ici<\/a>. <\/span><\/div>\n<h2>Le X350 vous convient-il\u00a0?<\/h2>\n<p>Nous pouvons vous aider \u00e0 r\u00e9pondre \u00e0 cette question. <a href=\"https:\/\/dev2.afinialabel.com\/fr\/echantillon\/\">Visualisez votre propre conception<\/a> et obtenez une analyse des co\u00fbts, ou, si vous \u00eates pr\u00eat, <a href=\"https:\/\/dev2.afinialabel.com\/fr\/contact\/\">planifiez une d\u00e9monstration<\/a> pour voir une machine en fonctionnement. <\/p>\n<p>Comme toujours, n&#39;h\u00e9sitez pas \u00e0 <a href=\"https:\/\/dev2.afinialabel.com\/fr\/contact\/\">nous contacter<\/a> si vous avez des questions. Nous sommes heureux de vous aider.<\/p>\n\t\t\t\t\t\t\t\t<\/div>\n\t\t\t\t<\/div>\n\t\t\t\t<div class=\"elementor-element elementor-element-453fbde samples-key-table x350-table elementor-widget elementor-widget-eael-advanced-data-table\" data-id=\"453fbde\" data-element_type=\"widget\" data-e-type=\"widget\" id=\"test-table\" data-widget_type=\"eael-advanced-data-table.default\">\n\t\t\t\t<div class=\"elementor-widget-container\">\n\t\t\t\t\t<div class=\"ea-advanced-data-table-wrap\" data-id=\"453fbde\"><div class=\"ea-advanced-data-table-wrap-inner\">\n                <table class=\"ea-advanced-data-table ea-advanced-data-table-static ea-advanced-data-table-453fbde\" data-id=\"453fbde\"><thead><tr><th><p><br><\/p><\/th><th><p><br><\/p><\/th><th>Taille (en pouces)<\/th><th>Taille (mm)<\/th><th><p><img src='\/wp-content\/uploads\/x350-Logo.png'><\/p><\/th><\/tr><\/thead><tbody><tr><td><p><a href='\/wp-content\/uploads\/x350sample-tilapia.png'><img src='\/wp-content\/uploads\/x350sample-tilapia.png'><\/a><\/p><\/td><td><p>Tilapia<\/p><\/td><td>4 x 6<\/td><td>102 x 152<\/td><td>$0.039 <\/td><\/tr><tr><td><p><a href='\/wp-content\/uploads\/x350sample-fundraiserpopcorn.png'><img src='\/wp-content\/uploads\/x350sample-fundraiserpopcorn.png'><\/a><\/p><\/td><td><p>Popcorn de collecte de fonds<\/p><\/td><td>5 x 6<\/td><td>127 x 152<\/td><td>$0.018 <\/td><\/tr><tr><td><p><a href='\/wp-content\/uploads\/x350sample-algaeclear.png'><img src='\/wp-content\/uploads\/x350sample-algaeclear.png'><\/a><\/p><\/td><td><p>Algaeclear<\/p><\/td><td>4 x 6,5<\/td><td>102 x 165<\/td><td>$0.018 <\/td><\/tr><tr><td><p><a href='\/wp-content\/uploads\/x350sample-Spices.png'><img src='\/wp-content\/uploads\/x350sample-Spices.png'><\/a><\/p><\/td><td><p>\u00c9pices<\/p><\/td><td>4 x 6<\/td><td>102 x 152<\/td><td>$0.018 <\/td><\/tr><tr><td><p><a href='\/wp-content\/uploads\/x350sample-PigLeagueBBQ.png'><img src='\/wp-content\/uploads\/x350sample-PigLeagueBBQ.png'><\/a><\/p><\/td><td><p>Pig League BBQ<\/p><\/td><td>3,5 x 6,5<\/td><td>89 x 165<\/td><td>$0.037 <\/td><\/tr><tr><td><p><a href='\/wp-content\/uploads\/x350sample-icybars.png'><img src='\/wp-content\/uploads\/x350sample-icybars.png'><\/a><\/p><\/td><td><p>Barres glac\u00e9es<\/p><\/td><td>4 x 6<\/td><td>102 x 152<\/td><td>$0.032 <\/td><\/tr><tr><td><p><a href='\/wp-content\/uploads\/x350sample-carpet.png'><img src='\/wp-content\/uploads\/x350sample-carpet.png'><\/a><\/p><\/td><td><p>Tapis<\/p><\/td><td>3,7 x 5,5<\/td><td>94 x 140<\/td><td>$0.017 <\/td><\/tr><\/tbody><\/table>\n            <\/div><\/div>\t\t\t\t<\/div>\n\t\t\t\t<\/div>\n\t\t\t\t<div class=\"elementor-element elementor-element-26e8773b elementor-widget elementor-widget-text-editor\" data-id=\"26e8773b\" data-element_type=\"widget\" data-e-type=\"widget\" data-widget_type=\"text-editor.default\">\n\t\t\t\t<div class=\"elementor-widget-container\">\n\t\t\t\t\t\t\t\t\t<p>REMARQUE &#8211; Calculs par impression exacts en date d&#39;avril 2024. Les chiffres correspondent aux prix catalogue en dollars am\u00e9ricains (Am\u00e9riques) de l&#39;encre X350. Les prix sont susceptibles de changer et peuvent ne pas \u00eatre imm\u00e9diatement refl\u00e9t\u00e9s dans ces donn\u00e9es. Pour obtenir des calculs actuels utilisant vos mod\u00e8les d&#39;\u00e9tiquettes, veuillez <a href=\"https:\/\/dev2.afinialabel.com\/fr\/echantillon\/\">demander un \u00e9chantillon<\/a> ou <a href=\"https:\/\/dev2.afinialabel.com\/fr\/contact\/\">nous contacter<\/a>.<\/p>\n\t\t\t\t\t\t\t\t<\/div>\n\t\t\t\t<\/div>\n\t\t\t\t\t<\/div>\n\t\t<\/div>\n\t\t\t\t\t<\/div>\n\t\t<\/section>\n\t\t\t\t<\/div>\n\t\t","protected":false},"excerpt":{"rendered":"L\u00e9gende des \u00e9chantillons d&#039;\u00e9tiquettes Afinia &#8211; Co\u00fbt par impression Bienvenue sur la page d&#039;exemple de cl\u00e9s pour la presse num\u00e9rique rouleau \u00e0 rouleau X350. Ce tableau a pour but de comparer les co\u00fbts d&#039;encre par impression pour les \u00e9tiquettes imprim\u00e9es sur la X350. Pour comparer les prix de nos imprimantes d&#039;\u00e9tiquettes de bureau, cliquez ici&#8230;. <a class=\"view-article\" href=\"https:\/\/dev2.afinialabel.com\/fr\/echantillons-cle-x350\/\">Voir l&rsquo;article<\/a>","protected":false},"author":3,"featured_media":0,"parent":0,"menu_order":62,"comment_status":"closed","ping_status":"closed","template":"elementor_header_footer","meta":{"_acf_changed":false,"footnotes":""},"class_list":["post-884497","page","type-page","status-publish","hentry"],"acf":[],"yoast_head":"<!-- This site is optimized with the Yoast SEO Premium plugin v27.5 (Yoast SEO v27.5) - https:\/\/yoast.com\/product\/yoast-seo-premium-wordpress\/ -->\n<title>Cl\u00e9 d&#039;\u00e9chantillons X350 &#187; Afinia Label - Make Your Own Labels<\/title>\n<meta name=\"description\" content=\"Digital Color Label Printers and Finishers - Cl\u00e9 d&#039;\u00e9chantillons X350\" \/>\n<meta name=\"robots\" content=\"index, follow, max-snippet:-1, max-image-preview:large, max-video-preview:-1\" \/>\n<link rel=\"canonical\" href=\"https:\/\/dev2.afinialabel.com\/fr\/echantillons-cle-x350\/\" \/>\n<meta property=\"og:locale\" content=\"fr_FR\" \/>\n<meta property=\"og:type\" content=\"article\" \/>\n<meta property=\"og:title\" content=\"Cl\u00e9 d&#039;\u00e9chantillons X350\" \/>\n<meta property=\"og:description\" content=\"L\u00e9gende des \u00e9chantillons d&#039;\u00e9tiquettes Afinia - Co\u00fbt par impression Bienvenue sur la page d&#039;exemple de cl\u00e9s pour la presse num\u00e9rique rouleau \u00e0\" \/>\n<meta property=\"og:url\" content=\"https:\/\/dev2.afinialabel.com\/fr\/echantillons-cle-x350\/\" \/>\n<meta property=\"og:site_name\" content=\"Afinia Label - Make Your Own Labels\" \/>\n<meta property=\"article:modified_time\" content=\"2026-02-18T04:26:22+00:00\" \/>\n<meta name=\"twitter:card\" content=\"summary_large_image\" \/>\n<meta name=\"twitter:site\" content=\"@afinialabel\" \/>\n<meta name=\"twitter:label1\" content=\"Dur\u00e9e de lecture estim\u00e9e\" \/>\n\t<meta name=\"twitter:data1\" content=\"1 minute\" \/>\n<!-- \/ Yoast SEO Premium plugin. -->","yoast_head_json":{"title":"Cl\u00e9 d'\u00e9chantillons X350 &#187; Afinia Label - Make Your Own Labels","description":"Digital Color Label Printers and Finishers - Cl\u00e9 d'\u00e9chantillons X350","robots":{"index":"index","follow":"follow","max-snippet":"max-snippet:-1","max-image-preview":"max-image-preview:large","max-video-preview":"max-video-preview:-1"},"canonical":"https:\/\/dev2.afinialabel.com\/fr\/echantillons-cle-x350\/","og_locale":"fr_FR","og_type":"article","og_title":"Cl\u00e9 d'\u00e9chantillons X350","og_description":"L\u00e9gende des \u00e9chantillons d&#039;\u00e9tiquettes Afinia - Co\u00fbt par impression Bienvenue sur la page d&#039;exemple de cl\u00e9s pour la presse num\u00e9rique rouleau \u00e0","og_url":"https:\/\/dev2.afinialabel.com\/fr\/echantillons-cle-x350\/","og_site_name":"Afinia Label - Make Your Own Labels","article_modified_time":"2026-02-18T04:26:22+00:00","twitter_card":"summary_large_image","twitter_site":"@afinialabel","twitter_misc":{"Dur\u00e9e de lecture estim\u00e9e":"1 minute"},"schema":{"@context":"https:\/\/schema.org","@graph":[{"@type":"WebPage","@id":"https:\/\/dev2.afinialabel.com\/fr\/echantillons-cle-x350\/","url":"https:\/\/dev2.afinialabel.com\/fr\/echantillons-cle-x350\/","name":"Cl\u00e9 d'\u00e9chantillons X350 &#187; Afinia Label - Make Your Own Labels","isPartOf":{"@id":"https:\/\/dev2.afinialabel.com\/fr\/#website"},"datePublished":"2024-03-14T16:59:28+00:00","dateModified":"2026-02-18T04:26:22+00:00","description":"Digital Color Label Printers and Finishers - Cl\u00e9 d'\u00e9chantillons X350","breadcrumb":{"@id":"https:\/\/dev2.afinialabel.com\/fr\/echantillons-cle-x350\/#breadcrumb"},"inLanguage":"fr-FR","potentialAction":[{"@type":"ReadAction","target":["https:\/\/dev2.afinialabel.com\/fr\/echantillons-cle-x350\/"]}]},{"@type":"BreadcrumbList","@id":"https:\/\/dev2.afinialabel.com\/fr\/echantillons-cle-x350\/#breadcrumb","itemListElement":[{"@type":"ListItem","position":1,"name":"Home","item":"https:\/\/dev2.afinialabel.com\/fr\/"},{"@type":"ListItem","position":2,"name":"Cl\u00e9 d&#8217;\u00e9chantillons X350"}]},{"@type":"WebSite","@id":"https:\/\/dev2.afinialabel.com\/fr\/#website","url":"https:\/\/dev2.afinialabel.com\/fr\/","name":"Afinia Label - Make Your Own Labels","description":"Digital Color Label Printers and Finishers","publisher":{"@id":"https:\/\/dev2.afinialabel.com\/fr\/#organization"},"potentialAction":[{"@type":"SearchAction","target":{"@type":"EntryPoint","urlTemplate":"https:\/\/dev2.afinialabel.com\/fr\/?s={search_term_string}"},"query-input":{"@type":"PropertyValueSpecification","valueRequired":true,"valueName":"search_term_string"}}],"inLanguage":"fr-FR"},{"@type":"Organization","@id":"https:\/\/dev2.afinialabel.com\/fr\/#organization","name":"Afinia Label","url":"https:\/\/dev2.afinialabel.com\/fr\/","logo":{"@type":"ImageObject","inLanguage":"fr-FR","@id":"https:\/\/dev2.afinialabel.com\/fr\/#\/schema\/logo\/image\/","url":"https:\/\/dev2.afinialabel.com\/wp-content\/uploads\/logo-light.svg","contentUrl":"https:\/\/dev2.afinialabel.com\/wp-content\/uploads\/logo-light.svg","width":190,"height":36,"caption":"Afinia Label"},"image":{"@id":"https:\/\/dev2.afinialabel.com\/fr\/#\/schema\/logo\/image\/"},"sameAs":["https:\/\/x.com\/afinialabel","https:\/\/www.youtube.com\/channel\/UC7oqak2m5QABw4LzXLuWCaA"]}]}},"_links":{"self":[{"href":"https:\/\/dev2.afinialabel.com\/fr\/wp-json\/wp\/v2\/pages\/884497","targetHints":{"allow":["GET"]}}],"collection":[{"href":"https:\/\/dev2.afinialabel.com\/fr\/wp-json\/wp\/v2\/pages"}],"about":[{"href":"https:\/\/dev2.afinialabel.com\/fr\/wp-json\/wp\/v2\/types\/page"}],"author":[{"embeddable":true,"href":"https:\/\/dev2.afinialabel.com\/fr\/wp-json\/wp\/v2\/users\/3"}],"replies":[{"embeddable":true,"href":"https:\/\/dev2.afinialabel.com\/fr\/wp-json\/wp\/v2\/comments?post=884497"}],"version-history":[{"count":0,"href":"https:\/\/dev2.afinialabel.com\/fr\/wp-json\/wp\/v2\/pages\/884497\/revisions"}],"wp:attachment":[{"href":"https:\/\/dev2.afinialabel.com\/fr\/wp-json\/wp\/v2\/media?parent=884497"}],"curies":[{"name":"wp","href":"https:\/\/api.w.org\/{rel}","templated":true}]}}