{"id":6110,"date":"2023-04-13T17:24:00","date_gmt":"2023-04-13T17:24:00","guid":{"rendered":"https:\/\/dev2.afinialabel.com\/samples-key\/"},"modified":"2026-02-14T03:06:57","modified_gmt":"2026-02-14T03:06:57","slug":"cle-dechantillons","status":"publish","type":"page","link":"https:\/\/dev2.afinialabel.com\/fr\/cle-dechantillons\/","title":{"rendered":"Cl\u00e9 des \u00e9chantillons"},"content":{"rendered":"\t\t<div data-elementor-type=\"wp-page\" data-elementor-id=\"6110\" class=\"elementor elementor-6110 elementor-1577\" data-elementor-post-type=\"page\">\n\t\t\t\t\t\t<section data-particle_enable=\"false\" data-particle-mobile-disabled=\"false\" class=\"elementor-section elementor-top-section elementor-element elementor-element-45cac35 elementor-section-boxed elementor-section-height-default elementor-section-height-default\" data-id=\"45cac35\" data-element_type=\"section\" data-e-type=\"section\">\n\t\t\t\t\t\t<div class=\"elementor-container elementor-column-gap-default\">\n\t\t\t\t\t<div class=\"elementor-column elementor-col-100 elementor-top-column elementor-element elementor-element-4eaaf36\" data-id=\"4eaaf36\" data-element_type=\"column\" data-e-type=\"column\">\n\t\t\t<div class=\"elementor-widget-wrap elementor-element-populated\">\n\t\t\t\t\t\t<div class=\"elementor-element elementor-element-3eb3efd6 elementor-widget elementor-widget-heading\" data-id=\"3eb3efd6\" data-element_type=\"widget\" data-e-type=\"widget\" data-widget_type=\"heading.default\">\n\t\t\t\t<div class=\"elementor-widget-container\">\n\t\t\t\t\t<h1 class=\"elementor-heading-title elementor-size-default\">Cl\u00e9 d&#039;\u00e9chantillons d&#039;\u00e9tiquettes Afinia <span>- Co\u00fbt par impression<\/span><\/h1>\t\t\t\t<\/div>\n\t\t\t\t<\/div>\n\t\t\t\t<div class=\"elementor-element elementor-element-4462c6b6 elementor-widget elementor-widget-text-editor\" data-id=\"4462c6b6\" data-element_type=\"widget\" data-e-type=\"widget\" data-widget_type=\"text-editor.default\">\n\t\t\t\t<div class=\"elementor-widget-container\">\n\t\t\t\t\t\t\t\t\t<h2>Comparez les co\u00fbts par impression entre les imprimantes Afinia Label<\/h2>\n<p>Bienvenue sur la page d&#39;exemple de cl\u00e9 Afinia Label. Le but de ce tableau est de comparer les co\u00fbts par impression pour le m\u00eame motif, imprim\u00e9 sur diff\u00e9rentes machines. <\/p>\n<h2>Est-ce que imprimer soi-m\u00eame a du sens ?<\/h2>\n<p>Nous pouvons vous aider \u00e0 y r\u00e9pondre. <a href=\"https:\/\/dev2.afinialabel.com\/fr\/echantillon\/\">D\u00e9couvrez votre propre conception<\/a> et obtenez une analyse des co\u00fbts ou, si vous \u00eates pr\u00eat, <a href=\"https:\/\/dev2.afinialabel.com\/fr\/contact\/\">planifiez une d\u00e9monstration<\/a> pour voir une machine en action. <\/p>\n<p>Comme toujours, n&#39;h\u00e9sitez pas \u00e0 <a href=\"https:\/\/dev2.afinialabel.com\/fr\/contact\/\">nous contacter<\/a> pour toute question. Nous sommes heureux de vous aider.<\/p>\n\t\t\t\t\t\t\t\t<\/div>\n\t\t\t\t<\/div>\n\t\t\t\t<div class=\"elementor-element elementor-element-453fbde samples-key-table elementor-widget elementor-widget-eael-advanced-data-table\" data-id=\"453fbde\" data-element_type=\"widget\" data-e-type=\"widget\" id=\"test-table\" data-widget_type=\"eael-advanced-data-table.default\">\n\t\t\t\t<div class=\"elementor-widget-container\">\n\t\t\t\t\t<div class=\"ea-advanced-data-table-wrap\" data-id=\"453fbde\"><div class=\"ea-advanced-data-table-wrap-inner\">\n                <table class=\"ea-advanced-data-table ea-advanced-data-table-static ea-advanced-data-table-453fbde\" data-id=\"453fbde\"><thead><tr><th><p><br><\/p><\/th><th><p><br><\/p><\/th><th><p><br><\/p><\/th><th><p><br><\/p><\/th><th><p><img decoding=\"async\" src=\"\/wp-content\/uploads\/hp-logo-1.svg\"><\/p><\/th><th><p><img decoding=\"async\" src=\"\/wp-content\/uploads\/memjet-1.svg\"><\/p><\/th><\/tr><\/thead><tbody><tr><td><p><br><\/p><\/td><td><p><br><\/p><\/td><td>Taille (po)<\/td><td>Taille (mm)<\/td><td><p>L502<br>\/F502<\/p><\/td><td><p>L701<\/p><\/td><td><p>L801<\/p><\/td><td><p>L801+<\/p><\/td><td><p>L901<\/p><\/td><td><p>L901+<br>\/FP230<br>\/CP950<\/p><\/td><\/tr><tr><td><p><a href=\"\/wp-content\/uploads\/backpackbrewing-1.jpg\"><img decoding=\"async\" src=\"\/wp-content\/uploads\/backpackbrewing-1.jpg\"><\/a><\/p><\/td><td><p>Brassage \u00e0 dos<\/p><\/td><td>8x3,5<\/td><td>200x90<\/td><td>$0.1028<\/td><td>$0.0450<\/td><td>$0.0368<\/td><td>$0.0384<\/td><td>$0.0357<\/td><td>$0.0357<\/td><\/tr><tr><td><p><a href=\"\/wp-content\/uploads\/chocolates-1.jpg\"><img decoding=\"async\" src=\"\/wp-content\/uploads\/chocolates-1.jpg\"><\/a><\/p><\/td><td><p>des chocolats<\/p><\/td><td>5x3<\/td><td>130x75<\/td><td>$0.0352<\/td><td>$0.0169<\/td><td>$0.0138<\/td><td>$0.0144<\/td><td>$0.0134<\/td><td>$0.0134<\/td><\/tr><tr><td><p><a href=\"\/wp-content\/uploads\/colordropseltzer-1.jpg\"><img decoding=\"async\" src=\"\/wp-content\/uploads\/colordropseltzer-1.jpg\"><\/a><\/p><\/td><td><p>Seltzer aux gouttes de couleur<\/p><\/td><td>8x3,5<\/td><td>200x90<\/td><td>$0.0732<\/td><td>$0.0341<\/td><td>$0.0279<\/td><td>$0.0291<\/td><td>$0.0270<\/td><td>$0.0270<\/td><\/tr><tr><td><p><a href=\"\/wp-content\/uploads\/elephantcoffee-1.jpg\"><img decoding=\"async\" src=\"\/wp-content\/uploads\/elephantcoffee-1.jpg\"><\/a><\/p><\/td><td><p>Caf\u00e9 \u00c9l\u00e9phant<\/p><\/td><td>4x6<\/td><td>100x150<\/td><td>$0.0869<\/td><td>$0.0418<\/td><td>$0.0342<\/td><td>$0.0357<\/td><td>$0.0331<\/td><td>$0.0331<\/td><\/tr><tr><td><p><a href=\"\/wp-content\/uploads\/fundraiserpopcorn-1.jpg\"><img decoding=\"async\" src=\"\/wp-content\/uploads\/fundraiserpopcorn-1.jpg\"><\/a><\/p><\/td><td><p>Popcorn de collecte de fonds<\/p><\/td><td>4,75x6,5<\/td><td>120x165<\/td><td>$0.0853<\/td><td>$0.0394<\/td><td>$0.0322<\/td><td>$0.0336<\/td><td>$0.0312<\/td><td>$0.0312<\/td><\/tr><tr><td><p><a href=\"\/wp-content\/uploads\/handsanitizer-1.jpg\"><img decoding=\"async\" src=\"\/wp-content\/uploads\/handsanitizer-1.jpg\"><\/a><\/p><\/td><td><p>Gel hydroalcoolique<\/p><\/td><td>2,5x3,5<\/td><td>65x90<\/td><td>$0.0141<\/td><td>$0.0055<\/td><td>$0.0045<\/td><td>$0.0047<\/td><td>$0.0044<\/td><td>$0.0044<\/td><\/tr><tr><td><p><a href=\"\/wp-content\/uploads\/oftheearthcoffee-1.jpg\"><img decoding=\"async\" src=\"\/wp-content\/uploads\/oftheearthcoffee-1.jpg\"><\/a><\/p><\/td><td><p>Du caf\u00e9 de la terre<\/p><\/td><td>4x6<\/td><td>100x150<\/td><td>$0.0634<\/td><td>$0.0302<\/td><td>$0.0247<\/td><td>$0.0258<\/td><td>$0.0239<\/td><td>$0.0239<\/td><\/tr><tr><td><p><a href=\"\/wp-content\/uploads\/pigleaguebbq-1.jpg\"><img decoding=\"async\" src=\"\/wp-content\/uploads\/pigleaguebbq-1.jpg\"><\/a><\/p><\/td><td><p>\u00c9pices BBQ de la Ligue des Cochons<\/p><\/td><td>5,5x3<\/td><td>140x75<\/td><td>$0.1096<\/td><td>$0.0530<\/td><td>$0.0434<\/td><td>$0.0453<\/td><td>$0.0420<\/td><td>$0.0420<\/td><\/tr><tr><td><p><a href=\"\/wp-content\/uploads\/tilapia-front-1.jpg\"><img decoding=\"async\" src=\"\/wp-content\/uploads\/tilapia-front-1.jpg\"><\/a><\/p><\/td><td><p>Tilapia - Avant<\/p><\/td><td>4x6<\/td><td>100x150<\/td><td>$0.1955<\/td><td>$0.0812<\/td><td>$0.0664<\/td><td>$0.0694<\/td><td>$0.0643<\/td><td>$0.0643<\/td><\/tr><tr><td><p><a href=\"\/wp-content\/uploads\/tilapia-back-1.jpg\"><img decoding=\"async\" src=\"\/wp-content\/uploads\/tilapia-back-1.jpg\"><\/a><\/p><\/td><td><p>Tilapia - Retour<\/p><\/td><td>4x6<\/td><td>100x150<\/td><td>$0.0246<\/td><td>$0.0094<\/td><td>$0.0077<\/td><td>$0.0080<\/td><td>$0.0075<\/td><td>$0.0075<\/td><\/tr><tr><td><p><a href=\"\/wp-content\/uploads\/absolutelynuts-1.jpg\"><img decoding=\"async\" src=\"\/wp-content\/uploads\/absolutelynuts-1.jpg\"><\/a><\/p><\/td><td><p>Pochette Absolument Nuts<\/p><\/td><td>4,25x6,75<\/td><td>110x170<\/td><td>$0.0546<\/td><td>$0.0262<\/td><td>$0.0214<\/td><td>$0.0224<\/td><td>$0.0207<\/td><td>$0.0207<\/td><\/tr><tr><td><p><a href=\"\/wp-content\/uploads\/birchwoodcoffee-1.jpg\"><img decoding=\"async\" src=\"\/wp-content\/uploads\/birchwoodcoffee-1.jpg\"><\/a><\/p><\/td><td><p>Pochette \u00e0 caf\u00e9 en bois de bouleau<\/p><\/td><td>6,25x9<\/td><td>160x230<\/td><td>$0.0895<\/td><td>$0.0396<\/td><td>$0.0324<\/td><td>$0.0338<\/td><td>$0.0314<\/td><td>$0.0314<\/td><\/tr><tr><td><p><a href=\"\/wp-content\/uploads\/elephantcoffee-pouch-1.jpg\"><img decoding=\"async\" src=\"\/wp-content\/uploads\/elephantcoffee-pouch-1.jpg\"><\/a><\/p><\/td><td><p>Pochette \u00e0 caf\u00e9 \u00e9l\u00e9phant<\/p><\/td><td>6x8<\/td><td>150x200<\/td><td>$0.1122<\/td><td>$0.0486<\/td><td>$0.0398<\/td><td>$0.0416<\/td><td>$0.0386<\/td><td>$0.0386<\/td><\/tr><\/tbody><\/table>\n            <\/div><\/div>\t\t\t\t<\/div>\n\t\t\t\t<\/div>\n\t\t\t\t<div class=\"elementor-element elementor-element-26e8773b elementor-widget elementor-widget-text-editor\" data-id=\"26e8773b\" data-element_type=\"widget\" data-e-type=\"widget\" data-widget_type=\"text-editor.default\">\n\t\t\t\t<div class=\"elementor-widget-container\">\n\t\t\t\t\t\t\t\t\t<p>REMARQUE &#8211; Calculs par impression pr\u00e9cis en ao\u00fbt 2022. Les prix sont sujets \u00e0 changement et peuvent ne pas \u00eatre imm\u00e9diatement refl\u00e9t\u00e9s dans ces donn\u00e9es. Pour les calculs actuels utilisant vos conceptions d\u2019\u00e9tiquettes, veuillez <a href=\"https:\/\/dev2.afinialabel.com\/fr\/echantillon\/\">demander un \u00e9chantillon<\/a> ou <a href=\"https:\/\/dev2.afinialabel.com\/fr\/contact\/\">contactez-nous<\/a> .<\/p>\n\t\t\t\t\t\t\t\t<\/div>\n\t\t\t\t<\/div>\n\t\t\t\t\t<\/div>\n\t\t<\/div>\n\t\t\t\t\t<\/div>\n\t\t<\/section>\n\t\t\t\t<\/div>\n\t\t","protected":false},"excerpt":{"rendered":"Cl\u00e9 d&#039;\u00e9chantillons d&#039;\u00e9tiquettes Afinia &#8211; Co\u00fbt par impression Comparez les co\u00fbts par impression entre les imprimantes Afinia Label Bienvenue sur la page d&#039;exemple de cl\u00e9 Afinia Label. Le but de ce tableau est de comparer les co\u00fbts par impression pour le m\u00eame motif, imprim\u00e9 sur diff\u00e9rentes machines. Est-ce que imprimer soi-m\u00eame a du sens ?&#8230; <a class=\"view-article\" href=\"https:\/\/dev2.afinialabel.com\/fr\/cle-dechantillons\/\">Voir l&rsquo;article<\/a>","protected":false},"author":3,"featured_media":0,"parent":0,"menu_order":68,"comment_status":"closed","ping_status":"closed","template":"elementor_header_footer","meta":{"_acf_changed":false,"footnotes":""},"class_list":["post-6110","page","type-page","status-publish","hentry"],"acf":[],"yoast_head":"<!-- This site is optimized with the Yoast SEO Premium plugin v27.5 (Yoast SEO v27.5) - https:\/\/yoast.com\/product\/yoast-seo-premium-wordpress\/ -->\n<title>Cl\u00e9 des \u00e9chantillons &#187; Afinia Label - Make Your Own Labels<\/title>\n<meta name=\"description\" content=\"Digital Color Label Printers and Finishers - Cl\u00e9 des \u00e9chantillons\" \/>\n<meta name=\"robots\" content=\"index, follow, max-snippet:-1, max-image-preview:large, max-video-preview:-1\" \/>\n<link rel=\"canonical\" href=\"https:\/\/dev2.afinialabel.com\/fr\/cle-dechantillons\/\" \/>\n<meta property=\"og:locale\" content=\"fr_FR\" \/>\n<meta property=\"og:type\" content=\"article\" \/>\n<meta property=\"og:title\" content=\"Cl\u00e9 des \u00e9chantillons\" \/>\n<meta property=\"og:description\" content=\"Cl\u00e9 d&#039;\u00e9chantillons d&#039;\u00e9tiquettes Afinia - Co\u00fbt par impression Comparez les co\u00fbts par impression entre les imprimantes Afinia Label Bienvenue sur\" \/>\n<meta property=\"og:url\" content=\"https:\/\/dev2.afinialabel.com\/fr\/cle-dechantillons\/\" \/>\n<meta property=\"og:site_name\" content=\"Afinia Label - Make Your Own Labels\" \/>\n<meta property=\"article:modified_time\" content=\"2026-02-14T03:06:57+00:00\" \/>\n<meta name=\"twitter:card\" content=\"summary_large_image\" \/>\n<meta name=\"twitter:site\" content=\"@afinialabel\" \/>\n<meta name=\"twitter:label1\" content=\"Dur\u00e9e de lecture estim\u00e9e\" \/>\n\t<meta name=\"twitter:data1\" content=\"1 minute\" \/>\n<!-- \/ Yoast SEO Premium plugin. -->","yoast_head_json":{"title":"Cl\u00e9 des \u00e9chantillons &#187; Afinia Label - Make Your Own Labels","description":"Digital Color Label Printers and Finishers - Cl\u00e9 des \u00e9chantillons","robots":{"index":"index","follow":"follow","max-snippet":"max-snippet:-1","max-image-preview":"max-image-preview:large","max-video-preview":"max-video-preview:-1"},"canonical":"https:\/\/dev2.afinialabel.com\/fr\/cle-dechantillons\/","og_locale":"fr_FR","og_type":"article","og_title":"Cl\u00e9 des \u00e9chantillons","og_description":"Cl\u00e9 d&#039;\u00e9chantillons d&#039;\u00e9tiquettes Afinia - Co\u00fbt par impression Comparez les co\u00fbts par impression entre les imprimantes Afinia Label Bienvenue sur","og_url":"https:\/\/dev2.afinialabel.com\/fr\/cle-dechantillons\/","og_site_name":"Afinia Label - Make Your Own Labels","article_modified_time":"2026-02-14T03:06:57+00:00","twitter_card":"summary_large_image","twitter_site":"@afinialabel","twitter_misc":{"Dur\u00e9e de lecture estim\u00e9e":"1 minute"},"schema":{"@context":"https:\/\/schema.org","@graph":[{"@type":"WebPage","@id":"https:\/\/dev2.afinialabel.com\/fr\/cle-dechantillons\/","url":"https:\/\/dev2.afinialabel.com\/fr\/cle-dechantillons\/","name":"Cl\u00e9 des \u00e9chantillons &#187; Afinia Label - Make Your Own Labels","isPartOf":{"@id":"https:\/\/dev2.afinialabel.com\/fr\/#website"},"datePublished":"2023-04-13T17:24:00+00:00","dateModified":"2026-02-14T03:06:57+00:00","description":"Digital Color Label Printers and Finishers - Cl\u00e9 des \u00e9chantillons","breadcrumb":{"@id":"https:\/\/dev2.afinialabel.com\/fr\/cle-dechantillons\/#breadcrumb"},"inLanguage":"fr-FR","potentialAction":[{"@type":"ReadAction","target":["https:\/\/dev2.afinialabel.com\/fr\/cle-dechantillons\/"]}]},{"@type":"BreadcrumbList","@id":"https:\/\/dev2.afinialabel.com\/fr\/cle-dechantillons\/#breadcrumb","itemListElement":[{"@type":"ListItem","position":1,"name":"Home","item":"https:\/\/dev2.afinialabel.com\/fr\/"},{"@type":"ListItem","position":2,"name":"Cl\u00e9 des \u00e9chantillons"}]},{"@type":"WebSite","@id":"https:\/\/dev2.afinialabel.com\/fr\/#website","url":"https:\/\/dev2.afinialabel.com\/fr\/","name":"Afinia Label - Make Your Own Labels","description":"Digital Color Label Printers and Finishers","publisher":{"@id":"https:\/\/dev2.afinialabel.com\/fr\/#organization"},"potentialAction":[{"@type":"SearchAction","target":{"@type":"EntryPoint","urlTemplate":"https:\/\/dev2.afinialabel.com\/fr\/?s={search_term_string}"},"query-input":{"@type":"PropertyValueSpecification","valueRequired":true,"valueName":"search_term_string"}}],"inLanguage":"fr-FR"},{"@type":"Organization","@id":"https:\/\/dev2.afinialabel.com\/fr\/#organization","name":"Afinia Label","url":"https:\/\/dev2.afinialabel.com\/fr\/","logo":{"@type":"ImageObject","inLanguage":"fr-FR","@id":"https:\/\/dev2.afinialabel.com\/fr\/#\/schema\/logo\/image\/","url":"https:\/\/dev2.afinialabel.com\/wp-content\/uploads\/logo-light.svg","contentUrl":"https:\/\/dev2.afinialabel.com\/wp-content\/uploads\/logo-light.svg","width":190,"height":36,"caption":"Afinia Label"},"image":{"@id":"https:\/\/dev2.afinialabel.com\/fr\/#\/schema\/logo\/image\/"},"sameAs":["https:\/\/x.com\/afinialabel","https:\/\/www.youtube.com\/channel\/UC7oqak2m5QABw4LzXLuWCaA"]}]}},"_links":{"self":[{"href":"https:\/\/dev2.afinialabel.com\/fr\/wp-json\/wp\/v2\/pages\/6110","targetHints":{"allow":["GET"]}}],"collection":[{"href":"https:\/\/dev2.afinialabel.com\/fr\/wp-json\/wp\/v2\/pages"}],"about":[{"href":"https:\/\/dev2.afinialabel.com\/fr\/wp-json\/wp\/v2\/types\/page"}],"author":[{"embeddable":true,"href":"https:\/\/dev2.afinialabel.com\/fr\/wp-json\/wp\/v2\/users\/3"}],"replies":[{"embeddable":true,"href":"https:\/\/dev2.afinialabel.com\/fr\/wp-json\/wp\/v2\/comments?post=6110"}],"version-history":[{"count":0,"href":"https:\/\/dev2.afinialabel.com\/fr\/wp-json\/wp\/v2\/pages\/6110\/revisions"}],"wp:attachment":[{"href":"https:\/\/dev2.afinialabel.com\/fr\/wp-json\/wp\/v2\/media?parent=6110"}],"curies":[{"name":"wp","href":"https:\/\/api.w.org\/{rel}","templated":true}]}}