{"id":6052,"date":"2023-03-27T20:56:58","date_gmt":"2023-03-27T20:56:58","guid":{"rendered":"https:\/\/dev2.afinialabel.com\/remote-desktop-support\/"},"modified":"2026-02-14T10:33:29","modified_gmt":"2026-02-14T10:33:29","slug":"support-de-bureau-a-distance","status":"publish","type":"page","link":"https:\/\/dev2.afinialabel.com\/fr\/support-de-bureau-a-distance\/","title":{"rendered":"Prise en charge du bureau \u00e0 distance"},"content":{"rendered":"<p>Le logiciel Remote Desktop Support permet \u00e0 nos bureaux d\u2019assistance technique de visualiser ce qui se trouve sur l\u2019\u00e9cran de votre ordinateur. La connexion est s\u00fbre et s\u00e9curis\u00e9e et ne mettra pas en danger votre ordinateur ou vos syst\u00e8mes de fichiers. Ce logiciel d&#039;assistance constitue un moyen pratique, simple et efficace de r\u00e9soudre les probl\u00e8mes d&#039;assistance technique. Cela vous permet de reprendre l\u2019impression dans les plus brefs d\u00e9lais. Si vous avez des questions sur l&#039;utilisation du logiciel Remote Desktop Support, veuillez <a href=\"https:\/\/dev2.afinialabel.com\/fr\/contact\/\">contacter notre \u00e9quipe d&#039;assistance<\/a> . Cliquez sur le lien ci-dessous pour t\u00e9l\u00e9charger le logiciel de prise en charge du bureau \u00e0 distance\u00a0: <a class=\"btn\" href=\"\/assets\/TeamViewerQS_v15.exe\" target=\"_blank\" rel=\"noopener noreferrer\">T\u00e9l\u00e9chargez TeamViewer pour Windows<\/a><\/p>\n","protected":false},"excerpt":{"rendered":"Le logiciel Remote Desktop Support permet \u00e0 nos bureaux d\u2019assistance technique de visualiser ce qui se trouve sur l\u2019\u00e9cran de votre ordinateur. La connexion est s\u00fbre et s\u00e9curis\u00e9e et ne mettra pas en danger votre ordinateur ou vos syst\u00e8mes de fichiers. Ce logiciel d&#039;assistance constitue un moyen pratique, simple et efficace de r\u00e9soudre les probl\u00e8mes&#8230; <a class=\"view-article\" href=\"https:\/\/dev2.afinialabel.com\/fr\/support-de-bureau-a-distance\/\">Voir l&rsquo;article<\/a>","protected":false},"author":3,"featured_media":0,"parent":0,"menu_order":143,"comment_status":"closed","ping_status":"closed","template":"","meta":{"_acf_changed":false,"footnotes":""},"class_list":["post-6052","page","type-page","status-publish","hentry"],"acf":[],"yoast_head":"<!-- This site is optimized with the Yoast SEO Premium plugin v27.5 (Yoast SEO v27.5) - https:\/\/yoast.com\/product\/yoast-seo-premium-wordpress\/ -->\n<title>Prise en charge du bureau \u00e0 distance &#187; Afinia Label - Make Your Own Labels<\/title>\n<meta name=\"description\" content=\"Digital Color Label Printers and Finishers - Prise en charge du bureau \u00e0 distance\" \/>\n<meta name=\"robots\" content=\"index, follow, max-snippet:-1, max-image-preview:large, max-video-preview:-1\" \/>\n<link rel=\"canonical\" href=\"https:\/\/dev2.afinialabel.com\/fr\/support-de-bureau-a-distance\/\" \/>\n<meta property=\"og:locale\" content=\"fr_FR\" \/>\n<meta property=\"og:type\" content=\"article\" \/>\n<meta property=\"og:title\" content=\"Prise en charge du bureau \u00e0 distance\" \/>\n<meta property=\"og:description\" content=\"Le logiciel Remote Desktop Support permet \u00e0 nos bureaux d\u2019assistance technique de visualiser ce qui se trouve sur l\u2019\u00e9cran de votre ordinateur. La\" \/>\n<meta property=\"og:url\" content=\"https:\/\/dev2.afinialabel.com\/fr\/support-de-bureau-a-distance\/\" \/>\n<meta property=\"og:site_name\" content=\"Afinia Label - Make Your Own Labels\" \/>\n<meta property=\"article:modified_time\" content=\"2026-02-14T10:33:29+00:00\" \/>\n<meta name=\"twitter:card\" content=\"summary_large_image\" \/>\n<meta name=\"twitter:site\" content=\"@afinialabel\" \/>\n<meta name=\"twitter:label1\" content=\"Dur\u00e9e de lecture estim\u00e9e\" \/>\n\t<meta name=\"twitter:data1\" content=\"1 minute\" \/>\n<!-- \/ Yoast SEO Premium plugin. -->","yoast_head_json":{"title":"Prise en charge du bureau \u00e0 distance &#187; Afinia Label - Make Your Own Labels","description":"Digital Color Label Printers and Finishers - Prise en charge du bureau \u00e0 distance","robots":{"index":"index","follow":"follow","max-snippet":"max-snippet:-1","max-image-preview":"max-image-preview:large","max-video-preview":"max-video-preview:-1"},"canonical":"https:\/\/dev2.afinialabel.com\/fr\/support-de-bureau-a-distance\/","og_locale":"fr_FR","og_type":"article","og_title":"Prise en charge du bureau \u00e0 distance","og_description":"Le logiciel Remote Desktop Support permet \u00e0 nos bureaux d\u2019assistance technique de visualiser ce qui se trouve sur l\u2019\u00e9cran de votre ordinateur. La","og_url":"https:\/\/dev2.afinialabel.com\/fr\/support-de-bureau-a-distance\/","og_site_name":"Afinia Label - Make Your Own Labels","article_modified_time":"2026-02-14T10:33:29+00:00","twitter_card":"summary_large_image","twitter_site":"@afinialabel","twitter_misc":{"Dur\u00e9e de lecture estim\u00e9e":"1 minute"},"schema":{"@context":"https:\/\/schema.org","@graph":[{"@type":"WebPage","@id":"https:\/\/dev2.afinialabel.com\/fr\/support-de-bureau-a-distance\/","url":"https:\/\/dev2.afinialabel.com\/fr\/support-de-bureau-a-distance\/","name":"Prise en charge du bureau \u00e0 distance &#187; Afinia Label - Make Your Own Labels","isPartOf":{"@id":"https:\/\/dev2.afinialabel.com\/fr\/#website"},"datePublished":"2023-03-27T20:56:58+00:00","dateModified":"2026-02-14T10:33:29+00:00","description":"Digital Color Label Printers and Finishers - Prise en charge du bureau \u00e0 distance","breadcrumb":{"@id":"https:\/\/dev2.afinialabel.com\/fr\/support-de-bureau-a-distance\/#breadcrumb"},"inLanguage":"fr-FR","potentialAction":[{"@type":"ReadAction","target":["https:\/\/dev2.afinialabel.com\/fr\/support-de-bureau-a-distance\/"]}]},{"@type":"BreadcrumbList","@id":"https:\/\/dev2.afinialabel.com\/fr\/support-de-bureau-a-distance\/#breadcrumb","itemListElement":[{"@type":"ListItem","position":1,"name":"Home","item":"https:\/\/dev2.afinialabel.com\/fr\/"},{"@type":"ListItem","position":2,"name":"Prise en charge du bureau \u00e0 distance"}]},{"@type":"WebSite","@id":"https:\/\/dev2.afinialabel.com\/fr\/#website","url":"https:\/\/dev2.afinialabel.com\/fr\/","name":"Afinia Label - Make Your Own Labels","description":"Digital Color Label Printers and Finishers","publisher":{"@id":"https:\/\/dev2.afinialabel.com\/fr\/#organization"},"potentialAction":[{"@type":"SearchAction","target":{"@type":"EntryPoint","urlTemplate":"https:\/\/dev2.afinialabel.com\/fr\/?s={search_term_string}"},"query-input":{"@type":"PropertyValueSpecification","valueRequired":true,"valueName":"search_term_string"}}],"inLanguage":"fr-FR"},{"@type":"Organization","@id":"https:\/\/dev2.afinialabel.com\/fr\/#organization","name":"Afinia Label","url":"https:\/\/dev2.afinialabel.com\/fr\/","logo":{"@type":"ImageObject","inLanguage":"fr-FR","@id":"https:\/\/dev2.afinialabel.com\/fr\/#\/schema\/logo\/image\/","url":"https:\/\/dev2.afinialabel.com\/wp-content\/uploads\/logo-light.svg","contentUrl":"https:\/\/dev2.afinialabel.com\/wp-content\/uploads\/logo-light.svg","width":190,"height":36,"caption":"Afinia Label"},"image":{"@id":"https:\/\/dev2.afinialabel.com\/fr\/#\/schema\/logo\/image\/"},"sameAs":["https:\/\/x.com\/afinialabel","https:\/\/www.youtube.com\/channel\/UC7oqak2m5QABw4LzXLuWCaA"]}]}},"_links":{"self":[{"href":"https:\/\/dev2.afinialabel.com\/fr\/wp-json\/wp\/v2\/pages\/6052","targetHints":{"allow":["GET"]}}],"collection":[{"href":"https:\/\/dev2.afinialabel.com\/fr\/wp-json\/wp\/v2\/pages"}],"about":[{"href":"https:\/\/dev2.afinialabel.com\/fr\/wp-json\/wp\/v2\/types\/page"}],"author":[{"embeddable":true,"href":"https:\/\/dev2.afinialabel.com\/fr\/wp-json\/wp\/v2\/users\/3"}],"replies":[{"embeddable":true,"href":"https:\/\/dev2.afinialabel.com\/fr\/wp-json\/wp\/v2\/comments?post=6052"}],"version-history":[{"count":0,"href":"https:\/\/dev2.afinialabel.com\/fr\/wp-json\/wp\/v2\/pages\/6052\/revisions"}],"wp:attachment":[{"href":"https:\/\/dev2.afinialabel.com\/fr\/wp-json\/wp\/v2\/media?parent=6052"}],"curies":[{"name":"wp","href":"https:\/\/api.w.org\/{rel}","templated":true}]}}