{"id":5913,"date":"2023-04-13T17:14:41","date_gmt":"2023-04-13T17:14:41","guid":{"rendered":"https:\/\/dev2.afinialabel.com\/printhead-best-practices\/"},"modified":"2024-11-14T22:07:28","modified_gmt":"2024-11-14T22:07:28","slug":"meilleures-pratiques-en-matiere-de-tete-dimpression","status":"publish","type":"page","link":"https:\/\/dev2.afinialabel.com\/fr\/jet-de-memoire\/meilleures-pratiques-en-matiere-de-tete-dimpression\/","title":{"rendered":"Meilleures pratiques en mati\u00e8re de t\u00eate d&rsquo;impression Memjet"},"content":{"rendered":"\t\t<div data-elementor-type=\"wp-page\" data-elementor-id=\"5913\" class=\"elementor elementor-5913 elementor-1563\" data-elementor-post-type=\"page\">\n\t\t\t\t\t\t<section data-particle_enable=\"false\" data-particle-mobile-disabled=\"false\" class=\"elementor-section elementor-top-section elementor-element elementor-element-3a168c0 elementor-section-full_width elementor-section-height-default elementor-section-height-default\" data-id=\"3a168c0\" data-element_type=\"section\" data-e-type=\"section\">\n\t\t\t\t\t\t<div class=\"elementor-container elementor-column-gap-default\">\n\t\t\t\t\t<div class=\"elementor-column elementor-col-100 elementor-top-column elementor-element elementor-element-7b27d00\" data-id=\"7b27d00\" data-element_type=\"column\" data-e-type=\"column\">\n\t\t\t<div class=\"elementor-widget-wrap elementor-element-populated\">\n\t\t\t\t\t\t<div class=\"elementor-element elementor-element-665e747 elementor-widget elementor-widget-text-editor\" data-id=\"665e747\" data-element_type=\"widget\" data-e-type=\"widget\" data-widget_type=\"text-editor.default\">\n\t\t\t\t<div class=\"elementor-widget-container\">\n\t\t\t\t\t\t\t\t\t<p>Tirez le meilleur parti de vos t\u00eates d&#39;impression Memjet haute capacit\u00e9 en suivant ces bonnes pratiques<\/p>\n\t\t\t\t\t\t\t\t<\/div>\n\t\t\t\t<\/div>\n\t\t\t\t<div class=\"elementor-element elementor-element-c9897fa elementor-widget-divider--view-line elementor-widget elementor-widget-divider\" data-id=\"c9897fa\" data-element_type=\"widget\" data-e-type=\"widget\" data-widget_type=\"divider.default\">\n\t\t\t\t<div class=\"elementor-widget-container\">\n\t\t\t\t\t\t\t<div class=\"elementor-divider\">\n\t\t\t<span class=\"elementor-divider-separator\">\n\t\t\t\t\t\t<\/span>\n\t\t<\/div>\n\t\t\t\t\t\t<\/div>\n\t\t\t\t<\/div>\n\t\t\t\t<div class=\"elementor-element elementor-element-14d5217 elementor-widget elementor-widget-text-editor\" data-id=\"14d5217\" data-element_type=\"widget\" data-e-type=\"widget\" data-widget_type=\"text-editor.default\">\n\t\t\t\t<div class=\"elementor-widget-container\">\n\t\t\t\t\t\t\t\t\t<p><em><strong>Pour toutes les imprimantes Afinia Label avec technologie Memjet<\/strong><\/em><\/p>\n\t\t\t\t\t\t\t\t<\/div>\n\t\t\t\t<\/div>\n\t\t\t\t<div class=\"elementor-element elementor-element-6e74e16 elementor-widget elementor-widget-button\" data-id=\"6e74e16\" data-element_type=\"widget\" data-e-type=\"widget\" data-widget_type=\"button.default\">\n\t\t\t\t<div class=\"elementor-widget-container\">\n\t\t\t\t\t\t\t\t\t<div class=\"elementor-button-wrapper\">\n\t\t\t\t\t<a class=\"elementor-button elementor-button-link elementor-size-sm\" href=\"\/wp-content\/uploads\/AfiniaLabel-MemjetPH-BestPractices-2.0.pdf\">\n\t\t\t\t\t\t<span class=\"elementor-button-content-wrapper\">\n\t\t\t\t\t\t<span class=\"elementor-button-icon\">\n\t\t\t\t<i aria-hidden=\"true\" class=\"far fa-file-pdf\"><\/i>\t\t\t<\/span>\n\t\t\t\t\t\t\t\t\t<span class=\"elementor-button-text\">Meilleures pratiques \u2013 Afficher au format PDF<\/span>\n\t\t\t\t\t<\/span>\n\t\t\t\t\t<\/a>\n\t\t\t\t<\/div>\n\t\t\t\t\t\t\t\t<\/div>\n\t\t\t\t<\/div>\n\t\t\t\t<div class=\"elementor-element elementor-element-92d99bd elementor-widget elementor-widget-button\" data-id=\"92d99bd\" data-element_type=\"widget\" data-e-type=\"widget\" data-widget_type=\"button.default\">\n\t\t\t\t<div class=\"elementor-widget-container\">\n\t\t\t\t\t\t\t\t\t<div class=\"elementor-button-wrapper\">\n\t\t\t\t\t<a class=\"elementor-button elementor-button-link elementor-size-sm\" href=\"\/go\/memjet-rma\">\n\t\t\t\t\t\t<span class=\"elementor-button-content-wrapper\">\n\t\t\t\t\t\t<span class=\"elementor-button-icon\">\n\t\t\t\t<i aria-hidden=\"true\" class=\"fas fa-clipboard-check\"><\/i>\t\t\t<\/span>\n\t\t\t\t\t\t\t\t\t<span class=\"elementor-button-text\"><span>T\u00eate d&#039;impression Memjet -<\/span> Instructions RMA<\/span>\n\t\t\t\t\t<\/span>\n\t\t\t\t\t<\/a>\n\t\t\t\t<\/div>\n\t\t\t\t\t\t\t\t<\/div>\n\t\t\t\t<\/div>\n\t\t\t\t<div class=\"elementor-element elementor-element-7dea310 elementor-widget-divider--view-line elementor-widget elementor-widget-divider\" data-id=\"7dea310\" data-element_type=\"widget\" data-e-type=\"widget\" data-widget_type=\"divider.default\">\n\t\t\t\t<div class=\"elementor-widget-container\">\n\t\t\t\t\t\t\t<div class=\"elementor-divider\">\n\t\t\t<span class=\"elementor-divider-separator\">\n\t\t\t\t\t\t<\/span>\n\t\t<\/div>\n\t\t\t\t\t\t<\/div>\n\t\t\t\t<\/div>\n\t\t\t\t<div class=\"elementor-element elementor-element-6ed0dd0 elementor-widget elementor-widget-heading\" data-id=\"6ed0dd0\" data-element_type=\"widget\" data-e-type=\"widget\" data-widget_type=\"heading.default\">\n\t\t\t\t<div class=\"elementor-widget-container\">\n\t\t\t\t\t<h2 class=\"elementor-heading-title elementor-size-default\">Stockage et installation<\/h2>\t\t\t\t<\/div>\n\t\t\t\t<\/div>\n\t\t\t\t<div class=\"elementor-element elementor-element-3989ea5 elementor-widget elementor-widget-text-editor\" data-id=\"3989ea5\" data-element_type=\"widget\" data-e-type=\"widget\" data-widget_type=\"text-editor.default\">\n\t\t\t\t<div class=\"elementor-widget-container\">\n\t\t\t\t\t\t\t\t\t<ul>\n<li>Conservez-le toujours \u00e0 l\u2019endroit, comme indiqu\u00e9 sur l\u2019\u00e9tiquette de la bo\u00eete.<\/li>\n<li>Installez la t\u00eate d&#39;impression dans les deux ans suivant la date de fabrication<\/li>\n<li>Conservez le capuchon en plastique orange\/rouge du nouvel emballage pour une utilisation ult\u00e9rieure.<\/li>\n<li>Remplacez le rouleau en microfibre \u00e0 chaque nouvelle t\u00eate d&#39;impression (ne s&#39;applique pas au X350)<\/li>\n<\/ul>\n\t\t\t\t\t\t\t\t<\/div>\n\t\t\t\t<\/div>\n\t\t\t\t<div class=\"elementor-element elementor-element-c348932 elementor-widget elementor-widget-heading\" data-id=\"c348932\" data-element_type=\"widget\" data-e-type=\"widget\" data-widget_type=\"heading.default\">\n\t\t\t\t<div class=\"elementor-widget-container\">\n\t\t\t\t\t<h2 class=\"elementor-heading-title elementor-size-default\">Inactivit\u00e9<\/h2>\t\t\t\t<\/div>\n\t\t\t\t<\/div>\n\t\t\t\t<div class=\"elementor-element elementor-element-7b2c1d0 elementor-widget elementor-widget-text-editor\" data-id=\"7b2c1d0\" data-element_type=\"widget\" data-e-type=\"widget\" data-widget_type=\"text-editor.default\">\n\t\t\t\t<div class=\"elementor-widget-container\">\n\t\t\t\t\t\t\t\t\t<ul>\n<li><strong>Jusqu&#39;\u00e0 10 jours\u00a0:<\/strong> gardez l&#39;imprimante sous tension la nuit et le week-end<\/li>\n<li><strong>10 jours et plus\u00a0:<\/strong> retirez la t\u00eate d&#39;impression et stockez-la selon les instructions du manuel de votre imprimante.<\/li>\n<\/ul>\n\t\t\t\t\t\t\t\t<\/div>\n\t\t\t\t<\/div>\n\t\t\t\t<div class=\"elementor-element elementor-element-f9c1c68 elementor-widget elementor-widget-text-editor\" data-id=\"f9c1c68\" data-element_type=\"widget\" data-e-type=\"widget\" data-widget_type=\"text-editor.default\">\n\t\t\t\t<div class=\"elementor-widget-container\">\n\t\t\t\t\t\t\t\t\t<p><strong>REMARQUE :<\/strong> Lors d&#39;un fonctionnement r\u00e9gulier, les buses <span style=\"text-align: left; background-color: #ffffff;\">des t\u00eates d&#39;impression<\/span> restent hydrat\u00e9es pendant que l&#39;encre circule dans le syst\u00e8me. C\u2019est pour cette raison que les gros utilisateurs tirent le meilleur parti de la dur\u00e9e de vie de leurs t\u00eates d\u2019impression. Si vous \u00eates un utilisateur l\u00e9ger, essayez d\u2019imprimer tous les jours.<\/p>\n<p>De plus, l&#39;utilisation r\u00e9guli\u00e8re d&#39;une plus grande largeur d&#39;impression que possible augmentera le potentiel de sortie de chaque <span style=\"text-align: left; background-color: #ffffff;\">t\u00eate d&#39;impression<\/span> . Pour les situations d&#39;\u00e9tiquettes \u00e9troites, ceci est r\u00e9alis\u00e9 en utilisant des \u00e9tiquettes \u00e0 plusieurs poses et une d\u00e9coupeuse.<\/p>\n\t\t\t\t\t\t\t\t<\/div>\n\t\t\t\t<\/div>\n\t\t\t\t<div class=\"elementor-element elementor-element-5e015db elementor-widget elementor-widget-heading\" data-id=\"5e015db\" data-element_type=\"widget\" data-e-type=\"widget\" data-widget_type=\"heading.default\">\n\t\t\t\t<div class=\"elementor-widget-container\">\n\t\t\t\t\t<h2 class=\"elementor-heading-title elementor-size-default\">Environnement<\/h2>\t\t\t\t<\/div>\n\t\t\t\t<\/div>\n\t\t\t\t<div class=\"elementor-element elementor-element-4ee683d elementor-widget elementor-widget-text-editor\" data-id=\"4ee683d\" data-element_type=\"widget\" data-e-type=\"widget\" data-widget_type=\"text-editor.default\">\n\t\t\t\t<div class=\"elementor-widget-container\">\n\t\t\t\t\t\t\t\t\t<ul>\n<li>Fonctionnement\u00a0: 59 \u00b0 \u00e0 95 \u00b0 F (15 \u00b0 \u00e0 35 \u00b0 C); Humidit\u00e9 relative\u00a0: 35 \u00e0 80\u00a0%<\/li>\n<li>Stockage : 23\u00b0 \u00e0 113\u00b0F (-5\u00b0 \u00e0 50\u00b0C) ; Humidit\u00e9 relative : jusqu&#39;\u00e0 85 %, sans condensation \u00e0 65<\/li>\n<li>Maintenir un environnement propre et sans poussi\u00e8re<\/li>\n<li>Utilisez des supports propres et exempts de poussi\u00e8re et de r\u00e9sidus de colle.<\/li>\n<\/ul>\n\t\t\t\t\t\t\t\t<\/div>\n\t\t\t\t<\/div>\n\t\t\t\t<div class=\"elementor-element elementor-element-67b088e elementor-widget elementor-widget-heading\" data-id=\"67b088e\" data-element_type=\"widget\" data-e-type=\"widget\" data-widget_type=\"heading.default\">\n\t\t\t\t<div class=\"elementor-widget-container\">\n\t\t\t\t\t<h2 class=\"elementor-heading-title elementor-size-default\">Entretien<\/h2>\t\t\t\t<\/div>\n\t\t\t\t<\/div>\n\t\t\t\t<div class=\"elementor-element elementor-element-5dacf8e elementor-widget elementor-widget-text-editor\" data-id=\"5dacf8e\" data-element_type=\"widget\" data-e-type=\"widget\" data-widget_type=\"text-editor.default\">\n\t\t\t\t<div class=\"elementor-widget-container\">\n\t\t\t\t\t\t\t\t\t<ul>\n<li><strong>Effectuez un entretien r\u00e9gulier \u2014<\/strong> Gardez l&#39;imprimante et le chemin du support exempts de poussi\u00e8re de papier et de r\u00e9sidus d&#39;adh\u00e9sif.<\/li>\n<li><strong>Limiter l&#39;exposition \u00e0 l&#39;air \u2014<\/strong> Si les buses de la t\u00eate d&#39;impression sont expos\u00e9es pendant plus de 30 secondes, retirez la t\u00eate d&#39;impression de l&#39;imprimante et conservez-la dans un capuchon en plastique avec de l&#39;eau distill\u00e9e\/d\u00e9min\u00e9ralis\u00e9e.<\/li>\n<li><strong>Nettoyage manuel \u2014<\/strong> Utilisez de l&#39;eau distill\u00e9e\/d\u00e9min\u00e9ralis\u00e9e et un chiffon non pelucheux. N&#39;utilisez JAMAIS d&#39;alcool ou de serviettes en papier pour essuyer la t\u00eate d&#39;impression. NE JAMAIS toucher les buses.<\/li>\n<li><strong>Utiliser KWS \u2014<\/strong> Conservez les param\u00e8tres KWS par d\u00e9faut et ajustez-les si n\u00e9cessaire en fonction de l&#39;environnement.<\/li>\n<\/ul>\n\t\t\t\t\t\t\t\t<\/div>\n\t\t\t\t<\/div>\n\t\t\t\t\t<\/div>\n\t\t<\/div>\n\t\t\t\t\t<\/div>\n\t\t<\/section>\n\t\t\t\t<\/div>\n\t\t","protected":false},"excerpt":{"rendered":"Tirez le meilleur parti de vos t\u00eates d&#39;impression Memjet haute capacit\u00e9 en suivant ces bonnes pratiques Pour toutes les imprimantes Afinia Label avec technologie Memjet Meilleures pratiques \u2013 Afficher au format PDF T\u00eate d&#39;impression Memjet &#8211; Instructions RMA Stockage et installation Conservez-le toujours \u00e0 l\u2019endroit, comme indiqu\u00e9 sur l\u2019\u00e9tiquette de la bo\u00eete. Installez la t\u00eate&#8230; <a class=\"view-article\" href=\"https:\/\/dev2.afinialabel.com\/fr\/jet-de-memoire\/meilleures-pratiques-en-matiere-de-tete-dimpression\/\">Voir l&rsquo;article<\/a>","protected":false},"author":3,"featured_media":0,"parent":6076,"menu_order":90,"comment_status":"closed","ping_status":"closed","template":"","meta":{"_acf_changed":false,"footnotes":""},"class_list":["post-5913","page","type-page","status-publish","hentry"],"acf":[],"yoast_head":"<!-- This site is optimized with the Yoast SEO Premium plugin v27.5 (Yoast SEO v27.5) - https:\/\/yoast.com\/product\/yoast-seo-premium-wordpress\/ -->\n<title>Meilleures pratiques en mati\u00e8re de t\u00eate d&#039;impression Memjet &#187; Afinia Label - Make Your Own Labels<\/title>\n<meta name=\"description\" content=\"Digital Color Label Printers and Finishers - Meilleures pratiques en mati\u00e8re de t\u00eate d&#039;impression Memjet\" \/>\n<meta name=\"robots\" content=\"index, follow, max-snippet:-1, max-image-preview:large, max-video-preview:-1\" \/>\n<link rel=\"canonical\" href=\"https:\/\/dev2.afinialabel.com\/fr\/jet-de-memoire\/meilleures-pratiques-en-matiere-de-tete-dimpression\/\" \/>\n<meta property=\"og:locale\" content=\"fr_FR\" \/>\n<meta property=\"og:type\" content=\"article\" \/>\n<meta property=\"og:title\" content=\"Meilleures pratiques en mati\u00e8re de t\u00eate d&#039;impression Memjet\" \/>\n<meta property=\"og:description\" content=\"Tirez le meilleur parti de vos t\u00eates d&#039;impression Memjet haute capacit\u00e9 en suivant ces bonnes pratiques Pour toutes les imprimantes Afinia Label avec\" \/>\n<meta property=\"og:url\" content=\"https:\/\/dev2.afinialabel.com\/fr\/jet-de-memoire\/meilleures-pratiques-en-matiere-de-tete-dimpression\/\" \/>\n<meta property=\"og:site_name\" content=\"Afinia Label - Make Your Own Labels\" \/>\n<meta property=\"article:modified_time\" content=\"2024-11-14T22:07:28+00:00\" \/>\n<meta name=\"twitter:card\" content=\"summary_large_image\" \/>\n<meta name=\"twitter:site\" content=\"@afinialabel\" \/>\n<meta name=\"twitter:label1\" content=\"Dur\u00e9e de lecture estim\u00e9e\" \/>\n\t<meta name=\"twitter:data1\" content=\"2 minutes\" \/>\n<!-- \/ Yoast SEO Premium plugin. -->","yoast_head_json":{"title":"Meilleures pratiques en mati\u00e8re de t\u00eate d'impression Memjet &#187; Afinia Label - Make Your Own Labels","description":"Digital Color Label Printers and Finishers - Meilleures pratiques en mati\u00e8re de t\u00eate d'impression Memjet","robots":{"index":"index","follow":"follow","max-snippet":"max-snippet:-1","max-image-preview":"max-image-preview:large","max-video-preview":"max-video-preview:-1"},"canonical":"https:\/\/dev2.afinialabel.com\/fr\/jet-de-memoire\/meilleures-pratiques-en-matiere-de-tete-dimpression\/","og_locale":"fr_FR","og_type":"article","og_title":"Meilleures pratiques en mati\u00e8re de t\u00eate d'impression Memjet","og_description":"Tirez le meilleur parti de vos t\u00eates d&#39;impression Memjet haute capacit\u00e9 en suivant ces bonnes pratiques Pour toutes les imprimantes Afinia Label avec","og_url":"https:\/\/dev2.afinialabel.com\/fr\/jet-de-memoire\/meilleures-pratiques-en-matiere-de-tete-dimpression\/","og_site_name":"Afinia Label - Make Your Own Labels","article_modified_time":"2024-11-14T22:07:28+00:00","twitter_card":"summary_large_image","twitter_site":"@afinialabel","twitter_misc":{"Dur\u00e9e de lecture estim\u00e9e":"2 minutes"},"schema":{"@context":"https:\/\/schema.org","@graph":[{"@type":"WebPage","@id":"https:\/\/dev2.afinialabel.com\/fr\/jet-de-memoire\/meilleures-pratiques-en-matiere-de-tete-dimpression\/","url":"https:\/\/dev2.afinialabel.com\/fr\/jet-de-memoire\/meilleures-pratiques-en-matiere-de-tete-dimpression\/","name":"Meilleures pratiques en mati\u00e8re de t\u00eate d'impression Memjet &#187; Afinia Label - Make Your Own Labels","isPartOf":{"@id":"https:\/\/dev2.afinialabel.com\/fr\/#website"},"datePublished":"2023-04-13T17:14:41+00:00","dateModified":"2024-11-14T22:07:28+00:00","description":"Digital Color Label Printers and Finishers - Meilleures pratiques en mati\u00e8re de t\u00eate d'impression Memjet","breadcrumb":{"@id":"https:\/\/dev2.afinialabel.com\/fr\/jet-de-memoire\/meilleures-pratiques-en-matiere-de-tete-dimpression\/#breadcrumb"},"inLanguage":"fr-FR","potentialAction":[{"@type":"ReadAction","target":["https:\/\/dev2.afinialabel.com\/fr\/jet-de-memoire\/meilleures-pratiques-en-matiere-de-tete-dimpression\/"]}]},{"@type":"BreadcrumbList","@id":"https:\/\/dev2.afinialabel.com\/fr\/jet-de-memoire\/meilleures-pratiques-en-matiere-de-tete-dimpression\/#breadcrumb","itemListElement":[{"@type":"ListItem","position":1,"name":"Home","item":"https:\/\/dev2.afinialabel.com\/fr\/"},{"@type":"ListItem","position":2,"name":"Memjet","item":"https:\/\/dev2.afinialabel.com\/fr\/memjet\/"},{"@type":"ListItem","position":3,"name":"Meilleures pratiques en mati\u00e8re de t\u00eate d&#8217;impression Memjet"}]},{"@type":"WebSite","@id":"https:\/\/dev2.afinialabel.com\/fr\/#website","url":"https:\/\/dev2.afinialabel.com\/fr\/","name":"Afinia Label - Make Your Own Labels","description":"Digital Color Label Printers and Finishers","publisher":{"@id":"https:\/\/dev2.afinialabel.com\/fr\/#organization"},"potentialAction":[{"@type":"SearchAction","target":{"@type":"EntryPoint","urlTemplate":"https:\/\/dev2.afinialabel.com\/fr\/?s={search_term_string}"},"query-input":{"@type":"PropertyValueSpecification","valueRequired":true,"valueName":"search_term_string"}}],"inLanguage":"fr-FR"},{"@type":"Organization","@id":"https:\/\/dev2.afinialabel.com\/fr\/#organization","name":"Afinia Label","url":"https:\/\/dev2.afinialabel.com\/fr\/","logo":{"@type":"ImageObject","inLanguage":"fr-FR","@id":"https:\/\/dev2.afinialabel.com\/fr\/#\/schema\/logo\/image\/","url":"https:\/\/dev2.afinialabel.com\/wp-content\/uploads\/logo-light.svg","contentUrl":"https:\/\/dev2.afinialabel.com\/wp-content\/uploads\/logo-light.svg","width":190,"height":36,"caption":"Afinia Label"},"image":{"@id":"https:\/\/dev2.afinialabel.com\/fr\/#\/schema\/logo\/image\/"},"sameAs":["https:\/\/x.com\/afinialabel","https:\/\/www.youtube.com\/channel\/UC7oqak2m5QABw4LzXLuWCaA"]}]}},"_links":{"self":[{"href":"https:\/\/dev2.afinialabel.com\/fr\/wp-json\/wp\/v2\/pages\/5913","targetHints":{"allow":["GET"]}}],"collection":[{"href":"https:\/\/dev2.afinialabel.com\/fr\/wp-json\/wp\/v2\/pages"}],"about":[{"href":"https:\/\/dev2.afinialabel.com\/fr\/wp-json\/wp\/v2\/types\/page"}],"author":[{"embeddable":true,"href":"https:\/\/dev2.afinialabel.com\/fr\/wp-json\/wp\/v2\/users\/3"}],"replies":[{"embeddable":true,"href":"https:\/\/dev2.afinialabel.com\/fr\/wp-json\/wp\/v2\/comments?post=5913"}],"version-history":[{"count":0,"href":"https:\/\/dev2.afinialabel.com\/fr\/wp-json\/wp\/v2\/pages\/5913\/revisions"}],"up":[{"embeddable":true,"href":"https:\/\/dev2.afinialabel.com\/fr\/wp-json\/wp\/v2\/pages\/6076"}],"wp:attachment":[{"href":"https:\/\/dev2.afinialabel.com\/fr\/wp-json\/wp\/v2\/media?parent=5913"}],"curies":[{"name":"wp","href":"https:\/\/api.w.org\/{rel}","templated":true}]}}