{"id":5840,"date":"2023-03-16T18:34:26","date_gmt":"2023-03-16T18:34:26","guid":{"rendered":"https:\/\/dev2.afinialabel.com\/software\/"},"modified":"2024-09-24T00:23:51","modified_gmt":"2024-09-24T00:23:51","slug":"logiciel","status":"publish","type":"page","link":"https:\/\/dev2.afinialabel.com\/fr\/logiciel\/","title":{"rendered":"Logiciel"},"content":{"rendered":"<p>Les imprimantes Afinia Label sont aliment\u00e9es par un pilote bas\u00e9 sur Windows, ce qui les rend compatibles avec presque toutes les applications Windows. Bien <strong>qu&#039;Afinia ne vende pas de logiciels<\/strong> dans le cadre de nos services, de nombreuses options sont disponibles, depuis les simples lecteurs PDF \u00ab\u00a0impression par simple clic\u00a0\u00bb jusqu&#039;\u00e0 l&#039;impression avanc\u00e9e d&#039;\u00e9tiquettes et l&#039;int\u00e9gration de bases de donn\u00e9es. Nous pouvons \u00e9galement utiliser des outils avanc\u00e9s de correspondance des couleurs. Des questions? Explorez les liens ci-dessous ou <a href=\"\/contact\/\">contactez nos sp\u00e9cialistes en \u00e9tiquettes<\/a> pour plus d\u2019informations. <\/p>\n<hr>\n<h2><a href=\"https:\/\/get2.adobe.com\/reader\/\"><img decoding=\"async\" class=\"alignright wp-image-1097\" src=\"\/wp-content\/uploads\/adobereader.png\" alt=\"T\u00e9l\u00e9chargez Adobe Reader gratuitement\" width=\"301\" height=\"121\" srcset=\"https:\/\/dev2.afinialabel.com\/wp-content\/uploads\/adobereader.png 512w, https:\/\/dev2.afinialabel.com\/wp-content\/uploads\/adobereader-300x121.png 300w, https:\/\/dev2.afinialabel.com\/wp-content\/uploads\/adobereader-275x111.png 275w, https:\/\/dev2.afinialabel.com\/wp-content\/uploads\/adobereader-65x26.png 65w\" sizes=\"(max-width: 301px) 100vw, 301px\" \/><\/a><\/h2>\n<h2>Adobe Lecteur<\/h2>\n<h3>Imprimez facilement \u00e0 partir de documents PDF<\/h3>\n<p> Adobe Reader est l&#039;un des moyens les plus courants et les plus simples pour commencer \u00e0 imprimer vos propres \u00e9tiquettes. <a class=\"btn\" href=\"https:\/\/get2.adobe.com\/reader\/\" target=\"_blank\" rel=\"noopener noreferrer\">T\u00e9l\u00e9chargez Adobe Reader gratuitement<\/a><\/p>\n<hr>\n<h2><img decoding=\"async\" class=\"alignright wp-image-1094\" src=\"\/wp-content\/uploads\/bartender-logo-1.png\" alt=\"Essayez un essai gratuit de 30 jours de BarTender par Seagull Scientific\" width=\"234\" height=\"55\" srcset=\"https:\/\/dev2.afinialabel.com\/wp-content\/uploads\/bartender-logo-1.png 400w, https:\/\/dev2.afinialabel.com\/wp-content\/uploads\/bartender-logo-1-300x71.png 300w, https:\/\/dev2.afinialabel.com\/wp-content\/uploads\/bartender-logo-1-275x65.png 275w, https:\/\/dev2.afinialabel.com\/wp-content\/uploads\/bartender-logo-1-65x15.png 65w\" sizes=\"(max-width: 234px) 100vw, 234px\" \/><\/h2>\n<h2>BarTender par Seagull Scientific<\/h2>\n<h3>Impression d&#039;\u00e9tiquettes avanc\u00e9e, y compris l&#039;int\u00e9gration de donn\u00e9es variables et de bases de donn\u00e9es<\/h3>\n<p> Seagull Scientific propose un essai gratuit de 30 jours de BarTender, qui vous permet de cr\u00e9er des \u00e9tiquettes \u00e0 l&#039;aide des fonctionnalit\u00e9s des \u00e9ditions Professional, Automation et Enterprise. Ce programme vous permet de modifier les donn\u00e9es \u00e0 la vol\u00e9e ou via une int\u00e9gration de base de donn\u00e9es. <a class=\"btn\" title=\"T\u00e9l\u00e9charger Barman Gratuit\" href=\"https:\/\/www.seagullscientific.com\/free-edition-download\/?TrackData=ReferralAccount~U0000665*ReferralCampaign~CMP-01294-P2B5S1#sign-up-form\" target=\"_blank\" rel=\"noopener noreferrer\">Essai BarTender de 30 jours<\/a><\/p>\n<hr>\n<h2>Wasatch SoftRIP<\/h2>\n<h3>Un logiciel RIP sophistiqu\u00e9 pour un contr\u00f4le pr\u00e9cis des couleurs<\/h3>\n<p><img decoding=\"async\" class=\"alignright wp-image-1096 size-medium\" src=\"\/wp-content\/uploads\/wasatch-logo.png\" alt=\"Logiciel Wasatch SoftRIP\" width=\"300\" height=\"164\" srcset=\"https:\/\/dev2.afinialabel.com\/wp-content\/uploads\/wasatch-logo.png 400w, https:\/\/dev2.afinialabel.com\/wp-content\/uploads\/wasatch-logo-300x164.png 300w, https:\/\/dev2.afinialabel.com\/wp-content\/uploads\/wasatch-logo-275x151.png 275w, https:\/\/dev2.afinialabel.com\/wp-content\/uploads\/wasatch-logo-65x36.png 65w\" sizes=\"(max-width: 300px) 100vw, 300px\" \/>Avec une configuration simple, un flux de travail intuitif et des commandes d&#039;impression puissantes, SoftRIP vous fait gagner du temps et de l&#039;argent tout en produisant des couleurs d&#039;excellente qualit\u00e9. Avec SoftRIP, vous n&#039;avez pas besoin d&#039;\u00eatre un expert pour imprimer comme tel. Quelle que soit la taille ou la complexit\u00e9 de votre environnement de production, SoftRIP dispose des outils dont vous avez besoin pour un contr\u00f4le complet. Wasatch SoftRIP vous offre la combinaison parfaite entre une utilisation simple et des fonctionnalit\u00e9s sophistiqu\u00e9es. Les nouveaux utilisateurs seront op\u00e9rationnels en quelques minutes, gr\u00e2ce \u00e0 leurs commandes de couleur faciles \u00e0 utiliser, leurs configurations d&#039;imagerie plug-and-play et leur configuration rapide. Les experts en impression trouveront les contr\u00f4les complexes et les outils innovants n\u00e9cessaires pour mettre en \u0153uvre m\u00eame les flux de production et de couleur les plus complexes pour une qualit\u00e9 de sortie in\u00e9gal\u00e9e. <img loading=\"lazy\" decoding=\"async\" class=\"aligncenter wp-image-1095 size-full\" src=\"\/wp-content\/uploads\/wasatch.png\" alt=\"Pr\u00e9sentation des fonctionnalit\u00e9s de Wasatch SoftRIP\" width=\"700\" height=\"200\" srcset=\"https:\/\/dev2.afinialabel.com\/wp-content\/uploads\/wasatch.png 700w, https:\/\/dev2.afinialabel.com\/wp-content\/uploads\/wasatch-300x86.png 300w, https:\/\/dev2.afinialabel.com\/wp-content\/uploads\/wasatch-640x183.png 640w, https:\/\/dev2.afinialabel.com\/wp-content\/uploads\/wasatch-275x79.png 275w, https:\/\/dev2.afinialabel.com\/wp-content\/uploads\/wasatch-65x19.png 65w\" sizes=\"(max-width: 700px) 100vw, 700px\" \/><\/p>\n<p><a class=\"btn\" title=\"Wasatch SoftRIP\" href=\"https:\/\/www.wasatch.com\/\" target=\"_blank\" rel=\"noopener noreferrer\">Site Web Wasatch SoftRIP<\/a><\/p>\n","protected":false},"excerpt":{"rendered":"Les imprimantes Afinia Label sont aliment\u00e9es par un pilote bas\u00e9 sur Windows, ce qui les rend compatibles avec presque toutes les applications Windows. Bien qu&#039;Afinia ne vende pas de logiciels dans le cadre de nos services, de nombreuses options sont disponibles, depuis les simples lecteurs PDF \u00ab\u00a0impression par simple clic\u00a0\u00bb jusqu&#039;\u00e0 l&#039;impression avanc\u00e9e d&#039;\u00e9tiquettes et&#8230; <a class=\"view-article\" href=\"https:\/\/dev2.afinialabel.com\/fr\/logiciel\/\">Voir l&rsquo;article<\/a>","protected":false},"author":3,"featured_media":0,"parent":0,"menu_order":110,"comment_status":"closed","ping_status":"closed","template":"","meta":{"_acf_changed":false,"footnotes":""},"class_list":["post-5840","page","type-page","status-publish","hentry"],"acf":[],"yoast_head":"<!-- This site is optimized with the Yoast SEO Premium plugin v27.5 (Yoast SEO v27.5) - https:\/\/yoast.com\/product\/yoast-seo-premium-wordpress\/ -->\n<title>Logiciel &#187; Afinia Label - Make Your Own Labels<\/title>\n<meta name=\"description\" content=\"Digital Color Label Printers and Finishers - Logiciel\" \/>\n<meta name=\"robots\" content=\"index, follow, max-snippet:-1, max-image-preview:large, max-video-preview:-1\" \/>\n<link rel=\"canonical\" href=\"https:\/\/dev2.afinialabel.com\/fr\/logiciel\/\" \/>\n<meta property=\"og:locale\" content=\"fr_FR\" \/>\n<meta property=\"og:type\" content=\"article\" \/>\n<meta property=\"og:title\" content=\"Logiciel\" \/>\n<meta property=\"og:description\" content=\"Les imprimantes Afinia Label sont aliment\u00e9es par un pilote bas\u00e9 sur Windows, ce qui les rend compatibles avec presque toutes les applications Windows.\" \/>\n<meta property=\"og:url\" content=\"https:\/\/dev2.afinialabel.com\/fr\/logiciel\/\" \/>\n<meta property=\"og:site_name\" content=\"Afinia Label - Make Your Own Labels\" \/>\n<meta property=\"article:modified_time\" content=\"2024-09-24T00:23:51+00:00\" \/>\n<meta name=\"twitter:card\" content=\"summary_large_image\" \/>\n<meta name=\"twitter:site\" content=\"@afinialabel\" \/>\n<meta name=\"twitter:label1\" content=\"Dur\u00e9e de lecture estim\u00e9e\" \/>\n\t<meta name=\"twitter:data1\" content=\"2 minutes\" \/>\n<!-- \/ Yoast SEO Premium plugin. -->","yoast_head_json":{"title":"Logiciel &#187; Afinia Label - Make Your Own Labels","description":"Digital Color Label Printers and Finishers - Logiciel","robots":{"index":"index","follow":"follow","max-snippet":"max-snippet:-1","max-image-preview":"max-image-preview:large","max-video-preview":"max-video-preview:-1"},"canonical":"https:\/\/dev2.afinialabel.com\/fr\/logiciel\/","og_locale":"fr_FR","og_type":"article","og_title":"Logiciel","og_description":"Les imprimantes Afinia Label sont aliment\u00e9es par un pilote bas\u00e9 sur Windows, ce qui les rend compatibles avec presque toutes les applications Windows.","og_url":"https:\/\/dev2.afinialabel.com\/fr\/logiciel\/","og_site_name":"Afinia Label - Make Your Own Labels","article_modified_time":"2024-09-24T00:23:51+00:00","twitter_card":"summary_large_image","twitter_site":"@afinialabel","twitter_misc":{"Dur\u00e9e de lecture estim\u00e9e":"2 minutes"},"schema":{"@context":"https:\/\/schema.org","@graph":[{"@type":"WebPage","@id":"https:\/\/dev2.afinialabel.com\/fr\/logiciel\/","url":"https:\/\/dev2.afinialabel.com\/fr\/logiciel\/","name":"Logiciel &#187; Afinia Label - Make Your Own Labels","isPartOf":{"@id":"https:\/\/dev2.afinialabel.com\/fr\/#website"},"datePublished":"2023-03-16T18:34:26+00:00","dateModified":"2024-09-24T00:23:51+00:00","description":"Digital Color Label Printers and Finishers - Logiciel","breadcrumb":{"@id":"https:\/\/dev2.afinialabel.com\/fr\/logiciel\/#breadcrumb"},"inLanguage":"fr-FR","potentialAction":[{"@type":"ReadAction","target":["https:\/\/dev2.afinialabel.com\/fr\/logiciel\/"]}]},{"@type":"BreadcrumbList","@id":"https:\/\/dev2.afinialabel.com\/fr\/logiciel\/#breadcrumb","itemListElement":[{"@type":"ListItem","position":1,"name":"Home","item":"https:\/\/dev2.afinialabel.com\/fr\/"},{"@type":"ListItem","position":2,"name":"Logiciel"}]},{"@type":"WebSite","@id":"https:\/\/dev2.afinialabel.com\/fr\/#website","url":"https:\/\/dev2.afinialabel.com\/fr\/","name":"Afinia Label - Make Your Own Labels","description":"Digital Color Label Printers and Finishers","publisher":{"@id":"https:\/\/dev2.afinialabel.com\/fr\/#organization"},"potentialAction":[{"@type":"SearchAction","target":{"@type":"EntryPoint","urlTemplate":"https:\/\/dev2.afinialabel.com\/fr\/?s={search_term_string}"},"query-input":{"@type":"PropertyValueSpecification","valueRequired":true,"valueName":"search_term_string"}}],"inLanguage":"fr-FR"},{"@type":"Organization","@id":"https:\/\/dev2.afinialabel.com\/fr\/#organization","name":"Afinia Label","url":"https:\/\/dev2.afinialabel.com\/fr\/","logo":{"@type":"ImageObject","inLanguage":"fr-FR","@id":"https:\/\/dev2.afinialabel.com\/fr\/#\/schema\/logo\/image\/","url":"https:\/\/dev2.afinialabel.com\/wp-content\/uploads\/logo-light.svg","contentUrl":"https:\/\/dev2.afinialabel.com\/wp-content\/uploads\/logo-light.svg","width":190,"height":36,"caption":"Afinia Label"},"image":{"@id":"https:\/\/dev2.afinialabel.com\/fr\/#\/schema\/logo\/image\/"},"sameAs":["https:\/\/x.com\/afinialabel","https:\/\/www.youtube.com\/channel\/UC7oqak2m5QABw4LzXLuWCaA"]}]}},"_links":{"self":[{"href":"https:\/\/dev2.afinialabel.com\/fr\/wp-json\/wp\/v2\/pages\/5840","targetHints":{"allow":["GET"]}}],"collection":[{"href":"https:\/\/dev2.afinialabel.com\/fr\/wp-json\/wp\/v2\/pages"}],"about":[{"href":"https:\/\/dev2.afinialabel.com\/fr\/wp-json\/wp\/v2\/types\/page"}],"author":[{"embeddable":true,"href":"https:\/\/dev2.afinialabel.com\/fr\/wp-json\/wp\/v2\/users\/3"}],"replies":[{"embeddable":true,"href":"https:\/\/dev2.afinialabel.com\/fr\/wp-json\/wp\/v2\/comments?post=5840"}],"version-history":[{"count":0,"href":"https:\/\/dev2.afinialabel.com\/fr\/wp-json\/wp\/v2\/pages\/5840\/revisions"}],"wp:attachment":[{"href":"https:\/\/dev2.afinialabel.com\/fr\/wp-json\/wp\/v2\/media?parent=5840"}],"curies":[{"name":"wp","href":"https:\/\/api.w.org\/{rel}","templated":true}]}}