{"id":371702,"date":"2023-02-20T20:57:15","date_gmt":"2023-02-20T20:57:15","guid":{"rendered":"https:\/\/dev2.afinialabel.com\/home\/"},"modified":"2026-02-18T02:18:19","modified_gmt":"2026-02-18T02:18:19","slug":"maison","status":"publish","type":"page","link":"https:\/\/dev2.afinialabel.com\/fr\/","title":{"rendered":"Maison"},"content":{"rendered":"","protected":false},"excerpt":{"rendered":"","protected":false},"author":3,"featured_media":0,"parent":0,"menu_order":95,"comment_status":"closed","ping_status":"closed","template":"pageHome.php","meta":{"_acf_changed":false,"footnotes":""},"class_list":["post-371702","page","type-page","status-publish","hentry"],"acf":[],"yoast_head":"<!-- This site is optimized with the Yoast SEO Premium plugin v27.5 (Yoast SEO v27.5) - https:\/\/yoast.com\/product\/yoast-seo-premium-wordpress\/ -->\n<title>Afinia, imprimantes et \u00e9quipements d&#039;\u00e9tiquettes | Internalisez votre production d&#039;\u00e9tiquettes<\/title>\n<meta name=\"description\" content=\"Donnez de l&#039;\u00e9clat \u00e0 votre marque gr\u00e2ce \u00e0 la gamme d&#039;imprimantes d&#039;\u00e9tiquettes couleur \u00e0 jet d&#039;encre et \u00e0 toner et aux \u00e9quipements de finition d&#039;Afinia Label.\" \/>\n<meta name=\"robots\" content=\"index, follow, max-snippet:-1, max-image-preview:large, max-video-preview:-1\" \/>\n<link rel=\"canonical\" href=\"https:\/\/dev2.afinialabel.com\/fr\/\" \/>\n<meta property=\"og:locale\" content=\"fr_FR\" \/>\n<meta property=\"og:type\" content=\"article\" \/>\n<meta property=\"og:title\" content=\"Maison\" \/>\n<meta property=\"og:url\" content=\"https:\/\/dev2.afinialabel.com\/fr\/\" \/>\n<meta property=\"og:site_name\" content=\"Afinia Label - Make Your Own Labels\" \/>\n<meta property=\"article:modified_time\" content=\"2026-02-18T02:18:19+00:00\" \/>\n<meta name=\"twitter:card\" content=\"summary_large_image\" \/>\n<meta name=\"twitter:site\" content=\"@afinialabel\" \/>\n<!-- \/ Yoast SEO Premium plugin. -->","yoast_head_json":{"title":"Afinia, imprimantes et \u00e9quipements d'\u00e9tiquettes | Internalisez votre production d'\u00e9tiquettes","description":"Donnez de l'\u00e9clat \u00e0 votre marque gr\u00e2ce \u00e0 la gamme d'imprimantes d'\u00e9tiquettes couleur \u00e0 jet d'encre et \u00e0 toner et aux \u00e9quipements de finition d'Afinia Label.","robots":{"index":"index","follow":"follow","max-snippet":"max-snippet:-1","max-image-preview":"max-image-preview:large","max-video-preview":"max-video-preview:-1"},"canonical":"https:\/\/dev2.afinialabel.com\/fr\/","og_locale":"fr_FR","og_type":"article","og_title":"Maison","og_url":"https:\/\/dev2.afinialabel.com\/fr\/","og_site_name":"Afinia Label - Make Your Own Labels","article_modified_time":"2026-02-18T02:18:19+00:00","twitter_card":"summary_large_image","twitter_site":"@afinialabel","schema":{"@context":"https:\/\/schema.org","@graph":[{"@type":"WebPage","@id":"https:\/\/dev2.afinialabel.com\/fr\/","url":"https:\/\/dev2.afinialabel.com\/fr\/","name":"Afinia, imprimantes et \u00e9quipements d'\u00e9tiquettes | Internalisez votre production d'\u00e9tiquettes","isPartOf":{"@id":"https:\/\/dev2.afinialabel.com\/fr\/#website"},"datePublished":"2023-02-20T20:57:15+00:00","dateModified":"2026-02-18T02:18:19+00:00","description":"Donnez de l'\u00e9clat \u00e0 votre marque gr\u00e2ce \u00e0 la gamme d'imprimantes d'\u00e9tiquettes couleur \u00e0 jet d'encre et \u00e0 toner et aux \u00e9quipements de finition d'Afinia Label.","breadcrumb":{"@id":"https:\/\/dev2.afinialabel.com\/fr\/#breadcrumb"},"inLanguage":"fr-FR","potentialAction":[{"@type":"ReadAction","target":["https:\/\/dev2.afinialabel.com\/fr\/"]}]},{"@type":"BreadcrumbList","@id":"https:\/\/dev2.afinialabel.com\/fr\/#breadcrumb","itemListElement":[{"@type":"ListItem","position":1,"name":"Home","item":"https:\/\/dev2.afinialabel.com\/fr\/"},{"@type":"ListItem","position":2,"name":"Maison"}]},{"@type":"WebSite","@id":"https:\/\/dev2.afinialabel.com\/fr\/#website","url":"https:\/\/dev2.afinialabel.com\/fr\/","name":"Afinia Label - Make Your Own Labels","description":"Digital Color Label Printers and Finishers","publisher":{"@id":"https:\/\/dev2.afinialabel.com\/fr\/#organization"},"potentialAction":[{"@type":"SearchAction","target":{"@type":"EntryPoint","urlTemplate":"https:\/\/dev2.afinialabel.com\/fr\/?s={search_term_string}"},"query-input":{"@type":"PropertyValueSpecification","valueRequired":true,"valueName":"search_term_string"}}],"inLanguage":"fr-FR"},{"@type":"Organization","@id":"https:\/\/dev2.afinialabel.com\/fr\/#organization","name":"Afinia Label","url":"https:\/\/dev2.afinialabel.com\/fr\/","logo":{"@type":"ImageObject","inLanguage":"fr-FR","@id":"https:\/\/dev2.afinialabel.com\/fr\/#\/schema\/logo\/image\/","url":"https:\/\/dev2.afinialabel.com\/wp-content\/uploads\/logo-light.svg","contentUrl":"https:\/\/dev2.afinialabel.com\/wp-content\/uploads\/logo-light.svg","width":190,"height":36,"caption":"Afinia Label"},"image":{"@id":"https:\/\/dev2.afinialabel.com\/fr\/#\/schema\/logo\/image\/"},"sameAs":["https:\/\/x.com\/afinialabel","https:\/\/www.youtube.com\/channel\/UC7oqak2m5QABw4LzXLuWCaA"]}]}},"_links":{"self":[{"href":"https:\/\/dev2.afinialabel.com\/fr\/wp-json\/wp\/v2\/pages\/371702","targetHints":{"allow":["GET"]}}],"collection":[{"href":"https:\/\/dev2.afinialabel.com\/fr\/wp-json\/wp\/v2\/pages"}],"about":[{"href":"https:\/\/dev2.afinialabel.com\/fr\/wp-json\/wp\/v2\/types\/page"}],"author":[{"embeddable":true,"href":"https:\/\/dev2.afinialabel.com\/fr\/wp-json\/wp\/v2\/users\/3"}],"replies":[{"embeddable":true,"href":"https:\/\/dev2.afinialabel.com\/fr\/wp-json\/wp\/v2\/comments?post=371702"}],"version-history":[{"count":0,"href":"https:\/\/dev2.afinialabel.com\/fr\/wp-json\/wp\/v2\/pages\/371702\/revisions"}],"wp:attachment":[{"href":"https:\/\/dev2.afinialabel.com\/fr\/wp-json\/wp\/v2\/media?parent=371702"}],"curies":[{"name":"wp","href":"https:\/\/api.w.org\/{rel}","templated":true}]}}