{"id":241834,"date":"2023-04-13T16:43:56","date_gmt":"2023-04-13T16:43:56","guid":{"rendered":"https:\/\/dev2.afinialabel.com\/a-propos-afinia\/hp-thermal-inkjet-printing\/"},"modified":"2024-11-22T04:43:25","modified_gmt":"2024-11-22T04:43:25","slug":"impression-jet-dencre-thermique-hp","status":"publish","type":"page","link":"https:\/\/dev2.afinialabel.com\/fr\/a-propos-afinia\/impression-jet-dencre-thermique-hp\/","title":{"rendered":"Impression jet d&rsquo;encre thermique HP"},"content":{"rendered":"<h3>Une solution pour chaque besoin<\/h3>\n<p> La technologie jet d&#039;encre thermique (TIJ) de HP offre une incroyable polyvalence, ce qui en fait un choix populaire dans le monde entier pour un large \u00e9ventail de besoins d&#039;impression d&#039;\u00e9tiquettes. <\/p>\n<h3>\u00c9tiquette HP et Afinia<\/h3>\n<p> HP s&#039;engage \u00e0 innover pour tous, en transformant la fa\u00e7on dont les gens travaillent et vivent. Afinia Label int\u00e8gre cette technologie innovante dans les imprimantes d&#039;\u00e9tiquettes pour offrir des produits fiables et de haute qualit\u00e9 aux entreprises souhaitant augmenter leur retour sur investissement. <\/p>\n<p style=\"text-align: center\"><img fetchpriority=\"high\" decoding=\"async\" class=\"aligncenter wp-image-1538 size-full\" src=\"\/wp-content\/uploads\/hp-l301-l501.jpg\" alt=\"Technologie HP Inkjet pr\u00e9sente dans les imprimantes d'\u00e9tiquettes couleur Afinia Label\" width=\"1200\" height=\"400\" srcset=\"https:\/\/dev2.afinialabel.com\/wp-content\/uploads\/hp-l301-l501.jpg 1200w, https:\/\/dev2.afinialabel.com\/wp-content\/uploads\/hp-l301-l501-300x100.jpg 300w, https:\/\/dev2.afinialabel.com\/wp-content\/uploads\/hp-l301-l501-1000x333.jpg 1000w, https:\/\/dev2.afinialabel.com\/wp-content\/uploads\/hp-l301-l501-768x256.jpg 768w, https:\/\/dev2.afinialabel.com\/wp-content\/uploads\/hp-l301-l501-640x213.jpg 640w, https:\/\/dev2.afinialabel.com\/wp-content\/uploads\/hp-l301-l501-275x92.jpg 275w, https:\/\/dev2.afinialabel.com\/wp-content\/uploads\/hp-l301-l501-65x22.jpg 65w\" sizes=\"(max-width: 1200px) 100vw, 1200px\" \/><\/p>\n<p> Afinia Label int\u00e8gre la technologie \u00e0 jet d&#039;encre thermique HP dans plusieurs imprimantes d&#039;\u00e9tiquettes, notamment l&#039; <a href=\"\/digital-label-printers\/l301-small-business-color-label-printer\/\">imprimante d&#039;\u00e9tiquettes couleur pour petites entreprises L301<\/a> et <a href=\"\/digital-label-printers\/l502-duo-ink-industrial-color-label-printer\/\">l&#039;imprimante d&#039;\u00e9tiquettes \u00e0 encre Duo L502<\/a> , pour offrir aux clients une capacit\u00e9 d&#039;impression d&#039;\u00e9tiquettes \u00e9conomique, facile \u00e0 utiliser et de qualit\u00e9 professionnelle. <\/p>\n<h3>Pourquoi les gens choisissent HP TIJ<\/h3>\n<p> La fiabilit\u00e9 est une n\u00e9cessit\u00e9 dans l&#039;impression d&#039;\u00e9tiquettes et une caract\u00e9ristique essentielle de la technologie jet d&#039;encre thermique de HP. Il est \u00e9galement facile \u00e0 utiliser et HP Specialty Printing Systems (SPS) fournit les outils n\u00e9cessaires pour garantir une int\u00e9gration rapide et r\u00e9ussie dans votre entreprise, minimisant les co\u00fbts de d\u00e9veloppement et acc\u00e9l\u00e9rant votre arriv\u00e9e \u00e0 des produits \u00e9clatants et joliment \u00e9tiquet\u00e9s. En tant que partenaire SPS de longue date, Afinia Label poss\u00e8de une vaste exp\u00e9rience dans l&#039;int\u00e9gration de la technologie HP TIJ.<\/p>\n","protected":false},"excerpt":{"rendered":"Une solution pour chaque besoin La technologie jet d&#039;encre thermique (TIJ) de HP offre une incroyable polyvalence, ce qui en fait un choix populaire dans le monde entier pour un large \u00e9ventail de besoins d&#039;impression d&#039;\u00e9tiquettes. \u00c9tiquette HP et Afinia HP s&#039;engage \u00e0 innover pour tous, en transformant la fa\u00e7on dont les gens travaillent et&#8230; <a class=\"view-article\" href=\"https:\/\/dev2.afinialabel.com\/fr\/a-propos-afinia\/impression-jet-dencre-thermique-hp\/\">Voir l&rsquo;article<\/a>","protected":false},"author":3,"featured_media":0,"parent":241792,"menu_order":234,"comment_status":"closed","ping_status":"closed","template":"","meta":{"_acf_changed":false,"footnotes":""},"class_list":["post-241834","page","type-page","status-publish","hentry"],"acf":[],"yoast_head":"<!-- This site is optimized with the Yoast SEO Premium plugin v27.5 (Yoast SEO v27.5) - https:\/\/yoast.com\/product\/yoast-seo-premium-wordpress\/ -->\n<title>Impression jet d&#039;encre thermique HP &#187; Afinia Label - Make Your Own Labels<\/title>\n<meta name=\"description\" content=\"Digital Color Label Printers and Finishers - Impression jet d&#039;encre thermique HP\" \/>\n<meta name=\"robots\" content=\"index, follow, max-snippet:-1, max-image-preview:large, max-video-preview:-1\" \/>\n<link rel=\"canonical\" href=\"https:\/\/dev2.afinialabel.com\/fr\/a-propos-afinia\/impression-jet-dencre-thermique-hp\/\" \/>\n<meta property=\"og:locale\" content=\"fr_FR\" \/>\n<meta property=\"og:type\" content=\"article\" \/>\n<meta property=\"og:title\" content=\"Impression jet d&#039;encre thermique HP\" \/>\n<meta property=\"og:description\" content=\"Une solution pour chaque besoin La technologie jet d&#039;encre thermique (TIJ) de HP offre une incroyable polyvalence, ce qui en fait un choix populaire\" \/>\n<meta property=\"og:url\" content=\"https:\/\/dev2.afinialabel.com\/fr\/a-propos-afinia\/impression-jet-dencre-thermique-hp\/\" \/>\n<meta property=\"og:site_name\" content=\"Afinia Label - Make Your Own Labels\" \/>\n<meta property=\"article:modified_time\" content=\"2024-11-22T04:43:25+00:00\" \/>\n<meta name=\"twitter:card\" content=\"summary_large_image\" \/>\n<meta name=\"twitter:site\" content=\"@afinialabel\" \/>\n<meta name=\"twitter:label1\" content=\"Dur\u00e9e de lecture estim\u00e9e\" \/>\n\t<meta name=\"twitter:data1\" content=\"1 minute\" \/>\n<!-- \/ Yoast SEO Premium plugin. -->","yoast_head_json":{"title":"Impression jet d'encre thermique HP &#187; Afinia Label - Make Your Own Labels","description":"Digital Color Label Printers and Finishers - Impression jet d'encre thermique HP","robots":{"index":"index","follow":"follow","max-snippet":"max-snippet:-1","max-image-preview":"max-image-preview:large","max-video-preview":"max-video-preview:-1"},"canonical":"https:\/\/dev2.afinialabel.com\/fr\/a-propos-afinia\/impression-jet-dencre-thermique-hp\/","og_locale":"fr_FR","og_type":"article","og_title":"Impression jet d'encre thermique HP","og_description":"Une solution pour chaque besoin La technologie jet d&#039;encre thermique (TIJ) de HP offre une incroyable polyvalence, ce qui en fait un choix populaire","og_url":"https:\/\/dev2.afinialabel.com\/fr\/a-propos-afinia\/impression-jet-dencre-thermique-hp\/","og_site_name":"Afinia Label - Make Your Own Labels","article_modified_time":"2024-11-22T04:43:25+00:00","twitter_card":"summary_large_image","twitter_site":"@afinialabel","twitter_misc":{"Dur\u00e9e de lecture estim\u00e9e":"1 minute"},"schema":{"@context":"https:\/\/schema.org","@graph":[{"@type":"WebPage","@id":"https:\/\/dev2.afinialabel.com\/fr\/a-propos-afinia\/impression-jet-dencre-thermique-hp\/","url":"https:\/\/dev2.afinialabel.com\/fr\/a-propos-afinia\/impression-jet-dencre-thermique-hp\/","name":"Impression jet d'encre thermique HP &#187; Afinia Label - Make Your Own Labels","isPartOf":{"@id":"https:\/\/dev2.afinialabel.com\/fr\/#website"},"datePublished":"2023-04-13T16:43:56+00:00","dateModified":"2024-11-22T04:43:25+00:00","description":"Digital Color Label Printers and Finishers - Impression jet d'encre thermique HP","breadcrumb":{"@id":"https:\/\/dev2.afinialabel.com\/fr\/a-propos-afinia\/impression-jet-dencre-thermique-hp\/#breadcrumb"},"inLanguage":"fr-FR","potentialAction":[{"@type":"ReadAction","target":["https:\/\/dev2.afinialabel.com\/fr\/a-propos-afinia\/impression-jet-dencre-thermique-hp\/"]}]},{"@type":"BreadcrumbList","@id":"https:\/\/dev2.afinialabel.com\/fr\/a-propos-afinia\/impression-jet-dencre-thermique-hp\/#breadcrumb","itemListElement":[{"@type":"ListItem","position":1,"name":"Home","item":"https:\/\/dev2.afinialabel.com\/fr\/"},{"@type":"ListItem","position":2,"name":"\u00c0 propos du label Afinia","item":"https:\/\/dev2.afinialabel.com\/fr\/about-afinia\/"},{"@type":"ListItem","position":3,"name":"Impression jet d&rsquo;encre thermique HP"}]},{"@type":"WebSite","@id":"https:\/\/dev2.afinialabel.com\/fr\/#website","url":"https:\/\/dev2.afinialabel.com\/fr\/","name":"Afinia Label - Make Your Own Labels","description":"Digital Color Label Printers and Finishers","publisher":{"@id":"https:\/\/dev2.afinialabel.com\/fr\/#organization"},"potentialAction":[{"@type":"SearchAction","target":{"@type":"EntryPoint","urlTemplate":"https:\/\/dev2.afinialabel.com\/fr\/?s={search_term_string}"},"query-input":{"@type":"PropertyValueSpecification","valueRequired":true,"valueName":"search_term_string"}}],"inLanguage":"fr-FR"},{"@type":"Organization","@id":"https:\/\/dev2.afinialabel.com\/fr\/#organization","name":"Afinia Label","url":"https:\/\/dev2.afinialabel.com\/fr\/","logo":{"@type":"ImageObject","inLanguage":"fr-FR","@id":"https:\/\/dev2.afinialabel.com\/fr\/#\/schema\/logo\/image\/","url":"https:\/\/dev2.afinialabel.com\/wp-content\/uploads\/logo-light.svg","contentUrl":"https:\/\/dev2.afinialabel.com\/wp-content\/uploads\/logo-light.svg","width":190,"height":36,"caption":"Afinia Label"},"image":{"@id":"https:\/\/dev2.afinialabel.com\/fr\/#\/schema\/logo\/image\/"},"sameAs":["https:\/\/x.com\/afinialabel","https:\/\/www.youtube.com\/channel\/UC7oqak2m5QABw4LzXLuWCaA"]}]}},"_links":{"self":[{"href":"https:\/\/dev2.afinialabel.com\/fr\/wp-json\/wp\/v2\/pages\/241834","targetHints":{"allow":["GET"]}}],"collection":[{"href":"https:\/\/dev2.afinialabel.com\/fr\/wp-json\/wp\/v2\/pages"}],"about":[{"href":"https:\/\/dev2.afinialabel.com\/fr\/wp-json\/wp\/v2\/types\/page"}],"author":[{"embeddable":true,"href":"https:\/\/dev2.afinialabel.com\/fr\/wp-json\/wp\/v2\/users\/3"}],"replies":[{"embeddable":true,"href":"https:\/\/dev2.afinialabel.com\/fr\/wp-json\/wp\/v2\/comments?post=241834"}],"version-history":[{"count":0,"href":"https:\/\/dev2.afinialabel.com\/fr\/wp-json\/wp\/v2\/pages\/241834\/revisions"}],"up":[{"embeddable":true,"href":"https:\/\/dev2.afinialabel.com\/fr\/wp-json\/wp\/v2\/pages\/241792"}],"wp:attachment":[{"href":"https:\/\/dev2.afinialabel.com\/fr\/wp-json\/wp\/v2\/media?parent=241834"}],"curies":[{"name":"wp","href":"https:\/\/api.w.org\/{rel}","templated":true}]}}