{"id":241792,"date":"2023-04-13T16:42:32","date_gmt":"2023-04-13T16:42:32","guid":{"rendered":"https:\/\/dev2.afinialabel.com\/about-afinia\/"},"modified":"2024-11-22T08:11:07","modified_gmt":"2024-11-22T08:11:07","slug":"a-propos-afinia","status":"publish","type":"page","link":"https:\/\/dev2.afinialabel.com\/fr\/a-propos-afinia\/","title":{"rendered":"\u00c0 propos du label Afinia"},"content":{"rendered":"<h2>Aider les entreprises \u00e0 cr\u00e9er leurs propres \u00e9tiquettes<\/h2>\n<h3>Les entreprises du monde entier \u00e9conomisent du temps et de l\u2019argent tout en am\u00e9liorant leurs processus d\u2019\u00e9tiquetage.<\/h3>\n<p> Nous avons b\u00e2ti la r\u00e9putation de fournir des produits de qualit\u00e9 qui rendent l&#039;impression et la finition d&#039;\u00e9tiquettes plus faciles et plus fiables que jamais, sans jamais perdre de vue votre pr\u00e9occupation num\u00e9ro un : <strong>un solide retour sur investissement<\/strong> . Que vous externalisiez vos \u00e9tiquettes ou que vous soyez un <a href=\"https:\/\/dev2.afinialabel.com\/\">imprimeur ou un transformateur d&#039;\u00e9tiquettes<\/a> exp\u00e9riment\u00e9, Afinia Label propose une grande vari\u00e9t\u00e9 de solutions internes d&#039;impression et de finition d&#039;\u00e9tiquettes professionnelles et industrielles pour r\u00e9pondre \u00e0 vos besoins. <\/p>\n<h2>Ce que disent nos clients<\/h2>\n<p> Des clients du monde entier d\u00e9clarent que notre \u00e9quipement professionnel est rentabilis\u00e9 de plusieurs mani\u00e8res\u00a0: <\/p>\n<ul>\n<li><strong>Quasi-\u00e9limination du stock d\u2019\u00e9tiquettes<\/strong> et des \u00e9tiquettes obsol\u00e8tes<\/li>\n<li><strong>\u00c9conomies sur les co\u00fbts d&#039;\u00e9tiquetage<\/strong> par rapport aux imprimantes \u00e0 jet d&#039;encre externalis\u00e9es, \u00e0 feuilles ou concurrentes<\/li>\n<li><strong>R\u00e9duire les d\u00e9lais de mise sur le march\u00e9<\/strong> en \u00e9vitant les d\u00e9lais et les retards<\/li>\n<\/ul>\n<p> De nombreux clients ach\u00e8tent des solutions Afinia Label pour remplacer celles \u00ab moins ch\u00e8res \u00bb, <strong>r\u00e9duisant ainsi les co\u00fbts d&#039;encre jusqu&#039;\u00e0 80 %. \u00c0 elles seules, les \u00e9conomies d&#039;encre permettent \u00e0 de nombreux clients Afinia Label de payer pour une nouvelle imprimante dans les six mois.<\/strong> Tenez compte non seulement du prix d\u2019achat, mais aussi du co\u00fbt de possession. Les imprimantes \u00ab moins ch\u00e8res \u00bb peuvent devenir plus co\u00fbteuses lorsque vos volumes d&#039;impression atteignent un certain point. <\/p>\n<h2>Notre histoire<\/h2>\n<p> Afinia Label a \u00e9t\u00e9 fond\u00e9e en 2009 pour offrir des solutions d&#039;impression sp\u00e9cialis\u00e9es avec le meilleur support de sa cat\u00e9gorie \u00e0 des prix accessibles. Notre soci\u00e9t\u00e9 m\u00e8re, Microboards Technology, propose des produits de duplication de supports depuis 1989. Cela nous donne une base solide d\u2019expertise technique et des d\u00e9cennies d\u2019exp\u00e9rience dans la fourniture du meilleur service client possible. Nos solutions d&#039;impression sp\u00e9cialis\u00e9es comprennent l&#039;impression et <a title=\"Imprimante d'\u00e9tiquettes L-801\" href=\"\/product-tag\/memjet\/\">la finition<\/a> <a href=\"\/finishing-equipment\/\" target=\"_blank\" rel=\"noopener noreferrer\">d&#039;\u00e9tiquettes industrielles \u00e0 grande vitesse<\/a> , avec des produits disponibles dans plus de 55 pays. Nous construisons nos \u00e9quipements pour g\u00e9n\u00e9rer un retour sur investissement dans les plus brefs d\u00e9lais. Nous y parvenons en concevant nos imprimantes et finisseurs d\u2019\u00e9tiquettes industriels pour qu\u2019ils soient rapides et rentables. Selon le nombre d&#039;\u00e9tiquettes que vous produirez, notre \u00e9quipement peut \u00eatre rentabilis\u00e9 en moins d&#039;un an. Parcourez notre site pour en savoir plus ou contactez-nous via notre <a title=\"Contactez-nous\" href=\"\/contact\/\">page Contactez-nous<\/a> pour toute question que vous avez.<\/p>\n","protected":false},"excerpt":{"rendered":"Aider les entreprises \u00e0 cr\u00e9er leurs propres \u00e9tiquettes Les entreprises du monde entier \u00e9conomisent du temps et de l\u2019argent tout en am\u00e9liorant leurs processus d\u2019\u00e9tiquetage. Nous avons b\u00e2ti la r\u00e9putation de fournir des produits de qualit\u00e9 qui rendent l&#039;impression et la finition d&#039;\u00e9tiquettes plus faciles et plus fiables que jamais, sans jamais perdre de vue&#8230; <a class=\"view-article\" href=\"https:\/\/dev2.afinialabel.com\/fr\/a-propos-afinia\/\">Voir l&rsquo;article<\/a>","protected":false},"author":3,"featured_media":0,"parent":0,"menu_order":229,"comment_status":"closed","ping_status":"closed","template":"","meta":{"_acf_changed":false,"footnotes":""},"class_list":["post-241792","page","type-page","status-publish","hentry"],"acf":[],"yoast_head":"<!-- This site is optimized with the Yoast SEO Premium plugin v27.5 (Yoast SEO v27.5) - https:\/\/yoast.com\/product\/yoast-seo-premium-wordpress\/ -->\n<title>\u00c0 propos du label Afinia &#187; Afinia Label - Make Your Own Labels<\/title>\n<meta name=\"description\" content=\"Avec la gamme la plus compl\u00e8te d&#039;\u00e9quipements d&#039;impression et de finition d&#039;\u00e9tiquettes du secteur, Afinia Label propose des solutions de premier ordre pour la plupart des applications et des tailles de travaux. Avec des d\u00e9cennies d&#039;exp\u00e9rience dans l&#039;industrie de l&#039;imprimerie sp\u00e9cialis\u00e9e...\" \/>\n<meta name=\"robots\" content=\"index, follow, max-snippet:-1, max-image-preview:large, max-video-preview:-1\" \/>\n<link rel=\"canonical\" href=\"https:\/\/dev2.afinialabel.com\/fr\/a-propos-afinia\/\" \/>\n<meta property=\"og:locale\" content=\"fr_FR\" \/>\n<meta property=\"og:type\" content=\"article\" \/>\n<meta property=\"og:title\" content=\"\u00c0 propos du label Afinia\" \/>\n<meta property=\"og:description\" content=\"Aider les entreprises \u00e0 cr\u00e9er leurs propres \u00e9tiquettes Les entreprises du monde entier \u00e9conomisent du temps et de l\u2019argent tout en am\u00e9liorant leurs\" \/>\n<meta property=\"og:url\" content=\"https:\/\/dev2.afinialabel.com\/fr\/a-propos-afinia\/\" \/>\n<meta property=\"og:site_name\" content=\"Afinia Label - Make Your Own Labels\" \/>\n<meta property=\"article:modified_time\" content=\"2024-11-22T08:11:07+00:00\" \/>\n<meta name=\"twitter:card\" content=\"summary_large_image\" \/>\n<meta name=\"twitter:site\" content=\"@afinialabel\" \/>\n<meta name=\"twitter:label1\" content=\"Dur\u00e9e de lecture estim\u00e9e\" \/>\n\t<meta name=\"twitter:data1\" content=\"2 minutes\" \/>\n<!-- \/ Yoast SEO Premium plugin. -->","yoast_head_json":{"title":"\u00c0 propos du label Afinia &#187; Afinia Label - Make Your Own Labels","description":"Avec la gamme la plus compl\u00e8te d'\u00e9quipements d'impression et de finition d'\u00e9tiquettes du secteur, Afinia Label propose des solutions de premier ordre pour la plupart des applications et des tailles de travaux. Avec des d\u00e9cennies d'exp\u00e9rience dans l'industrie de l'imprimerie sp\u00e9cialis\u00e9e...","robots":{"index":"index","follow":"follow","max-snippet":"max-snippet:-1","max-image-preview":"max-image-preview:large","max-video-preview":"max-video-preview:-1"},"canonical":"https:\/\/dev2.afinialabel.com\/fr\/a-propos-afinia\/","og_locale":"fr_FR","og_type":"article","og_title":"\u00c0 propos du label Afinia","og_description":"Aider les entreprises \u00e0 cr\u00e9er leurs propres \u00e9tiquettes Les entreprises du monde entier \u00e9conomisent du temps et de l\u2019argent tout en am\u00e9liorant leurs","og_url":"https:\/\/dev2.afinialabel.com\/fr\/a-propos-afinia\/","og_site_name":"Afinia Label - Make Your Own Labels","article_modified_time":"2024-11-22T08:11:07+00:00","twitter_card":"summary_large_image","twitter_site":"@afinialabel","twitter_misc":{"Dur\u00e9e de lecture estim\u00e9e":"2 minutes"},"schema":{"@context":"https:\/\/schema.org","@graph":[{"@type":"WebPage","@id":"https:\/\/dev2.afinialabel.com\/fr\/a-propos-afinia\/","url":"https:\/\/dev2.afinialabel.com\/fr\/a-propos-afinia\/","name":"\u00c0 propos du label Afinia &#187; Afinia Label - Make Your Own Labels","isPartOf":{"@id":"https:\/\/dev2.afinialabel.com\/fr\/#website"},"datePublished":"2023-04-13T16:42:32+00:00","dateModified":"2024-11-22T08:11:07+00:00","description":"Avec la gamme la plus compl\u00e8te d'\u00e9quipements d'impression et de finition d'\u00e9tiquettes du secteur, Afinia Label propose des solutions de premier ordre pour la plupart des applications et des tailles de travaux. Avec des d\u00e9cennies d'exp\u00e9rience dans l'industrie de l'imprimerie sp\u00e9cialis\u00e9e...","breadcrumb":{"@id":"https:\/\/dev2.afinialabel.com\/fr\/a-propos-afinia\/#breadcrumb"},"inLanguage":"fr-FR","potentialAction":[{"@type":"ReadAction","target":["https:\/\/dev2.afinialabel.com\/fr\/a-propos-afinia\/"]}]},{"@type":"BreadcrumbList","@id":"https:\/\/dev2.afinialabel.com\/fr\/a-propos-afinia\/#breadcrumb","itemListElement":[{"@type":"ListItem","position":1,"name":"Home","item":"https:\/\/dev2.afinialabel.com\/fr\/"},{"@type":"ListItem","position":2,"name":"\u00c0 propos du label Afinia"}]},{"@type":"WebSite","@id":"https:\/\/dev2.afinialabel.com\/fr\/#website","url":"https:\/\/dev2.afinialabel.com\/fr\/","name":"Afinia Label - Make Your Own Labels","description":"Digital Color Label Printers and Finishers","publisher":{"@id":"https:\/\/dev2.afinialabel.com\/fr\/#organization"},"potentialAction":[{"@type":"SearchAction","target":{"@type":"EntryPoint","urlTemplate":"https:\/\/dev2.afinialabel.com\/fr\/?s={search_term_string}"},"query-input":{"@type":"PropertyValueSpecification","valueRequired":true,"valueName":"search_term_string"}}],"inLanguage":"fr-FR"},{"@type":"Organization","@id":"https:\/\/dev2.afinialabel.com\/fr\/#organization","name":"Afinia Label","url":"https:\/\/dev2.afinialabel.com\/fr\/","logo":{"@type":"ImageObject","inLanguage":"fr-FR","@id":"https:\/\/dev2.afinialabel.com\/fr\/#\/schema\/logo\/image\/","url":"https:\/\/dev2.afinialabel.com\/wp-content\/uploads\/logo-light.svg","contentUrl":"https:\/\/dev2.afinialabel.com\/wp-content\/uploads\/logo-light.svg","width":190,"height":36,"caption":"Afinia Label"},"image":{"@id":"https:\/\/dev2.afinialabel.com\/fr\/#\/schema\/logo\/image\/"},"sameAs":["https:\/\/x.com\/afinialabel","https:\/\/www.youtube.com\/channel\/UC7oqak2m5QABw4LzXLuWCaA"]}]}},"_links":{"self":[{"href":"https:\/\/dev2.afinialabel.com\/fr\/wp-json\/wp\/v2\/pages\/241792","targetHints":{"allow":["GET"]}}],"collection":[{"href":"https:\/\/dev2.afinialabel.com\/fr\/wp-json\/wp\/v2\/pages"}],"about":[{"href":"https:\/\/dev2.afinialabel.com\/fr\/wp-json\/wp\/v2\/types\/page"}],"author":[{"embeddable":true,"href":"https:\/\/dev2.afinialabel.com\/fr\/wp-json\/wp\/v2\/users\/3"}],"replies":[{"embeddable":true,"href":"https:\/\/dev2.afinialabel.com\/fr\/wp-json\/wp\/v2\/comments?post=241792"}],"version-history":[{"count":0,"href":"https:\/\/dev2.afinialabel.com\/fr\/wp-json\/wp\/v2\/pages\/241792\/revisions"}],"wp:attachment":[{"href":"https:\/\/dev2.afinialabel.com\/fr\/wp-json\/wp\/v2\/media?parent=241792"}],"curies":[{"name":"wp","href":"https:\/\/api.w.org\/{rel}","templated":true}]}}