{"id":10273,"date":"2023-04-13T16:47:26","date_gmt":"2023-04-13T16:47:26","guid":{"rendered":"https:\/\/dev2.afinialabel.com\/memjet-inkjet-technology\/"},"modified":"2024-11-22T07:22:51","modified_gmt":"2024-11-22T07:22:51","slug":"technologie-jet-dencre-memjet","status":"publish","type":"page","link":"https:\/\/dev2.afinialabel.com\/fr\/a-propos-afinia\/technologie-jet-dencre-memjet\/","title":{"rendered":"Technologie jet d&rsquo;encre Memjet"},"content":{"rendered":"<h3>Offre une simplicit\u00e9, une rapidit\u00e9 et une rentabilit\u00e9 remarquables en mati\u00e8re d&#039;impression couleur<\/h3>\n<p><img fetchpriority=\"high\" decoding=\"async\" width=\"400\" height=\"133\" class=\"alignright size-full wp-image-1542\" src=\"\/wp-content\/uploads\/Memjet-Logo-PoweredBy-500pxw.png\" alt=\"Imprimantes d'\u00e9tiquettes Afinia - Propuls\u00e9es par Memjet \" srcset=\"https:\/\/dev2.afinialabel.com\/wp-content\/uploads\/Memjet-Logo-PoweredBy-500pxw.png 400w, https:\/\/dev2.afinialabel.com\/wp-content\/uploads\/Memjet-Logo-PoweredBy-500pxw-300x100.png 300w, https:\/\/dev2.afinialabel.com\/wp-content\/uploads\/Memjet-Logo-PoweredBy-500pxw-275x91.png 275w, https:\/\/dev2.afinialabel.com\/wp-content\/uploads\/Memjet-Logo-PoweredBy-500pxw-65x22.png 65w\" sizes=\"(max-width: 400px) 100vw, 400px\" \/> Memjet ne fabrique pas d&#039;imprimantes. Au lieu de cela, ils am\u00e9liorent les imprimantes en fournissant des technologies et des composants innovants \u00e0 des partenaires comme Afinia Label. Ces technologies d&#039;impression incluent des t\u00eates d&#039;impression ultra-rapides prises en charge par les puces, les logiciels et l&#039;encre du contr\u00f4leur Memjet. <\/p>\n<h3>R\u00e9volutionner l&#039;impression d&#039;\u00e9tiquettes<\/h3>\n<p> Memjet change la fa\u00e7on dont les entreprises impriment. Dans certains cas, la technologie cr\u00e9e m\u00eame des opportunit\u00e9s commerciales enti\u00e8rement nouvelles. En permettant l&#039;impression couleur \u00e0 la vitesse de production, les entreprises sont en mesure de r\u00e9duire ou d&#039;\u00e9liminer les co\u00fbts de stockage et d&#039;exp\u00e9dition. Les \u00e9tiquettes en couleur peuvent d\u00e9sormais \u00eatre imprim\u00e9es \u00e0 la demande avec des donn\u00e9es variables\u00a0; et les petits tirages peuvent d\u00e9sormais \u00eatre imprim\u00e9s \u00e0 moindre co\u00fbt, pour un faible co\u00fbt total de possession. <\/p>\n<h3>Technologie de cascade<\/h3>\n<p> Les imprimantes d&#039;\u00e9tiquettes Afinia sont dot\u00e9es de la technologie \u00ab Waterfall \u00bb. Nos <a href=\"\/product-tag\/memjet\/\">imprimantes d&#039;\u00e9tiquettes couleur aliment\u00e9es par Memjet<\/a> disposent de 70\u00a0400 jets par t\u00eate d&#039;impression qui lib\u00e8rent un nombre incroyable de 700 millions de gouttes d&#039;encre par seconde. <\/p>\n<p style=\"text-align: center\"><img decoding=\"async\" width=\"1200\" height=\"105\" class=\"aligncenter size-full wp-image-1544\" src=\"\/wp-content\/uploads\/Memjet-Printhead-Wide.png\" alt=\"Technologie de t\u00eate d'impression \u00e0 jet d'encre Memjet Waterfall d'Afinia Label\" srcset=\"https:\/\/dev2.afinialabel.com\/wp-content\/uploads\/Memjet-Printhead-Wide.png 1200w, https:\/\/dev2.afinialabel.com\/wp-content\/uploads\/Memjet-Printhead-Wide-300x26.png 300w, https:\/\/dev2.afinialabel.com\/wp-content\/uploads\/Memjet-Printhead-Wide-1000x88.png 1000w, https:\/\/dev2.afinialabel.com\/wp-content\/uploads\/Memjet-Printhead-Wide-768x67.png 768w, https:\/\/dev2.afinialabel.com\/wp-content\/uploads\/Memjet-Printhead-Wide-640x56.png 640w, https:\/\/dev2.afinialabel.com\/wp-content\/uploads\/Memjet-Printhead-Wide-275x24.png 275w, https:\/\/dev2.afinialabel.com\/wp-content\/uploads\/Memjet-Printhead-Wide-65x6.png 65w\" sizes=\"(max-width: 1200px) 100vw, 1200px\" \/><\/p>\n<p> C&#039;est plus \u00e9conome en \u00e9nergie. C&#039;est plus m\u00e9caniquement solide. Et c&#039;est jusqu&#039;\u00e0 huit fois plus rapide. Encore plus rapide que la plupart des imprimantes noir et blanc. Cette technologie repr\u00e9sente un changement radical dans la conception des t\u00eates d\u2019impression. Sa dur\u00e9e de vie utile peut atteindre des millions de pouces d&#039;\u00e9tiquettes imprim\u00e9es. De plus, comme la t\u00eate d&#039;impression est stationnaire et que le papier se d\u00e9place en dessous, il y a moins de pi\u00e8ces mobiles, pour plus de vitesse et de fiabilit\u00e9. <\/p>\n<h3>\u00c9tiquette Memjet &amp; Afinia<\/h3>\n<p> Afinia Label est devenu un leader en mati\u00e8re de syst\u00e8mes d&#039;impression d&#039;\u00e9tiquettes num\u00e9riques en 2012 lorsqu&#039;ils ont collabor\u00e9 avec Memjet pour co-d\u00e9velopper une solution d&#039;impression d&#039;\u00e9tiquettes en laize \u00e9troite commercialement viable. Afinia Label est d\u00e9sormais l&#039;un des plus grands distributeurs d&#039;imprimantes d&#039;\u00e9tiquettes Memjet au monde. Non seulement la technologie Memjet rend nos imprimantes d&#039;\u00e9tiquettes couleur num\u00e9riques L701, L801 et L901 parmi les plus rapides de leur cat\u00e9gorie, mais elle cr\u00e9e \u00e9galement des \u00e9tiquettes qui co\u00fbtent jusqu&#039;\u00e0 85 % de moins que les autres imprimantes d&#039;\u00e9tiquettes \u00e0 jet d&#039;encre.<\/p>\n","protected":false},"excerpt":{"rendered":"Offre une simplicit\u00e9, une rapidit\u00e9 et une rentabilit\u00e9 remarquables en mati\u00e8re d&#039;impression couleur Memjet ne fabrique pas d&#039;imprimantes. Au lieu de cela, ils am\u00e9liorent les imprimantes en fournissant des technologies et des composants innovants \u00e0 des partenaires comme Afinia Label. Ces technologies d&#039;impression incluent des t\u00eates d&#039;impression ultra-rapides prises en charge par les puces, les&#8230; <a class=\"view-article\" href=\"https:\/\/dev2.afinialabel.com\/fr\/a-propos-afinia\/technologie-jet-dencre-memjet\/\">Voir l&rsquo;article<\/a>","protected":false},"author":3,"featured_media":0,"parent":241792,"menu_order":238,"comment_status":"closed","ping_status":"closed","template":"","meta":{"_acf_changed":false,"footnotes":""},"class_list":["post-10273","page","type-page","status-publish","hentry"],"acf":[],"yoast_head":"<!-- This site is optimized with the Yoast SEO Premium plugin v27.5 (Yoast SEO v27.5) - https:\/\/yoast.com\/product\/yoast-seo-premium-wordpress\/ -->\n<title>Technologie jet d&#039;encre Memjet &#187; Afinia Label - Make Your Own Labels<\/title>\n<meta name=\"description\" content=\"Digital Color Label Printers and Finishers - Technologie jet d&#039;encre Memjet\" \/>\n<meta name=\"robots\" content=\"index, follow, max-snippet:-1, max-image-preview:large, max-video-preview:-1\" \/>\n<link rel=\"canonical\" href=\"https:\/\/dev2.afinialabel.com\/fr\/a-propos-afinia\/technologie-jet-dencre-memjet\/\" \/>\n<meta property=\"og:locale\" content=\"fr_FR\" \/>\n<meta property=\"og:type\" content=\"article\" \/>\n<meta property=\"og:title\" content=\"Technologie jet d&#039;encre Memjet\" \/>\n<meta property=\"og:description\" content=\"Offre une simplicit\u00e9, une rapidit\u00e9 et une rentabilit\u00e9 remarquables en mati\u00e8re d&#039;impression couleur Memjet ne fabrique pas d&#039;imprimantes. Au lieu\" \/>\n<meta property=\"og:url\" content=\"https:\/\/dev2.afinialabel.com\/fr\/a-propos-afinia\/technologie-jet-dencre-memjet\/\" \/>\n<meta property=\"og:site_name\" content=\"Afinia Label - Make Your Own Labels\" \/>\n<meta property=\"article:modified_time\" content=\"2024-11-22T07:22:51+00:00\" \/>\n<meta name=\"twitter:card\" content=\"summary_large_image\" \/>\n<meta name=\"twitter:site\" content=\"@afinialabel\" \/>\n<meta name=\"twitter:label1\" content=\"Dur\u00e9e de lecture estim\u00e9e\" \/>\n\t<meta name=\"twitter:data1\" content=\"2 minutes\" \/>\n<!-- \/ Yoast SEO Premium plugin. -->","yoast_head_json":{"title":"Technologie jet d'encre Memjet &#187; Afinia Label - Make Your Own Labels","description":"Digital Color Label Printers and Finishers - Technologie jet d'encre Memjet","robots":{"index":"index","follow":"follow","max-snippet":"max-snippet:-1","max-image-preview":"max-image-preview:large","max-video-preview":"max-video-preview:-1"},"canonical":"https:\/\/dev2.afinialabel.com\/fr\/a-propos-afinia\/technologie-jet-dencre-memjet\/","og_locale":"fr_FR","og_type":"article","og_title":"Technologie jet d'encre Memjet","og_description":"Offre une simplicit\u00e9, une rapidit\u00e9 et une rentabilit\u00e9 remarquables en mati\u00e8re d&#039;impression couleur Memjet ne fabrique pas d&#039;imprimantes. Au lieu","og_url":"https:\/\/dev2.afinialabel.com\/fr\/a-propos-afinia\/technologie-jet-dencre-memjet\/","og_site_name":"Afinia Label - Make Your Own Labels","article_modified_time":"2024-11-22T07:22:51+00:00","twitter_card":"summary_large_image","twitter_site":"@afinialabel","twitter_misc":{"Dur\u00e9e de lecture estim\u00e9e":"2 minutes"},"schema":{"@context":"https:\/\/schema.org","@graph":[{"@type":"WebPage","@id":"https:\/\/dev2.afinialabel.com\/fr\/a-propos-afinia\/technologie-jet-dencre-memjet\/","url":"https:\/\/dev2.afinialabel.com\/fr\/a-propos-afinia\/technologie-jet-dencre-memjet\/","name":"Technologie jet d'encre Memjet &#187; Afinia Label - Make Your Own Labels","isPartOf":{"@id":"https:\/\/dev2.afinialabel.com\/fr\/#website"},"datePublished":"2023-04-13T16:47:26+00:00","dateModified":"2024-11-22T07:22:51+00:00","description":"Digital Color Label Printers and Finishers - Technologie jet d'encre Memjet","breadcrumb":{"@id":"https:\/\/dev2.afinialabel.com\/fr\/a-propos-afinia\/technologie-jet-dencre-memjet\/#breadcrumb"},"inLanguage":"fr-FR","potentialAction":[{"@type":"ReadAction","target":["https:\/\/dev2.afinialabel.com\/fr\/a-propos-afinia\/technologie-jet-dencre-memjet\/"]}]},{"@type":"BreadcrumbList","@id":"https:\/\/dev2.afinialabel.com\/fr\/a-propos-afinia\/technologie-jet-dencre-memjet\/#breadcrumb","itemListElement":[{"@type":"ListItem","position":1,"name":"Home","item":"https:\/\/dev2.afinialabel.com\/fr\/"},{"@type":"ListItem","position":2,"name":"\u00c0 propos du label Afinia","item":"https:\/\/dev2.afinialabel.com\/fr\/about-afinia\/"},{"@type":"ListItem","position":3,"name":"Technologie jet d&#8217;encre Memjet"}]},{"@type":"WebSite","@id":"https:\/\/dev2.afinialabel.com\/fr\/#website","url":"https:\/\/dev2.afinialabel.com\/fr\/","name":"Afinia Label - Make Your Own Labels","description":"Digital Color Label Printers and Finishers","publisher":{"@id":"https:\/\/dev2.afinialabel.com\/fr\/#organization"},"potentialAction":[{"@type":"SearchAction","target":{"@type":"EntryPoint","urlTemplate":"https:\/\/dev2.afinialabel.com\/fr\/?s={search_term_string}"},"query-input":{"@type":"PropertyValueSpecification","valueRequired":true,"valueName":"search_term_string"}}],"inLanguage":"fr-FR"},{"@type":"Organization","@id":"https:\/\/dev2.afinialabel.com\/fr\/#organization","name":"Afinia Label","url":"https:\/\/dev2.afinialabel.com\/fr\/","logo":{"@type":"ImageObject","inLanguage":"fr-FR","@id":"https:\/\/dev2.afinialabel.com\/fr\/#\/schema\/logo\/image\/","url":"https:\/\/dev2.afinialabel.com\/wp-content\/uploads\/logo-light.svg","contentUrl":"https:\/\/dev2.afinialabel.com\/wp-content\/uploads\/logo-light.svg","width":190,"height":36,"caption":"Afinia Label"},"image":{"@id":"https:\/\/dev2.afinialabel.com\/fr\/#\/schema\/logo\/image\/"},"sameAs":["https:\/\/x.com\/afinialabel","https:\/\/www.youtube.com\/channel\/UC7oqak2m5QABw4LzXLuWCaA"]}]}},"_links":{"self":[{"href":"https:\/\/dev2.afinialabel.com\/fr\/wp-json\/wp\/v2\/pages\/10273","targetHints":{"allow":["GET"]}}],"collection":[{"href":"https:\/\/dev2.afinialabel.com\/fr\/wp-json\/wp\/v2\/pages"}],"about":[{"href":"https:\/\/dev2.afinialabel.com\/fr\/wp-json\/wp\/v2\/types\/page"}],"author":[{"embeddable":true,"href":"https:\/\/dev2.afinialabel.com\/fr\/wp-json\/wp\/v2\/users\/3"}],"replies":[{"embeddable":true,"href":"https:\/\/dev2.afinialabel.com\/fr\/wp-json\/wp\/v2\/comments?post=10273"}],"version-history":[{"count":0,"href":"https:\/\/dev2.afinialabel.com\/fr\/wp-json\/wp\/v2\/pages\/10273\/revisions"}],"up":[{"embeddable":true,"href":"https:\/\/dev2.afinialabel.com\/fr\/wp-json\/wp\/v2\/pages\/241792"}],"wp:attachment":[{"href":"https:\/\/dev2.afinialabel.com\/fr\/wp-json\/wp\/v2\/media?parent=10273"}],"curies":[{"name":"wp","href":"https:\/\/api.w.org\/{rel}","templated":true}]}}