{"id":884520,"date":"2024-03-14T16:59:28","date_gmt":"2024-03-14T16:59:28","guid":{"rendered":"https:\/\/dev2.afinialabel.com\/samples-key-x350\/"},"modified":"2026-02-18T04:27:44","modified_gmt":"2026-02-18T04:27:44","slug":"muestras-llave-x350","status":"publish","type":"page","link":"https:\/\/dev2.afinialabel.com\/es\/muestras-llave-x350\/","title":{"rendered":"Llave de muestras X350"},"content":{"rendered":"\t\t<div data-elementor-type=\"wp-page\" data-elementor-id=\"884520\" class=\"elementor elementor-884520 elementor-393798\" data-elementor-post-type=\"page\">\n\t\t\t\t\t\t<section data-particle_enable=\"false\" data-particle-mobile-disabled=\"false\" class=\"elementor-section elementor-top-section elementor-element elementor-element-45cac35 elementor-section-boxed elementor-section-height-default elementor-section-height-default\" data-id=\"45cac35\" data-element_type=\"section\" data-e-type=\"section\">\n\t\t\t\t\t\t<div class=\"elementor-container elementor-column-gap-default\">\n\t\t\t\t\t<div class=\"elementor-column elementor-col-100 elementor-top-column elementor-element elementor-element-4eaaf36\" data-id=\"4eaaf36\" data-element_type=\"column\" data-e-type=\"column\">\n\t\t\t<div class=\"elementor-widget-wrap elementor-element-populated\">\n\t\t\t\t\t\t<div class=\"elementor-element elementor-element-3eb3efd6 elementor-widget elementor-widget-heading\" data-id=\"3eb3efd6\" data-element_type=\"widget\" data-e-type=\"widget\" data-widget_type=\"heading.default\">\n\t\t\t\t<div class=\"elementor-widget-container\">\n\t\t\t\t\t<h1 class=\"elementor-heading-title elementor-size-default\">Afinia Label Samples Key<span> - Coste por impresi\u00f3n<\/span><\/h1>\t\t\t\t<\/div>\n\t\t\t\t<\/div>\n\t\t\t\t<div class=\"elementor-element elementor-element-4462c6b6 elementor-widget elementor-widget-text-editor\" data-id=\"4462c6b6\" data-element_type=\"widget\" data-e-type=\"widget\" data-widget_type=\"text-editor.default\">\n\t\t\t\t<div class=\"elementor-widget-container\">\n\t\t\t\t\t\t\t\t\t<p><span style=\"font-family: var(--normal-font); font-size: var(--standard-font); font-weight: 300;\"><strong>Bienvenido a la p\u00e1gina de la clave de muestras para la <a href=\"https:\/\/dev2.afinialabel.com\/es\/impresoras-de-etiqueta-digitales\/x350-prensa-digital-rollo-a-rollo\/\">X350 Digital Roll to Roll Press<\/a>.<\/strong> El prop\u00f3sito de esta tabla es comparar los costes de tinta por impresi\u00f3n de las etiquetas impresas en la X350. <\/span><\/p>\n<div><span style=\"font-family: var(--normal-font); font-size: var(--standard-font); font-weight: 300;\">Para comparar los costes de nuestras <a href=\"\/digital-label-printers\/\">impresoras de etiquetas de sobremesa<\/a>, <a href=\"https:\/\/dev2.afinialabel.com\/es\/muestras-clave\/\" target=\"_blank\" rel=\"noopener\">haga clic aqu\u00ed<\/a>. <\/span><\/div>\n<h2>Le conviene la X350?<\/h2>\n<p>Podemos ayudarle a responder. <a href=\"https:\/\/dev2.afinialabel.com\/es\/muestra\/\">Vea su propio dise\u00f1o<\/a> y obtenga un an\u00e1lisis de costes o, si est\u00e1 preparado, <a href=\"https:\/\/dev2.afinialabel.com\/es\/pongase-en-contacto-con\/\">programe una demostraci\u00f3n<\/a> para ver una m\u00e1quina en acci\u00f3n. <\/p>\n<p>Como siempre, no dude en <a href=\"https:\/\/dev2.afinialabel.com\/es\/pongase-en-contacto-con\/\">ponerse en contacto con nosotros<\/a> si tiene alguna pregunta. Estaremos encantados de ayudarle.<\/p>\n\t\t\t\t\t\t\t\t<\/div>\n\t\t\t\t<\/div>\n\t\t\t\t<div class=\"elementor-element elementor-element-453fbde samples-key-table x350-table elementor-widget elementor-widget-eael-advanced-data-table\" data-id=\"453fbde\" data-element_type=\"widget\" data-e-type=\"widget\" id=\"test-table\" data-widget_type=\"eael-advanced-data-table.default\">\n\t\t\t\t<div class=\"elementor-widget-container\">\n\t\t\t\t\t<div class=\"ea-advanced-data-table-wrap\" data-id=\"453fbde\"><div class=\"ea-advanced-data-table-wrap-inner\">\n                <table class=\"ea-advanced-data-table ea-advanced-data-table-static ea-advanced-data-table-453fbde\" data-id=\"453fbde\"><thead><tr><th><p><br><\/p><\/th><th><p><br><\/p><\/th><th>Tama\u00f1o (pulg.)<\/th><th>Tama\u00f1o (mm)<\/th><th><p><img src='\/wp-content\/uploads\/x350-Logo.png'><\/p><\/th><\/tr><\/thead><tbody><tr><td><p><a href='\/wp-content\/uploads\/x350sample-tilapia.png'><img src='\/wp-content\/uploads\/x350sample-tilapia.png'><\/a><\/p><\/td><td><p>Talapia<\/p><\/td><td>4 x 6<\/td><td>102 x 152<\/td><td>$0,039 <\/td><\/tr><tr><td><p><a href='\/wp-content\/uploads\/x350sample-fundraiserpopcorn.png'><img src='\/wp-content\/uploads\/x350sample-fundraiserpopcorn.png'><\/a><\/p><\/td><td><p>Palomitas de ma\u00edz para recaudaci\u00f3n de fondos<\/p><\/td><td>5 x 6<\/td><td>127 x 152<\/td><td>$0,018 <\/td><\/tr><tr><td><p><a href='\/wp-content\/uploads\/x350sample-algaeclear.png'><img src='\/wp-content\/uploads\/x350sample-algaeclear.png'><\/a><\/p><\/td><td><p>Algaeclear<\/p><\/td><td>4 x 6,5<\/td><td>102 x 165<\/td><td>$0,018 <\/td><\/tr><tr><td><p><a href='\/wp-content\/uploads\/x350sample-Spices.png'><img src='\/wp-content\/uploads\/x350sample-Spices.png'><\/a><\/p><\/td><td><p>Especias<\/p><\/td><td>4 x 6<\/td><td>102 x 152<\/td><td>$0,018 <\/td><\/tr><tr><td><p><a href='\/wp-content\/uploads\/x350sample-PigLeagueBBQ.png'><img src='\/wp-content\/uploads\/x350sample-PigLeagueBBQ.png'><\/a><\/p><\/td><td><p>Liga de cerdos BBQ<\/p><\/td><td>3,5 x 6,5<\/td><td>89 x 165<\/td><td>$0,037 <\/td><\/tr><tr><td><p><a href='\/wp-content\/uploads\/x350sample-icybars.png'><img src='\/wp-content\/uploads\/x350sample-icybars.png'><\/a><\/p><\/td><td><p>Barritas heladas<\/p><\/td><td>4 x 6<\/td><td>102 x 152<\/td><td>$0,032 <\/td><\/tr><tr><td><p><a href='\/wp-content\/uploads\/x350sample-carpet.png'><img src='\/wp-content\/uploads\/x350sample-carpet.png'><\/a><\/p><\/td><td><p>Alfombra<\/p><\/td><td>3,7 x 5,5<\/td><td>94 x 140<\/td><td>$0,017 <\/td><\/tr><\/tbody><\/table>\n            <\/div><\/div>\t\t\t\t<\/div>\n\t\t\t\t<\/div>\n\t\t\t\t<div class=\"elementor-element elementor-element-26e8773b elementor-widget elementor-widget-text-editor\" data-id=\"26e8773b\" data-element_type=\"widget\" data-e-type=\"widget\" data-widget_type=\"text-editor.default\">\n\t\t\t\t<div class=\"elementor-widget-container\">\n\t\t\t\t\t\t\t\t\t<p>NOTA &#8211; Los c\u00e1lculos por impresi\u00f3n son exactos a fecha de abril de 2024. Las cifras reflejan los precios de cat\u00e1logo en USD (Am\u00e9rica) de la tinta X350. Los precios est\u00e1n sujetos a cambios y es posible que no se reflejen inmediatamente en estos datos. Para obtener c\u00e1lculos actualizados utilizando sus dise\u00f1os de etiquetas, <a href=\"https:\/\/dev2.afinialabel.com\/es\/muestra\/\">solicite una muestra<\/a> o <a href=\"https:\/\/dev2.afinialabel.com\/es\/pongase-en-contacto-con\/\">p\u00f3ngase en contacto con nosotros<\/a>.<\/p>\n\t\t\t\t\t\t\t\t<\/div>\n\t\t\t\t<\/div>\n\t\t\t\t\t<\/div>\n\t\t<\/div>\n\t\t\t\t\t<\/div>\n\t\t<\/section>\n\t\t\t\t<\/div>\n\t\t","protected":false},"excerpt":{"rendered":"Afinia Label Samples Key &#8211; Coste por impresi\u00f3n Bienvenido a la p\u00e1gina de la clave de muestras para la X350 Digital Roll to Roll Press. El prop\u00f3sito de esta tabla es comparar los costes de tinta por impresi\u00f3n de las etiquetas impresas en la X350. Para comparar los costes de nuestras impresoras de etiquetas de&#8230; <a class=\"view-article\" href=\"https:\/\/dev2.afinialabel.com\/es\/muestras-llave-x350\/\">Ver art\u00edculo<\/a>","protected":false},"author":3,"featured_media":0,"parent":0,"menu_order":65,"comment_status":"closed","ping_status":"closed","template":"elementor_header_footer","meta":{"_acf_changed":false,"footnotes":""},"class_list":["post-884520","page","type-page","status-publish","hentry"],"acf":[],"yoast_head":"<!-- This site is optimized with the Yoast SEO Premium plugin v27.5 (Yoast SEO v27.5) - https:\/\/yoast.com\/product\/yoast-seo-premium-wordpress\/ -->\n<title>Llave de muestras X350 &#187; Afinia Label - Make Your Own Labels<\/title>\n<meta name=\"description\" content=\"Digital Color Label Printers and Finishers - Llave de muestras X350\" \/>\n<meta name=\"robots\" content=\"index, follow, max-snippet:-1, max-image-preview:large, max-video-preview:-1\" \/>\n<link rel=\"canonical\" href=\"https:\/\/dev2.afinialabel.com\/es\/muestras-llave-x350\/\" \/>\n<meta property=\"og:locale\" content=\"es_ES\" \/>\n<meta property=\"og:type\" content=\"article\" \/>\n<meta property=\"og:title\" content=\"Llave de muestras X350\" \/>\n<meta property=\"og:description\" content=\"Afinia Label Samples Key - Coste por impresi\u00f3n Bienvenido a la p\u00e1gina de la clave de muestras para la X350 Digital Roll to Roll Press. El prop\u00f3sito de\" \/>\n<meta property=\"og:url\" content=\"https:\/\/dev2.afinialabel.com\/es\/muestras-llave-x350\/\" \/>\n<meta property=\"og:site_name\" content=\"Afinia Label - Make Your Own Labels\" \/>\n<meta property=\"article:modified_time\" content=\"2026-02-18T04:27:44+00:00\" \/>\n<meta name=\"twitter:card\" content=\"summary_large_image\" \/>\n<meta name=\"twitter:site\" content=\"@afinialabel\" \/>\n<meta name=\"twitter:label1\" content=\"Tiempo de lectura\" \/>\n\t<meta name=\"twitter:data1\" content=\"1 minuto\" \/>\n<!-- \/ Yoast SEO Premium plugin. -->","yoast_head_json":{"title":"Llave de muestras X350 &#187; Afinia Label - Make Your Own Labels","description":"Digital Color Label Printers and Finishers - Llave de muestras X350","robots":{"index":"index","follow":"follow","max-snippet":"max-snippet:-1","max-image-preview":"max-image-preview:large","max-video-preview":"max-video-preview:-1"},"canonical":"https:\/\/dev2.afinialabel.com\/es\/muestras-llave-x350\/","og_locale":"es_ES","og_type":"article","og_title":"Llave de muestras X350","og_description":"Afinia Label Samples Key - Coste por impresi\u00f3n Bienvenido a la p\u00e1gina de la clave de muestras para la X350 Digital Roll to Roll Press. El prop\u00f3sito de","og_url":"https:\/\/dev2.afinialabel.com\/es\/muestras-llave-x350\/","og_site_name":"Afinia Label - Make Your Own Labels","article_modified_time":"2026-02-18T04:27:44+00:00","twitter_card":"summary_large_image","twitter_site":"@afinialabel","twitter_misc":{"Tiempo de lectura":"1 minuto"},"schema":{"@context":"https:\/\/schema.org","@graph":[{"@type":"WebPage","@id":"https:\/\/dev2.afinialabel.com\/es\/muestras-llave-x350\/","url":"https:\/\/dev2.afinialabel.com\/es\/muestras-llave-x350\/","name":"Llave de muestras X350 &#187; Afinia Label - Make Your Own Labels","isPartOf":{"@id":"https:\/\/dev2.afinialabel.com\/es\/#website"},"datePublished":"2024-03-14T16:59:28+00:00","dateModified":"2026-02-18T04:27:44+00:00","description":"Digital Color Label Printers and Finishers - Llave de muestras X350","breadcrumb":{"@id":"https:\/\/dev2.afinialabel.com\/es\/muestras-llave-x350\/#breadcrumb"},"inLanguage":"es","potentialAction":[{"@type":"ReadAction","target":["https:\/\/dev2.afinialabel.com\/es\/muestras-llave-x350\/"]}]},{"@type":"BreadcrumbList","@id":"https:\/\/dev2.afinialabel.com\/es\/muestras-llave-x350\/#breadcrumb","itemListElement":[{"@type":"ListItem","position":1,"name":"Home","item":"https:\/\/dev2.afinialabel.com\/es\/"},{"@type":"ListItem","position":2,"name":"Llave de muestras X350"}]},{"@type":"WebSite","@id":"https:\/\/dev2.afinialabel.com\/es\/#website","url":"https:\/\/dev2.afinialabel.com\/es\/","name":"Afinia Label - Make Your Own Labels","description":"Digital Color Label Printers and Finishers","publisher":{"@id":"https:\/\/dev2.afinialabel.com\/es\/#organization"},"potentialAction":[{"@type":"SearchAction","target":{"@type":"EntryPoint","urlTemplate":"https:\/\/dev2.afinialabel.com\/es\/?s={search_term_string}"},"query-input":{"@type":"PropertyValueSpecification","valueRequired":true,"valueName":"search_term_string"}}],"inLanguage":"es"},{"@type":"Organization","@id":"https:\/\/dev2.afinialabel.com\/es\/#organization","name":"Afinia Label","url":"https:\/\/dev2.afinialabel.com\/es\/","logo":{"@type":"ImageObject","inLanguage":"es","@id":"https:\/\/dev2.afinialabel.com\/es\/#\/schema\/logo\/image\/","url":"https:\/\/dev2.afinialabel.com\/wp-content\/uploads\/logo-light.svg","contentUrl":"https:\/\/dev2.afinialabel.com\/wp-content\/uploads\/logo-light.svg","width":190,"height":36,"caption":"Afinia Label"},"image":{"@id":"https:\/\/dev2.afinialabel.com\/es\/#\/schema\/logo\/image\/"},"sameAs":["https:\/\/x.com\/afinialabel","https:\/\/www.youtube.com\/channel\/UC7oqak2m5QABw4LzXLuWCaA"]}]}},"_links":{"self":[{"href":"https:\/\/dev2.afinialabel.com\/es\/wp-json\/wp\/v2\/pages\/884520","targetHints":{"allow":["GET"]}}],"collection":[{"href":"https:\/\/dev2.afinialabel.com\/es\/wp-json\/wp\/v2\/pages"}],"about":[{"href":"https:\/\/dev2.afinialabel.com\/es\/wp-json\/wp\/v2\/types\/page"}],"author":[{"embeddable":true,"href":"https:\/\/dev2.afinialabel.com\/es\/wp-json\/wp\/v2\/users\/3"}],"replies":[{"embeddable":true,"href":"https:\/\/dev2.afinialabel.com\/es\/wp-json\/wp\/v2\/comments?post=884520"}],"version-history":[{"count":0,"href":"https:\/\/dev2.afinialabel.com\/es\/wp-json\/wp\/v2\/pages\/884520\/revisions"}],"wp:attachment":[{"href":"https:\/\/dev2.afinialabel.com\/es\/wp-json\/wp\/v2\/media?parent=884520"}],"curies":[{"name":"wp","href":"https:\/\/api.w.org\/{rel}","templated":true}]}}