{"id":6176,"date":"2023-03-28T19:40:37","date_gmt":"2023-03-28T19:40:37","guid":{"rendered":"https:\/\/dev2.afinialabel.com\/printer-comparison\/"},"modified":"2024-02-15T17:48:55","modified_gmt":"2024-02-15T17:48:55","slug":"comparacion-de-impresoras","status":"publish","type":"page","link":"https:\/\/dev2.afinialabel.com\/es\/comparacion-de-impresoras\/","title":{"rendered":"Cuadro comparativo de impresoras"},"content":{"rendered":"<p>Compare los aspectos clave de todas las impresoras digitales de etiquetas de Afinia Label en un solo lugar. Para obtener informaci\u00f3n detallada, visite la p\u00e1gina de cada impresora. <a href=\"\/contact\/\">P\u00f3ngase en contacto con nosotros<\/a> si tiene preguntas, o para pedidos y disponibilidad.<\/p>\n","protected":false},"excerpt":{"rendered":"Compare los aspectos clave de todas las impresoras digitales de etiquetas de Afinia Label en un solo lugar. Para obtener informaci\u00f3n detallada, visite la p\u00e1gina de cada impresora. P\u00f3ngase en contacto con nosotros si tiene preguntas, o para pedidos y disponibilidad.","protected":false},"author":3,"featured_media":0,"parent":0,"menu_order":115,"comment_status":"closed","ping_status":"closed","template":"pageCompare.php","meta":{"_acf_changed":false,"footnotes":""},"class_list":["post-6176","page","type-page","status-publish","hentry"],"acf":[],"yoast_head":"<!-- This site is optimized with the Yoast SEO Premium plugin v27.5 (Yoast SEO v27.5) - https:\/\/yoast.com\/product\/yoast-seo-premium-wordpress\/ -->\n<title>Cuadro comparativo de impresoras &#187; Afinia Label - Make Your Own Labels<\/title>\n<meta name=\"description\" content=\"Digital Color Label Printers and Finishers - Cuadro comparativo de impresoras\" \/>\n<meta name=\"robots\" content=\"index, follow, max-snippet:-1, max-image-preview:large, max-video-preview:-1\" \/>\n<link rel=\"canonical\" href=\"https:\/\/dev2.afinialabel.com\/es\/comparacion-de-impresoras\/\" \/>\n<meta property=\"og:locale\" content=\"es_ES\" \/>\n<meta property=\"og:type\" content=\"article\" \/>\n<meta property=\"og:title\" content=\"Cuadro comparativo de impresoras\" \/>\n<meta property=\"og:description\" content=\"Compare los aspectos clave de todas las impresoras digitales de etiquetas de Afinia Label en un solo lugar. Para obtener informaci\u00f3n detallada, visite la\" \/>\n<meta property=\"og:url\" content=\"https:\/\/dev2.afinialabel.com\/es\/comparacion-de-impresoras\/\" \/>\n<meta property=\"og:site_name\" content=\"Afinia Label - Make Your Own Labels\" \/>\n<meta property=\"article:modified_time\" content=\"2024-02-15T17:48:55+00:00\" \/>\n<meta name=\"twitter:card\" content=\"summary_large_image\" \/>\n<meta name=\"twitter:site\" content=\"@afinialabel\" \/>\n<!-- \/ Yoast SEO Premium plugin. -->","yoast_head_json":{"title":"Cuadro comparativo de impresoras &#187; Afinia Label - Make Your Own Labels","description":"Digital Color Label Printers and Finishers - Cuadro comparativo de impresoras","robots":{"index":"index","follow":"follow","max-snippet":"max-snippet:-1","max-image-preview":"max-image-preview:large","max-video-preview":"max-video-preview:-1"},"canonical":"https:\/\/dev2.afinialabel.com\/es\/comparacion-de-impresoras\/","og_locale":"es_ES","og_type":"article","og_title":"Cuadro comparativo de impresoras","og_description":"Compare los aspectos clave de todas las impresoras digitales de etiquetas de Afinia Label en un solo lugar. Para obtener informaci\u00f3n detallada, visite la","og_url":"https:\/\/dev2.afinialabel.com\/es\/comparacion-de-impresoras\/","og_site_name":"Afinia Label - Make Your Own Labels","article_modified_time":"2024-02-15T17:48:55+00:00","twitter_card":"summary_large_image","twitter_site":"@afinialabel","schema":{"@context":"https:\/\/schema.org","@graph":[{"@type":"WebPage","@id":"https:\/\/dev2.afinialabel.com\/es\/comparacion-de-impresoras\/","url":"https:\/\/dev2.afinialabel.com\/es\/comparacion-de-impresoras\/","name":"Cuadro comparativo de impresoras &#187; Afinia Label - Make Your Own Labels","isPartOf":{"@id":"https:\/\/dev2.afinialabel.com\/es\/#website"},"datePublished":"2023-03-28T19:40:37+00:00","dateModified":"2024-02-15T17:48:55+00:00","description":"Digital Color Label Printers and Finishers - Cuadro comparativo de impresoras","breadcrumb":{"@id":"https:\/\/dev2.afinialabel.com\/es\/comparacion-de-impresoras\/#breadcrumb"},"inLanguage":"es","potentialAction":[{"@type":"ReadAction","target":["https:\/\/dev2.afinialabel.com\/es\/comparacion-de-impresoras\/"]}]},{"@type":"BreadcrumbList","@id":"https:\/\/dev2.afinialabel.com\/es\/comparacion-de-impresoras\/#breadcrumb","itemListElement":[{"@type":"ListItem","position":1,"name":"Home","item":"https:\/\/dev2.afinialabel.com\/es\/"},{"@type":"ListItem","position":2,"name":"Cuadro comparativo de impresoras"}]},{"@type":"WebSite","@id":"https:\/\/dev2.afinialabel.com\/es\/#website","url":"https:\/\/dev2.afinialabel.com\/es\/","name":"Afinia Label - Make Your Own Labels","description":"Digital Color Label Printers and Finishers","publisher":{"@id":"https:\/\/dev2.afinialabel.com\/es\/#organization"},"potentialAction":[{"@type":"SearchAction","target":{"@type":"EntryPoint","urlTemplate":"https:\/\/dev2.afinialabel.com\/es\/?s={search_term_string}"},"query-input":{"@type":"PropertyValueSpecification","valueRequired":true,"valueName":"search_term_string"}}],"inLanguage":"es"},{"@type":"Organization","@id":"https:\/\/dev2.afinialabel.com\/es\/#organization","name":"Afinia Label","url":"https:\/\/dev2.afinialabel.com\/es\/","logo":{"@type":"ImageObject","inLanguage":"es","@id":"https:\/\/dev2.afinialabel.com\/es\/#\/schema\/logo\/image\/","url":"https:\/\/dev2.afinialabel.com\/wp-content\/uploads\/logo-light.svg","contentUrl":"https:\/\/dev2.afinialabel.com\/wp-content\/uploads\/logo-light.svg","width":190,"height":36,"caption":"Afinia Label"},"image":{"@id":"https:\/\/dev2.afinialabel.com\/es\/#\/schema\/logo\/image\/"},"sameAs":["https:\/\/x.com\/afinialabel","https:\/\/www.youtube.com\/channel\/UC7oqak2m5QABw4LzXLuWCaA"]}]}},"_links":{"self":[{"href":"https:\/\/dev2.afinialabel.com\/es\/wp-json\/wp\/v2\/pages\/6176","targetHints":{"allow":["GET"]}}],"collection":[{"href":"https:\/\/dev2.afinialabel.com\/es\/wp-json\/wp\/v2\/pages"}],"about":[{"href":"https:\/\/dev2.afinialabel.com\/es\/wp-json\/wp\/v2\/types\/page"}],"author":[{"embeddable":true,"href":"https:\/\/dev2.afinialabel.com\/es\/wp-json\/wp\/v2\/users\/3"}],"replies":[{"embeddable":true,"href":"https:\/\/dev2.afinialabel.com\/es\/wp-json\/wp\/v2\/comments?post=6176"}],"version-history":[{"count":0,"href":"https:\/\/dev2.afinialabel.com\/es\/wp-json\/wp\/v2\/pages\/6176\/revisions"}],"wp:attachment":[{"href":"https:\/\/dev2.afinialabel.com\/es\/wp-json\/wp\/v2\/media?parent=6176"}],"curies":[{"name":"wp","href":"https:\/\/api.w.org\/{rel}","templated":true}]}}