{"id":6116,"date":"2023-04-13T17:24:00","date_gmt":"2023-04-13T17:24:00","guid":{"rendered":"https:\/\/dev2.afinialabel.com\/samples-key\/"},"modified":"2026-02-14T03:06:58","modified_gmt":"2026-02-14T03:06:58","slug":"muestras-clave","status":"publish","type":"page","link":"https:\/\/dev2.afinialabel.com\/es\/muestras-clave\/","title":{"rendered":"Muestras Clave"},"content":{"rendered":"\t\t<div data-elementor-type=\"wp-page\" data-elementor-id=\"6116\" class=\"elementor elementor-6116 elementor-1577\" data-elementor-post-type=\"page\">\n\t\t\t\t\t\t<section data-particle_enable=\"false\" data-particle-mobile-disabled=\"false\" class=\"elementor-section elementor-top-section elementor-element elementor-element-45cac35 elementor-section-boxed elementor-section-height-default elementor-section-height-default\" data-id=\"45cac35\" data-element_type=\"section\" data-e-type=\"section\">\n\t\t\t\t\t\t<div class=\"elementor-container elementor-column-gap-default\">\n\t\t\t\t\t<div class=\"elementor-column elementor-col-100 elementor-top-column elementor-element elementor-element-4eaaf36\" data-id=\"4eaaf36\" data-element_type=\"column\" data-e-type=\"column\">\n\t\t\t<div class=\"elementor-widget-wrap elementor-element-populated\">\n\t\t\t\t\t\t<div class=\"elementor-element elementor-element-3eb3efd6 elementor-widget elementor-widget-heading\" data-id=\"3eb3efd6\" data-element_type=\"widget\" data-e-type=\"widget\" data-widget_type=\"heading.default\">\n\t\t\t\t<div class=\"elementor-widget-container\">\n\t\t\t\t\t<h1 class=\"elementor-heading-title elementor-size-default\">Afinia Label Samples Key<span> - Coste por impresi\u00f3n<\/span><\/h1>\t\t\t\t<\/div>\n\t\t\t\t<\/div>\n\t\t\t\t<div class=\"elementor-element elementor-element-4462c6b6 elementor-widget elementor-widget-text-editor\" data-id=\"4462c6b6\" data-element_type=\"widget\" data-e-type=\"widget\" data-widget_type=\"text-editor.default\">\n\t\t\t\t<div class=\"elementor-widget-container\">\n\t\t\t\t\t\t\t\t\t<h2>Compare los costes por impresi\u00f3n entre las impresoras Afinia Label<\/h2>\n<p>Bienvenido a la p\u00e1gina de llaves de muestra de Afinia Label. El objetivo de esta tabla es comparar los costes por impresi\u00f3n de un mismo dise\u00f1o en diferentes m\u00e1quinas. <\/p>\n<h2>\u00bfTiene sentido imprimirse?<\/h2>\n<p>Podemos ayudarle a responder. <a href=\"https:\/\/dev2.afinialabel.com\/es\/muestra\/\">Vea su propio dise\u00f1o<\/a> y obtenga un an\u00e1lisis de costes o, si est\u00e1 preparado, <a href=\"https:\/\/dev2.afinialabel.com\/es\/pongase-en-contacto-con\/\">programe una demostraci\u00f3n<\/a> para ver una m\u00e1quina en acci\u00f3n. <\/p>\n<p>Como siempre, no dude en <a href=\"https:\/\/dev2.afinialabel.com\/es\/pongase-en-contacto-con\/\">ponerse en contacto con nosotros<\/a> si tiene alguna pregunta. Estaremos encantados de ayudarle.<\/p>\n\t\t\t\t\t\t\t\t<\/div>\n\t\t\t\t<\/div>\n\t\t\t\t<div class=\"elementor-element elementor-element-453fbde samples-key-table elementor-widget elementor-widget-eael-advanced-data-table\" data-id=\"453fbde\" data-element_type=\"widget\" data-e-type=\"widget\" id=\"test-table\" data-widget_type=\"eael-advanced-data-table.default\">\n\t\t\t\t<div class=\"elementor-widget-container\">\n\t\t\t\t\t<div class=\"ea-advanced-data-table-wrap\" data-id=\"453fbde\"><div class=\"ea-advanced-data-table-wrap-inner\">\n                <table class=\"ea-advanced-data-table ea-advanced-data-table-static ea-advanced-data-table-453fbde\" data-id=\"453fbde\"><thead><tr><th><p><br><\/p><\/th><th><p><br><\/p><\/th><th><p><br><\/p><\/th><th><p><br><\/p><\/th><th><p><img decoding=\"async\" src=\"\/wp-content\/uploads\/hp-logo-1.svg\"><\/p><\/th><th><p><img decoding=\"async\" src=\"\/wp-content\/uploads\/memjet-1.svg\"><\/p><\/th><\/tr><\/thead><tbody><tr><td><p><br><\/p><\/td><td><p><br><\/p><\/td><td>Tama\u00f1o (pulg.)<\/td><td>Tama\u00f1o (mm)<\/td><td><p>L502<br>\/F502<\/p><\/td><td><p>L701<\/p><\/td><td><p>L801<\/p><\/td><td><p>L801+<\/p><\/td><td><p>L901<\/p><\/td><td><p>L901+<br>\/FP230<br>\/CP950<\/p><\/td><\/tr><tr><td><p><a href=\"\/wp-content\/uploads\/backpackbrewing-1.jpg\"><img decoding=\"async\" src=\"\/wp-content\/uploads\/backpackbrewing-1.jpg\"><\/a><\/p><\/td><td><p>Mochila cervecera<\/p><\/td><td>8x3.5<\/td><td>200x90<\/td><td>$0.1028<\/td><td>$0.0450<\/td><td>$0.0368<\/td><td>$0.0384<\/td><td>$0.0357<\/td><td>$0.0357<\/td><\/tr><tr><td><p><a href=\"\/wp-content\/uploads\/chocolates-1.jpg\"><img decoding=\"async\" src=\"\/wp-content\/uploads\/chocolates-1.jpg\"><\/a><\/p><\/td><td><p>Chocolates<\/p><\/td><td>5x3<\/td><td>130x75<\/td><td>$0.0352<\/td><td>$0.0169<\/td><td>$0.0138<\/td><td>$0.0144<\/td><td>$0.0134<\/td><td>$0.0134<\/td><\/tr><tr><td><p><a href=\"\/wp-content\/uploads\/colordropseltzer-1.jpg\"><img decoding=\"async\" src=\"\/wp-content\/uploads\/colordropseltzer-1.jpg\"><\/a><\/p><\/td><td><p>Color Drop Seltzer<\/p><\/td><td>8x3.5<\/td><td>200x90<\/td><td>$0.0732<\/td><td>$0.0341<\/td><td>$0.0279<\/td><td>$0.0291<\/td><td>$0.0270<\/td><td>$0.0270<\/td><\/tr><tr><td><p><a href=\"\/wp-content\/uploads\/elephantcoffee-1.jpg\"><img decoding=\"async\" src=\"\/wp-content\/uploads\/elephantcoffee-1.jpg\"><\/a><\/p><\/td><td><p>Caf\u00e9 Elefante<\/p><\/td><td>4x6<\/td><td>100x150<\/td><td>$0.0869<\/td><td>$0.0418<\/td><td>$0.0342<\/td><td>$0.0357<\/td><td>$0.0331<\/td><td>$0.0331<\/td><\/tr><tr><td><p><a href=\"\/wp-content\/uploads\/fundraiserpopcorn-1.jpg\"><img decoding=\"async\" src=\"\/wp-content\/uploads\/fundraiserpopcorn-1.jpg\"><\/a><\/p><\/td><td><p>Palomitas para recaudar fondos<\/p><\/td><td>4.75x6.5<\/td><td>120x165<\/td><td>$0.0853<\/td><td>$0.0394<\/td><td>$0.0322<\/td><td>$0.0336<\/td><td>$0.0312<\/td><td>$0.0312<\/td><\/tr><tr><td><p><a href=\"\/wp-content\/uploads\/handsanitizer-1.jpg\"><img decoding=\"async\" src=\"\/wp-content\/uploads\/handsanitizer-1.jpg\"><\/a><\/p><\/td><td><p>Desinfectante de manos<\/p><\/td><td>2.5x3.5<\/td><td>65x90<\/td><td>$0.0141<\/td><td>$0.0055<\/td><td>$0.0045<\/td><td>$0.0047<\/td><td>$0.0044<\/td><td>$0.0044<\/td><\/tr><tr><td><p><a href=\"\/wp-content\/uploads\/oftheearthcoffee-1.jpg\"><img decoding=\"async\" src=\"\/wp-content\/uploads\/oftheearthcoffee-1.jpg\"><\/a><\/p><\/td><td><p>Caf\u00e9 de la Tierra<\/p><\/td><td>4x6<\/td><td>100x150<\/td><td>$0.0634<\/td><td>$0.0302<\/td><td>$0.0247<\/td><td>$0.0258<\/td><td>$0.0239<\/td><td>$0.0239<\/td><\/tr><tr><td><p><a href=\"\/wp-content\/uploads\/pigleaguebbq-1.jpg\"><img decoding=\"async\" src=\"\/wp-content\/uploads\/pigleaguebbq-1.jpg\"><\/a><\/p><\/td><td><p>Pig League BBQ Spice<\/p><\/td><td>5.5x3<\/td><td>140x75<\/td><td>$0.1096<\/td><td>$0.0530<\/td><td>$0.0434<\/td><td>$0.0453<\/td><td>$0.0420<\/td><td>$0.0420<\/td><\/tr><tr><td><p><a href=\"\/wp-content\/uploads\/tilapia-front-1.jpg\"><img decoding=\"async\" src=\"\/wp-content\/uploads\/tilapia-front-1.jpg\"><\/a><\/p><\/td><td><p>Tilapia - Frente<\/p><\/td><td>4x6<\/td><td>100x150<\/td><td>$0.1955<\/td><td>$0.0812<\/td><td>$0.0664<\/td><td>$0.0694<\/td><td>$0.0643<\/td><td>$0.0643<\/td><\/tr><tr><td><p><a href=\"\/wp-content\/uploads\/tilapia-back-1.jpg\"><img decoding=\"async\" src=\"\/wp-content\/uploads\/tilapia-back-1.jpg\"><\/a><\/p><\/td><td><p>Tilapia - Volver<\/p><\/td><td>4x6<\/td><td>100x150<\/td><td>$0.0246<\/td><td>$0.0094<\/td><td>$0.0077<\/td><td>$0.0080<\/td><td>$0.0075<\/td><td>$0.0075<\/td><\/tr><tr><td><p><a href=\"\/wp-content\/uploads\/absolutelynuts-1.jpg\"><img decoding=\"async\" src=\"\/wp-content\/uploads\/absolutelynuts-1.jpg\"><\/a><\/p><\/td><td><p>Bolsa Absolutely Nuts<\/p><\/td><td>4.25x6.75<\/td><td>110x170<\/td><td>$0.0546<\/td><td>$0.0262<\/td><td>$0.0214<\/td><td>$0.0224<\/td><td>$0.0207<\/td><td>$0.0207<\/td><\/tr><tr><td><p><a href=\"\/wp-content\/uploads\/birchwoodcoffee-1.jpg\"><img decoding=\"async\" src=\"\/wp-content\/uploads\/birchwoodcoffee-1.jpg\"><\/a><\/p><\/td><td><p>Bolsa de caf\u00e9 de madera de abedul<\/p><\/td><td>6.25x9<\/td><td>160x230<\/td><td>$0.0895<\/td><td>$0.0396<\/td><td>$0.0324<\/td><td>$0.0338<\/td><td>$0.0314<\/td><td>$0.0314<\/td><\/tr><tr><td><p><a href=\"\/wp-content\/uploads\/elephantcoffee-pouch-1.jpg\"><img decoding=\"async\" src=\"\/wp-content\/uploads\/elephantcoffee-pouch-1.jpg\"><\/a><\/p><\/td><td><p>Bolsa de caf\u00e9 Elefante<\/p><\/td><td>6x8<\/td><td>150x200<\/td><td>$0.1122<\/td><td>$0.0486<\/td><td>$0.0398<\/td><td>$0.0416<\/td><td>$0.0386<\/td><td>$0.0386<\/td><\/tr><\/tbody><\/table>\n            <\/div><\/div>\t\t\t\t<\/div>\n\t\t\t\t<\/div>\n\t\t\t\t<div class=\"elementor-element elementor-element-26e8773b elementor-widget elementor-widget-text-editor\" data-id=\"26e8773b\" data-element_type=\"widget\" data-e-type=\"widget\" data-widget_type=\"text-editor.default\">\n\t\t\t\t<div class=\"elementor-widget-container\">\n\t\t\t\t\t\t\t\t\t<p>NOTA &#8211; Los c\u00e1lculos por impresi\u00f3n son exactos a partir de agosto de 2022. Los precios est\u00e1n sujetos a cambios y pueden no reflejarse inmediatamente en estos datos. Para c\u00e1lculos actuales utilizando sus dise\u00f1os de etiquetas, <a href=\"https:\/\/dev2.afinialabel.com\/es\/muestra\/\">solicite una muestra<\/a> o <a href=\"https:\/\/dev2.afinialabel.com\/es\/pongase-en-contacto-con\/\">p\u00f3ngase en contacto con nosotros<\/a>.<\/p>\n\t\t\t\t\t\t\t\t<\/div>\n\t\t\t\t<\/div>\n\t\t\t\t\t<\/div>\n\t\t<\/div>\n\t\t\t\t\t<\/div>\n\t\t<\/section>\n\t\t\t\t<\/div>\n\t\t","protected":false},"excerpt":{"rendered":"Afinia Label Samples Key &#8211; Coste por impresi\u00f3n Compare los costes por impresi\u00f3n entre las impresoras Afinia Label Bienvenido a la p\u00e1gina de llaves de muestra de Afinia Label. El objetivo de esta tabla es comparar los costes por impresi\u00f3n de un mismo dise\u00f1o en diferentes m\u00e1quinas. \u00bfTiene sentido imprimirse? Podemos ayudarle a responder. Vea&#8230; <a class=\"view-article\" href=\"https:\/\/dev2.afinialabel.com\/es\/muestras-clave\/\">Ver art\u00edculo<\/a>","protected":false},"author":3,"featured_media":0,"parent":0,"menu_order":69,"comment_status":"closed","ping_status":"closed","template":"elementor_header_footer","meta":{"_acf_changed":false,"footnotes":""},"class_list":["post-6116","page","type-page","status-publish","hentry"],"acf":[],"yoast_head":"<!-- This site is optimized with the Yoast SEO Premium plugin v27.5 (Yoast SEO v27.5) - https:\/\/yoast.com\/product\/yoast-seo-premium-wordpress\/ -->\n<title>Muestras Clave &#187; Afinia Label - Make Your Own Labels<\/title>\n<meta name=\"description\" content=\"Digital Color Label Printers and Finishers - Muestras Clave\" \/>\n<meta name=\"robots\" content=\"index, follow, max-snippet:-1, max-image-preview:large, max-video-preview:-1\" \/>\n<link rel=\"canonical\" href=\"https:\/\/dev2.afinialabel.com\/es\/muestras-clave\/\" \/>\n<meta property=\"og:locale\" content=\"es_ES\" \/>\n<meta property=\"og:type\" content=\"article\" \/>\n<meta property=\"og:title\" content=\"Muestras Clave\" \/>\n<meta property=\"og:description\" content=\"Afinia Label Samples Key - Coste por impresi\u00f3n Compare los costes por impresi\u00f3n entre las impresoras Afinia Label Bienvenido a la p\u00e1gina de llaves de\" \/>\n<meta property=\"og:url\" content=\"https:\/\/dev2.afinialabel.com\/es\/muestras-clave\/\" \/>\n<meta property=\"og:site_name\" content=\"Afinia Label - Make Your Own Labels\" \/>\n<meta property=\"article:modified_time\" content=\"2026-02-14T03:06:58+00:00\" \/>\n<meta name=\"twitter:card\" content=\"summary_large_image\" \/>\n<meta name=\"twitter:site\" content=\"@afinialabel\" \/>\n<meta name=\"twitter:label1\" content=\"Tiempo de lectura\" \/>\n\t<meta name=\"twitter:data1\" content=\"1 minuto\" \/>\n<!-- \/ Yoast SEO Premium plugin. -->","yoast_head_json":{"title":"Muestras Clave &#187; Afinia Label - Make Your Own Labels","description":"Digital Color Label Printers and Finishers - Muestras Clave","robots":{"index":"index","follow":"follow","max-snippet":"max-snippet:-1","max-image-preview":"max-image-preview:large","max-video-preview":"max-video-preview:-1"},"canonical":"https:\/\/dev2.afinialabel.com\/es\/muestras-clave\/","og_locale":"es_ES","og_type":"article","og_title":"Muestras Clave","og_description":"Afinia Label Samples Key - Coste por impresi\u00f3n Compare los costes por impresi\u00f3n entre las impresoras Afinia Label Bienvenido a la p\u00e1gina de llaves de","og_url":"https:\/\/dev2.afinialabel.com\/es\/muestras-clave\/","og_site_name":"Afinia Label - Make Your Own Labels","article_modified_time":"2026-02-14T03:06:58+00:00","twitter_card":"summary_large_image","twitter_site":"@afinialabel","twitter_misc":{"Tiempo de lectura":"1 minuto"},"schema":{"@context":"https:\/\/schema.org","@graph":[{"@type":"WebPage","@id":"https:\/\/dev2.afinialabel.com\/es\/muestras-clave\/","url":"https:\/\/dev2.afinialabel.com\/es\/muestras-clave\/","name":"Muestras Clave &#187; Afinia Label - Make Your Own Labels","isPartOf":{"@id":"https:\/\/dev2.afinialabel.com\/es\/#website"},"datePublished":"2023-04-13T17:24:00+00:00","dateModified":"2026-02-14T03:06:58+00:00","description":"Digital Color Label Printers and Finishers - Muestras Clave","breadcrumb":{"@id":"https:\/\/dev2.afinialabel.com\/es\/muestras-clave\/#breadcrumb"},"inLanguage":"es","potentialAction":[{"@type":"ReadAction","target":["https:\/\/dev2.afinialabel.com\/es\/muestras-clave\/"]}]},{"@type":"BreadcrumbList","@id":"https:\/\/dev2.afinialabel.com\/es\/muestras-clave\/#breadcrumb","itemListElement":[{"@type":"ListItem","position":1,"name":"Home","item":"https:\/\/dev2.afinialabel.com\/es\/"},{"@type":"ListItem","position":2,"name":"Muestras Clave"}]},{"@type":"WebSite","@id":"https:\/\/dev2.afinialabel.com\/es\/#website","url":"https:\/\/dev2.afinialabel.com\/es\/","name":"Afinia Label - Make Your Own Labels","description":"Digital Color Label Printers and Finishers","publisher":{"@id":"https:\/\/dev2.afinialabel.com\/es\/#organization"},"potentialAction":[{"@type":"SearchAction","target":{"@type":"EntryPoint","urlTemplate":"https:\/\/dev2.afinialabel.com\/es\/?s={search_term_string}"},"query-input":{"@type":"PropertyValueSpecification","valueRequired":true,"valueName":"search_term_string"}}],"inLanguage":"es"},{"@type":"Organization","@id":"https:\/\/dev2.afinialabel.com\/es\/#organization","name":"Afinia Label","url":"https:\/\/dev2.afinialabel.com\/es\/","logo":{"@type":"ImageObject","inLanguage":"es","@id":"https:\/\/dev2.afinialabel.com\/es\/#\/schema\/logo\/image\/","url":"https:\/\/dev2.afinialabel.com\/wp-content\/uploads\/logo-light.svg","contentUrl":"https:\/\/dev2.afinialabel.com\/wp-content\/uploads\/logo-light.svg","width":190,"height":36,"caption":"Afinia Label"},"image":{"@id":"https:\/\/dev2.afinialabel.com\/es\/#\/schema\/logo\/image\/"},"sameAs":["https:\/\/x.com\/afinialabel","https:\/\/www.youtube.com\/channel\/UC7oqak2m5QABw4LzXLuWCaA"]}]}},"_links":{"self":[{"href":"https:\/\/dev2.afinialabel.com\/es\/wp-json\/wp\/v2\/pages\/6116","targetHints":{"allow":["GET"]}}],"collection":[{"href":"https:\/\/dev2.afinialabel.com\/es\/wp-json\/wp\/v2\/pages"}],"about":[{"href":"https:\/\/dev2.afinialabel.com\/es\/wp-json\/wp\/v2\/types\/page"}],"author":[{"embeddable":true,"href":"https:\/\/dev2.afinialabel.com\/es\/wp-json\/wp\/v2\/users\/3"}],"replies":[{"embeddable":true,"href":"https:\/\/dev2.afinialabel.com\/es\/wp-json\/wp\/v2\/comments?post=6116"}],"version-history":[{"count":0,"href":"https:\/\/dev2.afinialabel.com\/es\/wp-json\/wp\/v2\/pages\/6116\/revisions"}],"wp:attachment":[{"href":"https:\/\/dev2.afinialabel.com\/es\/wp-json\/wp\/v2\/media?parent=6116"}],"curies":[{"name":"wp","href":"https:\/\/api.w.org\/{rel}","templated":true}]}}