{"id":5964,"date":"2023-03-20T20:15:57","date_gmt":"2023-03-20T20:15:57","guid":{"rendered":"https:\/\/dev2.afinialabel.com\/retail-personalization\/"},"modified":"2024-11-23T01:58:37","modified_gmt":"2024-11-23T01:58:37","slug":"personalizacion-del-comercio-minorista","status":"publish","type":"page","link":"https:\/\/dev2.afinialabel.com\/es\/personalizacion-del-comercio-minorista\/","title":{"rendered":"Personalizaci\u00f3n del comercio minorista"},"content":{"rendered":"&#013;\n<h2 class=\"wp-block-heading\">Productos etiquetados a medida<\/h2>&#013;\n&#013;\n<p><strong>Conecte su marca con los clientes mediante envases de productos personalizados.<\/strong><\/p>&#013;\n&#013;\n<p><a class=\"btn\" href=\"https:\/\/dev2.afinialabel.com\/es\/retail-personalization\/ejemplos\/\">Ver casos pr\u00e1cticos de personalizaci\u00f3n<\/a><\/p>&#013;\n<p>El envasado personalizado in situ toma un producto est\u00e1ndar de venta al por menor y -con la ayuda de una impresora de etiquetas de sobremesa-lo <a href=\"https:\/\/dev2.afinialabel.com\/\">reetiqueta<\/a>de forma que le da un toque personal. Normalmente, esto se hace a\u00f1adiendo o sustituyendo un elemento gr\u00e1fico destacado con el nombre de una persona o una imagen. Los clientes tambi\u00e9n pueden modificar el dise\u00f1o y los colores a medida que se crean las etiquetas.<\/p>\n<p><img fetchpriority=\"high\" decoding=\"async\" class=\"aligncenter wp-image-1121 size-full\" src=\"\/wp-content\/uploads\/FireHose-123workflow.jpg\" alt=\"Etiquetas personalizadas r\u00e1pidas, personalizables y sencillas con las impresoras digitales en color Afinia Label\" width=\"1400\" height=\"346\" srcset=\"https:\/\/dev2.afinialabel.com\/wp-content\/uploads\/FireHose-123workflow.jpg 1400w, https:\/\/dev2.afinialabel.com\/wp-content\/uploads\/FireHose-123workflow-300x74.jpg 300w, https:\/\/dev2.afinialabel.com\/wp-content\/uploads\/FireHose-123workflow-1000x247.jpg 1000w, https:\/\/dev2.afinialabel.com\/wp-content\/uploads\/FireHose-123workflow-768x190.jpg 768w, https:\/\/dev2.afinialabel.com\/wp-content\/uploads\/FireHose-123workflow-640x158.jpg 640w, https:\/\/dev2.afinialabel.com\/wp-content\/uploads\/FireHose-123workflow-275x68.jpg 275w, https:\/\/dev2.afinialabel.com\/wp-content\/uploads\/FireHose-123workflow-65x16.jpg 65w\" sizes=\"(max-width: 1400px) 100vw, 1400px\" \/><\/p>\n<p>Este tipo de envases personalizados a la carta se ha presentado como una oportunidad para que las marcas minoristas maximicen el inter\u00e9s por el producto y optimicen la experiencia de compra en la tienda.<\/p>\n&#013;\n<p><strong>Beneficios<\/strong><\/p>&#013;\n&#013;\n<div class=\"wp-block-image\">&#013;\n<figure class=\"alignright is-resized\"><img decoding=\"async\" class=\"alignnone wp-image-1122\" src=\"\/wp-content\/uploads\/shorr-survey-e1544476858993.png\" alt=\"&#xBF;Un envase personalizado da m&#xE1;s valor a un producto?\" width=\"238\" height=\"189\" srcset=\"https:\/\/dev2.afinialabel.com\/wp-content\/uploads\/shorr-survey-e1544476858993.png 541w, https:\/\/dev2.afinialabel.com\/wp-content\/uploads\/shorr-survey-e1544476858993-300x238.png 300w, https:\/\/dev2.afinialabel.com\/wp-content\/uploads\/shorr-survey-e1544476858993-275x218.png 275w, https:\/\/dev2.afinialabel.com\/wp-content\/uploads\/shorr-survey-e1544476858993-65x52.png 65w\" sizes=\"(max-width: 238px) 100vw, 238px\" \/>&#013;\n<figcaption><strong>\u00bfUn envase personalizado da m\u00e1s valor a un producto?<\/strong> <br \/><em>(fuente: Shorr Packaging<\/em>)<\/figcaption>&#013;\n<\/figure>&#013;\n<\/div>&#013;\n&#013;\n<ul class=\"wp-block-list\">&#013;\n<li>Mayor retenci\u00f3n del producto con efectos de marca duraderos<\/li>&#013;\n<li>Aumentar el valor percibido: m\u00e1s de la mitad de los consumidores consideran m\u00e1s valiosos los productos envasados a medida.<\/li>&#013;\n<li>Mejorar la experiencia del cliente: marca, producto y compra<\/li>&#013;\n<li>Aumentar el tr\u00e1fico peatonal en el comercio minorista f\u00edsico<\/li>&#013;\n<li>Combatir las compras por Internet ofreciendo un valor a\u00f1adido en la tienda<\/li>&#013;\n<\/ul>&#013;\n&#013;\n<h3 class=\"wp-block-heading\">Casos reales<\/h3>&#013;\n&#013;\n<p>Empresas reales como la suya est\u00e1n utilizando las impresoras Afinia Label y creando campa\u00f1as de personalizaci\u00f3n para aumentar las ventas y atraer tr\u00e1fico a las tiendas, incrementar los ingresos y construir sus marcas.\u00a0<\/p>&#013;\n&#013;\n<p><a class=\"btn\" href=\"https:\/\/dev2.afinialabel.com\/es\/retail-personalization\/ejemplos\/\">Ver casos pr\u00e1cticos de personalizaci\u00f3n<\/a><\/p>&#013;\n<hr class=\"wp-block-separator\" \/>&#013;\n<h2 class=\"wp-block-heading\">M\u00e1s informaci\u00f3n<\/h2>&#013;\n&#013;\n<p>Aproveche esta <a href=\"https:\/\/dev2.afinialabel.com\/es\/retail-personalization\/ejemplos\/\">creciente tendencia minorista<\/a>. Para hablar de precios, log\u00edstica de la campa\u00f1a y otra informaci\u00f3n, p\u00f3ngase en contacto con nosotros.<\/p>&#013;\n<noscript class=\"ninja-forms-noscript-message\">\n\tAviso: Se requiere JavaScript para este contenido.<\/noscript>\nNo se ha encontrado ning\u00fan campo.<div id=\"nf-form-29-cont\" class=\"nf-form-cont\" aria-live=\"polite\" aria-labelledby=\"nf-form-title-29\" aria-describedby=\"nf-form-errors-29\" role=\"form\">\n\n    <div class=\"nf-loading-spinner\"><\/div>\n\n<\/div>\n        <!-- That data is being printed as a workaround to page builders reordering the order of the scripts loaded-->\n        <script>var formDisplay=1;var nfForms=nfForms||[];var form=[];form.id='29';form.settings={\"ninjaForms\":\"Ninja Forms\",\"changeEmailErrorMsg\":\"Introduce una direcci\\u00f3n de correo electr\\u00f3nico v\\u00e1lida.\",\"changeDateErrorMsg\":\"\\u00a1Introduce una fecha v\\u00e1lida!\",\"confirmFieldErrorMsg\":\"Estos campos deben coincidir.\",\"fieldNumberNumMinError\":\"Error de n\\u00famero m\\u00ednimo\",\"fieldNumberNumMaxError\":\"Error de n\\u00famero m\\u00e1ximo\",\"fieldNumberIncrementBy\":\"Increm\\u00e9ntalo por \",\"fieldTextareaRTEInsertLink\":\"Insertar enlace\",\"fieldTextareaRTEInsertMedia\":\"Insertar medios\",\"fieldTextareaRTESelectAFile\":\"Seleccione un archivo\",\"tableInsertRowAbove\":\"Insert Row Above\",\"tableInsertRowBelow\":\"Insert Row Below\",\"tableInsertColumnLeft\":\"Insert Column Left\",\"tableInsertColumnRight\":\"Insert Column Right\",\"tableDeleteRow\":\"Delete Row\",\"tableDeleteColumn\":\"Delete Column\",\"tableDeleteTable\":\"Delete Table\",\"tableLegacyNotice\":\"This content has tables in the old editor format. Custom styles are preserved until converted. Editing will update to the new format.\",\"tableLegacyConvert\":\"Convert Now\",\"tableInsertTable\":\"Insert Table\",\"dismiss\":\"Descartar\",\"insertLink\":\"Insertar enlace\",\"formErrorsCorrectErrors\":\"Corrige los errores antes de enviar este formulario.\",\"formHoneypot\":\"Si eres un ser humano y est\\u00e1s viendo este campo, por favor d\\u00e9jalo vac\\u00edo.\",\"validateRequiredField\":\"Esto es un campo obligatorio.\",\"honeypotHoneypotError\":\"Error de Honeypot\",\"fileUploadOldCodeFileUploadInProgress\":\"Subida de archivo en curso.\",\"fileUploadOldCodeFileUpload\":\"SUBIDA DE ARCHIVO\",\"currencySymbol\":\"&#36;\",\"fieldsMarkedRequired\":\"Los campos marcados con <span class=\\\"ninja-forms-req-symbol\\\">*<\\\/span> son obligatorios\",\"thousands_sep\":\".\",\"decimal_point\":\",\",\"siteLocale\":\"es_ES\",\"dateFormat\":\"m\\\/d\\\/Y\",\"startOfWeek\":\"1\",\"of\":\"de\",\"previousMonth\":\"Mes anterior\",\"nextMonth\":\"Pr\\u00f3ximo mes\",\"months\":[\"Enero\",\"Febrero\",\"Marzo\",\"Abril\",\"Mayo\",\"Junio\",\"Julio\",\"Agosto\",\"Septiembre\",\"Octubre\",\"Noviembre\",\"Diciembre\"],\"monthsShort\":[\"Ene\",\"Feb\",\"Mar\",\"Abr\",\"Mayo\",\"Jun\",\"Jul\",\"Ago\",\"Sep\",\"Oct\",\"Nov\",\"Dic\"],\"weekdays\":[\"Domingo\",\"Lunes\",\"Martes\",\"Mi\\u00e9rcoles\",\"Jueves\",\"Viernes\",\"S\\u00e1bado\"],\"weekdaysShort\":[\"Dom\",\"Lun\",\"Mar\",\"Mi\\u00e9\",\"Jue\",\"Vie\",\"S\\u00e1b\"],\"weekdaysMin\":[\"Do\",\"Lu\",\"Ma\",\"Mi\",\"Ju\",\"Vi\",\"S\\u00e1\"],\"recaptchaConsentMissing\":\"reCaptcha validation couldn&#039;t load.\",\"recaptchaMissingCookie\":\"reCaptcha v3 validation couldn&#039;t load the cookie needed to submit the form.\",\"recaptchaConsentEvent\":\"Accept reCaptcha cookies before sending the form.\",\"embed_form\":\"\",\"currency_symbol\":\"\",\"title\":\"\",\"beforeForm\":\"\",\"beforeFields\":\"\",\"afterFields\":\"\",\"afterForm\":\"\"};form.fields=[];nfForms.push(form);<\/script>\n        <script id=\"tmpl-nf-mp-form-content\" type=\"text\/template\">\n\t<div class=\"nf-mp-header\"><\/div>\n\t<div class=\"nf-mp-body\"><\/div>\n\t<div class=\"nf-mp-footer\"><\/div>\n<\/script>\n\n\n<script id=\"tmpl-nf-mp-header\" type=\"text\/template\">\n\t{{{ data.renderProgressBar() }}}\n\t{{{ data.renderBreadcrumbs() }}}\n\t{{{ data.renderPartTitle() }}}\n<\/script>\n<script id=\"tmpl-nf-mp-part-title\" type=\"text\/template\">\n\t<h3>\n\t\t{{{ data.title }}}\n\t<\/h3>\n<\/script>\n\n<script id=\"tmpl-nf-mp-footer\" type=\"text\/template\">\n\t{{{ data.renderNextPrevious() }}}\n<\/script>\n\n<script id=\"tmpl-nf-mp-next-previous\" type=\"text\/template\">\n\t<ul class=\"nf-next-previous\">\n\t\t<# if ( data.showPrevious ) { #>\n\t\t<li class=\"nf-previous-item\">\n\t\t\t<input type=\"button\" class=\"nf-previous\" value=\"{{{ data.prevLabel }}}\" \/>\n\t\t<\/li>\n\t\t<# } #>\n\n\t\t<# if ( data.showNext ) { #>\n\t\t<li class=\"nf-next-item\">\n\t\t\t<input type=\"button\" class=\"nf-next\" value=\"{{{ data.nextLabel }}}\" \/>\n\t\t<\/li>\n\t\t<# } #>\n\t<\/ul>\n<\/script>\n\n<script id=\"tmpl-nf-mp-breadcrumbs\" type=\"text\/template\">\n\t<ul class=\"nf-breadcrumbs\">\n\t\t<# _.each( data.parts, function( part, index ) { #>\n\t\t<li class=\"{{{ ( data.currentIndex == index ) ? 'active' : '' }}} {{{ ( part.errors ) ? 'errors' : '' }}}\">\n\t\t\t<a href=\"#\" class=\"nf-breadcrumb\" data-index=\"{{{ index }}}\">{{{ ( part.errors ) ? '' : '' }}} {{{ part.title }}}<\/a>\n\t\t<\/li>\n\t\t<# } ); #>\n\t<\/ul>\n<\/script>\n\n<script id=\"tmpl-nf-mp-progress-bar\" type=\"text\/template\">\n    <div class=\"nf-progress-container\">\n        <div class=\"nf-progress\" style=\"width: {{{ data.percent }}}%;\"><\/div>\n    <\/div>\n<\/script>        <script id=\"nf-tmpl-cell\" type=\"text\/template\">\n            <nf-fields><\/nf-fields>\n        <\/script>\n\n        <script id=\"nf-tmpl-row\" type=\"text\/template\">\n            <nf-cells><\/nf-cells>\n        <\/script>\n\n        &#013;\n","protected":false},"excerpt":{"rendered":"&#013; Productos etiquetados a medida &#013; &#013; Conecte su marca con los clientes mediante envases de productos personalizados. &#013; &#013; Ver casos pr\u00e1cticos de personalizaci\u00f3n &#013; El envasado personalizado in situ toma un producto est\u00e1ndar de venta al por menor y -con la ayuda de una impresora de etiquetas de sobremesa-lo reetiquetade forma que le&#8230; <a class=\"view-article\" href=\"https:\/\/dev2.afinialabel.com\/es\/personalizacion-del-comercio-minorista\/\">Ver art\u00edculo<\/a>","protected":false},"author":3,"featured_media":0,"parent":0,"menu_order":75,"comment_status":"closed","ping_status":"closed","template":"","meta":{"_acf_changed":false,"footnotes":""},"class_list":["post-5964","page","type-page","status-publish","hentry"],"acf":[],"yoast_head":"<!-- This site is optimized with the Yoast SEO Premium plugin v27.5 (Yoast SEO v27.5) - https:\/\/yoast.com\/product\/yoast-seo-premium-wordpress\/ -->\n<title>Personalizaci\u00f3n del comercio minorista &#187; Afinia Label - Make Your Own Labels<\/title>\n<meta name=\"description\" content=\"Conecte su marca con los clientes mediante envases de productos personalizados. El etiquetado en el punto de venta ofrece a las empresas una ventaja y la capacidad de crear experiencias memorables en el comercio minorista.\" \/>\n<meta name=\"robots\" content=\"index, follow, max-snippet:-1, max-image-preview:large, max-video-preview:-1\" \/>\n<link rel=\"canonical\" href=\"https:\/\/dev2.afinialabel.com\/es\/personalizacion-del-comercio-minorista\/\" \/>\n<meta property=\"og:locale\" content=\"es_ES\" \/>\n<meta property=\"og:type\" content=\"article\" \/>\n<meta property=\"og:title\" content=\"Personalizaci\u00f3n del comercio minorista\" \/>\n<meta property=\"og:description\" content=\"&#013; Productos etiquetados a medida&#013; &#013; Conecte su marca con los clientes mediante envases de productos personalizados.&#013; &#013; Ver casos\" \/>\n<meta property=\"og:url\" content=\"https:\/\/dev2.afinialabel.com\/es\/personalizacion-del-comercio-minorista\/\" \/>\n<meta property=\"og:site_name\" content=\"Afinia Label - Make Your Own Labels\" \/>\n<meta property=\"article:modified_time\" content=\"2024-11-23T01:58:37+00:00\" \/>\n<meta name=\"twitter:card\" content=\"summary_large_image\" \/>\n<meta name=\"twitter:site\" content=\"@afinialabel\" \/>\n<meta name=\"twitter:label1\" content=\"Tiempo de lectura\" \/>\n\t<meta name=\"twitter:data1\" content=\"1 minuto\" \/>\n<!-- \/ Yoast SEO Premium plugin. -->","yoast_head_json":{"title":"Personalizaci\u00f3n del comercio minorista &#187; Afinia Label - Make Your Own Labels","description":"Conecte su marca con los clientes mediante envases de productos personalizados. El etiquetado en el punto de venta ofrece a las empresas una ventaja y la capacidad de crear experiencias memorables en el comercio minorista.","robots":{"index":"index","follow":"follow","max-snippet":"max-snippet:-1","max-image-preview":"max-image-preview:large","max-video-preview":"max-video-preview:-1"},"canonical":"https:\/\/dev2.afinialabel.com\/es\/personalizacion-del-comercio-minorista\/","og_locale":"es_ES","og_type":"article","og_title":"Personalizaci\u00f3n del comercio minorista","og_description":"&#013; Productos etiquetados a medida&#013; &#013; Conecte su marca con los clientes mediante envases de productos personalizados.&#013; &#013; Ver casos","og_url":"https:\/\/dev2.afinialabel.com\/es\/personalizacion-del-comercio-minorista\/","og_site_name":"Afinia Label - Make Your Own Labels","article_modified_time":"2024-11-23T01:58:37+00:00","twitter_card":"summary_large_image","twitter_site":"@afinialabel","twitter_misc":{"Tiempo de lectura":"1 minuto"},"schema":{"@context":"https:\/\/schema.org","@graph":[{"@type":"WebPage","@id":"https:\/\/dev2.afinialabel.com\/es\/personalizacion-del-comercio-minorista\/","url":"https:\/\/dev2.afinialabel.com\/es\/personalizacion-del-comercio-minorista\/","name":"Personalizaci\u00f3n del comercio minorista &#187; Afinia Label - Make Your Own Labels","isPartOf":{"@id":"https:\/\/dev2.afinialabel.com\/es\/#website"},"datePublished":"2023-03-20T20:15:57+00:00","dateModified":"2024-11-23T01:58:37+00:00","description":"Conecte su marca con los clientes mediante envases de productos personalizados. El etiquetado en el punto de venta ofrece a las empresas una ventaja y la capacidad de crear experiencias memorables en el comercio minorista.","breadcrumb":{"@id":"https:\/\/dev2.afinialabel.com\/es\/personalizacion-del-comercio-minorista\/#breadcrumb"},"inLanguage":"es","potentialAction":[{"@type":"ReadAction","target":["https:\/\/dev2.afinialabel.com\/es\/personalizacion-del-comercio-minorista\/"]}]},{"@type":"BreadcrumbList","@id":"https:\/\/dev2.afinialabel.com\/es\/personalizacion-del-comercio-minorista\/#breadcrumb","itemListElement":[{"@type":"ListItem","position":1,"name":"Home","item":"https:\/\/dev2.afinialabel.com\/es\/"},{"@type":"ListItem","position":2,"name":"Personalizaci\u00f3n del comercio minorista"}]},{"@type":"WebSite","@id":"https:\/\/dev2.afinialabel.com\/es\/#website","url":"https:\/\/dev2.afinialabel.com\/es\/","name":"Afinia Label - Make Your Own Labels","description":"Digital Color Label Printers and Finishers","publisher":{"@id":"https:\/\/dev2.afinialabel.com\/es\/#organization"},"potentialAction":[{"@type":"SearchAction","target":{"@type":"EntryPoint","urlTemplate":"https:\/\/dev2.afinialabel.com\/es\/?s={search_term_string}"},"query-input":{"@type":"PropertyValueSpecification","valueRequired":true,"valueName":"search_term_string"}}],"inLanguage":"es"},{"@type":"Organization","@id":"https:\/\/dev2.afinialabel.com\/es\/#organization","name":"Afinia Label","url":"https:\/\/dev2.afinialabel.com\/es\/","logo":{"@type":"ImageObject","inLanguage":"es","@id":"https:\/\/dev2.afinialabel.com\/es\/#\/schema\/logo\/image\/","url":"https:\/\/dev2.afinialabel.com\/wp-content\/uploads\/logo-light.svg","contentUrl":"https:\/\/dev2.afinialabel.com\/wp-content\/uploads\/logo-light.svg","width":190,"height":36,"caption":"Afinia Label"},"image":{"@id":"https:\/\/dev2.afinialabel.com\/es\/#\/schema\/logo\/image\/"},"sameAs":["https:\/\/x.com\/afinialabel","https:\/\/www.youtube.com\/channel\/UC7oqak2m5QABw4LzXLuWCaA"]}]}},"_links":{"self":[{"href":"https:\/\/dev2.afinialabel.com\/es\/wp-json\/wp\/v2\/pages\/5964","targetHints":{"allow":["GET"]}}],"collection":[{"href":"https:\/\/dev2.afinialabel.com\/es\/wp-json\/wp\/v2\/pages"}],"about":[{"href":"https:\/\/dev2.afinialabel.com\/es\/wp-json\/wp\/v2\/types\/page"}],"author":[{"embeddable":true,"href":"https:\/\/dev2.afinialabel.com\/es\/wp-json\/wp\/v2\/users\/3"}],"replies":[{"embeddable":true,"href":"https:\/\/dev2.afinialabel.com\/es\/wp-json\/wp\/v2\/comments?post=5964"}],"version-history":[{"count":0,"href":"https:\/\/dev2.afinialabel.com\/es\/wp-json\/wp\/v2\/pages\/5964\/revisions"}],"wp:attachment":[{"href":"https:\/\/dev2.afinialabel.com\/es\/wp-json\/wp\/v2\/media?parent=5964"}],"curies":[{"name":"wp","href":"https:\/\/api.w.org\/{rel}","templated":true}]}}