{"id":5952,"date":"2023-03-27T17:52:30","date_gmt":"2023-03-27T17:52:30","guid":{"rendered":"https:\/\/dev2.afinialabel.com\/examples\/"},"modified":"2026-02-14T10:33:10","modified_gmt":"2026-02-14T10:33:10","slug":"ejemplos","status":"publish","type":"page","link":"https:\/\/dev2.afinialabel.com\/es\/personalizacion-del-comercio-minorista\/ejemplos\/","title":{"rendered":"Ejemplos de personalizaci\u00f3n de etiquetas para minoristas"},"content":{"rendered":"<h2><img fetchpriority=\"high\" decoding=\"async\" class=\"alignright wp-image-1137\" src=\"\/wp-content\/uploads\/Kiosk-wCouple.jpg\" alt=\"Kiosco de personalizaci\u00f3n de etiquetas en tiendas Afinia Label\" width=\"280\" height=\"391\" srcset=\"https:\/\/dev2.afinialabel.com\/wp-content\/uploads\/Kiosk-wCouple.jpg 600w, https:\/\/dev2.afinialabel.com\/wp-content\/uploads\/Kiosk-wCouple-215x300.jpg 215w, https:\/\/dev2.afinialabel.com\/wp-content\/uploads\/Kiosk-wCouple-275x384.jpg 275w, https:\/\/dev2.afinialabel.com\/wp-content\/uploads\/Kiosk-wCouple-47x65.jpg 47w\" sizes=\"(max-width: 280px) 100vw, 280px\" \/>Casos reales<\/h2>\n<h4>Marcas de todo el mundo utilizan la personalizaci\u00f3n de etiquetas en las tiendas para conectar con sus clientes.<\/h4>\n<p> La impresi\u00f3n de etiquetas in situ se ha convertido en una t\u00e1ctica de venta al por menor de innegable \u00e9xito. Las empresas est\u00e1n aprovechando este poder para <strong>conectar con los clientes a nivel personal<\/strong> con gran \u00e9xito. He aqu\u00ed algunos ejemplos notables de personalizaci\u00f3n de etiquetas en el mundo real. <img decoding=\"async\" class=\"alignnone wp-image-1132\" src=\"\/wp-content\/uploads\/afinia-personalization-boxes.jpg\" alt=\"Personalizaci\u00f3n de etiquetas para minoristas Afinia Label\" width=\"333\" height=\"219\" srcset=\"https:\/\/dev2.afinialabel.com\/wp-content\/uploads\/afinia-personalization-boxes.jpg 600w, https:\/\/dev2.afinialabel.com\/wp-content\/uploads\/afinia-personalization-boxes-300x198.jpg 300w, https:\/\/dev2.afinialabel.com\/wp-content\/uploads\/afinia-personalization-boxes-275x181.jpg 275w, https:\/\/dev2.afinialabel.com\/wp-content\/uploads\/afinia-personalization-boxes-65x43.jpg 65w\" sizes=\"(max-width: 333px) 100vw, 333px\" \/><\/p>\n<h4>Casos de personalizaci\u00f3n para minoristas<\/h4>\n<ul>\n<li><a href=\"#nutella-kmart\" target=\"_self\" rel=\"noopener noreferrer\">Nutella\/Vegemite en tiendas Kmart<\/a><\/li>\n<li><a href=\"#cadbury-kmart\" target=\"_self\" rel=\"noopener noreferrer\">Chocolate Cadbury en las tiendas Kmart<\/a><\/li>\n<li><a href=\"#nestle-quality\" target=\"_self\" rel=\"noopener noreferrer\">Chocolates Nestl\u00e9 Quality Street<\/a><\/li>\n<li><a href=\"#bao-candy\" target=\"_self\" rel=\"noopener noreferrer\">Tienda de golosinas BAO &#8211; Par\u00eds, Francia<\/a><\/li>\n<li><a href=\"#fire-host\" target=\"_self\" rel=\"noopener noreferrer\">Salsa picante Fire Hose<\/a><\/li>\n<\/ul>\n<h2 id=\"nutella-kmart\"><img decoding=\"async\" class=\"wp-image-1140 alignright\" style=\"font-size: 16px\" src=\"\/wp-content\/uploads\/vegemite-kmartdisplay.png\" alt=\"Nutella personalizada en las tiendas Kmart\" width=\"224\" height=\"414\" srcset=\"https:\/\/dev2.afinialabel.com\/wp-content\/uploads\/vegemite-kmartdisplay.png 883w, https:\/\/dev2.afinialabel.com\/wp-content\/uploads\/vegemite-kmartdisplay-162x300.png 162w, https:\/\/dev2.afinialabel.com\/wp-content\/uploads\/vegemite-kmartdisplay-768x1419.png 768w, https:\/\/dev2.afinialabel.com\/wp-content\/uploads\/vegemite-kmartdisplay-831x1536.png 831w, https:\/\/dev2.afinialabel.com\/wp-content\/uploads\/vegemite-kmartdisplay-640x1183.png 640w, https:\/\/dev2.afinialabel.com\/wp-content\/uploads\/vegemite-kmartdisplay-275x508.png 275w, https:\/\/dev2.afinialabel.com\/wp-content\/uploads\/vegemite-kmartdisplay-35x65.png 35w\" sizes=\"(max-width: 224px) 100vw, 224px\" \/>Nutella\/Vegemite en tiendas Kmart<\/h2>\n<h4>Australia<\/h4>\n<p> Las tiendas Kmart de Australia adquirieron 215 impresoras L301 para la personalizaci\u00f3n en tienda de algunas marcas de alimentos muy populares, Nutella y Vegemite. Los tarros se recog\u00edan de un expositor al final del pasillo y se presentaban a un empleado de la tienda en un mostrador de servicio cercano, donde se imprim\u00edan digitalmente las etiquetas personalizadas y se aplicaban a mano. <\/p>\n<div class=\"wp-block-image\"><img loading=\"lazy\" decoding=\"async\" class=\"wp-image-1138\" src=\"\/wp-content\/uploads\/nutella-names.jpg\" alt=\"Nutella personalizada en las tiendas Kmart\" width=\"612\" height=\"252\" srcset=\"https:\/\/dev2.afinialabel.com\/wp-content\/uploads\/nutella-names.jpg 612w, https:\/\/dev2.afinialabel.com\/wp-content\/uploads\/nutella-names-300x124.jpg 300w, https:\/\/dev2.afinialabel.com\/wp-content\/uploads\/nutella-names-275x113.jpg 275w, https:\/\/dev2.afinialabel.com\/wp-content\/uploads\/nutella-names-65x27.jpg 65w\" sizes=\"(max-width: 612px) 100vw, 612px\" \/><\/div>\n<p><strong>Durante la campa\u00f1a, se vendieron tarros en 200 tiendas a precios incrementados.<\/strong> M\u00e1s informaci\u00f3n sobre esta campa\u00f1a <a href=\"https:\/\/www.labelandnarrowweb.com\/contents\/view_breaking-news\/2018-01-30\/afinia-label-gets-personal-with-hp-and-kmart-australia\/51896\" target=\"_blank\" rel=\"noreferrer noopener\" aria-label=\"Learn more about this campaign here. (opens in a new tab)\">aqu\u00ed<\/a>. <\/p>\n<hr class=\"wp-block-separator\">\n<h2 id=\"cadbury-kmart\">Chocolate Cadbury en las tiendas Kmart<\/h2>\n<p><img loading=\"lazy\" decoding=\"async\" class=\" wp-image-1139 alignright\" src=\"\/wp-content\/uploads\/Screen-Shot-2019-07-09-at-4.32.26-PM.png\" alt=\"\" width=\"285\" height=\"213\" srcset=\"https:\/\/dev2.afinialabel.com\/wp-content\/uploads\/Screen-Shot-2019-07-09-at-4.32.26-PM.png 397w, https:\/\/dev2.afinialabel.com\/wp-content\/uploads\/Screen-Shot-2019-07-09-at-4.32.26-PM-300x224.png 300w, https:\/\/dev2.afinialabel.com\/wp-content\/uploads\/Screen-Shot-2019-07-09-at-4.32.26-PM-275x206.png 275w, https:\/\/dev2.afinialabel.com\/wp-content\/uploads\/Screen-Shot-2019-07-09-at-4.32.26-PM-65x49.png 65w\" sizes=\"(max-width: 285px) 100vw, 285px\" \/><\/p>\n<h4>Australia<\/h4>\n<p> Las tiendas Kmart de Australia volvieron a utilizar la L301 en 2019 para la personalizaci\u00f3n de etiquetas en tienda, pero esta vez con Cadbury Chocolate. Los clientes tuvieron la oportunidad exclusiva de personalizar un producto en Kmart. Las etiquetas se imprimieron digitalmente y los clientes pudieron llevarse una caja de regalo personalizada justo a tiempo para las fiestas. En el transcurso de las dos campa\u00f1as en las que hemos colaborado con Kmart, se han vendido 400.000 unidades. <\/p>\n<h2 id=\"nestle-quality\">Chocolates Nestl\u00e9 Quality Street<\/h2>\n<h4>Festival de Linternas M\u00e1gicas &#8211; Leeds, Reino Unido<\/h4>\n<p><img loading=\"lazy\" decoding=\"async\" class=\"alignright wp-image-1145\" src=\"\/wp-content\/uploads\/nestle-qualitystreet.jpg\" alt=\"\" width=\"230\" height=\"198\" srcset=\"https:\/\/dev2.afinialabel.com\/wp-content\/uploads\/nestle-qualitystreet.jpg 747w, https:\/\/dev2.afinialabel.com\/wp-content\/uploads\/nestle-qualitystreet-300x260.jpg 300w, https:\/\/dev2.afinialabel.com\/wp-content\/uploads\/nestle-qualitystreet-640x554.jpg 640w, https:\/\/dev2.afinialabel.com\/wp-content\/uploads\/nestle-qualitystreet-275x238.jpg 275w, https:\/\/dev2.afinialabel.com\/wp-content\/uploads\/nestle-qualitystreet-65x56.jpg 65w\" sizes=\"(max-width: 230px) 100vw, 230px\" \/> Los clientes del Magical Lantern Festival tuvieron la oportunidad de comprar y personalizar cajas de bombones Quality Street de Nestl\u00e9. <a href=\"https:\/\/dev2.afinialabel.com\/es\/impresoras-de-etiqueta-digitales\/l801-impresora-industrial-de-etiquetas-en-color\/\">Las L801 con tecnolog\u00eda Memjet<\/a> se utilizaron para la impresi\u00f3n a todo color y a todo lo ancho de la etiqueta con los nombres de los clientes insertados. <\/p>\n<h2 id=\"bao-candy\">Bomboner\u00edas B.A.O.<\/h2>\n<h4>Par\u00eds, Francia<\/h4>\n<p> B.A.O. de Par\u00eds (Francia) se asoci\u00f3 con nuestros socios de Incom France y utiliz\u00f3 hasta nueve impresoras L301 para la personalizaci\u00f3n en tienda de sus propios tarros de caramelos. El concepto es \u00fanico, ya que toda la tienda est\u00e1 dedicada a la personalizaci\u00f3n. Hay planes para aumentar el n\u00famero de tiendas en varios puntos de la ciudad. \n\t\t<style type=\"text\/css\">\n\t\t\t#gallery-1 {\n\t\t\t\tmargin: auto;\n\t\t\t}\n\t\t\t#gallery-1 .gallery-item {\n\t\t\t\tfloat: left;\n\t\t\t\tmargin-top: 10px;\n\t\t\t\ttext-align: center;\n\t\t\t\twidth: 100%;\n\t\t\t}\n\t\t\t#gallery-1 img {\n\t\t\t\tborder: 2px solid #cfcfcf;\n\t\t\t}\n\t\t\t#gallery-1 .gallery-caption {\n\t\t\t\tmargin-left: 0;\n\t\t\t}\n\t\t\t\/* see gallery_shortcode() in wp-includes\/media.php *\/\n\t\t<\/style>\n\t\t<div id='gallery-1' class='gallery galleryid-5952 gallery-columns-0 gallery-size-quotfullquot'><dl class='gallery-item'>\n\t\t\t<dt class='gallery-icon landscape'>\n\t\t\t\t<a href='https:\/\/dev2.afinialabel.com\/es\/bao-store-2-2\/'><img loading=\"lazy\" decoding=\"async\" width=\"750\" height=\"747\" src=\"https:\/\/dev2.afinialabel.com\/wp-content\/uploads\/BAO-store-2.jpg\" class=\"attachment-&quot;full&quot; size-&quot;full&quot;\" alt=\"\" srcset=\"https:\/\/dev2.afinialabel.com\/wp-content\/uploads\/BAO-store-2.jpg 750w, https:\/\/dev2.afinialabel.com\/wp-content\/uploads\/BAO-store-2-300x300.jpg 300w, https:\/\/dev2.afinialabel.com\/wp-content\/uploads\/BAO-store-2-150x150.jpg 150w, https:\/\/dev2.afinialabel.com\/wp-content\/uploads\/BAO-store-2-640x637.jpg 640w, https:\/\/dev2.afinialabel.com\/wp-content\/uploads\/BAO-store-2-275x274.jpg 275w, https:\/\/dev2.afinialabel.com\/wp-content\/uploads\/BAO-store-2-65x65.jpg 65w\" sizes=\"(max-width: 750px) 100vw, 750px\" \/><\/a>\n\t\t\t<\/dt><\/dl><dl class='gallery-item'>\n\t\t\t<dt class='gallery-icon landscape'>\n\t\t\t\t<a href='https:\/\/dev2.afinialabel.com\/es\/bao-store-3-2\/'><img loading=\"lazy\" decoding=\"async\" width=\"1080\" height=\"1080\" src=\"https:\/\/dev2.afinialabel.com\/wp-content\/uploads\/BAO-store-3.jpg\" class=\"attachment-&quot;full&quot; size-&quot;full&quot;\" alt=\"\" srcset=\"https:\/\/dev2.afinialabel.com\/wp-content\/uploads\/BAO-store-3.jpg 1080w, https:\/\/dev2.afinialabel.com\/wp-content\/uploads\/BAO-store-3-300x300.jpg 300w, https:\/\/dev2.afinialabel.com\/wp-content\/uploads\/BAO-store-3-1000x1000.jpg 1000w, https:\/\/dev2.afinialabel.com\/wp-content\/uploads\/BAO-store-3-150x150.jpg 150w, https:\/\/dev2.afinialabel.com\/wp-content\/uploads\/BAO-store-3-768x768.jpg 768w, https:\/\/dev2.afinialabel.com\/wp-content\/uploads\/BAO-store-3-640x640.jpg 640w, https:\/\/dev2.afinialabel.com\/wp-content\/uploads\/BAO-store-3-275x275.jpg 275w, https:\/\/dev2.afinialabel.com\/wp-content\/uploads\/BAO-store-3-65x65.jpg 65w\" sizes=\"(max-width: 1080px) 100vw, 1080px\" \/><\/a>\n\t\t\t<\/dt><\/dl><dl class='gallery-item'>\n\t\t\t<dt class='gallery-icon landscape'>\n\t\t\t\t<a href='https:\/\/dev2.afinialabel.com\/es\/bao-store-4-2\/'><img loading=\"lazy\" decoding=\"async\" width=\"1080\" height=\"1080\" src=\"https:\/\/dev2.afinialabel.com\/wp-content\/uploads\/BAO-store-4.jpg\" class=\"attachment-&quot;full&quot; size-&quot;full&quot;\" alt=\"\" srcset=\"https:\/\/dev2.afinialabel.com\/wp-content\/uploads\/BAO-store-4.jpg 1080w, https:\/\/dev2.afinialabel.com\/wp-content\/uploads\/BAO-store-4-300x300.jpg 300w, https:\/\/dev2.afinialabel.com\/wp-content\/uploads\/BAO-store-4-1000x1000.jpg 1000w, https:\/\/dev2.afinialabel.com\/wp-content\/uploads\/BAO-store-4-150x150.jpg 150w, https:\/\/dev2.afinialabel.com\/wp-content\/uploads\/BAO-store-4-768x768.jpg 768w, https:\/\/dev2.afinialabel.com\/wp-content\/uploads\/BAO-store-4-640x640.jpg 640w, https:\/\/dev2.afinialabel.com\/wp-content\/uploads\/BAO-store-4-275x275.jpg 275w, https:\/\/dev2.afinialabel.com\/wp-content\/uploads\/BAO-store-4-65x65.jpg 65w\" sizes=\"(max-width: 1080px) 100vw, 1080px\" \/><\/a>\n\t\t\t<\/dt><\/dl><dl class='gallery-item'>\n\t\t\t<dt class='gallery-icon landscape'>\n\t\t\t\t<a href='https:\/\/dev2.afinialabel.com\/es\/2018-02-21-photo-00000018-2\/'><img loading=\"lazy\" decoding=\"async\" width=\"1024\" height=\"768\" src=\"https:\/\/dev2.afinialabel.com\/wp-content\/uploads\/2018-02-21-PHOTO-00000018.jpg\" class=\"attachment-&quot;full&quot; size-&quot;full&quot;\" alt=\"\" srcset=\"https:\/\/dev2.afinialabel.com\/wp-content\/uploads\/2018-02-21-PHOTO-00000018.jpg 1024w, https:\/\/dev2.afinialabel.com\/wp-content\/uploads\/2018-02-21-PHOTO-00000018-300x225.jpg 300w, https:\/\/dev2.afinialabel.com\/wp-content\/uploads\/2018-02-21-PHOTO-00000018-1000x750.jpg 1000w, https:\/\/dev2.afinialabel.com\/wp-content\/uploads\/2018-02-21-PHOTO-00000018-768x576.jpg 768w, https:\/\/dev2.afinialabel.com\/wp-content\/uploads\/2018-02-21-PHOTO-00000018-640x480.jpg 640w, https:\/\/dev2.afinialabel.com\/wp-content\/uploads\/2018-02-21-PHOTO-00000018-275x206.jpg 275w, https:\/\/dev2.afinialabel.com\/wp-content\/uploads\/2018-02-21-PHOTO-00000018-65x49.jpg 65w\" sizes=\"(max-width: 1024px) 100vw, 1024px\" \/><\/a>\n\t\t\t<\/dt><\/dl>\n\t\t<\/div>\n Visita <a href=\"https:\/\/www.instagram.com\/bao_candybox\/\" target=\"_blank\" rel=\"noreferrer noopener\" aria-label=\"Plans are in place to increase the number of stores at various locations around the city. Visit BAO's Instagram page to see how customers are sharing their experience.\u00a0 (opens in a new tab)\">la p\u00e1gina de Instagram de BAO<\/a> para ver c\u00f3mo los clientes comparten sus experiencias desde todo el mundo. <\/p>\n<h2 id=\"fire-host\">Salsa picante Fire Hose<\/h2>\n<h4>Presentado en Adobe Max, Labelexpo, etc.<\/h4>\n<p> Afinia Label present\u00f3 botellas de salsa caliente para personalizar en varias ferias del sector de la impresi\u00f3n y la creatividad. Los clientes introducen su nombre a trav\u00e9s de un quiosco con pantalla t\u00e1ctil o una tableta y, en dos minutos, reciben una botella de salsa con un toque personal. La promoci\u00f3n fue tan popular que hubo que racionar el producto para que durara lo que duraban los actos. <\/p>\n<p><img decoding=\"async\" class=\"wp-image-1121\" src=\"\/wp-content\/uploads\/FireHose-123workflow-1000x311.png\" alt=\"\"><\/p>\n<h2>Pr\u00f3ximos pasos<\/h2>\n<p> Para obtener m\u00e1s informaci\u00f3n y analizar las caracter\u00edsticas espec\u00edficas de su etiqueta y aplicaci\u00f3n, p\u00f3ngase en contacto con nosotros a trav\u00e9s del siguiente formulario.<\/p>\n<noscript class=\"ninja-forms-noscript-message\">\n\tAviso: Se requiere JavaScript para este contenido.<\/noscript>\nNo se ha encontrado ning\u00fan campo.<div id=\"nf-form-29-cont\" class=\"nf-form-cont\" aria-live=\"polite\" aria-labelledby=\"nf-form-title-29\" aria-describedby=\"nf-form-errors-29\" role=\"form\">\n\n    <div class=\"nf-loading-spinner\"><\/div>\n\n<\/div>\n        <!-- That data is being printed as a workaround to page builders reordering the order of the scripts loaded-->\n        <script>var formDisplay=1;var nfForms=nfForms||[];var form=[];form.id='29';form.settings={\"ninjaForms\":\"Ninja Forms\",\"changeEmailErrorMsg\":\"Introduce una direcci\\u00f3n de correo electr\\u00f3nico v\\u00e1lida.\",\"changeDateErrorMsg\":\"\\u00a1Introduce una fecha v\\u00e1lida!\",\"confirmFieldErrorMsg\":\"Estos campos deben coincidir.\",\"fieldNumberNumMinError\":\"Error de n\\u00famero m\\u00ednimo\",\"fieldNumberNumMaxError\":\"Error de n\\u00famero m\\u00e1ximo\",\"fieldNumberIncrementBy\":\"Increm\\u00e9ntalo por \",\"fieldTextareaRTEInsertLink\":\"Insertar enlace\",\"fieldTextareaRTEInsertMedia\":\"Insertar medios\",\"fieldTextareaRTESelectAFile\":\"Seleccione un archivo\",\"tableInsertRowAbove\":\"Insert Row Above\",\"tableInsertRowBelow\":\"Insert Row Below\",\"tableInsertColumnLeft\":\"Insert Column Left\",\"tableInsertColumnRight\":\"Insert Column Right\",\"tableDeleteRow\":\"Delete Row\",\"tableDeleteColumn\":\"Delete Column\",\"tableDeleteTable\":\"Delete Table\",\"tableLegacyNotice\":\"This content has tables in the old editor format. Custom styles are preserved until converted. Editing will update to the new format.\",\"tableLegacyConvert\":\"Convert Now\",\"tableInsertTable\":\"Insert Table\",\"dismiss\":\"Descartar\",\"insertLink\":\"Insertar enlace\",\"formErrorsCorrectErrors\":\"Corrige los errores antes de enviar este formulario.\",\"formHoneypot\":\"Si eres un ser humano y est\\u00e1s viendo este campo, por favor d\\u00e9jalo vac\\u00edo.\",\"validateRequiredField\":\"Esto es un campo obligatorio.\",\"honeypotHoneypotError\":\"Error de Honeypot\",\"fileUploadOldCodeFileUploadInProgress\":\"Subida de archivo en curso.\",\"fileUploadOldCodeFileUpload\":\"SUBIDA DE ARCHIVO\",\"currencySymbol\":\"&#36;\",\"fieldsMarkedRequired\":\"Los campos marcados con <span class=\\\"ninja-forms-req-symbol\\\">*<\\\/span> son obligatorios\",\"thousands_sep\":\".\",\"decimal_point\":\",\",\"siteLocale\":\"es_ES\",\"dateFormat\":\"m\\\/d\\\/Y\",\"startOfWeek\":\"1\",\"of\":\"de\",\"previousMonth\":\"Mes anterior\",\"nextMonth\":\"Pr\\u00f3ximo mes\",\"months\":[\"Enero\",\"Febrero\",\"Marzo\",\"Abril\",\"Mayo\",\"Junio\",\"Julio\",\"Agosto\",\"Septiembre\",\"Octubre\",\"Noviembre\",\"Diciembre\"],\"monthsShort\":[\"Ene\",\"Feb\",\"Mar\",\"Abr\",\"Mayo\",\"Jun\",\"Jul\",\"Ago\",\"Sep\",\"Oct\",\"Nov\",\"Dic\"],\"weekdays\":[\"Domingo\",\"Lunes\",\"Martes\",\"Mi\\u00e9rcoles\",\"Jueves\",\"Viernes\",\"S\\u00e1bado\"],\"weekdaysShort\":[\"Dom\",\"Lun\",\"Mar\",\"Mi\\u00e9\",\"Jue\",\"Vie\",\"S\\u00e1b\"],\"weekdaysMin\":[\"Do\",\"Lu\",\"Ma\",\"Mi\",\"Ju\",\"Vi\",\"S\\u00e1\"],\"recaptchaConsentMissing\":\"reCaptcha validation couldn&#039;t load.\",\"recaptchaMissingCookie\":\"reCaptcha v3 validation couldn&#039;t load the cookie needed to submit the form.\",\"recaptchaConsentEvent\":\"Accept reCaptcha cookies before sending the form.\",\"embed_form\":\"\",\"currency_symbol\":\"\",\"title\":\"\",\"beforeForm\":\"\",\"beforeFields\":\"\",\"afterFields\":\"\",\"afterForm\":\"\"};form.fields=[];nfForms.push(form);<\/script>\n        <script id=\"tmpl-nf-mp-form-content\" type=\"text\/template\">\n\t<div class=\"nf-mp-header\"><\/div>\n\t<div class=\"nf-mp-body\"><\/div>\n\t<div class=\"nf-mp-footer\"><\/div>\n<\/script>\n\n\n<script id=\"tmpl-nf-mp-header\" type=\"text\/template\">\n\t{{{ data.renderProgressBar() }}}\n\t{{{ data.renderBreadcrumbs() }}}\n\t{{{ data.renderPartTitle() }}}\n<\/script>\n<script id=\"tmpl-nf-mp-part-title\" type=\"text\/template\">\n\t<h3>\n\t\t{{{ data.title }}}\n\t<\/h3>\n<\/script>\n\n<script id=\"tmpl-nf-mp-footer\" type=\"text\/template\">\n\t{{{ data.renderNextPrevious() }}}\n<\/script>\n\n<script id=\"tmpl-nf-mp-next-previous\" type=\"text\/template\">\n\t<ul class=\"nf-next-previous\">\n\t\t<# if ( data.showPrevious ) { #>\n\t\t<li class=\"nf-previous-item\">\n\t\t\t<input type=\"button\" class=\"nf-previous\" value=\"{{{ data.prevLabel }}}\" \/>\n\t\t<\/li>\n\t\t<# } #>\n\n\t\t<# if ( data.showNext ) { #>\n\t\t<li class=\"nf-next-item\">\n\t\t\t<input type=\"button\" class=\"nf-next\" value=\"{{{ data.nextLabel }}}\" \/>\n\t\t<\/li>\n\t\t<# } #>\n\t<\/ul>\n<\/script>\n\n<script id=\"tmpl-nf-mp-breadcrumbs\" type=\"text\/template\">\n\t<ul class=\"nf-breadcrumbs\">\n\t\t<# _.each( data.parts, function( part, index ) { #>\n\t\t<li class=\"{{{ ( data.currentIndex == index ) ? 'active' : '' }}} {{{ ( part.errors ) ? 'errors' : '' }}}\">\n\t\t\t<a href=\"#\" class=\"nf-breadcrumb\" data-index=\"{{{ index }}}\">{{{ ( part.errors ) ? '' : '' }}} {{{ part.title }}}<\/a>\n\t\t<\/li>\n\t\t<# } ); #>\n\t<\/ul>\n<\/script>\n\n<script id=\"tmpl-nf-mp-progress-bar\" type=\"text\/template\">\n    <div class=\"nf-progress-container\">\n        <div class=\"nf-progress\" style=\"width: {{{ data.percent }}}%;\"><\/div>\n    <\/div>\n<\/script>        <script id=\"nf-tmpl-cell\" type=\"text\/template\">\n            <nf-fields><\/nf-fields>\n        <\/script>\n\n        <script id=\"nf-tmpl-row\" type=\"text\/template\">\n            <nf-cells><\/nf-cells>\n        <\/script>\n\n        ","protected":false},"excerpt":{"rendered":"Casos reales Marcas de todo el mundo utilizan la personalizaci\u00f3n de etiquetas en las tiendas para conectar con sus clientes. La impresi\u00f3n de etiquetas in situ se ha convertido en una t\u00e1ctica de venta al por menor de innegable \u00e9xito. Las empresas est\u00e1n aprovechando este poder para conectar con los clientes a nivel personal con&#8230; <a class=\"view-article\" href=\"https:\/\/dev2.afinialabel.com\/es\/personalizacion-del-comercio-minorista\/ejemplos\/\">Ver art\u00edculo<\/a>","protected":false},"author":3,"featured_media":0,"parent":5964,"menu_order":57,"comment_status":"closed","ping_status":"closed","template":"","meta":{"_acf_changed":false,"footnotes":""},"class_list":["post-5952","page","type-page","status-publish","hentry"],"acf":[],"yoast_head":"<!-- This site is optimized with the Yoast SEO Premium plugin v27.5 (Yoast SEO v27.5) - https:\/\/yoast.com\/product\/yoast-seo-premium-wordpress\/ -->\n<title>Ejemplos de personalizaci\u00f3n de etiquetas para minoristas &#187; Afinia Label - Make Your Own Labels<\/title>\n<meta name=\"description\" content=\"Digital Color Label Printers and Finishers - Ejemplos de personalizaci\u00f3n de etiquetas para minoristas\" \/>\n<meta name=\"robots\" content=\"index, follow, max-snippet:-1, max-image-preview:large, max-video-preview:-1\" \/>\n<link rel=\"canonical\" href=\"https:\/\/dev2.afinialabel.com\/es\/personalizacion-del-comercio-minorista\/ejemplos\/\" \/>\n<meta property=\"og:locale\" content=\"es_ES\" \/>\n<meta property=\"og:type\" content=\"article\" \/>\n<meta property=\"og:title\" content=\"Ejemplos de personalizaci\u00f3n de etiquetas para minoristas\" \/>\n<meta property=\"og:description\" content=\"Casos reales Marcas de todo el mundo utilizan la personalizaci\u00f3n de etiquetas en las tiendas para conectar con sus clientes. La impresi\u00f3n de etiquetas in\" \/>\n<meta property=\"og:url\" content=\"https:\/\/dev2.afinialabel.com\/es\/personalizacion-del-comercio-minorista\/ejemplos\/\" \/>\n<meta property=\"og:site_name\" content=\"Afinia Label - Make Your Own Labels\" \/>\n<meta property=\"article:modified_time\" content=\"2026-02-14T10:33:10+00:00\" \/>\n<meta property=\"og:image\" content=\"https:\/\/dev2.afinialabel.com\/wp-content\/uploads\/BAO-store-2.jpg\" \/>\n<meta name=\"twitter:card\" content=\"summary_large_image\" \/>\n<meta name=\"twitter:site\" content=\"@afinialabel\" \/>\n<meta name=\"twitter:label1\" content=\"Tiempo de lectura\" \/>\n\t<meta name=\"twitter:data1\" content=\"3 minutos\" \/>\n<!-- \/ Yoast SEO Premium plugin. -->","yoast_head_json":{"title":"Ejemplos de personalizaci\u00f3n de etiquetas para minoristas &#187; Afinia Label - Make Your Own Labels","description":"Digital Color Label Printers and Finishers - Ejemplos de personalizaci\u00f3n de etiquetas para minoristas","robots":{"index":"index","follow":"follow","max-snippet":"max-snippet:-1","max-image-preview":"max-image-preview:large","max-video-preview":"max-video-preview:-1"},"canonical":"https:\/\/dev2.afinialabel.com\/es\/personalizacion-del-comercio-minorista\/ejemplos\/","og_locale":"es_ES","og_type":"article","og_title":"Ejemplos de personalizaci\u00f3n de etiquetas para minoristas","og_description":"Casos reales Marcas de todo el mundo utilizan la personalizaci\u00f3n de etiquetas en las tiendas para conectar con sus clientes. La impresi\u00f3n de etiquetas in","og_url":"https:\/\/dev2.afinialabel.com\/es\/personalizacion-del-comercio-minorista\/ejemplos\/","og_site_name":"Afinia Label - Make Your Own Labels","article_modified_time":"2026-02-14T10:33:10+00:00","og_image":[{"url":"https:\/\/dev2.afinialabel.com\/wp-content\/uploads\/BAO-store-2.jpg","type":"","width":"","height":""}],"twitter_card":"summary_large_image","twitter_site":"@afinialabel","twitter_misc":{"Tiempo de lectura":"3 minutos"},"schema":{"@context":"https:\/\/schema.org","@graph":[{"@type":"WebPage","@id":"https:\/\/dev2.afinialabel.com\/es\/personalizacion-del-comercio-minorista\/ejemplos\/","url":"https:\/\/dev2.afinialabel.com\/es\/personalizacion-del-comercio-minorista\/ejemplos\/","name":"Ejemplos de personalizaci\u00f3n de etiquetas para minoristas &#187; Afinia Label - Make Your Own Labels","isPartOf":{"@id":"https:\/\/dev2.afinialabel.com\/es\/#website"},"datePublished":"2023-03-27T17:52:30+00:00","dateModified":"2026-02-14T10:33:10+00:00","description":"Digital Color Label Printers and Finishers - Ejemplos de personalizaci\u00f3n de etiquetas para minoristas","breadcrumb":{"@id":"https:\/\/dev2.afinialabel.com\/es\/personalizacion-del-comercio-minorista\/ejemplos\/#breadcrumb"},"inLanguage":"es","potentialAction":[{"@type":"ReadAction","target":["https:\/\/dev2.afinialabel.com\/es\/personalizacion-del-comercio-minorista\/ejemplos\/"]}]},{"@type":"BreadcrumbList","@id":"https:\/\/dev2.afinialabel.com\/es\/personalizacion-del-comercio-minorista\/ejemplos\/#breadcrumb","itemListElement":[{"@type":"ListItem","position":1,"name":"Home","item":"https:\/\/dev2.afinialabel.com\/es\/"},{"@type":"ListItem","position":2,"name":"Personalizaci\u00f3n del comercio minorista","item":"https:\/\/dev2.afinialabel.com\/es\/personalizacion-del-comercio-minorista\/"},{"@type":"ListItem","position":3,"name":"Ejemplos de personalizaci\u00f3n de etiquetas para minoristas"}]},{"@type":"WebSite","@id":"https:\/\/dev2.afinialabel.com\/es\/#website","url":"https:\/\/dev2.afinialabel.com\/es\/","name":"Afinia Label - Make Your Own Labels","description":"Digital Color Label Printers and Finishers","publisher":{"@id":"https:\/\/dev2.afinialabel.com\/es\/#organization"},"potentialAction":[{"@type":"SearchAction","target":{"@type":"EntryPoint","urlTemplate":"https:\/\/dev2.afinialabel.com\/es\/?s={search_term_string}"},"query-input":{"@type":"PropertyValueSpecification","valueRequired":true,"valueName":"search_term_string"}}],"inLanguage":"es"},{"@type":"Organization","@id":"https:\/\/dev2.afinialabel.com\/es\/#organization","name":"Afinia Label","url":"https:\/\/dev2.afinialabel.com\/es\/","logo":{"@type":"ImageObject","inLanguage":"es","@id":"https:\/\/dev2.afinialabel.com\/es\/#\/schema\/logo\/image\/","url":"https:\/\/dev2.afinialabel.com\/wp-content\/uploads\/logo-light.svg","contentUrl":"https:\/\/dev2.afinialabel.com\/wp-content\/uploads\/logo-light.svg","width":190,"height":36,"caption":"Afinia Label"},"image":{"@id":"https:\/\/dev2.afinialabel.com\/es\/#\/schema\/logo\/image\/"},"sameAs":["https:\/\/x.com\/afinialabel","https:\/\/www.youtube.com\/channel\/UC7oqak2m5QABw4LzXLuWCaA"]}]}},"_links":{"self":[{"href":"https:\/\/dev2.afinialabel.com\/es\/wp-json\/wp\/v2\/pages\/5952","targetHints":{"allow":["GET"]}}],"collection":[{"href":"https:\/\/dev2.afinialabel.com\/es\/wp-json\/wp\/v2\/pages"}],"about":[{"href":"https:\/\/dev2.afinialabel.com\/es\/wp-json\/wp\/v2\/types\/page"}],"author":[{"embeddable":true,"href":"https:\/\/dev2.afinialabel.com\/es\/wp-json\/wp\/v2\/users\/3"}],"replies":[{"embeddable":true,"href":"https:\/\/dev2.afinialabel.com\/es\/wp-json\/wp\/v2\/comments?post=5952"}],"version-history":[{"count":0,"href":"https:\/\/dev2.afinialabel.com\/es\/wp-json\/wp\/v2\/pages\/5952\/revisions"}],"up":[{"embeddable":true,"href":"https:\/\/dev2.afinialabel.com\/es\/wp-json\/wp\/v2\/pages\/5964"}],"wp:attachment":[{"href":"https:\/\/dev2.afinialabel.com\/es\/wp-json\/wp\/v2\/media?parent=5952"}],"curies":[{"name":"wp","href":"https:\/\/api.w.org\/{rel}","templated":true}]}}