{"id":5829,"date":"2023-03-16T18:34:26","date_gmt":"2023-03-16T18:34:26","guid":{"rendered":"https:\/\/dev2.afinialabel.com\/software\/"},"modified":"2024-09-24T00:24:30","modified_gmt":"2024-09-24T00:24:30","slug":"software","status":"publish","type":"page","link":"https:\/\/dev2.afinialabel.com\/es\/software\/","title":{"rendered":"Software"},"content":{"rendered":"<p>Las impresoras Afinia Label funcionan con un controlador basado en Windows, lo que las hace compatibles con casi cualquier aplicaci\u00f3n de Windows. Aunque <strong>Afinia no vende software<\/strong> como parte de nuestros servicios, hay muchas opciones disponibles, desde simples lectores de PDF de &quot;impresi\u00f3n con un solo clic&quot; hasta impresi\u00f3n avanzada de etiquetas e integraci\u00f3n de bases de datos. Tambi\u00e9n podemos utilizar herramientas avanzadas de igualaci\u00f3n de colores. \u00bfPreguntas? Explore los enlaces siguientes o <a href=\"\/contact\/\">p\u00f3ngase en contacto con nuestros especialistas en etiquetas<\/a> para obtener m\u00e1s informaci\u00f3n. <\/p>\n<hr>\n<h2><a href=\"https:\/\/get2.adobe.com\/reader\/\"><img decoding=\"async\" class=\"alignright wp-image-1097\" src=\"\/wp-content\/uploads\/adobereader.png\" alt=\"Descargar Adobe Reader gratis\" width=\"301\" height=\"121\" srcset=\"https:\/\/dev2.afinialabel.com\/wp-content\/uploads\/adobereader.png 512w, https:\/\/dev2.afinialabel.com\/wp-content\/uploads\/adobereader-300x121.png 300w, https:\/\/dev2.afinialabel.com\/wp-content\/uploads\/adobereader-275x111.png 275w, https:\/\/dev2.afinialabel.com\/wp-content\/uploads\/adobereader-65x26.png 65w\" sizes=\"(max-width: 301px) 100vw, 301px\" \/><\/a><\/h2>\n<h2>Adobe Reader<\/h2>\n<h3>Imprime f\u00e1cilmente desde documentos PDF<\/h3>\n<p> Adobe Reader es una de las formas m\u00e1s comunes y sencillas de empezar a imprimir sus propias etiquetas. <a class=\"btn\" href=\"https:\/\/get2.adobe.com\/reader\/\" target=\"_blank\" rel=\"noopener noreferrer\">Descargar Adobe Reader Gratis<\/a><\/p>\n<hr>\n<h2><img decoding=\"async\" class=\"alignright wp-image-1094\" src=\"\/wp-content\/uploads\/bartender-logo-1.png\" alt=\"Pruebe gratis durante 30 d\u00edas BarTender de Seagull Scientific\" width=\"234\" height=\"55\" srcset=\"https:\/\/dev2.afinialabel.com\/wp-content\/uploads\/bartender-logo-1.png 400w, https:\/\/dev2.afinialabel.com\/wp-content\/uploads\/bartender-logo-1-300x71.png 300w, https:\/\/dev2.afinialabel.com\/wp-content\/uploads\/bartender-logo-1-275x65.png 275w, https:\/\/dev2.afinialabel.com\/wp-content\/uploads\/bartender-logo-1-65x15.png 65w\" sizes=\"(max-width: 234px) 100vw, 234px\" \/><\/h2>\n<h2>BarTender de Seagull Scientific<\/h2>\n<h3>Impresi\u00f3n avanzada de etiquetas, incluidos datos variables e integraci\u00f3n de bases de datos<\/h3>\n<p> Seagull Scientific ofrece una prueba gratuita de 30 d\u00edas de BarTender, que permite crear etiquetas utilizando funciones de las ediciones Professional, Automation y Enterprise. Este programa permite modificar los datos sobre la marcha o mediante la integraci\u00f3n en una base de datos. <a class=\"btn\" title=\"Descargar Bartender Gratis\" href=\"https:\/\/www.seagullscientific.com\/free-edition-download\/?TrackData=ReferralAccount~U0000665*ReferralCampaign~CMP-01294-P2B5S1#sign-up-form\" target=\"_blank\" rel=\"noopener noreferrer\">Prueba de 30 d\u00edas de BarTender<\/a><\/p>\n<hr>\n<h2>Wasatch SoftRIP<\/h2>\n<h3>Un sofisticado software RIP para un control preciso del color<\/h3>\n<p><img decoding=\"async\" class=\"alignright wp-image-1096 size-medium\" src=\"\/wp-content\/uploads\/wasatch-logo.png\" alt=\"Software Wasatch SoftRIP\" width=\"300\" height=\"164\" srcset=\"https:\/\/dev2.afinialabel.com\/wp-content\/uploads\/wasatch-logo.png 400w, https:\/\/dev2.afinialabel.com\/wp-content\/uploads\/wasatch-logo-300x164.png 300w, https:\/\/dev2.afinialabel.com\/wp-content\/uploads\/wasatch-logo-275x151.png 275w, https:\/\/dev2.afinialabel.com\/wp-content\/uploads\/wasatch-logo-65x36.png 65w\" sizes=\"(max-width: 300px) 100vw, 300px\" \/>Con una configuraci\u00f3n sencilla, un flujo de trabajo intuitivo y potentes controles de impresi\u00f3n, SoftRIP le ahorra tiempo y dinero a la vez que produce un color de excelente calidad. Con SoftRIP, no hace falta ser un experto para imprimir como tal. No importa lo grande o complejo que sea su entorno de producci\u00f3n, SoftRIP tiene las herramientas que necesita para un control total. Wasatch SoftRIP le ofrece la combinaci\u00f3n perfecta de f\u00e1cil manejo y sofisticadas funciones. Los nuevos usuarios podr\u00e1n empezar a trabajar en cuesti\u00f3n de minutos gracias a sus controles de color f\u00e1ciles de usar, sus configuraciones de imagen plug-and-play y su r\u00e1pida instalaci\u00f3n. Los expertos en impresi\u00f3n encontrar\u00e1n los intrincados controles y las innovadoras herramientas necesarias para implementar incluso los flujos de trabajo de producci\u00f3n y color m\u00e1s complejos para obtener unos resultados de calidad inigualable. <img loading=\"lazy\" decoding=\"async\" class=\"aligncenter wp-image-1095 size-full\" src=\"\/wp-content\/uploads\/wasatch.png\" alt=\"Resumen de funciones de Wasatch SoftRIP\" width=\"700\" height=\"200\" srcset=\"https:\/\/dev2.afinialabel.com\/wp-content\/uploads\/wasatch.png 700w, https:\/\/dev2.afinialabel.com\/wp-content\/uploads\/wasatch-300x86.png 300w, https:\/\/dev2.afinialabel.com\/wp-content\/uploads\/wasatch-640x183.png 640w, https:\/\/dev2.afinialabel.com\/wp-content\/uploads\/wasatch-275x79.png 275w, https:\/\/dev2.afinialabel.com\/wp-content\/uploads\/wasatch-65x19.png 65w\" sizes=\"(max-width: 700px) 100vw, 700px\" \/><\/p>\n<p><a class=\"btn\" title=\"Wasatch SoftRIP\" href=\"https:\/\/www.wasatch.com\/\" target=\"_blank\" rel=\"noopener noreferrer\">Sitio web de Wasatch SoftRIP<\/a><\/p>\n","protected":false},"excerpt":{"rendered":"Las impresoras Afinia Label funcionan con un controlador basado en Windows, lo que las hace compatibles con casi cualquier aplicaci\u00f3n de Windows. Aunque Afinia no vende software como parte de nuestros servicios, hay muchas opciones disponibles, desde simples lectores de PDF de &quot;impresi\u00f3n con un solo clic&quot; hasta impresi\u00f3n avanzada de etiquetas e integraci\u00f3n de&#8230; <a class=\"view-article\" href=\"https:\/\/dev2.afinialabel.com\/es\/software\/\">Ver art\u00edculo<\/a>","protected":false},"author":3,"featured_media":0,"parent":0,"menu_order":111,"comment_status":"closed","ping_status":"closed","template":"","meta":{"_acf_changed":false,"footnotes":""},"class_list":["post-5829","page","type-page","status-publish","hentry"],"acf":[],"yoast_head":"<!-- This site is optimized with the Yoast SEO Premium plugin v27.5 (Yoast SEO v27.5) - https:\/\/yoast.com\/product\/yoast-seo-premium-wordpress\/ -->\n<title>Software &#187; Afinia Label - Make Your Own Labels<\/title>\n<meta name=\"description\" content=\"Digital Color Label Printers and Finishers - Software\" \/>\n<meta name=\"robots\" content=\"index, follow, max-snippet:-1, max-image-preview:large, max-video-preview:-1\" \/>\n<link rel=\"canonical\" href=\"https:\/\/dev2.afinialabel.com\/es\/software\/\" \/>\n<meta property=\"og:locale\" content=\"es_ES\" \/>\n<meta property=\"og:type\" content=\"article\" \/>\n<meta property=\"og:title\" content=\"Software\" \/>\n<meta property=\"og:description\" content=\"Las impresoras Afinia Label funcionan con un controlador basado en Windows, lo que las hace compatibles con casi cualquier aplicaci\u00f3n de Windows. Aunque\" \/>\n<meta property=\"og:url\" content=\"https:\/\/dev2.afinialabel.com\/es\/software\/\" \/>\n<meta property=\"og:site_name\" content=\"Afinia Label - Make Your Own Labels\" \/>\n<meta property=\"article:modified_time\" content=\"2024-09-24T00:24:30+00:00\" \/>\n<meta name=\"twitter:card\" content=\"summary_large_image\" \/>\n<meta name=\"twitter:site\" content=\"@afinialabel\" \/>\n<meta name=\"twitter:label1\" content=\"Tiempo de lectura\" \/>\n\t<meta name=\"twitter:data1\" content=\"2 minutos\" \/>\n<!-- \/ Yoast SEO Premium plugin. -->","yoast_head_json":{"title":"Software &#187; Afinia Label - Make Your Own Labels","description":"Digital Color Label Printers and Finishers - Software","robots":{"index":"index","follow":"follow","max-snippet":"max-snippet:-1","max-image-preview":"max-image-preview:large","max-video-preview":"max-video-preview:-1"},"canonical":"https:\/\/dev2.afinialabel.com\/es\/software\/","og_locale":"es_ES","og_type":"article","og_title":"Software","og_description":"Las impresoras Afinia Label funcionan con un controlador basado en Windows, lo que las hace compatibles con casi cualquier aplicaci\u00f3n de Windows. Aunque","og_url":"https:\/\/dev2.afinialabel.com\/es\/software\/","og_site_name":"Afinia Label - Make Your Own Labels","article_modified_time":"2024-09-24T00:24:30+00:00","twitter_card":"summary_large_image","twitter_site":"@afinialabel","twitter_misc":{"Tiempo de lectura":"2 minutos"},"schema":{"@context":"https:\/\/schema.org","@graph":[{"@type":"WebPage","@id":"https:\/\/dev2.afinialabel.com\/es\/software\/","url":"https:\/\/dev2.afinialabel.com\/es\/software\/","name":"Software &#187; Afinia Label - Make Your Own Labels","isPartOf":{"@id":"https:\/\/dev2.afinialabel.com\/es\/#website"},"datePublished":"2023-03-16T18:34:26+00:00","dateModified":"2024-09-24T00:24:30+00:00","description":"Digital Color Label Printers and Finishers - Software","breadcrumb":{"@id":"https:\/\/dev2.afinialabel.com\/es\/software\/#breadcrumb"},"inLanguage":"es","potentialAction":[{"@type":"ReadAction","target":["https:\/\/dev2.afinialabel.com\/es\/software\/"]}]},{"@type":"BreadcrumbList","@id":"https:\/\/dev2.afinialabel.com\/es\/software\/#breadcrumb","itemListElement":[{"@type":"ListItem","position":1,"name":"Home","item":"https:\/\/dev2.afinialabel.com\/es\/"},{"@type":"ListItem","position":2,"name":"Software"}]},{"@type":"WebSite","@id":"https:\/\/dev2.afinialabel.com\/es\/#website","url":"https:\/\/dev2.afinialabel.com\/es\/","name":"Afinia Label - Make Your Own Labels","description":"Digital Color Label Printers and Finishers","publisher":{"@id":"https:\/\/dev2.afinialabel.com\/es\/#organization"},"potentialAction":[{"@type":"SearchAction","target":{"@type":"EntryPoint","urlTemplate":"https:\/\/dev2.afinialabel.com\/es\/?s={search_term_string}"},"query-input":{"@type":"PropertyValueSpecification","valueRequired":true,"valueName":"search_term_string"}}],"inLanguage":"es"},{"@type":"Organization","@id":"https:\/\/dev2.afinialabel.com\/es\/#organization","name":"Afinia Label","url":"https:\/\/dev2.afinialabel.com\/es\/","logo":{"@type":"ImageObject","inLanguage":"es","@id":"https:\/\/dev2.afinialabel.com\/es\/#\/schema\/logo\/image\/","url":"https:\/\/dev2.afinialabel.com\/wp-content\/uploads\/logo-light.svg","contentUrl":"https:\/\/dev2.afinialabel.com\/wp-content\/uploads\/logo-light.svg","width":190,"height":36,"caption":"Afinia Label"},"image":{"@id":"https:\/\/dev2.afinialabel.com\/es\/#\/schema\/logo\/image\/"},"sameAs":["https:\/\/x.com\/afinialabel","https:\/\/www.youtube.com\/channel\/UC7oqak2m5QABw4LzXLuWCaA"]}]}},"_links":{"self":[{"href":"https:\/\/dev2.afinialabel.com\/es\/wp-json\/wp\/v2\/pages\/5829","targetHints":{"allow":["GET"]}}],"collection":[{"href":"https:\/\/dev2.afinialabel.com\/es\/wp-json\/wp\/v2\/pages"}],"about":[{"href":"https:\/\/dev2.afinialabel.com\/es\/wp-json\/wp\/v2\/types\/page"}],"author":[{"embeddable":true,"href":"https:\/\/dev2.afinialabel.com\/es\/wp-json\/wp\/v2\/users\/3"}],"replies":[{"embeddable":true,"href":"https:\/\/dev2.afinialabel.com\/es\/wp-json\/wp\/v2\/comments?post=5829"}],"version-history":[{"count":0,"href":"https:\/\/dev2.afinialabel.com\/es\/wp-json\/wp\/v2\/pages\/5829\/revisions"}],"wp:attachment":[{"href":"https:\/\/dev2.afinialabel.com\/es\/wp-json\/wp\/v2\/media?parent=5829"}],"curies":[{"name":"wp","href":"https:\/\/api.w.org\/{rel}","templated":true}]}}