{"id":241840,"date":"2023-04-13T16:43:56","date_gmt":"2023-04-13T16:43:56","guid":{"rendered":"https:\/\/dev2.afinialabel.com\/acerca-de-afinia\/hp-thermal-inkjet-printing\/"},"modified":"2024-11-22T04:43:42","modified_gmt":"2024-11-22T04:43:42","slug":"hp-thermal-inkjet-printing","status":"publish","type":"page","link":"https:\/\/dev2.afinialabel.com\/es\/acerca-de-afinia\/hp-thermal-inkjet-printing\/","title":{"rendered":"Impresi\u00f3n t\u00e9rmica de inyecci\u00f3n de tinta HP"},"content":{"rendered":"<h3>Para todas las necesidades<\/h3>\n<p> La tecnolog\u00eda de inyecci\u00f3n t\u00e9rmica de tinta (TIJ) de HP ofrece una versatilidad incre\u00edble, lo que la convierte en una opci\u00f3n popular en todo el mundo para una amplia gama de necesidades de impresi\u00f3n de etiquetas. <\/p>\n<h3>Etiqueta HP y Afinia<\/h3>\n<p> HP se compromete a innovar para todos, transformando la forma en que las personas trabajan y viven. Afinia Label incorpora esa tecnolog\u00eda innovadora a las impresoras de etiquetas para ofrecer productos fiables y de alta calidad a las empresas que desean aumentar la rentabilidad de su inversi\u00f3n. <\/p>\n<p style=\"text-align: center\"><img fetchpriority=\"high\" decoding=\"async\" class=\"aligncenter wp-image-1538 size-full\" src=\"\/wp-content\/uploads\/hp-l301-l501.jpg\" alt=\"Tecnolog\u00eda de inyecci\u00f3n de tinta HP en las impresoras de etiquetas en color Afinia Label\" width=\"1200\" height=\"400\" srcset=\"https:\/\/dev2.afinialabel.com\/wp-content\/uploads\/hp-l301-l501.jpg 1200w, https:\/\/dev2.afinialabel.com\/wp-content\/uploads\/hp-l301-l501-300x100.jpg 300w, https:\/\/dev2.afinialabel.com\/wp-content\/uploads\/hp-l301-l501-1000x333.jpg 1000w, https:\/\/dev2.afinialabel.com\/wp-content\/uploads\/hp-l301-l501-768x256.jpg 768w, https:\/\/dev2.afinialabel.com\/wp-content\/uploads\/hp-l301-l501-640x213.jpg 640w, https:\/\/dev2.afinialabel.com\/wp-content\/uploads\/hp-l301-l501-275x92.jpg 275w, https:\/\/dev2.afinialabel.com\/wp-content\/uploads\/hp-l301-l501-65x22.jpg 65w\" sizes=\"(max-width: 1200px) 100vw, 1200px\" \/><\/p>\n<p> Afinia Label incorpora la tecnolog\u00eda de inyecci\u00f3n t\u00e9rmica de tinta HP en varias impresoras de etiquetas, como la <a href=\"\/digital-label-printers\/l301-small-business-color-label-printer\/\">L301 Small Business Color Label Printer<\/a> y la <a href=\"\/digital-label-printers\/l502-duo-ink-industrial-color-label-printer\/\">L502 Duo Ink Label Printer<\/a>, para ofrecer a los clientes una capacidad de impresi\u00f3n de etiquetas econ\u00f3mica, f\u00e1cil de usar y de calidad profesional. <\/p>\n<h3>Por qu\u00e9 la gente elige HP TIJ<\/h3>\n<p> La fiabilidad es una necesidad en la impresi\u00f3n de etiquetas y una caracter\u00edstica fundamental de la tecnolog\u00eda de inyecci\u00f3n de tinta t\u00e9rmica de HP. Tambi\u00e9n es f\u00e1cil de usar, y HP Specialty Printing Systems (SPS) proporciona las herramientas necesarias para garantizar una integraci\u00f3n r\u00e1pida y satisfactoria en su empresa, minimizando los costes de desarrollo y acelerando su llegada a productos v\u00edvidos y bellamente etiquetados. Como socio de SPS desde hace muchos a\u00f1os, Afinia Label tiene mucha experiencia en la integraci\u00f3n de la tecnolog\u00eda TIJ de HP.<\/p>\n","protected":false},"excerpt":{"rendered":"Para todas las necesidades La tecnolog\u00eda de inyecci\u00f3n t\u00e9rmica de tinta (TIJ) de HP ofrece una versatilidad incre\u00edble, lo que la convierte en una opci\u00f3n popular en todo el mundo para una amplia gama de necesidades de impresi\u00f3n de etiquetas. Etiqueta HP y Afinia HP se compromete a innovar para todos, transformando la forma en&#8230; <a class=\"view-article\" href=\"https:\/\/dev2.afinialabel.com\/es\/acerca-de-afinia\/hp-thermal-inkjet-printing\/\">Ver art\u00edculo<\/a>","protected":false},"author":3,"featured_media":0,"parent":241800,"menu_order":235,"comment_status":"closed","ping_status":"closed","template":"","meta":{"_acf_changed":false,"footnotes":""},"class_list":["post-241840","page","type-page","status-publish","hentry"],"acf":[],"yoast_head":"<!-- This site is optimized with the Yoast SEO Premium plugin v27.5 (Yoast SEO v27.5) - https:\/\/yoast.com\/product\/yoast-seo-premium-wordpress\/ -->\n<title>Impresi\u00f3n t\u00e9rmica de inyecci\u00f3n de tinta HP &#187; Afinia Label - Make Your Own Labels<\/title>\n<meta name=\"description\" content=\"Digital Color Label Printers and Finishers - Impresi\u00f3n t\u00e9rmica de inyecci\u00f3n de tinta HP\" \/>\n<meta name=\"robots\" content=\"index, follow, max-snippet:-1, max-image-preview:large, max-video-preview:-1\" \/>\n<link rel=\"canonical\" href=\"https:\/\/dev2.afinialabel.com\/es\/acerca-de-afinia\/hp-thermal-inkjet-printing\/\" \/>\n<meta property=\"og:locale\" content=\"es_ES\" \/>\n<meta property=\"og:type\" content=\"article\" \/>\n<meta property=\"og:title\" content=\"Impresi\u00f3n t\u00e9rmica de inyecci\u00f3n de tinta HP\" \/>\n<meta property=\"og:description\" content=\"Para todas las necesidades La tecnolog\u00eda de inyecci\u00f3n t\u00e9rmica de tinta (TIJ) de HP ofrece una versatilidad incre\u00edble, lo que la convierte en una opci\u00f3n\" \/>\n<meta property=\"og:url\" content=\"https:\/\/dev2.afinialabel.com\/es\/acerca-de-afinia\/hp-thermal-inkjet-printing\/\" \/>\n<meta property=\"og:site_name\" content=\"Afinia Label - Make Your Own Labels\" \/>\n<meta property=\"article:modified_time\" content=\"2024-11-22T04:43:42+00:00\" \/>\n<meta name=\"twitter:card\" content=\"summary_large_image\" \/>\n<meta name=\"twitter:site\" content=\"@afinialabel\" \/>\n<meta name=\"twitter:label1\" content=\"Tiempo de lectura\" \/>\n\t<meta name=\"twitter:data1\" content=\"1 minuto\" \/>\n<!-- \/ Yoast SEO Premium plugin. -->","yoast_head_json":{"title":"Impresi\u00f3n t\u00e9rmica de inyecci\u00f3n de tinta HP &#187; Afinia Label - Make Your Own Labels","description":"Digital Color Label Printers and Finishers - Impresi\u00f3n t\u00e9rmica de inyecci\u00f3n de tinta HP","robots":{"index":"index","follow":"follow","max-snippet":"max-snippet:-1","max-image-preview":"max-image-preview:large","max-video-preview":"max-video-preview:-1"},"canonical":"https:\/\/dev2.afinialabel.com\/es\/acerca-de-afinia\/hp-thermal-inkjet-printing\/","og_locale":"es_ES","og_type":"article","og_title":"Impresi\u00f3n t\u00e9rmica de inyecci\u00f3n de tinta HP","og_description":"Para todas las necesidades La tecnolog\u00eda de inyecci\u00f3n t\u00e9rmica de tinta (TIJ) de HP ofrece una versatilidad incre\u00edble, lo que la convierte en una opci\u00f3n","og_url":"https:\/\/dev2.afinialabel.com\/es\/acerca-de-afinia\/hp-thermal-inkjet-printing\/","og_site_name":"Afinia Label - Make Your Own Labels","article_modified_time":"2024-11-22T04:43:42+00:00","twitter_card":"summary_large_image","twitter_site":"@afinialabel","twitter_misc":{"Tiempo de lectura":"1 minuto"},"schema":{"@context":"https:\/\/schema.org","@graph":[{"@type":"WebPage","@id":"https:\/\/dev2.afinialabel.com\/es\/acerca-de-afinia\/hp-thermal-inkjet-printing\/","url":"https:\/\/dev2.afinialabel.com\/es\/acerca-de-afinia\/hp-thermal-inkjet-printing\/","name":"Impresi\u00f3n t\u00e9rmica de inyecci\u00f3n de tinta HP &#187; Afinia Label - Make Your Own Labels","isPartOf":{"@id":"https:\/\/dev2.afinialabel.com\/es\/#website"},"datePublished":"2023-04-13T16:43:56+00:00","dateModified":"2024-11-22T04:43:42+00:00","description":"Digital Color Label Printers and Finishers - Impresi\u00f3n t\u00e9rmica de inyecci\u00f3n de tinta HP","breadcrumb":{"@id":"https:\/\/dev2.afinialabel.com\/es\/acerca-de-afinia\/hp-thermal-inkjet-printing\/#breadcrumb"},"inLanguage":"es","potentialAction":[{"@type":"ReadAction","target":["https:\/\/dev2.afinialabel.com\/es\/acerca-de-afinia\/hp-thermal-inkjet-printing\/"]}]},{"@type":"BreadcrumbList","@id":"https:\/\/dev2.afinialabel.com\/es\/acerca-de-afinia\/hp-thermal-inkjet-printing\/#breadcrumb","itemListElement":[{"@type":"ListItem","position":1,"name":"Home","item":"https:\/\/dev2.afinialabel.com\/es\/"},{"@type":"ListItem","position":2,"name":"Acerca de Afinia Label","item":"https:\/\/dev2.afinialabel.com\/es\/about-afinia\/"},{"@type":"ListItem","position":3,"name":"Impresi\u00f3n t\u00e9rmica de inyecci\u00f3n de tinta HP"}]},{"@type":"WebSite","@id":"https:\/\/dev2.afinialabel.com\/es\/#website","url":"https:\/\/dev2.afinialabel.com\/es\/","name":"Afinia Label - Make Your Own Labels","description":"Digital Color Label Printers and Finishers","publisher":{"@id":"https:\/\/dev2.afinialabel.com\/es\/#organization"},"potentialAction":[{"@type":"SearchAction","target":{"@type":"EntryPoint","urlTemplate":"https:\/\/dev2.afinialabel.com\/es\/?s={search_term_string}"},"query-input":{"@type":"PropertyValueSpecification","valueRequired":true,"valueName":"search_term_string"}}],"inLanguage":"es"},{"@type":"Organization","@id":"https:\/\/dev2.afinialabel.com\/es\/#organization","name":"Afinia Label","url":"https:\/\/dev2.afinialabel.com\/es\/","logo":{"@type":"ImageObject","inLanguage":"es","@id":"https:\/\/dev2.afinialabel.com\/es\/#\/schema\/logo\/image\/","url":"https:\/\/dev2.afinialabel.com\/wp-content\/uploads\/logo-light.svg","contentUrl":"https:\/\/dev2.afinialabel.com\/wp-content\/uploads\/logo-light.svg","width":190,"height":36,"caption":"Afinia Label"},"image":{"@id":"https:\/\/dev2.afinialabel.com\/es\/#\/schema\/logo\/image\/"},"sameAs":["https:\/\/x.com\/afinialabel","https:\/\/www.youtube.com\/channel\/UC7oqak2m5QABw4LzXLuWCaA"]}]}},"_links":{"self":[{"href":"https:\/\/dev2.afinialabel.com\/es\/wp-json\/wp\/v2\/pages\/241840","targetHints":{"allow":["GET"]}}],"collection":[{"href":"https:\/\/dev2.afinialabel.com\/es\/wp-json\/wp\/v2\/pages"}],"about":[{"href":"https:\/\/dev2.afinialabel.com\/es\/wp-json\/wp\/v2\/types\/page"}],"author":[{"embeddable":true,"href":"https:\/\/dev2.afinialabel.com\/es\/wp-json\/wp\/v2\/users\/3"}],"replies":[{"embeddable":true,"href":"https:\/\/dev2.afinialabel.com\/es\/wp-json\/wp\/v2\/comments?post=241840"}],"version-history":[{"count":0,"href":"https:\/\/dev2.afinialabel.com\/es\/wp-json\/wp\/v2\/pages\/241840\/revisions"}],"up":[{"embeddable":true,"href":"https:\/\/dev2.afinialabel.com\/es\/wp-json\/wp\/v2\/pages\/241800"}],"wp:attachment":[{"href":"https:\/\/dev2.afinialabel.com\/es\/wp-json\/wp\/v2\/media?parent=241840"}],"curies":[{"name":"wp","href":"https:\/\/api.w.org\/{rel}","templated":true}]}}