{"id":241800,"date":"2023-04-13T16:42:32","date_gmt":"2023-04-13T16:42:32","guid":{"rendered":"https:\/\/dev2.afinialabel.com\/about-afinia\/"},"modified":"2024-11-22T08:11:24","modified_gmt":"2024-11-22T08:11:24","slug":"acerca-de-afinia","status":"publish","type":"page","link":"https:\/\/dev2.afinialabel.com\/es\/acerca-de-afinia\/","title":{"rendered":"Acerca de Afinia Label"},"content":{"rendered":"<h2>Ayudar a las empresas a fabricar sus propias etiquetas<\/h2>\n<h3>Empresas de todo el mundo ahorran tiempo y dinero al tiempo que mejoran sus procesos de etiquetado.<\/h3>\n<p> Nos hemos forjado una reputaci\u00f3n por ofrecer productos de calidad que hacen que la impresi\u00f3n y el acabado de etiquetas sean m\u00e1s f\u00e1ciles y fiables que nunca, sin perder nunca de vista su principal preocupaci\u00f3n general: <strong>un s\u00f3lido retorno de la inversi\u00f3n<\/strong>. Tanto si subcontrata sus etiquetas como si es un impresor o convertidor de <a href=\"https:\/\/dev2.afinialabel.com\/\">etiquetas<\/a> experimentado, Afinia Label dispone de una amplia variedad de soluciones internas de impresi\u00f3n y acabado de etiquetas profesionales e industriales que se adaptan a sus necesidades. <\/p>\n<h2>Lo que dicen nuestros clientes<\/h2>\n<p> Clientes de todo el mundo afirman que nuestros equipos profesionales se amortizan por varios medios: <\/p>\n<ul>\n<li><strong>Eliminaci\u00f3n virtual del inventario de<\/strong> etiquetas y de las etiquetas obsoletas<\/li>\n<li><strong>Ahorro en costes de etiquetas<\/strong> frente a impresoras de inyecci\u00f3n de tinta subcontratadas, de alimentaci\u00f3n por hojas o de la competencia<\/li>\n<li><strong>Reducir el tiempo de comercializaci\u00f3n<\/strong> evitando plazos y retrasos<\/li>\n<\/ul>\n<p> Muchos clientes adquieren soluciones Afinia Label para sustituir a otras &quot;menos caras&quot;, <strong>reduciendo los costes de tinta hasta en un 80%. S\u00f3lo por el ahorro en tinta, muchos clientes de Afinia Label pagan una nueva impresora en seis meses.<\/strong> Tenga en cuenta no s\u00f3lo el precio de compra, sino tambi\u00e9n el coste de propiedad. Las impresoras &quot;menos caras&quot; pueden resultar m\u00e1s costosas cuando sus vol\u00famenes de impresi\u00f3n alcanzan un determinado punto. <\/p>\n<h2>Nuestra historia<\/h2>\n<p> Afinia Label se fund\u00f3 en 2009 para ofrecer soluciones de impresi\u00f3n especializadas con la mejor asistencia a precios asequibles. Nuestra empresa matriz, Microboards Technology, lleva ofreciendo productos de duplicaci\u00f3n de soportes desde 1989. Esto nos proporciona una s\u00f3lida base de conocimientos t\u00e9cnicos y d\u00e9cadas de experiencia en la prestaci\u00f3n del mejor servicio posible al cliente. Nuestras soluciones de impresi\u00f3n especializadas incluyen la impresi\u00f3n industrial <a title=\"Impresora de etiquetas L-801\" href=\"\/product-tag\/memjet\/\">de etiquetas de alta velocidad<\/a> y el <a href=\"\/finishing-equipment\/\" target=\"_blank\" rel=\"noopener noreferrer\">acabado de etiquetas<\/a>, con productos disponibles en m\u00e1s de 55 pa\u00edses. Construimos nuestros equipos para generar el retorno de la inversi\u00f3n lo antes posible. Para ello, dise\u00f1amos nuestras impresoras y acabadoras industriales de etiquetas para que sean r\u00e1pidas y rentables. En funci\u00f3n del n\u00famero de etiquetas que vaya a producir, nuestros equipos pueden amortizarse en menos de un a\u00f1o. Eche un vistazo a nuestro sitio web para obtener m\u00e1s informaci\u00f3n o p\u00f3ngase en contacto con nosotros a trav\u00e9s de nuestra <a title=\"P\u00f3ngase en contacto con nosotros\" href=\"\/contact\/\">p\u00e1gina<\/a> de Contacto si tiene alguna pregunta.<\/p>\n","protected":false},"excerpt":{"rendered":"Ayudar a las empresas a fabricar sus propias etiquetas Empresas de todo el mundo ahorran tiempo y dinero al tiempo que mejoran sus procesos de etiquetado. Nos hemos forjado una reputaci\u00f3n por ofrecer productos de calidad que hacen que la impresi\u00f3n y el acabado de etiquetas sean m\u00e1s f\u00e1ciles y fiables que nunca, sin perder&#8230; <a class=\"view-article\" href=\"https:\/\/dev2.afinialabel.com\/es\/acerca-de-afinia\/\">Ver art\u00edculo<\/a>","protected":false},"author":3,"featured_media":0,"parent":0,"menu_order":230,"comment_status":"closed","ping_status":"closed","template":"","meta":{"_acf_changed":false,"footnotes":""},"class_list":["post-241800","page","type-page","status-publish","hentry"],"acf":[],"yoast_head":"<!-- This site is optimized with the Yoast SEO Premium plugin v27.5 (Yoast SEO v27.5) - https:\/\/yoast.com\/product\/yoast-seo-premium-wordpress\/ -->\n<title>Acerca de Afinia Label &#187; Afinia Label - Make Your Own Labels<\/title>\n<meta name=\"description\" content=\"Con la l\u00ednea m\u00e1s completa de equipos de impresi\u00f3n y acabado de etiquetas del sector, Afinia Label dispone de soluciones de primera clase para la mayor\u00eda de aplicaciones y tama\u00f1os de trabajo. Con d\u00e9cadas de experiencia en el sector de la impresi\u00f3n especializada...\" \/>\n<meta name=\"robots\" content=\"index, follow, max-snippet:-1, max-image-preview:large, max-video-preview:-1\" \/>\n<link rel=\"canonical\" href=\"https:\/\/dev2.afinialabel.com\/es\/acerca-de-afinia\/\" \/>\n<meta property=\"og:locale\" content=\"es_ES\" \/>\n<meta property=\"og:type\" content=\"article\" \/>\n<meta property=\"og:title\" content=\"Acerca de Afinia Label\" \/>\n<meta property=\"og:description\" content=\"Ayudar a las empresas a fabricar sus propias etiquetas Empresas de todo el mundo ahorran tiempo y dinero al tiempo que mejoran sus procesos de etiquetado.\" \/>\n<meta property=\"og:url\" content=\"https:\/\/dev2.afinialabel.com\/es\/acerca-de-afinia\/\" \/>\n<meta property=\"og:site_name\" content=\"Afinia Label - Make Your Own Labels\" \/>\n<meta property=\"article:modified_time\" content=\"2024-11-22T08:11:24+00:00\" \/>\n<meta name=\"twitter:card\" content=\"summary_large_image\" \/>\n<meta name=\"twitter:site\" content=\"@afinialabel\" \/>\n<meta name=\"twitter:label1\" content=\"Tiempo de lectura\" \/>\n\t<meta name=\"twitter:data1\" content=\"2 minutos\" \/>\n<!-- \/ Yoast SEO Premium plugin. -->","yoast_head_json":{"title":"Acerca de Afinia Label &#187; Afinia Label - Make Your Own Labels","description":"Con la l\u00ednea m\u00e1s completa de equipos de impresi\u00f3n y acabado de etiquetas del sector, Afinia Label dispone de soluciones de primera clase para la mayor\u00eda de aplicaciones y tama\u00f1os de trabajo. Con d\u00e9cadas de experiencia en el sector de la impresi\u00f3n especializada...","robots":{"index":"index","follow":"follow","max-snippet":"max-snippet:-1","max-image-preview":"max-image-preview:large","max-video-preview":"max-video-preview:-1"},"canonical":"https:\/\/dev2.afinialabel.com\/es\/acerca-de-afinia\/","og_locale":"es_ES","og_type":"article","og_title":"Acerca de Afinia Label","og_description":"Ayudar a las empresas a fabricar sus propias etiquetas Empresas de todo el mundo ahorran tiempo y dinero al tiempo que mejoran sus procesos de etiquetado.","og_url":"https:\/\/dev2.afinialabel.com\/es\/acerca-de-afinia\/","og_site_name":"Afinia Label - Make Your Own Labels","article_modified_time":"2024-11-22T08:11:24+00:00","twitter_card":"summary_large_image","twitter_site":"@afinialabel","twitter_misc":{"Tiempo de lectura":"2 minutos"},"schema":{"@context":"https:\/\/schema.org","@graph":[{"@type":"WebPage","@id":"https:\/\/dev2.afinialabel.com\/es\/acerca-de-afinia\/","url":"https:\/\/dev2.afinialabel.com\/es\/acerca-de-afinia\/","name":"Acerca de Afinia Label &#187; Afinia Label - Make Your Own Labels","isPartOf":{"@id":"https:\/\/dev2.afinialabel.com\/es\/#website"},"datePublished":"2023-04-13T16:42:32+00:00","dateModified":"2024-11-22T08:11:24+00:00","description":"Con la l\u00ednea m\u00e1s completa de equipos de impresi\u00f3n y acabado de etiquetas del sector, Afinia Label dispone de soluciones de primera clase para la mayor\u00eda de aplicaciones y tama\u00f1os de trabajo. Con d\u00e9cadas de experiencia en el sector de la impresi\u00f3n especializada...","breadcrumb":{"@id":"https:\/\/dev2.afinialabel.com\/es\/acerca-de-afinia\/#breadcrumb"},"inLanguage":"es","potentialAction":[{"@type":"ReadAction","target":["https:\/\/dev2.afinialabel.com\/es\/acerca-de-afinia\/"]}]},{"@type":"BreadcrumbList","@id":"https:\/\/dev2.afinialabel.com\/es\/acerca-de-afinia\/#breadcrumb","itemListElement":[{"@type":"ListItem","position":1,"name":"Home","item":"https:\/\/dev2.afinialabel.com\/es\/"},{"@type":"ListItem","position":2,"name":"Acerca de Afinia Label"}]},{"@type":"WebSite","@id":"https:\/\/dev2.afinialabel.com\/es\/#website","url":"https:\/\/dev2.afinialabel.com\/es\/","name":"Afinia Label - Make Your Own Labels","description":"Digital Color Label Printers and Finishers","publisher":{"@id":"https:\/\/dev2.afinialabel.com\/es\/#organization"},"potentialAction":[{"@type":"SearchAction","target":{"@type":"EntryPoint","urlTemplate":"https:\/\/dev2.afinialabel.com\/es\/?s={search_term_string}"},"query-input":{"@type":"PropertyValueSpecification","valueRequired":true,"valueName":"search_term_string"}}],"inLanguage":"es"},{"@type":"Organization","@id":"https:\/\/dev2.afinialabel.com\/es\/#organization","name":"Afinia Label","url":"https:\/\/dev2.afinialabel.com\/es\/","logo":{"@type":"ImageObject","inLanguage":"es","@id":"https:\/\/dev2.afinialabel.com\/es\/#\/schema\/logo\/image\/","url":"https:\/\/dev2.afinialabel.com\/wp-content\/uploads\/logo-light.svg","contentUrl":"https:\/\/dev2.afinialabel.com\/wp-content\/uploads\/logo-light.svg","width":190,"height":36,"caption":"Afinia Label"},"image":{"@id":"https:\/\/dev2.afinialabel.com\/es\/#\/schema\/logo\/image\/"},"sameAs":["https:\/\/x.com\/afinialabel","https:\/\/www.youtube.com\/channel\/UC7oqak2m5QABw4LzXLuWCaA"]}]}},"_links":{"self":[{"href":"https:\/\/dev2.afinialabel.com\/es\/wp-json\/wp\/v2\/pages\/241800","targetHints":{"allow":["GET"]}}],"collection":[{"href":"https:\/\/dev2.afinialabel.com\/es\/wp-json\/wp\/v2\/pages"}],"about":[{"href":"https:\/\/dev2.afinialabel.com\/es\/wp-json\/wp\/v2\/types\/page"}],"author":[{"embeddable":true,"href":"https:\/\/dev2.afinialabel.com\/es\/wp-json\/wp\/v2\/users\/3"}],"replies":[{"embeddable":true,"href":"https:\/\/dev2.afinialabel.com\/es\/wp-json\/wp\/v2\/comments?post=241800"}],"version-history":[{"count":0,"href":"https:\/\/dev2.afinialabel.com\/es\/wp-json\/wp\/v2\/pages\/241800\/revisions"}],"wp:attachment":[{"href":"https:\/\/dev2.afinialabel.com\/es\/wp-json\/wp\/v2\/media?parent=241800"}],"curies":[{"name":"wp","href":"https:\/\/api.w.org\/{rel}","templated":true}]}}