{"id":10279,"date":"2023-04-13T16:47:26","date_gmt":"2023-04-13T16:47:26","guid":{"rendered":"https:\/\/dev2.afinialabel.com\/memjet-inkjet-technology\/"},"modified":"2024-11-22T07:25:47","modified_gmt":"2024-11-22T07:25:47","slug":"tecnologia-memjet-inkjet","status":"publish","type":"page","link":"https:\/\/dev2.afinialabel.com\/es\/acerca-de-afinia\/tecnologia-memjet-inkjet\/","title":{"rendered":"Tecnolog\u00eda de inyecci\u00f3n de tinta Memjet"},"content":{"rendered":"<h3>Proporciona una notable simplicidad, velocidad y rentabilidad en la impresi\u00f3n en color<\/h3>\n<p><img fetchpriority=\"high\" decoding=\"async\" width=\"400\" height=\"133\" class=\"alignright size-full wp-image-1542\" src=\"\/wp-content\/uploads\/Memjet-Logo-PoweredBy-500pxw.png\" alt=\"Impresoras de etiquetas Afinia - Powered by Memjet \" srcset=\"https:\/\/dev2.afinialabel.com\/wp-content\/uploads\/Memjet-Logo-PoweredBy-500pxw.png 400w, https:\/\/dev2.afinialabel.com\/wp-content\/uploads\/Memjet-Logo-PoweredBy-500pxw-300x100.png 300w, https:\/\/dev2.afinialabel.com\/wp-content\/uploads\/Memjet-Logo-PoweredBy-500pxw-275x91.png 275w, https:\/\/dev2.afinialabel.com\/wp-content\/uploads\/Memjet-Logo-PoweredBy-500pxw-65x22.png 65w\" sizes=\"(max-width: 400px) 100vw, 400px\" \/> Memjet no fabrica impresoras. En su lugar, mejoran las impresoras suministrando tecnolog\u00edas y componentes innovadores a socios como Afinia Label. Estas tecnolog\u00edas de impresi\u00f3n incluyen cabezales rapid\u00edsimos que se apoyan en chips controladores, software y tinta Memjet. <\/p>\n<h3>Revolucionando la impresi\u00f3n de etiquetas<\/h3>\n<p> Memjet est\u00e1 cambiando la forma de imprimir de las empresas. En algunos casos, la tecnolog\u00eda est\u00e1 creando incluso oportunidades de negocio totalmente nuevas. Al permitir la impresi\u00f3n a todo color a la velocidad de producci\u00f3n, las empresas pueden reducir o eliminar los costes de almacenamiento y env\u00edo. Ahora es posible imprimir etiquetas a todo color bajo demanda con datos variables, e imprimir tiradas cortas de forma asequible, con un bajo coste total de propiedad. <\/p>\n<h3>Tecnolog\u00eda en cascada<\/h3>\n<p> Las impresoras de etiquetas Afinia incorporan la tecnolog\u00eda &quot;Waterfall&quot;. Nuestras <a href=\"\/product-tag\/memjet\/\">impresoras de etiquetas en color con tecnolog\u00eda Memjet<\/a> cuentan con 70.400 inyectores por cabezal que liberan la asombrosa cantidad de 700 millones de gotas de tinta por segundo. <\/p>\n<p style=\"text-align: center\"><img decoding=\"async\" width=\"1200\" height=\"105\" class=\"aligncenter size-full wp-image-1544\" src=\"\/wp-content\/uploads\/Memjet-Printhead-Wide.png\" alt=\"Tecnolog\u00eda de cabezal de impresi\u00f3n de cascada de tinta Memjet de Afinia Label\" srcset=\"https:\/\/dev2.afinialabel.com\/wp-content\/uploads\/Memjet-Printhead-Wide.png 1200w, https:\/\/dev2.afinialabel.com\/wp-content\/uploads\/Memjet-Printhead-Wide-300x26.png 300w, https:\/\/dev2.afinialabel.com\/wp-content\/uploads\/Memjet-Printhead-Wide-1000x88.png 1000w, https:\/\/dev2.afinialabel.com\/wp-content\/uploads\/Memjet-Printhead-Wide-768x67.png 768w, https:\/\/dev2.afinialabel.com\/wp-content\/uploads\/Memjet-Printhead-Wide-640x56.png 640w, https:\/\/dev2.afinialabel.com\/wp-content\/uploads\/Memjet-Printhead-Wide-275x24.png 275w, https:\/\/dev2.afinialabel.com\/wp-content\/uploads\/Memjet-Printhead-Wide-65x6.png 65w\" sizes=\"(max-width: 1200px) 100vw, 1200px\" \/><\/p>\n<p> Es m\u00e1s eficiente energ\u00e9ticamente. Es m\u00e1s s\u00f3lido mec\u00e1nicamente. Y es hasta ocho veces m\u00e1s r\u00e1pido. Incluso m\u00e1s r\u00e1pido que la mayor\u00eda de las impresoras en blanco y negro. Esta tecnolog\u00eda supone un cambio radical en el dise\u00f1o de los cabezales de impresi\u00f3n. Tiene una vida \u00fatil de hasta millones de pulgadas de etiquetas impresas. Adem\u00e1s, como el cabezal de impresi\u00f3n es fijo y el papel se mueve por debajo, hay menos piezas m\u00f3viles, lo que aumenta la velocidad y la fiabilidad. <\/p>\n<h3>Memjet y Afinia Label<\/h3>\n<p> Afinia Label surgi\u00f3 como l\u00edder en sistemas de impresi\u00f3n digital de etiquetas en 2012, cuando colabor\u00f3 con Memjet para desarrollar conjuntamente una soluci\u00f3n de impresi\u00f3n de etiquetas de banda estrecha comercialmente viable. Afinia Label es ahora uno de los mayores distribuidores del mundo de impresoras de etiquetas basadas en Memjet. La tecnolog\u00eda Memjet no s\u00f3lo hace de nuestras impresoras digitales de etiquetas en color L701, L801 y L901 unas de las m\u00e1s r\u00e1pidas de su clase, sino que tambi\u00e9n crea etiquetas que cuestan hasta un 85% menos que otras impresoras de etiquetas de inyecci\u00f3n de tinta.<\/p>\n","protected":false},"excerpt":{"rendered":"Proporciona una notable simplicidad, velocidad y rentabilidad en la impresi\u00f3n en color Memjet no fabrica impresoras. En su lugar, mejoran las impresoras suministrando tecnolog\u00edas y componentes innovadores a socios como Afinia Label. Estas tecnolog\u00edas de impresi\u00f3n incluyen cabezales rapid\u00edsimos que se apoyan en chips controladores, software y tinta Memjet. Revolucionando la impresi\u00f3n de etiquetas Memjet&#8230; <a class=\"view-article\" href=\"https:\/\/dev2.afinialabel.com\/es\/acerca-de-afinia\/tecnologia-memjet-inkjet\/\">Ver art\u00edculo<\/a>","protected":false},"author":3,"featured_media":0,"parent":241800,"menu_order":240,"comment_status":"closed","ping_status":"closed","template":"","meta":{"_acf_changed":false,"footnotes":""},"class_list":["post-10279","page","type-page","status-publish","hentry"],"acf":[],"yoast_head":"<!-- This site is optimized with the Yoast SEO Premium plugin v27.5 (Yoast SEO v27.5) - https:\/\/yoast.com\/product\/yoast-seo-premium-wordpress\/ -->\n<title>Tecnolog\u00eda de inyecci\u00f3n de tinta Memjet &#187; Afinia Label - Make Your Own Labels<\/title>\n<meta name=\"description\" content=\"Digital Color Label Printers and Finishers - Tecnolog\u00eda de inyecci\u00f3n de tinta Memjet\" \/>\n<meta name=\"robots\" content=\"index, follow, max-snippet:-1, max-image-preview:large, max-video-preview:-1\" \/>\n<link rel=\"canonical\" href=\"https:\/\/dev2.afinialabel.com\/es\/acerca-de-afinia\/tecnologia-memjet-inkjet\/\" \/>\n<meta property=\"og:locale\" content=\"es_ES\" \/>\n<meta property=\"og:type\" content=\"article\" \/>\n<meta property=\"og:title\" content=\"Tecnolog\u00eda de inyecci\u00f3n de tinta Memjet\" \/>\n<meta property=\"og:description\" content=\"Proporciona una notable simplicidad, velocidad y rentabilidad en la impresi\u00f3n en color Memjet no fabrica impresoras. En su lugar, mejoran las impresoras\" \/>\n<meta property=\"og:url\" content=\"https:\/\/dev2.afinialabel.com\/es\/acerca-de-afinia\/tecnologia-memjet-inkjet\/\" \/>\n<meta property=\"og:site_name\" content=\"Afinia Label - Make Your Own Labels\" \/>\n<meta property=\"article:modified_time\" content=\"2024-11-22T07:25:47+00:00\" \/>\n<meta name=\"twitter:card\" content=\"summary_large_image\" \/>\n<meta name=\"twitter:site\" content=\"@afinialabel\" \/>\n<meta name=\"twitter:label1\" content=\"Tiempo de lectura\" \/>\n\t<meta name=\"twitter:data1\" content=\"2 minutos\" \/>\n<!-- \/ Yoast SEO Premium plugin. -->","yoast_head_json":{"title":"Tecnolog\u00eda de inyecci\u00f3n de tinta Memjet &#187; Afinia Label - Make Your Own Labels","description":"Digital Color Label Printers and Finishers - Tecnolog\u00eda de inyecci\u00f3n de tinta Memjet","robots":{"index":"index","follow":"follow","max-snippet":"max-snippet:-1","max-image-preview":"max-image-preview:large","max-video-preview":"max-video-preview:-1"},"canonical":"https:\/\/dev2.afinialabel.com\/es\/acerca-de-afinia\/tecnologia-memjet-inkjet\/","og_locale":"es_ES","og_type":"article","og_title":"Tecnolog\u00eda de inyecci\u00f3n de tinta Memjet","og_description":"Proporciona una notable simplicidad, velocidad y rentabilidad en la impresi\u00f3n en color Memjet no fabrica impresoras. En su lugar, mejoran las impresoras","og_url":"https:\/\/dev2.afinialabel.com\/es\/acerca-de-afinia\/tecnologia-memjet-inkjet\/","og_site_name":"Afinia Label - Make Your Own Labels","article_modified_time":"2024-11-22T07:25:47+00:00","twitter_card":"summary_large_image","twitter_site":"@afinialabel","twitter_misc":{"Tiempo de lectura":"2 minutos"},"schema":{"@context":"https:\/\/schema.org","@graph":[{"@type":"WebPage","@id":"https:\/\/dev2.afinialabel.com\/es\/acerca-de-afinia\/tecnologia-memjet-inkjet\/","url":"https:\/\/dev2.afinialabel.com\/es\/acerca-de-afinia\/tecnologia-memjet-inkjet\/","name":"Tecnolog\u00eda de inyecci\u00f3n de tinta Memjet &#187; Afinia Label - Make Your Own Labels","isPartOf":{"@id":"https:\/\/dev2.afinialabel.com\/es\/#website"},"datePublished":"2023-04-13T16:47:26+00:00","dateModified":"2024-11-22T07:25:47+00:00","description":"Digital Color Label Printers and Finishers - Tecnolog\u00eda de inyecci\u00f3n de tinta Memjet","breadcrumb":{"@id":"https:\/\/dev2.afinialabel.com\/es\/acerca-de-afinia\/tecnologia-memjet-inkjet\/#breadcrumb"},"inLanguage":"es","potentialAction":[{"@type":"ReadAction","target":["https:\/\/dev2.afinialabel.com\/es\/acerca-de-afinia\/tecnologia-memjet-inkjet\/"]}]},{"@type":"BreadcrumbList","@id":"https:\/\/dev2.afinialabel.com\/es\/acerca-de-afinia\/tecnologia-memjet-inkjet\/#breadcrumb","itemListElement":[{"@type":"ListItem","position":1,"name":"Home","item":"https:\/\/dev2.afinialabel.com\/es\/"},{"@type":"ListItem","position":2,"name":"Acerca de Afinia Label","item":"https:\/\/dev2.afinialabel.com\/es\/about-afinia\/"},{"@type":"ListItem","position":3,"name":"Tecnolog\u00eda de inyecci\u00f3n de tinta Memjet"}]},{"@type":"WebSite","@id":"https:\/\/dev2.afinialabel.com\/es\/#website","url":"https:\/\/dev2.afinialabel.com\/es\/","name":"Afinia Label - Make Your Own Labels","description":"Digital Color Label Printers and Finishers","publisher":{"@id":"https:\/\/dev2.afinialabel.com\/es\/#organization"},"potentialAction":[{"@type":"SearchAction","target":{"@type":"EntryPoint","urlTemplate":"https:\/\/dev2.afinialabel.com\/es\/?s={search_term_string}"},"query-input":{"@type":"PropertyValueSpecification","valueRequired":true,"valueName":"search_term_string"}}],"inLanguage":"es"},{"@type":"Organization","@id":"https:\/\/dev2.afinialabel.com\/es\/#organization","name":"Afinia Label","url":"https:\/\/dev2.afinialabel.com\/es\/","logo":{"@type":"ImageObject","inLanguage":"es","@id":"https:\/\/dev2.afinialabel.com\/es\/#\/schema\/logo\/image\/","url":"https:\/\/dev2.afinialabel.com\/wp-content\/uploads\/logo-light.svg","contentUrl":"https:\/\/dev2.afinialabel.com\/wp-content\/uploads\/logo-light.svg","width":190,"height":36,"caption":"Afinia Label"},"image":{"@id":"https:\/\/dev2.afinialabel.com\/es\/#\/schema\/logo\/image\/"},"sameAs":["https:\/\/x.com\/afinialabel","https:\/\/www.youtube.com\/channel\/UC7oqak2m5QABw4LzXLuWCaA"]}]}},"_links":{"self":[{"href":"https:\/\/dev2.afinialabel.com\/es\/wp-json\/wp\/v2\/pages\/10279","targetHints":{"allow":["GET"]}}],"collection":[{"href":"https:\/\/dev2.afinialabel.com\/es\/wp-json\/wp\/v2\/pages"}],"about":[{"href":"https:\/\/dev2.afinialabel.com\/es\/wp-json\/wp\/v2\/types\/page"}],"author":[{"embeddable":true,"href":"https:\/\/dev2.afinialabel.com\/es\/wp-json\/wp\/v2\/users\/3"}],"replies":[{"embeddable":true,"href":"https:\/\/dev2.afinialabel.com\/es\/wp-json\/wp\/v2\/comments?post=10279"}],"version-history":[{"count":0,"href":"https:\/\/dev2.afinialabel.com\/es\/wp-json\/wp\/v2\/pages\/10279\/revisions"}],"up":[{"embeddable":true,"href":"https:\/\/dev2.afinialabel.com\/es\/wp-json\/wp\/v2\/pages\/241800"}],"wp:attachment":[{"href":"https:\/\/dev2.afinialabel.com\/es\/wp-json\/wp\/v2\/media?parent=10279"}],"curies":[{"name":"wp","href":"https:\/\/api.w.org\/{rel}","templated":true}]}}