{"id":884508,"date":"2024-03-14T16:59:28","date_gmt":"2024-03-14T16:59:28","guid":{"rendered":"https:\/\/dev2.afinialabel.com\/samples-key-x350\/"},"modified":"2026-02-18T04:26:22","modified_gmt":"2026-02-18T04:26:22","slug":"samples-key-x350","status":"publish","type":"page","link":"https:\/\/dev2.afinialabel.com\/de\/samples-key-x350\/","title":{"rendered":"X350 Probenschl\u00fcssel"},"content":{"rendered":"\t\t<div data-elementor-type=\"wp-page\" data-elementor-id=\"884508\" class=\"elementor elementor-884508 elementor-393798\" data-elementor-post-type=\"page\">\n\t\t\t\t\t\t<section data-particle_enable=\"false\" data-particle-mobile-disabled=\"false\" class=\"elementor-section elementor-top-section elementor-element elementor-element-45cac35 elementor-section-boxed elementor-section-height-default elementor-section-height-default\" data-id=\"45cac35\" data-element_type=\"section\" data-e-type=\"section\">\n\t\t\t\t\t\t<div class=\"elementor-container elementor-column-gap-default\">\n\t\t\t\t\t<div class=\"elementor-column elementor-col-100 elementor-top-column elementor-element elementor-element-4eaaf36\" data-id=\"4eaaf36\" data-element_type=\"column\" data-e-type=\"column\">\n\t\t\t<div class=\"elementor-widget-wrap elementor-element-populated\">\n\t\t\t\t\t\t<div class=\"elementor-element elementor-element-3eb3efd6 elementor-widget elementor-widget-heading\" data-id=\"3eb3efd6\" data-element_type=\"widget\" data-e-type=\"widget\" data-widget_type=\"heading.default\">\n\t\t\t\t<div class=\"elementor-widget-container\">\n\t\t\t\t\t<h1 class=\"elementor-heading-title elementor-size-default\">Afinia Etikettenmuster Schl\u00fcssel<span> - Kosten pro Druck<\/span><\/h1>\t\t\t\t<\/div>\n\t\t\t\t<\/div>\n\t\t\t\t<div class=\"elementor-element elementor-element-4462c6b6 elementor-widget elementor-widget-text-editor\" data-id=\"4462c6b6\" data-element_type=\"widget\" data-e-type=\"widget\" data-widget_type=\"text-editor.default\">\n\t\t\t\t<div class=\"elementor-widget-container\">\n\t\t\t\t\t\t\t\t\t<p><span style=\"font-family: var(--normal-font); font-size: var(--standard-font); font-weight: 300;\"><strong>Willkommen auf der Beispiel-Schl\u00fcsselseite f\u00fcr die digitale Rolle-zu-Rolle-Presse <a href=\"https:\/\/dev2.afinialabel.com\/de\/digitale-etikettendrucker\/x350-digital-roll-to-roll-press\/\">X350<\/a>.<\/strong> Der Zweck dieser Tabelle ist der Vergleich der Tintenkosten pro Druck f\u00fcr Etiketten, die auf dem X350 gedruckt werden. <\/span><\/p>\n<div><span style=\"font-family: var(--normal-font); font-size: var(--standard-font); font-weight: 300;\">F\u00fcr Kostenvergleiche unserer <a href=\"\/digital-label-printers\/\">Desktop-Etikettendrucker<\/a> <a href=\"https:\/\/dev2.afinialabel.com\/de\/samples-key\/\" target=\"_blank\" rel=\"noopener\">klicken Sie hier<\/a>. <\/span><\/div>\n<h2>Macht der X350 f\u00fcr Sie Sinn?<\/h2>\n<p>Wir k\u00f6nnen helfen, das zu beantworten. <a href=\"https:\/\/dev2.afinialabel.com\/de\/stichprobe\/\">Sehen Sie sich Ihr eigenes Design an<\/a> und erhalten Sie eine Kostenanalyse &#8211; oder, wenn Sie bereit sind, <a href=\"https:\/\/dev2.afinialabel.com\/de\/kontakt\/\">vereinbaren Sie eine Demo<\/a>, um eine Maschine in Aktion zu sehen. <\/p>\n<p>Wie immer k\u00f6nnen Sie sich bei Fragen gerne <a href=\"https:\/\/dev2.afinialabel.com\/de\/kontakt\/\">an uns wenden<\/a>. Wir helfen Ihnen gerne weiter.<\/p>\n\t\t\t\t\t\t\t\t<\/div>\n\t\t\t\t<\/div>\n\t\t\t\t<div class=\"elementor-element elementor-element-453fbde samples-key-table x350-table elementor-widget elementor-widget-eael-advanced-data-table\" data-id=\"453fbde\" data-element_type=\"widget\" data-e-type=\"widget\" id=\"test-table\" data-widget_type=\"eael-advanced-data-table.default\">\n\t\t\t\t<div class=\"elementor-widget-container\">\n\t\t\t\t\t<div class=\"ea-advanced-data-table-wrap\" data-id=\"453fbde\"><div class=\"ea-advanced-data-table-wrap-inner\">\n                <table class=\"ea-advanced-data-table ea-advanced-data-table-static ea-advanced-data-table-453fbde\" data-id=\"453fbde\"><thead><tr><th><p><br><\/p><\/th><th><p><br><\/p><\/th><th>Gr\u00f6\u00dfe (in)<\/th><th>Gr\u00f6\u00dfe (mm)<\/th><th><p><img src='\/wp-content\/uploads\/x350-Logo.png'><\/p><\/th><\/tr><\/thead><tbody><tr><td><p><a href='\/wp-content\/uploads\/x350sample-tilapia.png'><img src='\/wp-content\/uploads\/x350sample-tilapia.png'><\/a><\/p><\/td><td><p>Talapia<\/p><\/td><td>4 x 6<\/td><td>102 x 152<\/td><td>$0.039 <\/td><\/tr><tr><td><p><a href='\/wp-content\/uploads\/x350sample-fundraiserpopcorn.png'><img src='\/wp-content\/uploads\/x350sample-fundraiserpopcorn.png'><\/a><\/p><\/td><td><p>Spendenaktion Popcorn<\/p><\/td><td>5 x 6<\/td><td>127 x 152<\/td><td>$0.018 <\/td><\/tr><tr><td><p><a href='\/wp-content\/uploads\/x350sample-algaeclear.png'><img src='\/wp-content\/uploads\/x350sample-algaeclear.png'><\/a><\/p><\/td><td><p>Algenklar<\/p><\/td><td>4 x 6,5<\/td><td>102 x 165<\/td><td>$0.018 <\/td><\/tr><tr><td><p><a href='\/wp-content\/uploads\/x350sample-Spices.png'><img src='\/wp-content\/uploads\/x350sample-Spices.png'><\/a><\/p><\/td><td><p>Gew\u00fcrze<\/p><\/td><td>4 x 6<\/td><td>102 x 152<\/td><td>$0.018 <\/td><\/tr><tr><td><p><a href='\/wp-content\/uploads\/x350sample-PigLeagueBBQ.png'><img src='\/wp-content\/uploads\/x350sample-PigLeagueBBQ.png'><\/a><\/p><\/td><td><p>Schweineliga-Grill<\/p><\/td><td>3,5 x 6,5<\/td><td>89 x 165<\/td><td>$0.037 <\/td><\/tr><tr><td><p><a href='\/wp-content\/uploads\/x350sample-icybars.png'><img src='\/wp-content\/uploads\/x350sample-icybars.png'><\/a><\/p><\/td><td><p>Eisige Riegel<\/p><\/td><td>4 x 6<\/td><td>102 x 152<\/td><td>$0.032 <\/td><\/tr><tr><td><p><a href='\/wp-content\/uploads\/x350sample-carpet.png'><img src='\/wp-content\/uploads\/x350sample-carpet.png'><\/a><\/p><\/td><td><p>Teppich<\/p><\/td><td>3,7 x 5,5<\/td><td>94 x 140<\/td><td>$0.017 <\/td><\/tr><\/tbody><\/table>\n            <\/div><\/div>\t\t\t\t<\/div>\n\t\t\t\t<\/div>\n\t\t\t\t<div class=\"elementor-element elementor-element-26e8773b elementor-widget elementor-widget-text-editor\" data-id=\"26e8773b\" data-element_type=\"widget\" data-e-type=\"widget\" data-widget_type=\"text-editor.default\">\n\t\t\t\t<div class=\"elementor-widget-container\">\n\t\t\t\t\t\t\t\t\t<p>HINWEIS &#8211; DIE Berechnungen pro Druck sind ab April 2024 genau. Die Zahlen spiegeln die Listenpreise in US-Dollar (Nord- und S\u00fcdamerika) f\u00fcr X350-Tinte wider. Die Preise k\u00f6nnen sich \u00e4ndern und spiegeln sich m\u00f6glicherweise nicht sofort in diesen Daten wider. F\u00fcr aktuelle Berechnungen mit Ihren Etikettendesigns <a href=\"https:\/\/dev2.afinialabel.com\/de\/stichprobe\/\">fordern Sie bitte ein Muster an<\/a> oder <a href=\"https:\/\/dev2.afinialabel.com\/de\/kontakt\/\">kontaktieren Sie uns<\/a>.<\/p>\n\t\t\t\t\t\t\t\t<\/div>\n\t\t\t\t<\/div>\n\t\t\t\t\t<\/div>\n\t\t<\/div>\n\t\t\t\t\t<\/div>\n\t\t<\/section>\n\t\t\t\t<\/div>\n\t\t","protected":false},"excerpt":{"rendered":"Afinia Etikettenmuster Schl\u00fcssel &#8211; Kosten pro Druck Willkommen auf der Beispiel-Schl\u00fcsselseite f\u00fcr die digitale Rolle-zu-Rolle-Presse X350. Der Zweck dieser Tabelle ist der Vergleich der Tintenkosten pro Druck f\u00fcr Etiketten, die auf dem X350 gedruckt werden. F\u00fcr Kostenvergleiche unserer Desktop-Etikettendrucker klicken Sie hier. Macht der X350 f\u00fcr Sie Sinn? Wir k\u00f6nnen helfen, das zu beantworten. Sehen&#8230; <a class=\"view-article\" href=\"https:\/\/dev2.afinialabel.com\/de\/samples-key-x350\/\">Artikel ansehen<\/a>","protected":false},"author":3,"featured_media":0,"parent":0,"menu_order":66,"comment_status":"closed","ping_status":"closed","template":"elementor_header_footer","meta":{"_acf_changed":false,"footnotes":""},"class_list":["post-884508","page","type-page","status-publish","hentry"],"acf":[],"yoast_head":"<!-- This site is optimized with the Yoast SEO Premium plugin v27.5 (Yoast SEO v27.5) - https:\/\/yoast.com\/product\/yoast-seo-premium-wordpress\/ -->\n<title>X350 Probenschl\u00fcssel &#187; Afinia Label - Make Your Own Labels<\/title>\n<meta name=\"description\" content=\"Digital Color Label Printers and Finishers - X350 Probenschl\u00fcssel\" \/>\n<meta name=\"robots\" content=\"index, follow, max-snippet:-1, max-image-preview:large, max-video-preview:-1\" \/>\n<link rel=\"canonical\" href=\"https:\/\/dev2.afinialabel.com\/de\/samples-key-x350\/\" \/>\n<meta property=\"og:locale\" content=\"de_DE\" \/>\n<meta property=\"og:type\" content=\"article\" \/>\n<meta property=\"og:title\" content=\"X350 Probenschl\u00fcssel\" \/>\n<meta property=\"og:description\" content=\"Afinia Etikettenmuster Schl\u00fcssel - Kosten pro Druck Willkommen auf der Beispiel-Schl\u00fcsselseite f\u00fcr die digitale Rolle-zu-Rolle-Presse X350. Der Zweck\" \/>\n<meta property=\"og:url\" content=\"https:\/\/dev2.afinialabel.com\/de\/samples-key-x350\/\" \/>\n<meta property=\"og:site_name\" content=\"Afinia Label - Make Your Own Labels\" \/>\n<meta property=\"article:modified_time\" content=\"2026-02-18T04:26:22+00:00\" \/>\n<meta name=\"twitter:card\" content=\"summary_large_image\" \/>\n<meta name=\"twitter:site\" content=\"@afinialabel\" \/>\n<meta name=\"twitter:label1\" content=\"Gesch\u00e4tzte Lesezeit\" \/>\n\t<meta name=\"twitter:data1\" content=\"1\u00a0Minute\" \/>\n<!-- \/ Yoast SEO Premium plugin. -->","yoast_head_json":{"title":"X350 Probenschl\u00fcssel &#187; Afinia Label - Make Your Own Labels","description":"Digital Color Label Printers and Finishers - X350 Probenschl\u00fcssel","robots":{"index":"index","follow":"follow","max-snippet":"max-snippet:-1","max-image-preview":"max-image-preview:large","max-video-preview":"max-video-preview:-1"},"canonical":"https:\/\/dev2.afinialabel.com\/de\/samples-key-x350\/","og_locale":"de_DE","og_type":"article","og_title":"X350 Probenschl\u00fcssel","og_description":"Afinia Etikettenmuster Schl\u00fcssel - Kosten pro Druck Willkommen auf der Beispiel-Schl\u00fcsselseite f\u00fcr die digitale Rolle-zu-Rolle-Presse X350. Der Zweck","og_url":"https:\/\/dev2.afinialabel.com\/de\/samples-key-x350\/","og_site_name":"Afinia Label - Make Your Own Labels","article_modified_time":"2026-02-18T04:26:22+00:00","twitter_card":"summary_large_image","twitter_site":"@afinialabel","twitter_misc":{"Gesch\u00e4tzte Lesezeit":"1\u00a0Minute"},"schema":{"@context":"https:\/\/schema.org","@graph":[{"@type":"WebPage","@id":"https:\/\/dev2.afinialabel.com\/de\/samples-key-x350\/","url":"https:\/\/dev2.afinialabel.com\/de\/samples-key-x350\/","name":"X350 Probenschl\u00fcssel &#187; Afinia Label - Make Your Own Labels","isPartOf":{"@id":"https:\/\/dev2.afinialabel.com\/de\/#website"},"datePublished":"2024-03-14T16:59:28+00:00","dateModified":"2026-02-18T04:26:22+00:00","description":"Digital Color Label Printers and Finishers - X350 Probenschl\u00fcssel","breadcrumb":{"@id":"https:\/\/dev2.afinialabel.com\/de\/samples-key-x350\/#breadcrumb"},"inLanguage":"de","potentialAction":[{"@type":"ReadAction","target":["https:\/\/dev2.afinialabel.com\/de\/samples-key-x350\/"]}]},{"@type":"BreadcrumbList","@id":"https:\/\/dev2.afinialabel.com\/de\/samples-key-x350\/#breadcrumb","itemListElement":[{"@type":"ListItem","position":1,"name":"Home","item":"https:\/\/dev2.afinialabel.com\/de\/"},{"@type":"ListItem","position":2,"name":"X350 Probenschl\u00fcssel"}]},{"@type":"WebSite","@id":"https:\/\/dev2.afinialabel.com\/de\/#website","url":"https:\/\/dev2.afinialabel.com\/de\/","name":"Afinia Label - Make Your Own Labels","description":"Digital Color Label Printers and Finishers","publisher":{"@id":"https:\/\/dev2.afinialabel.com\/de\/#organization"},"potentialAction":[{"@type":"SearchAction","target":{"@type":"EntryPoint","urlTemplate":"https:\/\/dev2.afinialabel.com\/de\/?s={search_term_string}"},"query-input":{"@type":"PropertyValueSpecification","valueRequired":true,"valueName":"search_term_string"}}],"inLanguage":"de"},{"@type":"Organization","@id":"https:\/\/dev2.afinialabel.com\/de\/#organization","name":"Afinia Label","url":"https:\/\/dev2.afinialabel.com\/de\/","logo":{"@type":"ImageObject","inLanguage":"de","@id":"https:\/\/dev2.afinialabel.com\/de\/#\/schema\/logo\/image\/","url":"https:\/\/dev2.afinialabel.com\/wp-content\/uploads\/logo-light.svg","contentUrl":"https:\/\/dev2.afinialabel.com\/wp-content\/uploads\/logo-light.svg","width":190,"height":36,"caption":"Afinia Label"},"image":{"@id":"https:\/\/dev2.afinialabel.com\/de\/#\/schema\/logo\/image\/"},"sameAs":["https:\/\/x.com\/afinialabel","https:\/\/www.youtube.com\/channel\/UC7oqak2m5QABw4LzXLuWCaA"]}]}},"_links":{"self":[{"href":"https:\/\/dev2.afinialabel.com\/de\/wp-json\/wp\/v2\/pages\/884508","targetHints":{"allow":["GET"]}}],"collection":[{"href":"https:\/\/dev2.afinialabel.com\/de\/wp-json\/wp\/v2\/pages"}],"about":[{"href":"https:\/\/dev2.afinialabel.com\/de\/wp-json\/wp\/v2\/types\/page"}],"author":[{"embeddable":true,"href":"https:\/\/dev2.afinialabel.com\/de\/wp-json\/wp\/v2\/users\/3"}],"replies":[{"embeddable":true,"href":"https:\/\/dev2.afinialabel.com\/de\/wp-json\/wp\/v2\/comments?post=884508"}],"version-history":[{"count":0,"href":"https:\/\/dev2.afinialabel.com\/de\/wp-json\/wp\/v2\/pages\/884508\/revisions"}],"wp:attachment":[{"href":"https:\/\/dev2.afinialabel.com\/de\/wp-json\/wp\/v2\/media?parent=884508"}],"curies":[{"name":"wp","href":"https:\/\/api.w.org\/{rel}","templated":true}]}}