{"id":6113,"date":"2023-04-13T17:24:00","date_gmt":"2023-04-13T17:24:00","guid":{"rendered":"https:\/\/dev2.afinialabel.com\/samples-key\/"},"modified":"2026-02-14T03:06:57","modified_gmt":"2026-02-14T03:06:57","slug":"samples-key","status":"publish","type":"page","link":"https:\/\/dev2.afinialabel.com\/de\/samples-key\/","title":{"rendered":"Stichprobenschl\u00fcssel"},"content":{"rendered":"\t\t<div data-elementor-type=\"wp-page\" data-elementor-id=\"6113\" class=\"elementor elementor-6113 elementor-1577\" data-elementor-post-type=\"page\">\n\t\t\t\t\t\t<section data-particle_enable=\"false\" data-particle-mobile-disabled=\"false\" class=\"elementor-section elementor-top-section elementor-element elementor-element-45cac35 elementor-section-boxed elementor-section-height-default elementor-section-height-default\" data-id=\"45cac35\" data-element_type=\"section\" data-e-type=\"section\">\n\t\t\t\t\t\t<div class=\"elementor-container elementor-column-gap-default\">\n\t\t\t\t\t<div class=\"elementor-column elementor-col-100 elementor-top-column elementor-element elementor-element-4eaaf36\" data-id=\"4eaaf36\" data-element_type=\"column\" data-e-type=\"column\">\n\t\t\t<div class=\"elementor-widget-wrap elementor-element-populated\">\n\t\t\t\t\t\t<div class=\"elementor-element elementor-element-3eb3efd6 elementor-widget elementor-widget-heading\" data-id=\"3eb3efd6\" data-element_type=\"widget\" data-e-type=\"widget\" data-widget_type=\"heading.default\">\n\t\t\t\t<div class=\"elementor-widget-container\">\n\t\t\t\t\t<h1 class=\"elementor-heading-title elementor-size-default\">Afinia Etikettenmuster Schl\u00fcssel<span> - Kosten pro Druck<\/span><\/h1>\t\t\t\t<\/div>\n\t\t\t\t<\/div>\n\t\t\t\t<div class=\"elementor-element elementor-element-4462c6b6 elementor-widget elementor-widget-text-editor\" data-id=\"4462c6b6\" data-element_type=\"widget\" data-e-type=\"widget\" data-widget_type=\"text-editor.default\">\n\t\t\t\t<div class=\"elementor-widget-container\">\n\t\t\t\t\t\t\t\t\t<h2>Vergleichen Sie die Kosten pro Druck zwischen Afinia Etikettendruckern<\/h2>\n<p>Willkommen auf der Afinia Label Beispielschl\u00fcsselseite. Der Zweck dieser Tabelle ist der Vergleich der Kosten pro Druck f\u00fcr das gleiche Design, das auf verschiedenen Maschinen gedruckt wird. <\/p>\n<h2>Macht es Sinn, sich selbst zu drucken?<\/h2>\n<p>Wir k\u00f6nnen helfen, das zu beantworten. <a href=\"https:\/\/dev2.afinialabel.com\/de\/stichprobe\/\">Sehen Sie sich Ihr eigenes Design<\/a> an und erhalten Sie eine Kostenanalyse &#8211; oder, wenn Sie bereit sind, <a href=\"https:\/\/dev2.afinialabel.com\/de\/kontakt\/\">vereinbaren Sie eine Demo<\/a>, um eine Maschine in Aktion zu sehen. <\/p>\n<p>Wie immer k\u00f6nnen Sie sich bei Fragen <a href=\"https:\/\/dev2.afinialabel.com\/de\/kontakt\/\">gerne an uns wenden<\/a>. Wir helfen Ihnen gerne weiter.<\/p>\n\t\t\t\t\t\t\t\t<\/div>\n\t\t\t\t<\/div>\n\t\t\t\t<div class=\"elementor-element elementor-element-453fbde samples-key-table elementor-widget elementor-widget-eael-advanced-data-table\" data-id=\"453fbde\" data-element_type=\"widget\" data-e-type=\"widget\" id=\"test-table\" data-widget_type=\"eael-advanced-data-table.default\">\n\t\t\t\t<div class=\"elementor-widget-container\">\n\t\t\t\t\t<div class=\"ea-advanced-data-table-wrap\" data-id=\"453fbde\"><div class=\"ea-advanced-data-table-wrap-inner\">\n                <table class=\"ea-advanced-data-table ea-advanced-data-table-static ea-advanced-data-table-453fbde\" data-id=\"453fbde\"><thead><tr><th><p><br><\/p><\/th><th><p><br><\/p><\/th><th><p><br><\/p><\/th><th><p><br><\/p><\/th><th><p><img decoding=\"async\" src=\"\/wp-content\/uploads\/hp-logo-1.svg\"><\/p><\/th><th><p><img decoding=\"async\" src=\"\/wp-content\/uploads\/memjet-1.svg\"><\/p><\/th><\/tr><\/thead><tbody><tr><td><p><br><\/p><\/td><td><p><br><\/p><\/td><td>Gr\u00f6\u00dfe (in)<\/td><td>Gr\u00f6\u00dfe (mm)<\/td><td><p>L502<br>\/F502<\/p><\/td><td><p>L701<\/p><\/td><td><p>L801<\/p><\/td><td><p>L801+<\/p><\/td><td><p>L901<\/p><\/td><td><p>L901+<br>\/FP230<br>\/CP950<\/p><\/td><\/tr><tr><td><p><a href=\"\/wp-content\/uploads\/backpackbrewing-1.jpg\"><img decoding=\"async\" src=\"\/wp-content\/uploads\/backpackbrewing-1.jpg\"><\/a><\/p><\/td><td><p>Rucksackbrauen<\/p><\/td><td>8x3,5<\/td><td>200x90<\/td><td>$0.1028<\/td><td>$0.0450<\/td><td>$0.0368<\/td><td>$0.0384<\/td><td>$0.0357<\/td><td>$0.0357<\/td><\/tr><tr><td><p><a href=\"\/wp-content\/uploads\/chocolates-1.jpg\"><img decoding=\"async\" src=\"\/wp-content\/uploads\/chocolates-1.jpg\"><\/a><\/p><\/td><td><p>Pralinen<\/p><\/td><td>5x3<\/td><td>130x75<\/td><td>$0.0352<\/td><td>$0.0169<\/td><td>$0.0138<\/td><td>$0.0144<\/td><td>$0.0134<\/td><td>$0.0134<\/td><\/tr><tr><td><p><a href=\"\/wp-content\/uploads\/colordropseltzer-1.jpg\"><img decoding=\"async\" src=\"\/wp-content\/uploads\/colordropseltzer-1.jpg\"><\/a><\/p><\/td><td><p>Color Drop Seltzer<\/p><\/td><td>8x3,5<\/td><td>200x90<\/td><td>$0.0732<\/td><td>$0.0341<\/td><td>$0.0279<\/td><td>$0.0291<\/td><td>$0.0270<\/td><td>$0.0270<\/td><\/tr><tr><td><p><a href=\"\/wp-content\/uploads\/elephantcoffee-1.jpg\"><img decoding=\"async\" src=\"\/wp-content\/uploads\/elephantcoffee-1.jpg\"><\/a><\/p><\/td><td><p>Elefantenkaffee<\/p><\/td><td>4x6<\/td><td>100x150<\/td><td>$0.0869<\/td><td>$0.0418<\/td><td>$0.0342<\/td><td>$0.0357<\/td><td>$0.0331<\/td><td>$0.0331<\/td><\/tr><tr><td><p><a href=\"\/wp-content\/uploads\/fundraiserpopcorn-1.jpg\"><img decoding=\"async\" src=\"\/wp-content\/uploads\/fundraiserpopcorn-1.jpg\"><\/a><\/p><\/td><td><p>Spendenaktion Popcorn<\/p><\/td><td>4,75x6,5<\/td><td>120x165<\/td><td>$0.0853<\/td><td>$0.0394<\/td><td>$0.0322<\/td><td>$0.0336<\/td><td>$0.0312<\/td><td>$0.0312<\/td><\/tr><tr><td><p><a href=\"\/wp-content\/uploads\/handsanitizer-1.jpg\"><img decoding=\"async\" src=\"\/wp-content\/uploads\/handsanitizer-1.jpg\"><\/a><\/p><\/td><td><p>H\u00e4ndedesinfektionsmittel<\/p><\/td><td>2,5x3,5<\/td><td>65x90<\/td><td>$0.0141<\/td><td>$0.0055<\/td><td>$0.0045<\/td><td>$0.0047<\/td><td>$0.0044<\/td><td>$0.0044<\/td><\/tr><tr><td><p><a href=\"\/wp-content\/uploads\/oftheearthcoffee-1.jpg\"><img decoding=\"async\" src=\"\/wp-content\/uploads\/oftheearthcoffee-1.jpg\"><\/a><\/p><\/td><td><p>Von der Erde Kaffee<\/p><\/td><td>4x6<\/td><td>100x150<\/td><td>$0.0634<\/td><td>$0.0302<\/td><td>$0.0247<\/td><td>$0.0258<\/td><td>$0.0239<\/td><td>$0.0239<\/td><\/tr><tr><td><p><a href=\"\/wp-content\/uploads\/pigleaguebbq-1.jpg\"><img decoding=\"async\" src=\"\/wp-content\/uploads\/pigleaguebbq-1.jpg\"><\/a><\/p><\/td><td><p>Pig League BBQ-Gew\u00fcrz<\/p><\/td><td>5,5x3<\/td><td>140x75<\/td><td>$0.1096<\/td><td>$0.0530<\/td><td>$0.0434<\/td><td>$0.0453<\/td><td>$0.0420<\/td><td>$0.0420<\/td><\/tr><tr><td><p><a href=\"\/wp-content\/uploads\/tilapia-front-1.jpg\"><img decoding=\"async\" src=\"\/wp-content\/uploads\/tilapia-front-1.jpg\"><\/a><\/p><\/td><td><p>Tilapia - Vorderseite<\/p><\/td><td>4x6<\/td><td>100x150<\/td><td>$0.1955<\/td><td>$0.0812<\/td><td>$0.0664<\/td><td>$0.0694<\/td><td>$0.0643<\/td><td>$0.0643<\/td><\/tr><tr><td><p><a href=\"\/wp-content\/uploads\/tilapia-back-1.jpg\"><img decoding=\"async\" src=\"\/wp-content\/uploads\/tilapia-back-1.jpg\"><\/a><\/p><\/td><td><p>Tilapia - Zur\u00fcck<\/p><\/td><td>4x6<\/td><td>100x150<\/td><td>$0.0246<\/td><td>$0.0094<\/td><td>$0.0077<\/td><td>$0.0080<\/td><td>$0.0075<\/td><td>$0.0075<\/td><\/tr><tr><td><p><a href=\"\/wp-content\/uploads\/absolutelynuts-1.jpg\"><img decoding=\"async\" src=\"\/wp-content\/uploads\/absolutelynuts-1.jpg\"><\/a><\/p><\/td><td><p>Absolut N\u00fcsse Beutel<\/p><\/td><td>4,25x6,75<\/td><td>110x170<\/td><td>$0.0546<\/td><td>$0.0262<\/td><td>$0.0214<\/td><td>$0.0224<\/td><td>$0.0207<\/td><td>$0.0207<\/td><\/tr><tr><td><p><a href=\"\/wp-content\/uploads\/birchwoodcoffee-1.jpg\"><img decoding=\"async\" src=\"\/wp-content\/uploads\/birchwoodcoffee-1.jpg\"><\/a><\/p><\/td><td><p>Birkenholz-Kaffeebeutel<\/p><\/td><td>6,25x9<\/td><td>160x230<\/td><td>$0.0895<\/td><td>$0.0396<\/td><td>$0.0324<\/td><td>$0.0338<\/td><td>$0.0314<\/td><td>$0.0314<\/td><\/tr><tr><td><p><a href=\"\/wp-content\/uploads\/elephantcoffee-pouch-1.jpg\"><img decoding=\"async\" src=\"\/wp-content\/uploads\/elephantcoffee-pouch-1.jpg\"><\/a><\/p><\/td><td><p>Elefanten-Kaffeetasche<\/p><\/td><td>6x8<\/td><td>150x200<\/td><td>$0.1122<\/td><td>$0.0486<\/td><td>$0.0398<\/td><td>$0.0416<\/td><td>$0.0386<\/td><td>$0.0386<\/td><\/tr><\/tbody><\/table>\n            <\/div><\/div>\t\t\t\t<\/div>\n\t\t\t\t<\/div>\n\t\t\t\t<div class=\"elementor-element elementor-element-26e8773b elementor-widget elementor-widget-text-editor\" data-id=\"26e8773b\" data-element_type=\"widget\" data-e-type=\"widget\" data-widget_type=\"text-editor.default\">\n\t\t\t\t<div class=\"elementor-widget-container\">\n\t\t\t\t\t\t\t\t\t<p>HINWEIS &#8211; DIE Berechnungen pro Druck sind ab August 2022 genau. Die Preise k\u00f6nnen sich \u00e4ndern und spiegeln sich m\u00f6glicherweise nicht sofort in diesen Daten wider. F\u00fcr aktuelle Berechnungen mit Ihren Etikettendesigns <a href=\"https:\/\/dev2.afinialabel.com\/de\/stichprobe\/\">fordern Sie bitte ein Muster<\/a> <a href=\"https:\/\/dev2.afinialabel.com\/de\/kontakt\/\">an oder kontaktieren Sie uns<\/a>.<\/p>\n\t\t\t\t\t\t\t\t<\/div>\n\t\t\t\t<\/div>\n\t\t\t\t\t<\/div>\n\t\t<\/div>\n\t\t\t\t\t<\/div>\n\t\t<\/section>\n\t\t\t\t<\/div>\n\t\t","protected":false},"excerpt":{"rendered":"Afinia Etikettenmuster Schl\u00fcssel &#8211; Kosten pro Druck Vergleichen Sie die Kosten pro Druck zwischen Afinia Etikettendruckern Willkommen auf der Afinia Label Beispielschl\u00fcsselseite. Der Zweck dieser Tabelle ist der Vergleich der Kosten pro Druck f\u00fcr das gleiche Design, das auf verschiedenen Maschinen gedruckt wird. Macht es Sinn, sich selbst zu drucken? Wir k\u00f6nnen helfen, das zu&#8230; <a class=\"view-article\" href=\"https:\/\/dev2.afinialabel.com\/de\/samples-key\/\">Artikel ansehen<\/a>","protected":false},"author":3,"featured_media":0,"parent":0,"menu_order":67,"comment_status":"closed","ping_status":"closed","template":"elementor_header_footer","meta":{"_acf_changed":false,"footnotes":""},"class_list":["post-6113","page","type-page","status-publish","hentry"],"acf":[],"yoast_head":"<!-- This site is optimized with the Yoast SEO Premium plugin v27.5 (Yoast SEO v27.5) - https:\/\/yoast.com\/product\/yoast-seo-premium-wordpress\/ -->\n<title>Stichprobenschl\u00fcssel &#187; Afinia Label - Make Your Own Labels<\/title>\n<meta name=\"description\" content=\"Digital Color Label Printers and Finishers - Stichprobenschl\u00fcssel\" \/>\n<meta name=\"robots\" content=\"index, follow, max-snippet:-1, max-image-preview:large, max-video-preview:-1\" \/>\n<link rel=\"canonical\" href=\"https:\/\/dev2.afinialabel.com\/de\/samples-key\/\" \/>\n<meta property=\"og:locale\" content=\"de_DE\" \/>\n<meta property=\"og:type\" content=\"article\" \/>\n<meta property=\"og:title\" content=\"Stichprobenschl\u00fcssel\" \/>\n<meta property=\"og:description\" content=\"Afinia Etikettenmuster Schl\u00fcssel - Kosten pro Druck Vergleichen Sie die Kosten pro Druck zwischen Afinia Etikettendruckern Willkommen auf der Afinia Label\" \/>\n<meta property=\"og:url\" content=\"https:\/\/dev2.afinialabel.com\/de\/samples-key\/\" \/>\n<meta property=\"og:site_name\" content=\"Afinia Label - Make Your Own Labels\" \/>\n<meta property=\"article:modified_time\" content=\"2026-02-14T03:06:57+00:00\" \/>\n<meta name=\"twitter:card\" content=\"summary_large_image\" \/>\n<meta name=\"twitter:site\" content=\"@afinialabel\" \/>\n<meta name=\"twitter:label1\" content=\"Gesch\u00e4tzte Lesezeit\" \/>\n\t<meta name=\"twitter:data1\" content=\"1\u00a0Minute\" \/>\n<!-- \/ Yoast SEO Premium plugin. -->","yoast_head_json":{"title":"Stichprobenschl\u00fcssel &#187; Afinia Label - Make Your Own Labels","description":"Digital Color Label Printers and Finishers - Stichprobenschl\u00fcssel","robots":{"index":"index","follow":"follow","max-snippet":"max-snippet:-1","max-image-preview":"max-image-preview:large","max-video-preview":"max-video-preview:-1"},"canonical":"https:\/\/dev2.afinialabel.com\/de\/samples-key\/","og_locale":"de_DE","og_type":"article","og_title":"Stichprobenschl\u00fcssel","og_description":"Afinia Etikettenmuster Schl\u00fcssel - Kosten pro Druck Vergleichen Sie die Kosten pro Druck zwischen Afinia Etikettendruckern Willkommen auf der Afinia Label","og_url":"https:\/\/dev2.afinialabel.com\/de\/samples-key\/","og_site_name":"Afinia Label - Make Your Own Labels","article_modified_time":"2026-02-14T03:06:57+00:00","twitter_card":"summary_large_image","twitter_site":"@afinialabel","twitter_misc":{"Gesch\u00e4tzte Lesezeit":"1\u00a0Minute"},"schema":{"@context":"https:\/\/schema.org","@graph":[{"@type":"WebPage","@id":"https:\/\/dev2.afinialabel.com\/de\/samples-key\/","url":"https:\/\/dev2.afinialabel.com\/de\/samples-key\/","name":"Stichprobenschl\u00fcssel &#187; Afinia Label - Make Your Own Labels","isPartOf":{"@id":"https:\/\/dev2.afinialabel.com\/de\/#website"},"datePublished":"2023-04-13T17:24:00+00:00","dateModified":"2026-02-14T03:06:57+00:00","description":"Digital Color Label Printers and Finishers - Stichprobenschl\u00fcssel","breadcrumb":{"@id":"https:\/\/dev2.afinialabel.com\/de\/samples-key\/#breadcrumb"},"inLanguage":"de","potentialAction":[{"@type":"ReadAction","target":["https:\/\/dev2.afinialabel.com\/de\/samples-key\/"]}]},{"@type":"BreadcrumbList","@id":"https:\/\/dev2.afinialabel.com\/de\/samples-key\/#breadcrumb","itemListElement":[{"@type":"ListItem","position":1,"name":"Home","item":"https:\/\/dev2.afinialabel.com\/de\/"},{"@type":"ListItem","position":2,"name":"Stichprobenschl\u00fcssel"}]},{"@type":"WebSite","@id":"https:\/\/dev2.afinialabel.com\/de\/#website","url":"https:\/\/dev2.afinialabel.com\/de\/","name":"Afinia Label - Make Your Own Labels","description":"Digital Color Label Printers and Finishers","publisher":{"@id":"https:\/\/dev2.afinialabel.com\/de\/#organization"},"potentialAction":[{"@type":"SearchAction","target":{"@type":"EntryPoint","urlTemplate":"https:\/\/dev2.afinialabel.com\/de\/?s={search_term_string}"},"query-input":{"@type":"PropertyValueSpecification","valueRequired":true,"valueName":"search_term_string"}}],"inLanguage":"de"},{"@type":"Organization","@id":"https:\/\/dev2.afinialabel.com\/de\/#organization","name":"Afinia Label","url":"https:\/\/dev2.afinialabel.com\/de\/","logo":{"@type":"ImageObject","inLanguage":"de","@id":"https:\/\/dev2.afinialabel.com\/de\/#\/schema\/logo\/image\/","url":"https:\/\/dev2.afinialabel.com\/wp-content\/uploads\/logo-light.svg","contentUrl":"https:\/\/dev2.afinialabel.com\/wp-content\/uploads\/logo-light.svg","width":190,"height":36,"caption":"Afinia Label"},"image":{"@id":"https:\/\/dev2.afinialabel.com\/de\/#\/schema\/logo\/image\/"},"sameAs":["https:\/\/x.com\/afinialabel","https:\/\/www.youtube.com\/channel\/UC7oqak2m5QABw4LzXLuWCaA"]}]}},"_links":{"self":[{"href":"https:\/\/dev2.afinialabel.com\/de\/wp-json\/wp\/v2\/pages\/6113","targetHints":{"allow":["GET"]}}],"collection":[{"href":"https:\/\/dev2.afinialabel.com\/de\/wp-json\/wp\/v2\/pages"}],"about":[{"href":"https:\/\/dev2.afinialabel.com\/de\/wp-json\/wp\/v2\/types\/page"}],"author":[{"embeddable":true,"href":"https:\/\/dev2.afinialabel.com\/de\/wp-json\/wp\/v2\/users\/3"}],"replies":[{"embeddable":true,"href":"https:\/\/dev2.afinialabel.com\/de\/wp-json\/wp\/v2\/comments?post=6113"}],"version-history":[{"count":0,"href":"https:\/\/dev2.afinialabel.com\/de\/wp-json\/wp\/v2\/pages\/6113\/revisions"}],"wp:attachment":[{"href":"https:\/\/dev2.afinialabel.com\/de\/wp-json\/wp\/v2\/media?parent=6113"}],"curies":[{"name":"wp","href":"https:\/\/api.w.org\/{rel}","templated":true}]}}