{"id":6086,"date":"2023-04-13T17:14:41","date_gmt":"2023-04-13T17:14:41","guid":{"rendered":"https:\/\/dev2.afinialabel.com\/memjet\/printhead-best-practices\/"},"modified":"2024-11-14T22:07:14","modified_gmt":"2024-11-14T22:07:14","slug":"printhead-best-practices","status":"publish","type":"page","link":"https:\/\/dev2.afinialabel.com\/de\/memjet\/printhead-best-practices\/","title":{"rendered":"Best Practices f\u00fcr Memjet-Druckk\u00f6pfe"},"content":{"rendered":"\t\t<div data-elementor-type=\"wp-page\" data-elementor-id=\"6086\" class=\"elementor elementor-6086 elementor-1563\" data-elementor-post-type=\"page\">\n\t\t\t\t\t\t<section data-particle_enable=\"false\" data-particle-mobile-disabled=\"false\" class=\"elementor-section elementor-top-section elementor-element elementor-element-3a168c0 elementor-section-full_width elementor-section-height-default elementor-section-height-default\" data-id=\"3a168c0\" data-element_type=\"section\" data-e-type=\"section\">\n\t\t\t\t\t\t<div class=\"elementor-container elementor-column-gap-default\">\n\t\t\t\t\t<div class=\"elementor-column elementor-col-100 elementor-top-column elementor-element elementor-element-7b27d00\" data-id=\"7b27d00\" data-element_type=\"column\" data-e-type=\"column\">\n\t\t\t<div class=\"elementor-widget-wrap elementor-element-populated\">\n\t\t\t\t\t\t<div class=\"elementor-element elementor-element-665e747 elementor-widget elementor-widget-text-editor\" data-id=\"665e747\" data-element_type=\"widget\" data-e-type=\"widget\" data-widget_type=\"text-editor.default\">\n\t\t\t\t<div class=\"elementor-widget-container\">\n\t\t\t\t\t\t\t\t\t<p>Holen Sie das Beste aus Ihren Memjet-Druckk\u00f6pfen mit hoher Kapazit\u00e4t heraus, indem Sie diese Best Practices befolgen<\/p>\n\t\t\t\t\t\t\t\t<\/div>\n\t\t\t\t<\/div>\n\t\t\t\t<div class=\"elementor-element elementor-element-c9897fa elementor-widget-divider--view-line elementor-widget elementor-widget-divider\" data-id=\"c9897fa\" data-element_type=\"widget\" data-e-type=\"widget\" data-widget_type=\"divider.default\">\n\t\t\t\t<div class=\"elementor-widget-container\">\n\t\t\t\t\t\t\t<div class=\"elementor-divider\">\n\t\t\t<span class=\"elementor-divider-separator\">\n\t\t\t\t\t\t<\/span>\n\t\t<\/div>\n\t\t\t\t\t\t<\/div>\n\t\t\t\t<\/div>\n\t\t\t\t<div class=\"elementor-element elementor-element-14d5217 elementor-widget elementor-widget-text-editor\" data-id=\"14d5217\" data-element_type=\"widget\" data-e-type=\"widget\" data-widget_type=\"text-editor.default\">\n\t\t\t\t<div class=\"elementor-widget-container\">\n\t\t\t\t\t\t\t\t\t<p><em><strong>F\u00fcr alle Afinia Etikettendrucker mit Memjet-Technologie<\/strong><\/em><\/p>\n\t\t\t\t\t\t\t\t<\/div>\n\t\t\t\t<\/div>\n\t\t\t\t<div class=\"elementor-element elementor-element-6e74e16 elementor-widget elementor-widget-button\" data-id=\"6e74e16\" data-element_type=\"widget\" data-e-type=\"widget\" data-widget_type=\"button.default\">\n\t\t\t\t<div class=\"elementor-widget-container\">\n\t\t\t\t\t\t\t\t\t<div class=\"elementor-button-wrapper\">\n\t\t\t\t\t<a class=\"elementor-button elementor-button-link elementor-size-sm\" href=\"\/wp-content\/uploads\/AfiniaLabel-MemjetPH-BestPractices-2.0.pdf\">\n\t\t\t\t\t\t<span class=\"elementor-button-content-wrapper\">\n\t\t\t\t\t\t<span class=\"elementor-button-icon\">\n\t\t\t\t<i aria-hidden=\"true\" class=\"far fa-file-pdf\"><\/i>\t\t\t<\/span>\n\t\t\t\t\t\t\t\t\t<span class=\"elementor-button-text\">Best Practices - Als PDF anzeigen<\/span>\n\t\t\t\t\t<\/span>\n\t\t\t\t\t<\/a>\n\t\t\t\t<\/div>\n\t\t\t\t\t\t\t\t<\/div>\n\t\t\t\t<\/div>\n\t\t\t\t<div class=\"elementor-element elementor-element-92d99bd elementor-widget elementor-widget-button\" data-id=\"92d99bd\" data-element_type=\"widget\" data-e-type=\"widget\" data-widget_type=\"button.default\">\n\t\t\t\t<div class=\"elementor-widget-container\">\n\t\t\t\t\t\t\t\t\t<div class=\"elementor-button-wrapper\">\n\t\t\t\t\t<a class=\"elementor-button elementor-button-link elementor-size-sm\" href=\"\/go\/memjet-rma\">\n\t\t\t\t\t\t<span class=\"elementor-button-content-wrapper\">\n\t\t\t\t\t\t<span class=\"elementor-button-icon\">\n\t\t\t\t<i aria-hidden=\"true\" class=\"fas fa-clipboard-check\"><\/i>\t\t\t<\/span>\n\t\t\t\t\t\t\t\t\t<span class=\"elementor-button-text\"><span>Memjet-Druckkopf - <\/span>RMA-Anweisungen<\/span>\n\t\t\t\t\t<\/span>\n\t\t\t\t\t<\/a>\n\t\t\t\t<\/div>\n\t\t\t\t\t\t\t\t<\/div>\n\t\t\t\t<\/div>\n\t\t\t\t<div class=\"elementor-element elementor-element-7dea310 elementor-widget-divider--view-line elementor-widget elementor-widget-divider\" data-id=\"7dea310\" data-element_type=\"widget\" data-e-type=\"widget\" data-widget_type=\"divider.default\">\n\t\t\t\t<div class=\"elementor-widget-container\">\n\t\t\t\t\t\t\t<div class=\"elementor-divider\">\n\t\t\t<span class=\"elementor-divider-separator\">\n\t\t\t\t\t\t<\/span>\n\t\t<\/div>\n\t\t\t\t\t\t<\/div>\n\t\t\t\t<\/div>\n\t\t\t\t<div class=\"elementor-element elementor-element-6ed0dd0 elementor-widget elementor-widget-heading\" data-id=\"6ed0dd0\" data-element_type=\"widget\" data-e-type=\"widget\" data-widget_type=\"heading.default\">\n\t\t\t\t<div class=\"elementor-widget-container\">\n\t\t\t\t\t<h2 class=\"elementor-heading-title elementor-size-default\">Lagerung &amp; Installation<\/h2>\t\t\t\t<\/div>\n\t\t\t\t<\/div>\n\t\t\t\t<div class=\"elementor-element elementor-element-3989ea5 elementor-widget elementor-widget-text-editor\" data-id=\"3989ea5\" data-element_type=\"widget\" data-e-type=\"widget\" data-widget_type=\"text-editor.default\">\n\t\t\t\t<div class=\"elementor-widget-container\">\n\t\t\t\t\t\t\t\t\t<ul>\n<li>Immer rechts oben lagern, wie auf dem Kartonetikett angegeben<\/li>\n<li>Druckkopf innerhalb von zwei Jahren nach Herstellungsdatum installieren<\/li>\n<li>Bewahren Sie die orange\/rote Kunststoffkappe aus der neuen Verpackung f\u00fcr die sp\u00e4tere Verwendung auf<\/li>\n<li>Ersetzen Sie die Mikrofaserwalze durch jeden neuen Druckkopf (Gilt nicht f\u00fcr X350)<\/li>\n<\/ul>\n\t\t\t\t\t\t\t\t<\/div>\n\t\t\t\t<\/div>\n\t\t\t\t<div class=\"elementor-element elementor-element-c348932 elementor-widget elementor-widget-heading\" data-id=\"c348932\" data-element_type=\"widget\" data-e-type=\"widget\" data-widget_type=\"heading.default\">\n\t\t\t\t<div class=\"elementor-widget-container\">\n\t\t\t\t\t<h2 class=\"elementor-heading-title elementor-size-default\">Inaktivit\u00e4t<\/h2>\t\t\t\t<\/div>\n\t\t\t\t<\/div>\n\t\t\t\t<div class=\"elementor-element elementor-element-7b2c1d0 elementor-widget elementor-widget-text-editor\" data-id=\"7b2c1d0\" data-element_type=\"widget\" data-e-type=\"widget\" data-widget_type=\"text-editor.default\">\n\t\t\t\t<div class=\"elementor-widget-container\">\n\t\t\t\t\t\t\t\t\t<ul>\n<li><strong>Bis zu 10 Tage: <\/strong> Halten Sie den Drucker nachts und am Wochenende eingeschaltet<\/li>\n<li><strong>10+ Tage: <\/strong> Druckkopf entfernen und gem\u00e4\u00df den Anweisungen in der Bedienungsanleitung Ihres Druckers aufbewahren<\/li>\n<\/ul>\n\t\t\t\t\t\t\t\t<\/div>\n\t\t\t\t<\/div>\n\t\t\t\t<div class=\"elementor-element elementor-element-f9c1c68 elementor-widget elementor-widget-text-editor\" data-id=\"f9c1c68\" data-element_type=\"widget\" data-e-type=\"widget\" data-widget_type=\"text-editor.default\">\n\t\t\t\t<div class=\"elementor-widget-container\">\n\t\t\t\t\t\t\t\t\t<p><strong>HINWEIS:<\/strong> Bei normalem Betrieb bleiben die <span style=\"text-align: left; background-color: #ffffff;\">Druckkopfd\u00fcsen<\/span> hydratisiert, wenn Tinte durch das System flie\u00dft. Aus diesem Grund holen starke Anwender das meiste Leben aus ihren Druckk\u00f6pfen. Wenn Sie ein leichter Benutzer sind, versuchen Sie jeden Tag zu drucken.<\/p>\n<p>Dar\u00fcber hinaus erh\u00f6ht die regelm\u00e4\u00dfige Verwendung eines m\u00f6glichst gro\u00dfen Teils der Druckbreite das Ausgangspotential jedes <span style=\"text-align: left; background-color: #ffffff;\">Druckkopfes<\/span>. F\u00fcr schmale Etikettensituationen wird dies durch Mehrfachetiketten und einen L\u00e4ngsschneider erreicht.<\/p>\n\t\t\t\t\t\t\t\t<\/div>\n\t\t\t\t<\/div>\n\t\t\t\t<div class=\"elementor-element elementor-element-5e015db elementor-widget elementor-widget-heading\" data-id=\"5e015db\" data-element_type=\"widget\" data-e-type=\"widget\" data-widget_type=\"heading.default\">\n\t\t\t\t<div class=\"elementor-widget-container\">\n\t\t\t\t\t<h2 class=\"elementor-heading-title elementor-size-default\">Umwelt<\/h2>\t\t\t\t<\/div>\n\t\t\t\t<\/div>\n\t\t\t\t<div class=\"elementor-element elementor-element-4ee683d elementor-widget elementor-widget-text-editor\" data-id=\"4ee683d\" data-element_type=\"widget\" data-e-type=\"widget\" data-widget_type=\"text-editor.default\">\n\t\t\t\t<div class=\"elementor-widget-container\">\n\t\t\t\t\t\t\t\t\t<ul>\n<li>Betrieb: 59\u00b0\u201395\u00b0F (15\u00b0\u201335\u00b0C); Relative Luftfeuchtigkeit: 35\u201380%<\/li>\n<li>Lagerung: 23\u00b0\u2013113\u00b0F (-5\u00b0\u201350\u00b0C); Relative Luftfeuchtigkeit: bis zu 85%, nicht kondensierend bei 65<\/li>\n<li>Sorgen Sie f\u00fcr eine saubere und staubfreie Umgebung<\/li>\n<li>Verwenden Sie Medien, die sauber und frei von Staub und Klebstoffr\u00fcckst\u00e4nden sind<\/li>\n<\/ul>\n\t\t\t\t\t\t\t\t<\/div>\n\t\t\t\t<\/div>\n\t\t\t\t<div class=\"elementor-element elementor-element-67b088e elementor-widget elementor-widget-heading\" data-id=\"67b088e\" data-element_type=\"widget\" data-e-type=\"widget\" data-widget_type=\"heading.default\">\n\t\t\t\t<div class=\"elementor-widget-container\">\n\t\t\t\t\t<h2 class=\"elementor-heading-title elementor-size-default\">Wartung<\/h2>\t\t\t\t<\/div>\n\t\t\t\t<\/div>\n\t\t\t\t<div class=\"elementor-element elementor-element-5dacf8e elementor-widget elementor-widget-text-editor\" data-id=\"5dacf8e\" data-element_type=\"widget\" data-e-type=\"widget\" data-widget_type=\"text-editor.default\">\n\t\t\t\t<div class=\"elementor-widget-container\">\n\t\t\t\t\t\t\t\t\t<ul>\n<li><strong>Regelm\u00e4\u00dfige Wartung durchf\u00fchren \u2014<\/strong> Drucker und Medienpfad frei von Papierstaub und Klebstoffr\u00fcckst\u00e4nden halten.<\/li>\n<li><strong>Begrenzung der Luftexposition \u2014<\/strong> Wenn die Druckkopfd\u00fcsen l\u00e4nger als 30 Sekunden belichtet werden, entfernen Sie den Druckkopf aus dem Drucker und lagern Sie ihn in einer Kunststoffkappe mit destilliertem\/entionisiertem Wasser.<\/li>\n<li><strong>Manuelle Reinigung \u2014<\/strong> Verwenden Sie destilliertes\/entionisiertes Wasser und fusselfreies Tuch. VERWENDEN SIE NIEMALS Alkohol- oder Papiert\u00fccher, um den Druckkopf abzuwischen. Ber\u00fchren SIE NIEMALS die D\u00fcsen.<\/li>\n<li><strong>KWS verwenden \u2014<\/strong> Behalten Sie die Standard-KWS-Einstellungen bei und passen Sie sie bei Bedarf an die Umgebung an.<\/li>\n<\/ul>\n\t\t\t\t\t\t\t\t<\/div>\n\t\t\t\t<\/div>\n\t\t\t\t\t<\/div>\n\t\t<\/div>\n\t\t\t\t\t<\/div>\n\t\t<\/section>\n\t\t\t\t<\/div>\n\t\t","protected":false},"excerpt":{"rendered":"Holen Sie das Beste aus Ihren Memjet-Druckk\u00f6pfen mit hoher Kapazit\u00e4t heraus, indem Sie diese Best Practices befolgen F\u00fcr alle Afinia Etikettendrucker mit Memjet-Technologie Best Practices &#8211; Als PDF anzeigen Memjet-Druckkopf &#8211; RMA-Anweisungen Lagerung &amp; Installation Immer rechts oben lagern, wie auf dem Kartonetikett angegeben Druckkopf innerhalb von zwei Jahren nach Herstellungsdatum installieren Bewahren Sie die&#8230; <a class=\"view-article\" href=\"https:\/\/dev2.afinialabel.com\/de\/memjet\/printhead-best-practices\/\">Artikel ansehen<\/a>","protected":false},"author":3,"featured_media":0,"parent":6078,"menu_order":91,"comment_status":"closed","ping_status":"closed","template":"","meta":{"_acf_changed":false,"footnotes":""},"class_list":["post-6086","page","type-page","status-publish","hentry"],"acf":[],"yoast_head":"<!-- This site is optimized with the Yoast SEO Premium plugin v27.5 (Yoast SEO v27.5) - https:\/\/yoast.com\/product\/yoast-seo-premium-wordpress\/ -->\n<title>Best Practices f\u00fcr Memjet-Druckk\u00f6pfe &#187; Afinia Label - Make Your Own Labels<\/title>\n<meta name=\"description\" content=\"Digital Color Label Printers and Finishers - Best Practices f\u00fcr Memjet-Druckk\u00f6pfe\" \/>\n<meta name=\"robots\" content=\"index, follow, max-snippet:-1, max-image-preview:large, max-video-preview:-1\" \/>\n<link rel=\"canonical\" href=\"https:\/\/dev2.afinialabel.com\/de\/memjet\/printhead-best-practices\/\" \/>\n<meta property=\"og:locale\" content=\"de_DE\" \/>\n<meta property=\"og:type\" content=\"article\" \/>\n<meta property=\"og:title\" content=\"Best Practices f\u00fcr Memjet-Druckk\u00f6pfe\" \/>\n<meta property=\"og:description\" content=\"Holen Sie das Beste aus Ihren Memjet-Druckk\u00f6pfen mit hoher Kapazit\u00e4t heraus, indem Sie diese Best Practices befolgen F\u00fcr alle Afinia Etikettendrucker mit\" \/>\n<meta property=\"og:url\" content=\"https:\/\/dev2.afinialabel.com\/de\/memjet\/printhead-best-practices\/\" \/>\n<meta property=\"og:site_name\" content=\"Afinia Label - Make Your Own Labels\" \/>\n<meta property=\"article:modified_time\" content=\"2024-11-14T22:07:14+00:00\" \/>\n<meta name=\"twitter:card\" content=\"summary_large_image\" \/>\n<meta name=\"twitter:site\" content=\"@afinialabel\" \/>\n<meta name=\"twitter:label1\" content=\"Gesch\u00e4tzte Lesezeit\" \/>\n\t<meta name=\"twitter:data1\" content=\"2\u00a0Minuten\" \/>\n<!-- \/ Yoast SEO Premium plugin. -->","yoast_head_json":{"title":"Best Practices f\u00fcr Memjet-Druckk\u00f6pfe &#187; Afinia Label - Make Your Own Labels","description":"Digital Color Label Printers and Finishers - Best Practices f\u00fcr Memjet-Druckk\u00f6pfe","robots":{"index":"index","follow":"follow","max-snippet":"max-snippet:-1","max-image-preview":"max-image-preview:large","max-video-preview":"max-video-preview:-1"},"canonical":"https:\/\/dev2.afinialabel.com\/de\/memjet\/printhead-best-practices\/","og_locale":"de_DE","og_type":"article","og_title":"Best Practices f\u00fcr Memjet-Druckk\u00f6pfe","og_description":"Holen Sie das Beste aus Ihren Memjet-Druckk\u00f6pfen mit hoher Kapazit\u00e4t heraus, indem Sie diese Best Practices befolgen F\u00fcr alle Afinia Etikettendrucker mit","og_url":"https:\/\/dev2.afinialabel.com\/de\/memjet\/printhead-best-practices\/","og_site_name":"Afinia Label - Make Your Own Labels","article_modified_time":"2024-11-14T22:07:14+00:00","twitter_card":"summary_large_image","twitter_site":"@afinialabel","twitter_misc":{"Gesch\u00e4tzte Lesezeit":"2\u00a0Minuten"},"schema":{"@context":"https:\/\/schema.org","@graph":[{"@type":"WebPage","@id":"https:\/\/dev2.afinialabel.com\/de\/memjet\/printhead-best-practices\/","url":"https:\/\/dev2.afinialabel.com\/de\/memjet\/printhead-best-practices\/","name":"Best Practices f\u00fcr Memjet-Druckk\u00f6pfe &#187; Afinia Label - Make Your Own Labels","isPartOf":{"@id":"https:\/\/dev2.afinialabel.com\/de\/#website"},"datePublished":"2023-04-13T17:14:41+00:00","dateModified":"2024-11-14T22:07:14+00:00","description":"Digital Color Label Printers and Finishers - Best Practices f\u00fcr Memjet-Druckk\u00f6pfe","breadcrumb":{"@id":"https:\/\/dev2.afinialabel.com\/de\/memjet\/printhead-best-practices\/#breadcrumb"},"inLanguage":"de","potentialAction":[{"@type":"ReadAction","target":["https:\/\/dev2.afinialabel.com\/de\/memjet\/printhead-best-practices\/"]}]},{"@type":"BreadcrumbList","@id":"https:\/\/dev2.afinialabel.com\/de\/memjet\/printhead-best-practices\/#breadcrumb","itemListElement":[{"@type":"ListItem","position":1,"name":"Home","item":"https:\/\/dev2.afinialabel.com\/de\/"},{"@type":"ListItem","position":2,"name":"Memjet","item":"https:\/\/dev2.afinialabel.com\/de\/memjet\/"},{"@type":"ListItem","position":3,"name":"Best Practices f\u00fcr Memjet-Druckk\u00f6pfe"}]},{"@type":"WebSite","@id":"https:\/\/dev2.afinialabel.com\/de\/#website","url":"https:\/\/dev2.afinialabel.com\/de\/","name":"Afinia Label - Make Your Own Labels","description":"Digital Color Label Printers and Finishers","publisher":{"@id":"https:\/\/dev2.afinialabel.com\/de\/#organization"},"potentialAction":[{"@type":"SearchAction","target":{"@type":"EntryPoint","urlTemplate":"https:\/\/dev2.afinialabel.com\/de\/?s={search_term_string}"},"query-input":{"@type":"PropertyValueSpecification","valueRequired":true,"valueName":"search_term_string"}}],"inLanguage":"de"},{"@type":"Organization","@id":"https:\/\/dev2.afinialabel.com\/de\/#organization","name":"Afinia Label","url":"https:\/\/dev2.afinialabel.com\/de\/","logo":{"@type":"ImageObject","inLanguage":"de","@id":"https:\/\/dev2.afinialabel.com\/de\/#\/schema\/logo\/image\/","url":"https:\/\/dev2.afinialabel.com\/wp-content\/uploads\/logo-light.svg","contentUrl":"https:\/\/dev2.afinialabel.com\/wp-content\/uploads\/logo-light.svg","width":190,"height":36,"caption":"Afinia Label"},"image":{"@id":"https:\/\/dev2.afinialabel.com\/de\/#\/schema\/logo\/image\/"},"sameAs":["https:\/\/x.com\/afinialabel","https:\/\/www.youtube.com\/channel\/UC7oqak2m5QABw4LzXLuWCaA"]}]}},"_links":{"self":[{"href":"https:\/\/dev2.afinialabel.com\/de\/wp-json\/wp\/v2\/pages\/6086","targetHints":{"allow":["GET"]}}],"collection":[{"href":"https:\/\/dev2.afinialabel.com\/de\/wp-json\/wp\/v2\/pages"}],"about":[{"href":"https:\/\/dev2.afinialabel.com\/de\/wp-json\/wp\/v2\/types\/page"}],"author":[{"embeddable":true,"href":"https:\/\/dev2.afinialabel.com\/de\/wp-json\/wp\/v2\/users\/3"}],"replies":[{"embeddable":true,"href":"https:\/\/dev2.afinialabel.com\/de\/wp-json\/wp\/v2\/comments?post=6086"}],"version-history":[{"count":0,"href":"https:\/\/dev2.afinialabel.com\/de\/wp-json\/wp\/v2\/pages\/6086\/revisions"}],"up":[{"embeddable":true,"href":"https:\/\/dev2.afinialabel.com\/de\/wp-json\/wp\/v2\/pages\/6078"}],"wp:attachment":[{"href":"https:\/\/dev2.afinialabel.com\/de\/wp-json\/wp\/v2\/media?parent=6086"}],"curies":[{"name":"wp","href":"https:\/\/api.w.org\/{rel}","templated":true}]}}