{"id":5949,"date":"2023-03-27T17:52:30","date_gmt":"2023-03-27T17:52:30","guid":{"rendered":"https:\/\/dev2.afinialabel.com\/retail-personalisierung\/examples\/"},"modified":"2026-02-14T10:33:00","modified_gmt":"2026-02-14T10:33:00","slug":"beispiele","status":"publish","type":"page","link":"https:\/\/dev2.afinialabel.com\/de\/retail-personalisierung\/beispiele\/","title":{"rendered":"Beispiele f\u00fcr die Personalisierung von Handelsetiketten"},"content":{"rendered":"<h2><img fetchpriority=\"high\" decoding=\"async\" class=\"alignright wp-image-1137\" src=\"\/wp-content\/uploads\/Kiosk-wCouple.jpg\" alt=\"Personalisierung des Kiosk-Etiketts im Einzelhandel Afinia Label\" width=\"280\" height=\"391\" srcset=\"https:\/\/dev2.afinialabel.com\/wp-content\/uploads\/Kiosk-wCouple.jpg 600w, https:\/\/dev2.afinialabel.com\/wp-content\/uploads\/Kiosk-wCouple-215x300.jpg 215w, https:\/\/dev2.afinialabel.com\/wp-content\/uploads\/Kiosk-wCouple-275x384.jpg 275w, https:\/\/dev2.afinialabel.com\/wp-content\/uploads\/Kiosk-wCouple-47x65.jpg 47w\" sizes=\"(max-width: 280px) 100vw, 280px\" \/>F\u00e4lle aus der Praxis<\/h2>\n<h4>Marken auf der ganzen Welt nutzen die Anpassung von In-Store-Etiketten, um mit Kunden in Kontakt zu treten<\/h4>\n<p> Der Etikettendruck vor Ort ist zu einer unbestreitbar erfolgreichen Handelstaktik geworden. Unternehmen setzen diese Kraft frei, um <strong>auf pers\u00f6nlicher Ebene mit gro\u00dfem Erfolg mit Kunden in Kontakt zu treten<\/strong>. Hier sind einige bemerkenswerte Beispiele f\u00fcr die Personalisierung von Etiketten in der realen Welt. <img decoding=\"async\" class=\"alignnone wp-image-1132\" src=\"\/wp-content\/uploads\/afinia-personalization-boxes.jpg\" alt=\"Afinia Label Retail Label Personalisierung\" width=\"333\" height=\"219\" srcset=\"https:\/\/dev2.afinialabel.com\/wp-content\/uploads\/afinia-personalization-boxes.jpg 600w, https:\/\/dev2.afinialabel.com\/wp-content\/uploads\/afinia-personalization-boxes-300x198.jpg 300w, https:\/\/dev2.afinialabel.com\/wp-content\/uploads\/afinia-personalization-boxes-275x181.jpg 275w, https:\/\/dev2.afinialabel.com\/wp-content\/uploads\/afinia-personalization-boxes-65x43.jpg 65w\" sizes=\"(max-width: 333px) 100vw, 333px\" \/><\/p>\n<h4>Individuelle H\u00fclle f\u00fcr den Einzelhandel<\/h4>\n<ul>\n<li><a href=\"#nutella-kmart\" target=\"_self\" rel=\"noopener noreferrer\">Nutella\/Vegemite in Kmart-Gesch\u00e4ften<\/a><\/li>\n<li><a href=\"#cadbury-kmart\" target=\"_self\" rel=\"noopener noreferrer\">Cadbury Chocolate in Kmart Stores<\/a><\/li>\n<li><a href=\"#nestle-quality\" target=\"_self\" rel=\"noopener noreferrer\">Nestl\u00e9 Quality Street Pralinen<\/a><\/li>\n<li><a href=\"#bao-candy\" target=\"_self\" rel=\"noopener noreferrer\">BAO Candy Store &#8211; Paris, Frankreich<\/a><\/li>\n<li><a href=\"#fire-host\" target=\"_self\" rel=\"noopener noreferrer\">Feuerwehrschlauch Hot Sauce<\/a><\/li>\n<\/ul>\n<h2 id=\"nutella-kmart\"><img decoding=\"async\" class=\"wp-image-1140 alignright\" style=\"font-size: 16px\" src=\"\/wp-content\/uploads\/vegemite-kmartdisplay.png\" alt=\"Kundenspezifische Nutella in Kmart Stores\" width=\"224\" height=\"414\" srcset=\"https:\/\/dev2.afinialabel.com\/wp-content\/uploads\/vegemite-kmartdisplay.png 883w, https:\/\/dev2.afinialabel.com\/wp-content\/uploads\/vegemite-kmartdisplay-162x300.png 162w, https:\/\/dev2.afinialabel.com\/wp-content\/uploads\/vegemite-kmartdisplay-768x1419.png 768w, https:\/\/dev2.afinialabel.com\/wp-content\/uploads\/vegemite-kmartdisplay-831x1536.png 831w, https:\/\/dev2.afinialabel.com\/wp-content\/uploads\/vegemite-kmartdisplay-640x1183.png 640w, https:\/\/dev2.afinialabel.com\/wp-content\/uploads\/vegemite-kmartdisplay-275x508.png 275w, https:\/\/dev2.afinialabel.com\/wp-content\/uploads\/vegemite-kmartdisplay-35x65.png 35w\" sizes=\"(max-width: 224px) 100vw, 224px\" \/>Nutella\/Vegemite in Kmart-Gesch\u00e4ften<\/h2>\n<h4>Australien<\/h4>\n<p> Kmart Stores in Australien erwarb 215 L301-Drucker f\u00fcr die Anpassung einiger sehr beliebter Lebensmittelmarken, Nutella und Vegemite. Die Gl\u00e4ser wurden von einem End-of-Aisle-Display ausgew\u00e4hlt und einem Filialmitarbeiter an einem nahe gelegenen Serviceschalter pr\u00e4sentiert, wo die benutzerdefinierten Etiketten digital gedruckt und von Hand angebracht wurden. <\/p>\n<div class=\"wp-block-image\"><img loading=\"lazy\" decoding=\"async\" class=\"wp-image-1138\" src=\"\/wp-content\/uploads\/nutella-names.jpg\" alt=\"Kundenspezifische Nutella in Kmart Stores\" width=\"612\" height=\"252\" srcset=\"https:\/\/dev2.afinialabel.com\/wp-content\/uploads\/nutella-names.jpg 612w, https:\/\/dev2.afinialabel.com\/wp-content\/uploads\/nutella-names-300x124.jpg 300w, https:\/\/dev2.afinialabel.com\/wp-content\/uploads\/nutella-names-275x113.jpg 275w, https:\/\/dev2.afinialabel.com\/wp-content\/uploads\/nutella-names-65x27.jpg 65w\" sizes=\"(max-width: 612px) 100vw, 612px\" \/><\/div>\n<p><strong>W\u00e4hrend der Kampagne wurden Gl\u00e4ser in 200 Gesch\u00e4ften zu erh\u00f6hten Preisen verkauft.<\/strong> Hier erf\u00e4hrst du mehr \u00fcber diese <a href=\"https:\/\/www.labelandnarrowweb.com\/contents\/view_breaking-news\/2018-01-30\/afinia-label-gets-personal-with-hp-and-kmart-australia\/51896\" target=\"_blank\" rel=\"noreferrer noopener\" aria-label=\"Learn more about this campaign here. (opens in a new tab)\"><\/a>Kampagne. <\/p>\n<hr class=\"wp-block-separator\">\n<h2 id=\"cadbury-kmart\">Cadbury Chocolate in Kmart Stores<\/h2>\n<p><img loading=\"lazy\" decoding=\"async\" class=\" wp-image-1139 alignright\" src=\"\/wp-content\/uploads\/Screen-Shot-2019-07-09-at-4.32.26-PM.png\" alt=\"\" width=\"285\" height=\"213\" srcset=\"https:\/\/dev2.afinialabel.com\/wp-content\/uploads\/Screen-Shot-2019-07-09-at-4.32.26-PM.png 397w, https:\/\/dev2.afinialabel.com\/wp-content\/uploads\/Screen-Shot-2019-07-09-at-4.32.26-PM-300x224.png 300w, https:\/\/dev2.afinialabel.com\/wp-content\/uploads\/Screen-Shot-2019-07-09-at-4.32.26-PM-275x206.png 275w, https:\/\/dev2.afinialabel.com\/wp-content\/uploads\/Screen-Shot-2019-07-09-at-4.32.26-PM-65x49.png 65w\" sizes=\"(max-width: 285px) 100vw, 285px\" \/><\/p>\n<h4>Australien<\/h4>\n<p> Die Kmart-Filialen in Australien haben den L301 2019 erneut f\u00fcr die Anpassung der Etiketten in den Filialen verwendet, diesmal jedoch mit Cadbury Chocolate. Die Kunden erhielten bei Kmart die exklusive M\u00f6glichkeit, ein Produkt zu personalisieren. Die Etiketten wurden digital gedruckt und die Kunden konnten p\u00fcnktlich zur Weihnachtszeit mit einer personalisierten Geschenkbox weggehen. Im Laufe der beiden Kampagnen, an denen wir mit Kmart zusammengearbeitet haben, wurden 400.000 Einheiten verkauft. <\/p>\n<h2 id=\"nestle-quality\">Nestl\u00e9 Quality Street Pralinen<\/h2>\n<h4>Magisches Laternenfest \u2014 Leeds, Gro\u00dfbritannien<\/h4>\n<p><img loading=\"lazy\" decoding=\"async\" class=\"alignright wp-image-1145\" src=\"\/wp-content\/uploads\/nestle-qualitystreet.jpg\" alt=\"\" width=\"230\" height=\"198\" srcset=\"https:\/\/dev2.afinialabel.com\/wp-content\/uploads\/nestle-qualitystreet.jpg 747w, https:\/\/dev2.afinialabel.com\/wp-content\/uploads\/nestle-qualitystreet-300x260.jpg 300w, https:\/\/dev2.afinialabel.com\/wp-content\/uploads\/nestle-qualitystreet-640x554.jpg 640w, https:\/\/dev2.afinialabel.com\/wp-content\/uploads\/nestle-qualitystreet-275x238.jpg 275w, https:\/\/dev2.afinialabel.com\/wp-content\/uploads\/nestle-qualitystreet-65x56.jpg 65w\" sizes=\"(max-width: 230px) 100vw, 230px\" \/> Kunden beim Magical Lantern Festival erhielten die M\u00f6glichkeit, Schachteln mit Quality Street Pralinen von Nestl\u00e9 zu kaufen und anzupassen. <a href=\"https:\/\/dev2.afinialabel.com\/de\/digitale-etikettendrucker\/l801-industrieller-farbetikettendrucker\/\">Memjet-betriebene L801<\/a> wurden f\u00fcr den vollbreiten, vollfarbigen Druck des Etiketts mit eingef\u00fcgten Kundennamen eingesetzt. <\/p>\n<h2 id=\"bao-candy\">B.A.O. S\u00fc\u00dfwarenl\u00e4den<\/h2>\n<h4>Paris, Frankreich<\/h4>\n<p> B.A.O. in Paris, Frankreich, hat sich mit unseren Partnern Incom France zusammengetan und verwendet bis zu neun L301-Drucker f\u00fcr die Anpassung ihrer eigenen S\u00fc\u00dfigkeitengl\u00e4ser im Gesch\u00e4ft. Das Konzept ist einzigartig, da der gesamte Store der Anpassung gewidmet ist. Es gibt Pl\u00e4ne, die Anzahl der Gesch\u00e4fte an verschiedenen Standorten in der Stadt zu erh\u00f6hen. \n\t\t<style type=\"text\/css\">\n\t\t\t#gallery-1 {\n\t\t\t\tmargin: auto;\n\t\t\t}\n\t\t\t#gallery-1 .gallery-item {\n\t\t\t\tfloat: left;\n\t\t\t\tmargin-top: 10px;\n\t\t\t\ttext-align: center;\n\t\t\t\twidth: 100%;\n\t\t\t}\n\t\t\t#gallery-1 img {\n\t\t\t\tborder: 2px solid #cfcfcf;\n\t\t\t}\n\t\t\t#gallery-1 .gallery-caption {\n\t\t\t\tmargin-left: 0;\n\t\t\t}\n\t\t\t\/* see gallery_shortcode() in wp-includes\/media.php *\/\n\t\t<\/style>\n\t\t<div id='gallery-1' class='gallery galleryid-5949 gallery-columns-0 gallery-size-quotfullquot'><dl class='gallery-item'>\n\t\t\t<dt class='gallery-icon landscape'>\n\t\t\t\t<a href='https:\/\/dev2.afinialabel.com\/de\/bao-store-2-2\/'><img loading=\"lazy\" decoding=\"async\" width=\"750\" height=\"747\" src=\"https:\/\/dev2.afinialabel.com\/wp-content\/uploads\/BAO-store-2.jpg\" class=\"attachment-&quot;full&quot; size-&quot;full&quot;\" alt=\"\" srcset=\"https:\/\/dev2.afinialabel.com\/wp-content\/uploads\/BAO-store-2.jpg 750w, https:\/\/dev2.afinialabel.com\/wp-content\/uploads\/BAO-store-2-300x300.jpg 300w, https:\/\/dev2.afinialabel.com\/wp-content\/uploads\/BAO-store-2-150x150.jpg 150w, https:\/\/dev2.afinialabel.com\/wp-content\/uploads\/BAO-store-2-640x637.jpg 640w, https:\/\/dev2.afinialabel.com\/wp-content\/uploads\/BAO-store-2-275x274.jpg 275w, https:\/\/dev2.afinialabel.com\/wp-content\/uploads\/BAO-store-2-65x65.jpg 65w\" sizes=\"(max-width: 750px) 100vw, 750px\" \/><\/a>\n\t\t\t<\/dt><\/dl><dl class='gallery-item'>\n\t\t\t<dt class='gallery-icon landscape'>\n\t\t\t\t<a href='https:\/\/dev2.afinialabel.com\/de\/bao-store-3-2\/'><img loading=\"lazy\" decoding=\"async\" width=\"1080\" height=\"1080\" src=\"https:\/\/dev2.afinialabel.com\/wp-content\/uploads\/BAO-store-3.jpg\" class=\"attachment-&quot;full&quot; size-&quot;full&quot;\" alt=\"\" srcset=\"https:\/\/dev2.afinialabel.com\/wp-content\/uploads\/BAO-store-3.jpg 1080w, https:\/\/dev2.afinialabel.com\/wp-content\/uploads\/BAO-store-3-300x300.jpg 300w, https:\/\/dev2.afinialabel.com\/wp-content\/uploads\/BAO-store-3-1000x1000.jpg 1000w, https:\/\/dev2.afinialabel.com\/wp-content\/uploads\/BAO-store-3-150x150.jpg 150w, https:\/\/dev2.afinialabel.com\/wp-content\/uploads\/BAO-store-3-768x768.jpg 768w, https:\/\/dev2.afinialabel.com\/wp-content\/uploads\/BAO-store-3-640x640.jpg 640w, https:\/\/dev2.afinialabel.com\/wp-content\/uploads\/BAO-store-3-275x275.jpg 275w, https:\/\/dev2.afinialabel.com\/wp-content\/uploads\/BAO-store-3-65x65.jpg 65w\" sizes=\"(max-width: 1080px) 100vw, 1080px\" \/><\/a>\n\t\t\t<\/dt><\/dl><dl class='gallery-item'>\n\t\t\t<dt class='gallery-icon landscape'>\n\t\t\t\t<a href='https:\/\/dev2.afinialabel.com\/de\/bao-store-4-2\/'><img loading=\"lazy\" decoding=\"async\" width=\"1080\" height=\"1080\" src=\"https:\/\/dev2.afinialabel.com\/wp-content\/uploads\/BAO-store-4.jpg\" class=\"attachment-&quot;full&quot; size-&quot;full&quot;\" alt=\"\" srcset=\"https:\/\/dev2.afinialabel.com\/wp-content\/uploads\/BAO-store-4.jpg 1080w, https:\/\/dev2.afinialabel.com\/wp-content\/uploads\/BAO-store-4-300x300.jpg 300w, https:\/\/dev2.afinialabel.com\/wp-content\/uploads\/BAO-store-4-1000x1000.jpg 1000w, https:\/\/dev2.afinialabel.com\/wp-content\/uploads\/BAO-store-4-150x150.jpg 150w, https:\/\/dev2.afinialabel.com\/wp-content\/uploads\/BAO-store-4-768x768.jpg 768w, https:\/\/dev2.afinialabel.com\/wp-content\/uploads\/BAO-store-4-640x640.jpg 640w, https:\/\/dev2.afinialabel.com\/wp-content\/uploads\/BAO-store-4-275x275.jpg 275w, https:\/\/dev2.afinialabel.com\/wp-content\/uploads\/BAO-store-4-65x65.jpg 65w\" sizes=\"(max-width: 1080px) 100vw, 1080px\" \/><\/a>\n\t\t\t<\/dt><\/dl><dl class='gallery-item'>\n\t\t\t<dt class='gallery-icon landscape'>\n\t\t\t\t<a href='https:\/\/dev2.afinialabel.com\/de\/2018-02-21-photo-00000018-2\/'><img loading=\"lazy\" decoding=\"async\" width=\"1024\" height=\"768\" src=\"https:\/\/dev2.afinialabel.com\/wp-content\/uploads\/2018-02-21-PHOTO-00000018.jpg\" class=\"attachment-&quot;full&quot; size-&quot;full&quot;\" alt=\"\" srcset=\"https:\/\/dev2.afinialabel.com\/wp-content\/uploads\/2018-02-21-PHOTO-00000018.jpg 1024w, https:\/\/dev2.afinialabel.com\/wp-content\/uploads\/2018-02-21-PHOTO-00000018-300x225.jpg 300w, https:\/\/dev2.afinialabel.com\/wp-content\/uploads\/2018-02-21-PHOTO-00000018-1000x750.jpg 1000w, https:\/\/dev2.afinialabel.com\/wp-content\/uploads\/2018-02-21-PHOTO-00000018-768x576.jpg 768w, https:\/\/dev2.afinialabel.com\/wp-content\/uploads\/2018-02-21-PHOTO-00000018-640x480.jpg 640w, https:\/\/dev2.afinialabel.com\/wp-content\/uploads\/2018-02-21-PHOTO-00000018-275x206.jpg 275w, https:\/\/dev2.afinialabel.com\/wp-content\/uploads\/2018-02-21-PHOTO-00000018-65x49.jpg 65w\" sizes=\"(max-width: 1024px) 100vw, 1024px\" \/><\/a>\n\t\t\t<\/dt><\/dl>\n\t\t<\/div>\n Besuche die <a href=\"https:\/\/www.instagram.com\/bao_candybox\/\" target=\"_blank\" rel=\"noreferrer noopener\" aria-label=\"Plans are in place to increase the number of stores at various locations around the city. Visit BAO's Instagram page to see how customers are sharing their experience.\u00a0 (opens in a new tab)\">Instagram-Seite von BAO<\/a>, um zu sehen, wie Kunden ihre Erfahrungen aus der ganzen Welt teilen. <\/p>\n<h2 id=\"fire-host\">Feuerwehrschlauch Hot Sauce<\/h2>\n<h4>Pr\u00e4sentiert auf Adobe Max, Labelexpo und mehr<\/h4>\n<p> Afinia Label pr\u00e4sentierte hei\u00dfe Saucenflaschen zur Personalisierung auf einer Reihe von Messen der Print- und Kreativbranche. Kunden geben ihren Namen \u00fcber einen Touchscreen-Kiosk oder Tablet ein und erhalten innerhalb von zwei Minuten eine Flasche So\u00dfe mit pers\u00f6nlicher Note. Die Aktion war so beliebt, dass das Produkt rationiert werden musste, um die Dauer der Veranstaltungen zu halten. <\/p>\n<p><img decoding=\"async\" class=\"wp-image-1121\" src=\"\/wp-content\/uploads\/FireHose-123workflow-1000x311.png\" alt=\"\"><\/p>\n<h2>N\u00e4chste Schritte<\/h2>\n<p> F\u00fcr weitere Informationen und um die Besonderheiten Ihres Etiketts und Ihrer Anwendung zu besprechen, kontaktieren Sie uns \u00fcber das untenstehende Formular.<\/p>\n<noscript class=\"ninja-forms-noscript-message\">\n\tHinweis: F\u00fcr diesen Inhalt ist JavaScript erforderlich.<\/noscript>\nKeine Felder gefunden.<div id=\"nf-form-29-cont\" class=\"nf-form-cont\" aria-live=\"polite\" aria-labelledby=\"nf-form-title-29\" aria-describedby=\"nf-form-errors-29\" role=\"form\">\n\n    <div class=\"nf-loading-spinner\"><\/div>\n\n<\/div>\n        <!-- That data is being printed as a workaround to page builders reordering the order of the scripts loaded-->\n        <script>var formDisplay=1;var nfForms=nfForms||[];var form=[];form.id='29';form.settings={\"ninjaForms\":\"Ninja Forms\",\"changeEmailErrorMsg\":\"Bitte gib eine g\\u00fcltige E-Mail-Adresse ein.\",\"changeDateErrorMsg\":\"Bitte gib ein g\\u00fcltiges Datum ein!\",\"confirmFieldErrorMsg\":\"Diese Felder m\\u00fcssen \\u00fcbereinstimmen!\",\"fieldNumberNumMinError\":\"Die eingegebene Zahl ist zu klein.\",\"fieldNumberNumMaxError\":\"Die eingegebene Zahl ist zu gross.\",\"fieldNumberIncrementBy\":\"Bitte erh\\u00f6hen in Schritten von\",\"fieldTextareaRTEInsertLink\":\"Link einf\\u00fcgen\",\"fieldTextareaRTEInsertMedia\":\"Medien einf\\u00fcgen\",\"fieldTextareaRTESelectAFile\":\"Eine Datei ausw\\u00e4hlen\",\"tableInsertRowAbove\":\"Insert Row Above\",\"tableInsertRowBelow\":\"Insert Row Below\",\"tableInsertColumnLeft\":\"Insert Column Left\",\"tableInsertColumnRight\":\"Insert Column Right\",\"tableDeleteRow\":\"Delete Row\",\"tableDeleteColumn\":\"Delete Column\",\"tableDeleteTable\":\"Delete Table\",\"tableLegacyNotice\":\"This content has tables in the old editor format. Custom styles are preserved until converted. Editing will update to the new format.\",\"tableLegacyConvert\":\"Convert Now\",\"tableInsertTable\":\"Insert Table\",\"dismiss\":\"Verwerfen\",\"insertLink\":\"Link einf\\u00fcgen\",\"formErrorsCorrectErrors\":\"Bitte korrigiere die Fehler, bevor du das Formular sendest.\",\"formHoneypot\":\"Falls du ein Mensch bist und dieses Feld siehst, dann lasse es bitte leer.\",\"validateRequiredField\":\"Dies ist ein Pflichtfeld.\",\"honeypotHoneypotError\":\"Honeypot-Fehler\",\"fileUploadOldCodeFileUploadInProgress\":\"Datei-Upload l\\u00e4uft.\",\"fileUploadOldCodeFileUpload\":\"DATEI-UPLOAD\",\"currencySymbol\":\"&#36;\",\"fieldsMarkedRequired\":\"Felder mit einem <span class=\\\"ninja-forms-req-symbol\\\">*<\\\/span> sind Pflichtfelder\",\"thousands_sep\":\".\",\"decimal_point\":\",\",\"siteLocale\":\"de_DE\",\"dateFormat\":\"m\\\/d\\\/Y\",\"startOfWeek\":\"1\",\"of\":\"von\",\"previousMonth\":\"Vorheriger Monat\",\"nextMonth\":\"N\\u00e4chster Monat\",\"months\":[\"Januar\",\"Februar\",\"M\\u00e4rz\",\"April\",\"Mai\",\"Juni\",\"Juli\",\"August\",\"September\",\"Oktober\",\"November\",\"Dezember\"],\"monthsShort\":[\"Jan.\",\"Feb.\",\"M\\u00e4rz\",\"Apr.\",\"Mai\",\"Juni\",\"Juli\",\"Aug\",\"Sep.\",\"Okt.\",\"Nov.\",\"Dez.\"],\"weekdays\":[\"Sonntag\",\"Montag\",\"Dienstag\",\"Mittwoch\",\"Donnerstag\",\"Freitag\",\"Samstag\"],\"weekdaysShort\":[\"So.\",\"Mo.\",\"Di.\",\"Mi.\",\"Do.\",\"Fr.\",\"Sa.\"],\"weekdaysMin\":[\"So.\",\"Mo.\",\"Di.\",\"Mi.\",\"Do.\",\"Fr.\",\"Sa.\"],\"recaptchaConsentMissing\":\"reCaptcha validation couldn&#039;t load.\",\"recaptchaMissingCookie\":\"reCaptcha v3 validation couldn&#039;t load the cookie needed to submit the form.\",\"recaptchaConsentEvent\":\"Accept reCaptcha cookies before sending the form.\",\"embed_form\":\"\",\"currency_symbol\":\"\",\"title\":\"\",\"beforeForm\":\"\",\"beforeFields\":\"\",\"afterFields\":\"\",\"afterForm\":\"\"};form.fields=[];nfForms.push(form);<\/script>\n        <script id=\"tmpl-nf-mp-form-content\" type=\"text\/template\">\n\t<div class=\"nf-mp-header\"><\/div>\n\t<div class=\"nf-mp-body\"><\/div>\n\t<div class=\"nf-mp-footer\"><\/div>\n<\/script>\n\n\n<script id=\"tmpl-nf-mp-header\" type=\"text\/template\">\n\t{{{ data.renderProgressBar() }}}\n\t{{{ data.renderBreadcrumbs() }}}\n\t{{{ data.renderPartTitle() }}}\n<\/script>\n<script id=\"tmpl-nf-mp-part-title\" type=\"text\/template\">\n\t<h3>\n\t\t{{{ data.title }}}\n\t<\/h3>\n<\/script>\n\n<script id=\"tmpl-nf-mp-footer\" type=\"text\/template\">\n\t{{{ data.renderNextPrevious() }}}\n<\/script>\n\n<script id=\"tmpl-nf-mp-next-previous\" type=\"text\/template\">\n\t<ul class=\"nf-next-previous\">\n\t\t<# if ( data.showPrevious ) { #>\n\t\t<li class=\"nf-previous-item\">\n\t\t\t<input type=\"button\" class=\"nf-previous\" value=\"{{{ data.prevLabel }}}\" \/>\n\t\t<\/li>\n\t\t<# } #>\n\n\t\t<# if ( data.showNext ) { #>\n\t\t<li class=\"nf-next-item\">\n\t\t\t<input type=\"button\" class=\"nf-next\" value=\"{{{ data.nextLabel }}}\" \/>\n\t\t<\/li>\n\t\t<# } #>\n\t<\/ul>\n<\/script>\n\n<script id=\"tmpl-nf-mp-breadcrumbs\" type=\"text\/template\">\n\t<ul class=\"nf-breadcrumbs\">\n\t\t<# _.each( data.parts, function( part, index ) { #>\n\t\t<li class=\"{{{ ( data.currentIndex == index ) ? 'active' : '' }}} {{{ ( part.errors ) ? 'errors' : '' }}}\">\n\t\t\t<a href=\"#\" class=\"nf-breadcrumb\" data-index=\"{{{ index }}}\">{{{ ( part.errors ) ? '' : '' }}} {{{ part.title }}}<\/a>\n\t\t<\/li>\n\t\t<# } ); #>\n\t<\/ul>\n<\/script>\n\n<script id=\"tmpl-nf-mp-progress-bar\" type=\"text\/template\">\n    <div class=\"nf-progress-container\">\n        <div class=\"nf-progress\" style=\"width: {{{ data.percent }}}%;\"><\/div>\n    <\/div>\n<\/script>        <script id=\"nf-tmpl-cell\" type=\"text\/template\">\n            <nf-fields><\/nf-fields>\n        <\/script>\n\n        <script id=\"nf-tmpl-row\" type=\"text\/template\">\n            <nf-cells><\/nf-cells>\n        <\/script>\n\n        ","protected":false},"excerpt":{"rendered":"F\u00e4lle aus der Praxis Marken auf der ganzen Welt nutzen die Anpassung von In-Store-Etiketten, um mit Kunden in Kontakt zu treten Der Etikettendruck vor Ort ist zu einer unbestreitbar erfolgreichen Handelstaktik geworden. Unternehmen setzen diese Kraft frei, um auf pers\u00f6nlicher Ebene mit gro\u00dfem Erfolg mit Kunden in Kontakt zu treten. Hier sind einige bemerkenswerte Beispiele&#8230; <a class=\"view-article\" href=\"https:\/\/dev2.afinialabel.com\/de\/retail-personalisierung\/beispiele\/\">Artikel ansehen<\/a>","protected":false},"author":3,"featured_media":0,"parent":5917,"menu_order":60,"comment_status":"closed","ping_status":"closed","template":"","meta":{"_acf_changed":false,"footnotes":""},"class_list":["post-5949","page","type-page","status-publish","hentry"],"acf":[],"yoast_head":"<!-- This site is optimized with the Yoast SEO Premium plugin v27.5 (Yoast SEO v27.5) - https:\/\/yoast.com\/product\/yoast-seo-premium-wordpress\/ -->\n<title>Beispiele f\u00fcr die Personalisierung von Handelsetiketten &#187; Afinia Label - Make Your Own Labels<\/title>\n<meta name=\"description\" content=\"Digital Color Label Printers and Finishers - Beispiele f\u00fcr die Personalisierung von Handelsetiketten\" \/>\n<meta name=\"robots\" content=\"index, follow, max-snippet:-1, max-image-preview:large, max-video-preview:-1\" \/>\n<link rel=\"canonical\" href=\"https:\/\/dev2.afinialabel.com\/de\/retail-personalisierung\/beispiele\/\" \/>\n<meta property=\"og:locale\" content=\"de_DE\" \/>\n<meta property=\"og:type\" content=\"article\" \/>\n<meta property=\"og:title\" content=\"Beispiele f\u00fcr die Personalisierung von Handelsetiketten\" \/>\n<meta property=\"og:description\" content=\"F\u00e4lle aus der Praxis Marken auf der ganzen Welt nutzen die Anpassung von In-Store-Etiketten, um mit Kunden in Kontakt zu treten Der Etikettendruck vor Ort\" \/>\n<meta property=\"og:url\" content=\"https:\/\/dev2.afinialabel.com\/de\/retail-personalisierung\/beispiele\/\" \/>\n<meta property=\"og:site_name\" content=\"Afinia Label - Make Your Own Labels\" \/>\n<meta property=\"article:modified_time\" content=\"2026-02-14T10:33:00+00:00\" \/>\n<meta property=\"og:image\" content=\"https:\/\/dev2.afinialabel.com\/wp-content\/uploads\/BAO-store-2.jpg\" \/>\n<meta name=\"twitter:card\" content=\"summary_large_image\" \/>\n<meta name=\"twitter:site\" content=\"@afinialabel\" \/>\n<meta name=\"twitter:label1\" content=\"Gesch\u00e4tzte Lesezeit\" \/>\n\t<meta name=\"twitter:data1\" content=\"2\u00a0Minuten\" \/>\n<!-- \/ Yoast SEO Premium plugin. -->","yoast_head_json":{"title":"Beispiele f\u00fcr die Personalisierung von Handelsetiketten &#187; Afinia Label - Make Your Own Labels","description":"Digital Color Label Printers and Finishers - Beispiele f\u00fcr die Personalisierung von Handelsetiketten","robots":{"index":"index","follow":"follow","max-snippet":"max-snippet:-1","max-image-preview":"max-image-preview:large","max-video-preview":"max-video-preview:-1"},"canonical":"https:\/\/dev2.afinialabel.com\/de\/retail-personalisierung\/beispiele\/","og_locale":"de_DE","og_type":"article","og_title":"Beispiele f\u00fcr die Personalisierung von Handelsetiketten","og_description":"F\u00e4lle aus der Praxis Marken auf der ganzen Welt nutzen die Anpassung von In-Store-Etiketten, um mit Kunden in Kontakt zu treten Der Etikettendruck vor Ort","og_url":"https:\/\/dev2.afinialabel.com\/de\/retail-personalisierung\/beispiele\/","og_site_name":"Afinia Label - Make Your Own Labels","article_modified_time":"2026-02-14T10:33:00+00:00","og_image":[{"url":"https:\/\/dev2.afinialabel.com\/wp-content\/uploads\/BAO-store-2.jpg","type":"","width":"","height":""}],"twitter_card":"summary_large_image","twitter_site":"@afinialabel","twitter_misc":{"Gesch\u00e4tzte Lesezeit":"2\u00a0Minuten"},"schema":{"@context":"https:\/\/schema.org","@graph":[{"@type":"WebPage","@id":"https:\/\/dev2.afinialabel.com\/de\/retail-personalisierung\/beispiele\/","url":"https:\/\/dev2.afinialabel.com\/de\/retail-personalisierung\/beispiele\/","name":"Beispiele f\u00fcr die Personalisierung von Handelsetiketten &#187; Afinia Label - Make Your Own Labels","isPartOf":{"@id":"https:\/\/dev2.afinialabel.com\/de\/#website"},"datePublished":"2023-03-27T17:52:30+00:00","dateModified":"2026-02-14T10:33:00+00:00","description":"Digital Color Label Printers and Finishers - Beispiele f\u00fcr die Personalisierung von Handelsetiketten","breadcrumb":{"@id":"https:\/\/dev2.afinialabel.com\/de\/retail-personalisierung\/beispiele\/#breadcrumb"},"inLanguage":"de","potentialAction":[{"@type":"ReadAction","target":["https:\/\/dev2.afinialabel.com\/de\/retail-personalisierung\/beispiele\/"]}]},{"@type":"BreadcrumbList","@id":"https:\/\/dev2.afinialabel.com\/de\/retail-personalisierung\/beispiele\/#breadcrumb","itemListElement":[{"@type":"ListItem","position":1,"name":"Home","item":"https:\/\/dev2.afinialabel.com\/de\/"},{"@type":"ListItem","position":2,"name":"Personalisierung im Einzelhandel","item":"https:\/\/dev2.afinialabel.com\/de\/retail-personalisierung\/"},{"@type":"ListItem","position":3,"name":"Beispiele f\u00fcr die Personalisierung von Handelsetiketten"}]},{"@type":"WebSite","@id":"https:\/\/dev2.afinialabel.com\/de\/#website","url":"https:\/\/dev2.afinialabel.com\/de\/","name":"Afinia Label - Make Your Own Labels","description":"Digital Color Label Printers and Finishers","publisher":{"@id":"https:\/\/dev2.afinialabel.com\/de\/#organization"},"potentialAction":[{"@type":"SearchAction","target":{"@type":"EntryPoint","urlTemplate":"https:\/\/dev2.afinialabel.com\/de\/?s={search_term_string}"},"query-input":{"@type":"PropertyValueSpecification","valueRequired":true,"valueName":"search_term_string"}}],"inLanguage":"de"},{"@type":"Organization","@id":"https:\/\/dev2.afinialabel.com\/de\/#organization","name":"Afinia Label","url":"https:\/\/dev2.afinialabel.com\/de\/","logo":{"@type":"ImageObject","inLanguage":"de","@id":"https:\/\/dev2.afinialabel.com\/de\/#\/schema\/logo\/image\/","url":"https:\/\/dev2.afinialabel.com\/wp-content\/uploads\/logo-light.svg","contentUrl":"https:\/\/dev2.afinialabel.com\/wp-content\/uploads\/logo-light.svg","width":190,"height":36,"caption":"Afinia Label"},"image":{"@id":"https:\/\/dev2.afinialabel.com\/de\/#\/schema\/logo\/image\/"},"sameAs":["https:\/\/x.com\/afinialabel","https:\/\/www.youtube.com\/channel\/UC7oqak2m5QABw4LzXLuWCaA"]}]}},"_links":{"self":[{"href":"https:\/\/dev2.afinialabel.com\/de\/wp-json\/wp\/v2\/pages\/5949","targetHints":{"allow":["GET"]}}],"collection":[{"href":"https:\/\/dev2.afinialabel.com\/de\/wp-json\/wp\/v2\/pages"}],"about":[{"href":"https:\/\/dev2.afinialabel.com\/de\/wp-json\/wp\/v2\/types\/page"}],"author":[{"embeddable":true,"href":"https:\/\/dev2.afinialabel.com\/de\/wp-json\/wp\/v2\/users\/3"}],"replies":[{"embeddable":true,"href":"https:\/\/dev2.afinialabel.com\/de\/wp-json\/wp\/v2\/comments?post=5949"}],"version-history":[{"count":0,"href":"https:\/\/dev2.afinialabel.com\/de\/wp-json\/wp\/v2\/pages\/5949\/revisions"}],"up":[{"embeddable":true,"href":"https:\/\/dev2.afinialabel.com\/de\/wp-json\/wp\/v2\/pages\/5917"}],"wp:attachment":[{"href":"https:\/\/dev2.afinialabel.com\/de\/wp-json\/wp\/v2\/media?parent=5949"}],"curies":[{"name":"wp","href":"https:\/\/api.w.org\/{rel}","templated":true}]}}