{"id":5919,"date":"2023-03-27T20:56:58","date_gmt":"2023-03-27T20:56:58","guid":{"rendered":"https:\/\/dev2.afinialabel.com\/remote-desktop-support\/"},"modified":"2026-02-14T10:45:04","modified_gmt":"2026-02-14T10:45:04","slug":"remote-desktop-support","status":"publish","type":"page","link":"https:\/\/dev2.afinialabel.com\/de\/remote-desktop-support\/","title":{"rendered":"Remote-Desktop-Support"},"content":{"rendered":"<p>Mit der Remote Desktop Support-Software k\u00f6nnen unsere technischen Support-B\u00fcros sehen, was sich auf Ihrem Computerbildschirm befindet. Die Verbindung ist sicher und stellt keine Gefahr f\u00fcr Ihren Computer oder Ihr Dateisystem dar. Diese Support-Software erm\u00f6glicht eine bequeme, problemlose und effiziente L\u00f6sung von Problemen mit dem technischen Support. So k\u00f6nnen Sie so schnell wie m\u00f6glich wieder mit dem Drucken beginnen. Wenn Sie Fragen zur Verwendung der Remotedesktop-Support-Software haben, <a href=\"https:\/\/dev2.afinialabel.com\/de\/kontakt\/\">wenden Sie sich bitte an unser Support-Team<\/a>. Klicken Sie auf den folgenden Link, um die Software f\u00fcr Remote-Desktop-Support herunterzuladen: <a class=\"btn\" href=\"\/assets\/TeamViewerQS_v15.exe\" target=\"_blank\" rel=\"noopener noreferrer\">TeamViewer f\u00fcr Windows herunterladen<\/a><\/p>\n","protected":false},"excerpt":{"rendered":"Mit der Remote Desktop Support-Software k\u00f6nnen unsere technischen Support-B\u00fcros sehen, was sich auf Ihrem Computerbildschirm befindet. Die Verbindung ist sicher und stellt keine Gefahr f\u00fcr Ihren Computer oder Ihr Dateisystem dar. Diese Support-Software erm\u00f6glicht eine bequeme, problemlose und effiziente L\u00f6sung von Problemen mit dem technischen Support. So k\u00f6nnen Sie so schnell wie m\u00f6glich wieder mit&#8230; <a class=\"view-article\" href=\"https:\/\/dev2.afinialabel.com\/de\/remote-desktop-support\/\">Artikel ansehen<\/a>","protected":false},"author":3,"featured_media":0,"parent":0,"menu_order":145,"comment_status":"closed","ping_status":"closed","template":"","meta":{"_acf_changed":false,"footnotes":""},"class_list":["post-5919","page","type-page","status-publish","hentry"],"acf":[],"yoast_head":"<!-- This site is optimized with the Yoast SEO Premium plugin v27.5 (Yoast SEO v27.5) - https:\/\/yoast.com\/product\/yoast-seo-premium-wordpress\/ -->\n<title>Remote-Desktop-Support &#187; Afinia Label - Make Your Own Labels<\/title>\n<meta name=\"description\" content=\"Digital Color Label Printers and Finishers - Remote-Desktop-Support\" \/>\n<meta name=\"robots\" content=\"index, follow, max-snippet:-1, max-image-preview:large, max-video-preview:-1\" \/>\n<link rel=\"canonical\" href=\"https:\/\/dev2.afinialabel.com\/de\/remote-desktop-support\/\" \/>\n<meta property=\"og:locale\" content=\"de_DE\" \/>\n<meta property=\"og:type\" content=\"article\" \/>\n<meta property=\"og:title\" content=\"Remote-Desktop-Support\" \/>\n<meta property=\"og:description\" content=\"Mit der Remote Desktop Support-Software k\u00f6nnen unsere technischen Support-B\u00fcros sehen, was sich auf Ihrem Computerbildschirm befindet. Die Verbindung ist\" \/>\n<meta property=\"og:url\" content=\"https:\/\/dev2.afinialabel.com\/de\/remote-desktop-support\/\" \/>\n<meta property=\"og:site_name\" content=\"Afinia Label - Make Your Own Labels\" \/>\n<meta property=\"article:modified_time\" content=\"2026-02-14T10:45:04+00:00\" \/>\n<meta name=\"twitter:card\" content=\"summary_large_image\" \/>\n<meta name=\"twitter:site\" content=\"@afinialabel\" \/>\n<!-- \/ Yoast SEO Premium plugin. -->","yoast_head_json":{"title":"Remote-Desktop-Support &#187; Afinia Label - Make Your Own Labels","description":"Digital Color Label Printers and Finishers - Remote-Desktop-Support","robots":{"index":"index","follow":"follow","max-snippet":"max-snippet:-1","max-image-preview":"max-image-preview:large","max-video-preview":"max-video-preview:-1"},"canonical":"https:\/\/dev2.afinialabel.com\/de\/remote-desktop-support\/","og_locale":"de_DE","og_type":"article","og_title":"Remote-Desktop-Support","og_description":"Mit der Remote Desktop Support-Software k\u00f6nnen unsere technischen Support-B\u00fcros sehen, was sich auf Ihrem Computerbildschirm befindet. Die Verbindung ist","og_url":"https:\/\/dev2.afinialabel.com\/de\/remote-desktop-support\/","og_site_name":"Afinia Label - Make Your Own Labels","article_modified_time":"2026-02-14T10:45:04+00:00","twitter_card":"summary_large_image","twitter_site":"@afinialabel","schema":{"@context":"https:\/\/schema.org","@graph":[{"@type":"WebPage","@id":"https:\/\/dev2.afinialabel.com\/de\/remote-desktop-support\/","url":"https:\/\/dev2.afinialabel.com\/de\/remote-desktop-support\/","name":"Remote-Desktop-Support &#187; Afinia Label - Make Your Own Labels","isPartOf":{"@id":"https:\/\/dev2.afinialabel.com\/de\/#website"},"datePublished":"2023-03-27T20:56:58+00:00","dateModified":"2026-02-14T10:45:04+00:00","description":"Digital Color Label Printers and Finishers - Remote-Desktop-Support","breadcrumb":{"@id":"https:\/\/dev2.afinialabel.com\/de\/remote-desktop-support\/#breadcrumb"},"inLanguage":"de","potentialAction":[{"@type":"ReadAction","target":["https:\/\/dev2.afinialabel.com\/de\/remote-desktop-support\/"]}]},{"@type":"BreadcrumbList","@id":"https:\/\/dev2.afinialabel.com\/de\/remote-desktop-support\/#breadcrumb","itemListElement":[{"@type":"ListItem","position":1,"name":"Home","item":"https:\/\/dev2.afinialabel.com\/de\/"},{"@type":"ListItem","position":2,"name":"Remote-Desktop-Support"}]},{"@type":"WebSite","@id":"https:\/\/dev2.afinialabel.com\/de\/#website","url":"https:\/\/dev2.afinialabel.com\/de\/","name":"Afinia Label - Make Your Own Labels","description":"Digital Color Label Printers and Finishers","publisher":{"@id":"https:\/\/dev2.afinialabel.com\/de\/#organization"},"potentialAction":[{"@type":"SearchAction","target":{"@type":"EntryPoint","urlTemplate":"https:\/\/dev2.afinialabel.com\/de\/?s={search_term_string}"},"query-input":{"@type":"PropertyValueSpecification","valueRequired":true,"valueName":"search_term_string"}}],"inLanguage":"de"},{"@type":"Organization","@id":"https:\/\/dev2.afinialabel.com\/de\/#organization","name":"Afinia Label","url":"https:\/\/dev2.afinialabel.com\/de\/","logo":{"@type":"ImageObject","inLanguage":"de","@id":"https:\/\/dev2.afinialabel.com\/de\/#\/schema\/logo\/image\/","url":"https:\/\/dev2.afinialabel.com\/wp-content\/uploads\/logo-light.svg","contentUrl":"https:\/\/dev2.afinialabel.com\/wp-content\/uploads\/logo-light.svg","width":190,"height":36,"caption":"Afinia Label"},"image":{"@id":"https:\/\/dev2.afinialabel.com\/de\/#\/schema\/logo\/image\/"},"sameAs":["https:\/\/x.com\/afinialabel","https:\/\/www.youtube.com\/channel\/UC7oqak2m5QABw4LzXLuWCaA"]}]}},"_links":{"self":[{"href":"https:\/\/dev2.afinialabel.com\/de\/wp-json\/wp\/v2\/pages\/5919","targetHints":{"allow":["GET"]}}],"collection":[{"href":"https:\/\/dev2.afinialabel.com\/de\/wp-json\/wp\/v2\/pages"}],"about":[{"href":"https:\/\/dev2.afinialabel.com\/de\/wp-json\/wp\/v2\/types\/page"}],"author":[{"embeddable":true,"href":"https:\/\/dev2.afinialabel.com\/de\/wp-json\/wp\/v2\/users\/3"}],"replies":[{"embeddable":true,"href":"https:\/\/dev2.afinialabel.com\/de\/wp-json\/wp\/v2\/comments?post=5919"}],"version-history":[{"count":0,"href":"https:\/\/dev2.afinialabel.com\/de\/wp-json\/wp\/v2\/pages\/5919\/revisions"}],"wp:attachment":[{"href":"https:\/\/dev2.afinialabel.com\/de\/wp-json\/wp\/v2\/media?parent=5919"}],"curies":[{"name":"wp","href":"https:\/\/api.w.org\/{rel}","templated":true}]}}