{"id":5917,"date":"2023-03-20T20:15:57","date_gmt":"2023-03-20T20:15:57","guid":{"rendered":"https:\/\/dev2.afinialabel.com\/retail-personalization\/"},"modified":"2024-11-23T01:58:30","modified_gmt":"2024-11-23T01:58:30","slug":"retail-personalisierung","status":"publish","type":"page","link":"https:\/\/dev2.afinialabel.com\/de\/retail-personalisierung\/","title":{"rendered":"Personalisierung im Einzelhandel"},"content":{"rendered":"&#013;\n<h2 class=\"wp-block-heading\">Kundenspezifisch gekennzeichnete Produkte<\/h2>&#013;\n&#013;\n<p><strong>Verbinden Sie Ihre Marke mit Kunden durch personalisierte Produktverpackungen.<\/strong><\/p>&#013;\n&#013;\n<p><a class=\"btn\" href=\"https:\/\/dev2.afinialabel.com\/de\/retail-personalization\/beispiele\/\">Fallstudien zur Personalisierung anzeigen<\/a><\/p>&#013;\n<p>Kundenspezifische Verpackungen vor Ort nehmen ein Standard-Einzelhandelsprodukt und <a href=\"https:\/\/dev2.afinialabel.com\/\">kennzeichnen es &#8211; mit Hilfe eines Desktop-Etikettendruckers &#8211; auf<\/a> eine Weise, die ihm eine pers\u00f6nliche Note verleiht. In der Regel geschieht dies, indem ein markantes grafisches Element durch den Namen einer Person oder ein Bild hinzugef\u00fcgt oder ersetzt wird. Design und Farbschemata k\u00f6nnen auch vom Kunden ge\u00e4ndert werden, wenn Etiketten erstellt werden.<\/p>\n<p><img fetchpriority=\"high\" decoding=\"async\" class=\"aligncenter wp-image-1121 size-full\" src=\"\/wp-content\/uploads\/FireHose-123workflow.jpg\" alt=\"Schnelle, anpassbare und einfache personalisierte Etiketten mit digitalen Farbdruckern von Afinia Label\" width=\"1400\" height=\"346\" srcset=\"https:\/\/dev2.afinialabel.com\/wp-content\/uploads\/FireHose-123workflow.jpg 1400w, https:\/\/dev2.afinialabel.com\/wp-content\/uploads\/FireHose-123workflow-300x74.jpg 300w, https:\/\/dev2.afinialabel.com\/wp-content\/uploads\/FireHose-123workflow-1000x247.jpg 1000w, https:\/\/dev2.afinialabel.com\/wp-content\/uploads\/FireHose-123workflow-768x190.jpg 768w, https:\/\/dev2.afinialabel.com\/wp-content\/uploads\/FireHose-123workflow-640x158.jpg 640w, https:\/\/dev2.afinialabel.com\/wp-content\/uploads\/FireHose-123workflow-275x68.jpg 275w, https:\/\/dev2.afinialabel.com\/wp-content\/uploads\/FireHose-123workflow-65x16.jpg 65w\" sizes=\"(max-width: 1400px) 100vw, 1400px\" \/><\/p>\n<p>Diese Art von kundenspezifischen On-Demand-Verpackungen bietet Einzelhandelsmarken die M\u00f6glichkeit, das Produktinteresse zu maximieren und das Einkaufserlebnis im Gesch\u00e4ft zu optimieren.<\/p>\n&#013;\n<p><strong>Vorteile unter dem Strich<\/strong><\/p>&#013;\n&#013;\n<div class=\"wp-block-image\">&#013;\n<figure class=\"alignright is-resized\"><img decoding=\"async\" class=\"alignnone wp-image-1122\" src=\"\/wp-content\/uploads\/shorr-survey-e1544476858993.png\" alt=\"Macht eine kundenspezifische Verpackung ein Produkt wertvoller?\" width=\"238\" height=\"189\" srcset=\"https:\/\/dev2.afinialabel.com\/wp-content\/uploads\/shorr-survey-e1544476858993.png 541w, https:\/\/dev2.afinialabel.com\/wp-content\/uploads\/shorr-survey-e1544476858993-300x238.png 300w, https:\/\/dev2.afinialabel.com\/wp-content\/uploads\/shorr-survey-e1544476858993-275x218.png 275w, https:\/\/dev2.afinialabel.com\/wp-content\/uploads\/shorr-survey-e1544476858993-65x52.png 65w\" sizes=\"(max-width: 238px) 100vw, 238px\" \/>&#013;\n<figcaption><strong>Macht eine kundenspezifische Verpackung ein Produkt wertvoller?<\/strong> <br \/><em>(Quelle: Shorr Packaging<\/em>)<\/figcaption>&#013;\n<\/figure>&#013;\n<\/div>&#013;\n&#013;\n<ul class=\"wp-block-list\">&#013;\n<li>L\u00e4ngerer Erhalt des Produkts mit dauerhaften Branding-Effekten<\/li>&#013;\n<li>Steigerung des wahrgenommenen Werts &#8211; mehr als die H\u00e4lfte der Verbraucher sehen individuell verpackte Produkte als wertvoller an<\/li>&#013;\n<li>Verbessern Sie das Kundenerlebnis &#8211; Marke, Produkt und Einkauf<\/li>&#013;\n<li>Erh\u00f6hen Sie den Fu\u00dfg\u00e4ngerverkehr in physischen Einzelhandelssituationen<\/li>&#013;\n<li>Bek\u00e4mpfe Online-Shopping, indem du einen zus\u00e4tzlichen Wert im Gesch\u00e4ft anbietest<\/li>&#013;\n<\/ul>&#013;\n&#013;\n<h3 class=\"wp-block-heading\">F\u00e4lle aus der Praxis<\/h3>&#013;\n&#013;\n<p>Echte Unternehmen wie Ihres verwenden Afinia Etikettendrucker und bauen Personalisierungskampagnen auf, um den Umsatz zu steigern und den Ladenverkehr anzuziehen, den Umsatz zu steigern und ihre Marken aufzubauen.\u00a0<\/p>&#013;\n&#013;\n<p><a class=\"btn\" href=\"https:\/\/dev2.afinialabel.com\/de\/retail-personalization\/beispiele\/\">Fallstudien zur Personalisierung anzeigen<\/a><\/p>&#013;\n<hr class=\"wp-block-separator\" \/>&#013;\n<h2 class=\"wp-block-heading\">Erkundigen Sie sich, um mehr zu erfahren<\/h2>&#013;\n&#013;\n<p>Profitieren Sie von diesem <a href=\"https:\/\/dev2.afinialabel.com\/de\/retail-personalization\/beispiele\/\">wachsenden Trend im Einzelhandel<\/a>. Um Preise, Kampagnenlogistik und andere Informationen zu besprechen, kontaktieren Sie uns bitte.<\/p>&#013;\n<noscript class=\"ninja-forms-noscript-message\">\n\tHinweis: F\u00fcr diesen Inhalt ist JavaScript erforderlich.<\/noscript>\nKeine Felder gefunden.<div id=\"nf-form-29-cont\" class=\"nf-form-cont\" aria-live=\"polite\" aria-labelledby=\"nf-form-title-29\" aria-describedby=\"nf-form-errors-29\" role=\"form\">\n\n    <div class=\"nf-loading-spinner\"><\/div>\n\n<\/div>\n        <!-- That data is being printed as a workaround to page builders reordering the order of the scripts loaded-->\n        <script>var formDisplay=1;var nfForms=nfForms||[];var form=[];form.id='29';form.settings={\"ninjaForms\":\"Ninja Forms\",\"changeEmailErrorMsg\":\"Bitte gib eine g\\u00fcltige E-Mail-Adresse ein.\",\"changeDateErrorMsg\":\"Bitte gib ein g\\u00fcltiges Datum ein!\",\"confirmFieldErrorMsg\":\"Diese Felder m\\u00fcssen \\u00fcbereinstimmen!\",\"fieldNumberNumMinError\":\"Die eingegebene Zahl ist zu klein.\",\"fieldNumberNumMaxError\":\"Die eingegebene Zahl ist zu gross.\",\"fieldNumberIncrementBy\":\"Bitte erh\\u00f6hen in Schritten von\",\"fieldTextareaRTEInsertLink\":\"Link einf\\u00fcgen\",\"fieldTextareaRTEInsertMedia\":\"Medien einf\\u00fcgen\",\"fieldTextareaRTESelectAFile\":\"Eine Datei ausw\\u00e4hlen\",\"tableInsertRowAbove\":\"Insert Row Above\",\"tableInsertRowBelow\":\"Insert Row Below\",\"tableInsertColumnLeft\":\"Insert Column Left\",\"tableInsertColumnRight\":\"Insert Column Right\",\"tableDeleteRow\":\"Delete Row\",\"tableDeleteColumn\":\"Delete Column\",\"tableDeleteTable\":\"Delete Table\",\"tableLegacyNotice\":\"This content has tables in the old editor format. Custom styles are preserved until converted. Editing will update to the new format.\",\"tableLegacyConvert\":\"Convert Now\",\"tableInsertTable\":\"Insert Table\",\"dismiss\":\"Verwerfen\",\"insertLink\":\"Link einf\\u00fcgen\",\"formErrorsCorrectErrors\":\"Bitte korrigiere die Fehler, bevor du das Formular sendest.\",\"formHoneypot\":\"Falls du ein Mensch bist und dieses Feld siehst, dann lasse es bitte leer.\",\"validateRequiredField\":\"Dies ist ein Pflichtfeld.\",\"honeypotHoneypotError\":\"Honeypot-Fehler\",\"fileUploadOldCodeFileUploadInProgress\":\"Datei-Upload l\\u00e4uft.\",\"fileUploadOldCodeFileUpload\":\"DATEI-UPLOAD\",\"currencySymbol\":\"&#36;\",\"fieldsMarkedRequired\":\"Felder mit einem <span class=\\\"ninja-forms-req-symbol\\\">*<\\\/span> sind Pflichtfelder\",\"thousands_sep\":\".\",\"decimal_point\":\",\",\"siteLocale\":\"de_DE\",\"dateFormat\":\"m\\\/d\\\/Y\",\"startOfWeek\":\"1\",\"of\":\"von\",\"previousMonth\":\"Vorheriger Monat\",\"nextMonth\":\"N\\u00e4chster Monat\",\"months\":[\"Januar\",\"Februar\",\"M\\u00e4rz\",\"April\",\"Mai\",\"Juni\",\"Juli\",\"August\",\"September\",\"Oktober\",\"November\",\"Dezember\"],\"monthsShort\":[\"Jan.\",\"Feb.\",\"M\\u00e4rz\",\"Apr.\",\"Mai\",\"Juni\",\"Juli\",\"Aug\",\"Sep.\",\"Okt.\",\"Nov.\",\"Dez.\"],\"weekdays\":[\"Sonntag\",\"Montag\",\"Dienstag\",\"Mittwoch\",\"Donnerstag\",\"Freitag\",\"Samstag\"],\"weekdaysShort\":[\"So.\",\"Mo.\",\"Di.\",\"Mi.\",\"Do.\",\"Fr.\",\"Sa.\"],\"weekdaysMin\":[\"So.\",\"Mo.\",\"Di.\",\"Mi.\",\"Do.\",\"Fr.\",\"Sa.\"],\"recaptchaConsentMissing\":\"reCaptcha validation couldn&#039;t load.\",\"recaptchaMissingCookie\":\"reCaptcha v3 validation couldn&#039;t load the cookie needed to submit the form.\",\"recaptchaConsentEvent\":\"Accept reCaptcha cookies before sending the form.\",\"embed_form\":\"\",\"currency_symbol\":\"\",\"title\":\"\",\"beforeForm\":\"\",\"beforeFields\":\"\",\"afterFields\":\"\",\"afterForm\":\"\"};form.fields=[];nfForms.push(form);<\/script>\n        <script id=\"tmpl-nf-mp-form-content\" type=\"text\/template\">\n\t<div class=\"nf-mp-header\"><\/div>\n\t<div class=\"nf-mp-body\"><\/div>\n\t<div class=\"nf-mp-footer\"><\/div>\n<\/script>\n\n\n<script id=\"tmpl-nf-mp-header\" type=\"text\/template\">\n\t{{{ data.renderProgressBar() }}}\n\t{{{ data.renderBreadcrumbs() }}}\n\t{{{ data.renderPartTitle() }}}\n<\/script>\n<script id=\"tmpl-nf-mp-part-title\" type=\"text\/template\">\n\t<h3>\n\t\t{{{ data.title }}}\n\t<\/h3>\n<\/script>\n\n<script id=\"tmpl-nf-mp-footer\" type=\"text\/template\">\n\t{{{ data.renderNextPrevious() }}}\n<\/script>\n\n<script id=\"tmpl-nf-mp-next-previous\" type=\"text\/template\">\n\t<ul class=\"nf-next-previous\">\n\t\t<# if ( data.showPrevious ) { #>\n\t\t<li class=\"nf-previous-item\">\n\t\t\t<input type=\"button\" class=\"nf-previous\" value=\"{{{ data.prevLabel }}}\" \/>\n\t\t<\/li>\n\t\t<# } #>\n\n\t\t<# if ( data.showNext ) { #>\n\t\t<li class=\"nf-next-item\">\n\t\t\t<input type=\"button\" class=\"nf-next\" value=\"{{{ data.nextLabel }}}\" \/>\n\t\t<\/li>\n\t\t<# } #>\n\t<\/ul>\n<\/script>\n\n<script id=\"tmpl-nf-mp-breadcrumbs\" type=\"text\/template\">\n\t<ul class=\"nf-breadcrumbs\">\n\t\t<# _.each( data.parts, function( part, index ) { #>\n\t\t<li class=\"{{{ ( data.currentIndex == index ) ? 'active' : '' }}} {{{ ( part.errors ) ? 'errors' : '' }}}\">\n\t\t\t<a href=\"#\" class=\"nf-breadcrumb\" data-index=\"{{{ index }}}\">{{{ ( part.errors ) ? '' : '' }}} {{{ part.title }}}<\/a>\n\t\t<\/li>\n\t\t<# } ); #>\n\t<\/ul>\n<\/script>\n\n<script id=\"tmpl-nf-mp-progress-bar\" type=\"text\/template\">\n    <div class=\"nf-progress-container\">\n        <div class=\"nf-progress\" style=\"width: {{{ data.percent }}}%;\"><\/div>\n    <\/div>\n<\/script>        <script id=\"nf-tmpl-cell\" type=\"text\/template\">\n            <nf-fields><\/nf-fields>\n        <\/script>\n\n        <script id=\"nf-tmpl-row\" type=\"text\/template\">\n            <nf-cells><\/nf-cells>\n        <\/script>\n\n        &#013;\n","protected":false},"excerpt":{"rendered":"&#013; Kundenspezifisch gekennzeichnete Produkte &#013; &#013; Verbinden Sie Ihre Marke mit Kunden durch personalisierte Produktverpackungen. &#013; &#013; Fallstudien zur Personalisierung anzeigen &#013; Kundenspezifische Verpackungen vor Ort nehmen ein Standard-Einzelhandelsprodukt und kennzeichnen es &#8211; mit Hilfe eines Desktop-Etikettendruckers &#8211; auf eine Weise, die ihm eine pers\u00f6nliche Note verleiht. In der Regel geschieht dies, indem ein markantes&#8230; <a class=\"view-article\" href=\"https:\/\/dev2.afinialabel.com\/de\/retail-personalisierung\/\">Artikel ansehen<\/a>","protected":false},"author":3,"featured_media":0,"parent":0,"menu_order":76,"comment_status":"closed","ping_status":"closed","template":"","meta":{"_acf_changed":false,"footnotes":""},"class_list":["post-5917","page","type-page","status-publish","hentry"],"acf":[],"yoast_head":"<!-- This site is optimized with the Yoast SEO Premium plugin v27.5 (Yoast SEO v27.5) - https:\/\/yoast.com\/product\/yoast-seo-premium-wordpress\/ -->\n<title>Personalisierung im Einzelhandel &#187; Afinia Label - Make Your Own Labels<\/title>\n<meta name=\"description\" content=\"Verbinden Sie Ihre Marke mit Kunden durch personalisierte Produktverpackungen. Die Kennzeichnung am Point of Sale gibt Unternehmen einen Vorteil und die M\u00f6glichkeit, unvergessliche Einzelhandelserlebnisse zu schaffen.\" \/>\n<meta name=\"robots\" content=\"index, follow, max-snippet:-1, max-image-preview:large, max-video-preview:-1\" \/>\n<link rel=\"canonical\" href=\"https:\/\/dev2.afinialabel.com\/de\/retail-personalisierung\/\" \/>\n<meta property=\"og:locale\" content=\"de_DE\" \/>\n<meta property=\"og:type\" content=\"article\" \/>\n<meta property=\"og:title\" content=\"Personalisierung im Einzelhandel\" \/>\n<meta property=\"og:description\" content=\"&#013; Kundenspezifisch gekennzeichnete Produkte&#013; &#013; Verbinden Sie Ihre Marke mit Kunden durch personalisierte Produktverpackungen.&#013; &#013;\" \/>\n<meta property=\"og:url\" content=\"https:\/\/dev2.afinialabel.com\/de\/retail-personalisierung\/\" \/>\n<meta property=\"og:site_name\" content=\"Afinia Label - Make Your Own Labels\" \/>\n<meta property=\"article:modified_time\" content=\"2024-11-23T01:58:30+00:00\" \/>\n<meta name=\"twitter:card\" content=\"summary_large_image\" \/>\n<meta name=\"twitter:site\" content=\"@afinialabel\" \/>\n<meta name=\"twitter:label1\" content=\"Gesch\u00e4tzte Lesezeit\" \/>\n\t<meta name=\"twitter:data1\" content=\"1\u00a0Minute\" \/>\n<!-- \/ Yoast SEO Premium plugin. -->","yoast_head_json":{"title":"Personalisierung im Einzelhandel &#187; Afinia Label - Make Your Own Labels","description":"Verbinden Sie Ihre Marke mit Kunden durch personalisierte Produktverpackungen. Die Kennzeichnung am Point of Sale gibt Unternehmen einen Vorteil und die M\u00f6glichkeit, unvergessliche Einzelhandelserlebnisse zu schaffen.","robots":{"index":"index","follow":"follow","max-snippet":"max-snippet:-1","max-image-preview":"max-image-preview:large","max-video-preview":"max-video-preview:-1"},"canonical":"https:\/\/dev2.afinialabel.com\/de\/retail-personalisierung\/","og_locale":"de_DE","og_type":"article","og_title":"Personalisierung im Einzelhandel","og_description":"&#013; Kundenspezifisch gekennzeichnete Produkte&#013; &#013; Verbinden Sie Ihre Marke mit Kunden durch personalisierte Produktverpackungen.&#013; &#013;","og_url":"https:\/\/dev2.afinialabel.com\/de\/retail-personalisierung\/","og_site_name":"Afinia Label - Make Your Own Labels","article_modified_time":"2024-11-23T01:58:30+00:00","twitter_card":"summary_large_image","twitter_site":"@afinialabel","twitter_misc":{"Gesch\u00e4tzte Lesezeit":"1\u00a0Minute"},"schema":{"@context":"https:\/\/schema.org","@graph":[{"@type":"WebPage","@id":"https:\/\/dev2.afinialabel.com\/de\/retail-personalisierung\/","url":"https:\/\/dev2.afinialabel.com\/de\/retail-personalisierung\/","name":"Personalisierung im Einzelhandel &#187; Afinia Label - Make Your Own Labels","isPartOf":{"@id":"https:\/\/dev2.afinialabel.com\/de\/#website"},"datePublished":"2023-03-20T20:15:57+00:00","dateModified":"2024-11-23T01:58:30+00:00","description":"Verbinden Sie Ihre Marke mit Kunden durch personalisierte Produktverpackungen. Die Kennzeichnung am Point of Sale gibt Unternehmen einen Vorteil und die M\u00f6glichkeit, unvergessliche Einzelhandelserlebnisse zu schaffen.","breadcrumb":{"@id":"https:\/\/dev2.afinialabel.com\/de\/retail-personalisierung\/#breadcrumb"},"inLanguage":"de","potentialAction":[{"@type":"ReadAction","target":["https:\/\/dev2.afinialabel.com\/de\/retail-personalisierung\/"]}]},{"@type":"BreadcrumbList","@id":"https:\/\/dev2.afinialabel.com\/de\/retail-personalisierung\/#breadcrumb","itemListElement":[{"@type":"ListItem","position":1,"name":"Home","item":"https:\/\/dev2.afinialabel.com\/de\/"},{"@type":"ListItem","position":2,"name":"Personalisierung im Einzelhandel"}]},{"@type":"WebSite","@id":"https:\/\/dev2.afinialabel.com\/de\/#website","url":"https:\/\/dev2.afinialabel.com\/de\/","name":"Afinia Label - Make Your Own Labels","description":"Digital Color Label Printers and Finishers","publisher":{"@id":"https:\/\/dev2.afinialabel.com\/de\/#organization"},"potentialAction":[{"@type":"SearchAction","target":{"@type":"EntryPoint","urlTemplate":"https:\/\/dev2.afinialabel.com\/de\/?s={search_term_string}"},"query-input":{"@type":"PropertyValueSpecification","valueRequired":true,"valueName":"search_term_string"}}],"inLanguage":"de"},{"@type":"Organization","@id":"https:\/\/dev2.afinialabel.com\/de\/#organization","name":"Afinia Label","url":"https:\/\/dev2.afinialabel.com\/de\/","logo":{"@type":"ImageObject","inLanguage":"de","@id":"https:\/\/dev2.afinialabel.com\/de\/#\/schema\/logo\/image\/","url":"https:\/\/dev2.afinialabel.com\/wp-content\/uploads\/logo-light.svg","contentUrl":"https:\/\/dev2.afinialabel.com\/wp-content\/uploads\/logo-light.svg","width":190,"height":36,"caption":"Afinia Label"},"image":{"@id":"https:\/\/dev2.afinialabel.com\/de\/#\/schema\/logo\/image\/"},"sameAs":["https:\/\/x.com\/afinialabel","https:\/\/www.youtube.com\/channel\/UC7oqak2m5QABw4LzXLuWCaA"]}]}},"_links":{"self":[{"href":"https:\/\/dev2.afinialabel.com\/de\/wp-json\/wp\/v2\/pages\/5917","targetHints":{"allow":["GET"]}}],"collection":[{"href":"https:\/\/dev2.afinialabel.com\/de\/wp-json\/wp\/v2\/pages"}],"about":[{"href":"https:\/\/dev2.afinialabel.com\/de\/wp-json\/wp\/v2\/types\/page"}],"author":[{"embeddable":true,"href":"https:\/\/dev2.afinialabel.com\/de\/wp-json\/wp\/v2\/users\/3"}],"replies":[{"embeddable":true,"href":"https:\/\/dev2.afinialabel.com\/de\/wp-json\/wp\/v2\/comments?post=5917"}],"version-history":[{"count":0,"href":"https:\/\/dev2.afinialabel.com\/de\/wp-json\/wp\/v2\/pages\/5917\/revisions"}],"wp:attachment":[{"href":"https:\/\/dev2.afinialabel.com\/de\/wp-json\/wp\/v2\/media?parent=5917"}],"curies":[{"name":"wp","href":"https:\/\/api.w.org\/{rel}","templated":true}]}}