{"id":5836,"date":"2023-03-16T18:34:26","date_gmt":"2023-03-16T18:34:26","guid":{"rendered":"https:\/\/dev2.afinialabel.com\/software\/"},"modified":"2024-09-24T00:24:20","modified_gmt":"2024-09-24T00:24:20","slug":"software","status":"publish","type":"page","link":"https:\/\/dev2.afinialabel.com\/de\/software\/","title":{"rendered":"Software"},"content":{"rendered":"<p>Afinia Etikettendrucker werden von einem Windows-basierten Treiber angetrieben, wodurch sie mit fast jeder Windows-Anwendung kompatibel sind. <strong>Afinia verkauft zwar keine Software<\/strong> als Teil unserer Dienstleistungen, aber es gibt viele Optionen &#8211; von einfachen PDF-Readern zum Drucken mit nur einem Klick bis hin zu erweitertem Etikettendruck und Datenbankintegration. Wir k\u00f6nnen auch erweiterte Farbanpassungswerkzeuge verwenden. Noch Fragen? Sehen Sie sich die folgenden Links <a href=\"\/contact\/\">an oder wenden Sie sich an unsere Etikettenspezialisten<\/a>, um weitere Informationen zu <\/p>\n<hr>\n<h2><a href=\"https:\/\/get2.adobe.com\/reader\/\"><img decoding=\"async\" class=\"alignright wp-image-1097\" src=\"\/wp-content\/uploads\/adobereader.png\" alt=\"Adobe Reader kostenlos herunterladen\" width=\"301\" height=\"121\" srcset=\"https:\/\/dev2.afinialabel.com\/wp-content\/uploads\/adobereader.png 512w, https:\/\/dev2.afinialabel.com\/wp-content\/uploads\/adobereader-300x121.png 300w, https:\/\/dev2.afinialabel.com\/wp-content\/uploads\/adobereader-275x111.png 275w, https:\/\/dev2.afinialabel.com\/wp-content\/uploads\/adobereader-65x26.png 65w\" sizes=\"(max-width: 301px) 100vw, 301px\" \/><\/a><\/h2>\n<h2>Adobe Reader<\/h2>\n<h3>Einfaches Drucken aus PDF-Dokumenten<\/h3>\n<p> Adobe Reader ist eine der gebr\u00e4uchlichsten und einfachsten M\u00f6glichkeiten, um mit dem Drucken Ihrer eigenen Etiketten zu beginnen. <a class=\"btn\" href=\"https:\/\/get2.adobe.com\/reader\/\" target=\"_blank\" rel=\"noopener noreferrer\">Adobe Reader kostenlos herunterladen<\/a><\/p>\n<hr>\n<h2><img decoding=\"async\" class=\"alignright wp-image-1094\" src=\"\/wp-content\/uploads\/bartender-logo-1.png\" alt=\"Testen Sie eine kostenlose 30-t\u00e4gige Testversion von BarTender von Seagull Scientific\" width=\"234\" height=\"55\" srcset=\"https:\/\/dev2.afinialabel.com\/wp-content\/uploads\/bartender-logo-1.png 400w, https:\/\/dev2.afinialabel.com\/wp-content\/uploads\/bartender-logo-1-300x71.png 300w, https:\/\/dev2.afinialabel.com\/wp-content\/uploads\/bartender-logo-1-275x65.png 275w, https:\/\/dev2.afinialabel.com\/wp-content\/uploads\/bartender-logo-1-65x15.png 65w\" sizes=\"(max-width: 234px) 100vw, 234px\" \/><\/h2>\n<h2>BarTender von Seagull Scientific<\/h2>\n<h3>Erweiterter Etikettendruck, einschlie\u00dflich variabler Daten und Datenbankintegration<\/h3>\n<p> Seagull Scientific bietet eine kostenlose 30-Tage-Testversion von BarTender an, mit der Sie Etiketten mit Funktionen aus der Professional-, Automatisierungs- und Enterprise-Edition erstellen k\u00f6nnen. Mit diesem Programm k\u00f6nnen Sie Daten spontan oder \u00fcber eine Datenbankintegration \u00e4ndern. <a class=\"btn\" title=\"Barkeeper kostenlos herunterladen\" href=\"https:\/\/www.seagullscientific.com\/free-edition-download\/?TrackData=ReferralAccount~U0000665*ReferralCampaign~CMP-01294-P2B5S1#sign-up-form\" target=\"_blank\" rel=\"noopener noreferrer\">BarTender 30-Tage-Testversion<\/a><\/p>\n<hr>\n<h2>Wasatch SoftRIP<\/h2>\n<h3>Eine ausgekl\u00fcgelte RIP-Software f\u00fcr pr\u00e4zise Farbsteuerung<\/h3>\n<p><img decoding=\"async\" class=\"alignright wp-image-1096 size-medium\" src=\"\/wp-content\/uploads\/wasatch-logo.png\" alt=\"Wasatch SoftRIP-Software\" width=\"300\" height=\"164\" srcset=\"https:\/\/dev2.afinialabel.com\/wp-content\/uploads\/wasatch-logo.png 400w, https:\/\/dev2.afinialabel.com\/wp-content\/uploads\/wasatch-logo-300x164.png 300w, https:\/\/dev2.afinialabel.com\/wp-content\/uploads\/wasatch-logo-275x151.png 275w, https:\/\/dev2.afinialabel.com\/wp-content\/uploads\/wasatch-logo-65x36.png 65w\" sizes=\"(max-width: 300px) 100vw, 300px\" \/>Mit einfacher Einrichtung, intuitivem Workflow und leistungsstarken Drucksteuerungen spart SoftRIP Zeit und Geld und produziert gleichzeitig Farben in hervorragender Qualit\u00e4t. Mit SoftRIP m\u00fcssen Sie kein Experte sein, um wie einer zu drucken. Egal wie gro\u00df oder komplex Ihre Produktionsumgebung ist, SoftRIP verf\u00fcgt \u00fcber die Werkzeuge, die Sie f\u00fcr die vollst\u00e4ndige Kontrolle ben\u00f6tigen. Wasatch SoftRIP bietet Ihnen die perfekte Kombination aus einfacher Bedienung und ausgefeilten Funktionen. Dank der benutzerfreundlichen Farbsteuerung, der Plug-and-Play-Konfigurationen und der schnellen Einrichtung sind neue Benutzer in wenigen Minuten einsatzbereit. Druckexperten finden die komplizierten Kontrollen und innovativen Werkzeuge, die notwendig sind, um selbst die komplexesten Produktions- und Farbworkflows f\u00fcr eine beispiellose Qualit\u00e4t der Ausgabe zu implementieren. <img loading=\"lazy\" decoding=\"async\" class=\"aligncenter wp-image-1095 size-full\" src=\"\/wp-content\/uploads\/wasatch.png\" alt=\"Wasatch SoftRIP Funktions\u00fcbersicht\" width=\"700\" height=\"200\" srcset=\"https:\/\/dev2.afinialabel.com\/wp-content\/uploads\/wasatch.png 700w, https:\/\/dev2.afinialabel.com\/wp-content\/uploads\/wasatch-300x86.png 300w, https:\/\/dev2.afinialabel.com\/wp-content\/uploads\/wasatch-640x183.png 640w, https:\/\/dev2.afinialabel.com\/wp-content\/uploads\/wasatch-275x79.png 275w, https:\/\/dev2.afinialabel.com\/wp-content\/uploads\/wasatch-65x19.png 65w\" sizes=\"(max-width: 700px) 100vw, 700px\" \/><\/p>\n<p><a class=\"btn\" title=\"Wasatch SoftRIP\" href=\"https:\/\/www.wasatch.com\/\" target=\"_blank\" rel=\"noopener noreferrer\">Wasatch SoftRIP-Website<\/a><\/p>\n","protected":false},"excerpt":{"rendered":"Afinia Etikettendrucker werden von einem Windows-basierten Treiber angetrieben, wodurch sie mit fast jeder Windows-Anwendung kompatibel sind. Afinia verkauft zwar keine Software als Teil unserer Dienstleistungen, aber es gibt viele Optionen &#8211; von einfachen PDF-Readern zum Drucken mit nur einem Klick bis hin zu erweitertem Etikettendruck und Datenbankintegration. Wir k\u00f6nnen auch erweiterte Farbanpassungswerkzeuge verwenden. Noch Fragen?&#8230; <a class=\"view-article\" href=\"https:\/\/dev2.afinialabel.com\/de\/software\/\">Artikel ansehen<\/a>","protected":false},"author":3,"featured_media":0,"parent":0,"menu_order":107,"comment_status":"closed","ping_status":"closed","template":"","meta":{"_acf_changed":false,"footnotes":""},"class_list":["post-5836","page","type-page","status-publish","hentry"],"acf":[],"yoast_head":"<!-- This site is optimized with the Yoast SEO Premium plugin v27.5 (Yoast SEO v27.5) - https:\/\/yoast.com\/product\/yoast-seo-premium-wordpress\/ -->\n<title>Software &#187; Afinia Label - Make Your Own Labels<\/title>\n<meta name=\"description\" content=\"Digital Color Label Printers and Finishers - Software\" \/>\n<meta name=\"robots\" content=\"index, follow, max-snippet:-1, max-image-preview:large, max-video-preview:-1\" \/>\n<link rel=\"canonical\" href=\"https:\/\/dev2.afinialabel.com\/de\/software\/\" \/>\n<meta property=\"og:locale\" content=\"de_DE\" \/>\n<meta property=\"og:type\" content=\"article\" \/>\n<meta property=\"og:title\" content=\"Software\" \/>\n<meta property=\"og:description\" content=\"Afinia Etikettendrucker werden von einem Windows-basierten Treiber angetrieben, wodurch sie mit fast jeder Windows-Anwendung kompatibel sind. Afinia\" \/>\n<meta property=\"og:url\" content=\"https:\/\/dev2.afinialabel.com\/de\/software\/\" \/>\n<meta property=\"og:site_name\" content=\"Afinia Label - Make Your Own Labels\" \/>\n<meta property=\"article:modified_time\" content=\"2024-09-24T00:24:20+00:00\" \/>\n<meta name=\"twitter:card\" content=\"summary_large_image\" \/>\n<meta name=\"twitter:site\" content=\"@afinialabel\" \/>\n<meta name=\"twitter:label1\" content=\"Gesch\u00e4tzte Lesezeit\" \/>\n\t<meta name=\"twitter:data1\" content=\"1\u00a0Minute\" \/>\n<!-- \/ Yoast SEO Premium plugin. -->","yoast_head_json":{"title":"Software &#187; Afinia Label - Make Your Own Labels","description":"Digital Color Label Printers and Finishers - Software","robots":{"index":"index","follow":"follow","max-snippet":"max-snippet:-1","max-image-preview":"max-image-preview:large","max-video-preview":"max-video-preview:-1"},"canonical":"https:\/\/dev2.afinialabel.com\/de\/software\/","og_locale":"de_DE","og_type":"article","og_title":"Software","og_description":"Afinia Etikettendrucker werden von einem Windows-basierten Treiber angetrieben, wodurch sie mit fast jeder Windows-Anwendung kompatibel sind. Afinia","og_url":"https:\/\/dev2.afinialabel.com\/de\/software\/","og_site_name":"Afinia Label - Make Your Own Labels","article_modified_time":"2024-09-24T00:24:20+00:00","twitter_card":"summary_large_image","twitter_site":"@afinialabel","twitter_misc":{"Gesch\u00e4tzte Lesezeit":"1\u00a0Minute"},"schema":{"@context":"https:\/\/schema.org","@graph":[{"@type":"WebPage","@id":"https:\/\/dev2.afinialabel.com\/de\/software\/","url":"https:\/\/dev2.afinialabel.com\/de\/software\/","name":"Software &#187; Afinia Label - Make Your Own Labels","isPartOf":{"@id":"https:\/\/dev2.afinialabel.com\/de\/#website"},"datePublished":"2023-03-16T18:34:26+00:00","dateModified":"2024-09-24T00:24:20+00:00","description":"Digital Color Label Printers and Finishers - Software","breadcrumb":{"@id":"https:\/\/dev2.afinialabel.com\/de\/software\/#breadcrumb"},"inLanguage":"de","potentialAction":[{"@type":"ReadAction","target":["https:\/\/dev2.afinialabel.com\/de\/software\/"]}]},{"@type":"BreadcrumbList","@id":"https:\/\/dev2.afinialabel.com\/de\/software\/#breadcrumb","itemListElement":[{"@type":"ListItem","position":1,"name":"Home","item":"https:\/\/dev2.afinialabel.com\/de\/"},{"@type":"ListItem","position":2,"name":"Software"}]},{"@type":"WebSite","@id":"https:\/\/dev2.afinialabel.com\/de\/#website","url":"https:\/\/dev2.afinialabel.com\/de\/","name":"Afinia Label - Make Your Own Labels","description":"Digital Color Label Printers and Finishers","publisher":{"@id":"https:\/\/dev2.afinialabel.com\/de\/#organization"},"potentialAction":[{"@type":"SearchAction","target":{"@type":"EntryPoint","urlTemplate":"https:\/\/dev2.afinialabel.com\/de\/?s={search_term_string}"},"query-input":{"@type":"PropertyValueSpecification","valueRequired":true,"valueName":"search_term_string"}}],"inLanguage":"de"},{"@type":"Organization","@id":"https:\/\/dev2.afinialabel.com\/de\/#organization","name":"Afinia Label","url":"https:\/\/dev2.afinialabel.com\/de\/","logo":{"@type":"ImageObject","inLanguage":"de","@id":"https:\/\/dev2.afinialabel.com\/de\/#\/schema\/logo\/image\/","url":"https:\/\/dev2.afinialabel.com\/wp-content\/uploads\/logo-light.svg","contentUrl":"https:\/\/dev2.afinialabel.com\/wp-content\/uploads\/logo-light.svg","width":190,"height":36,"caption":"Afinia Label"},"image":{"@id":"https:\/\/dev2.afinialabel.com\/de\/#\/schema\/logo\/image\/"},"sameAs":["https:\/\/x.com\/afinialabel","https:\/\/www.youtube.com\/channel\/UC7oqak2m5QABw4LzXLuWCaA"]}]}},"_links":{"self":[{"href":"https:\/\/dev2.afinialabel.com\/de\/wp-json\/wp\/v2\/pages\/5836","targetHints":{"allow":["GET"]}}],"collection":[{"href":"https:\/\/dev2.afinialabel.com\/de\/wp-json\/wp\/v2\/pages"}],"about":[{"href":"https:\/\/dev2.afinialabel.com\/de\/wp-json\/wp\/v2\/types\/page"}],"author":[{"embeddable":true,"href":"https:\/\/dev2.afinialabel.com\/de\/wp-json\/wp\/v2\/users\/3"}],"replies":[{"embeddable":true,"href":"https:\/\/dev2.afinialabel.com\/de\/wp-json\/wp\/v2\/comments?post=5836"}],"version-history":[{"count":0,"href":"https:\/\/dev2.afinialabel.com\/de\/wp-json\/wp\/v2\/pages\/5836\/revisions"}],"wp:attachment":[{"href":"https:\/\/dev2.afinialabel.com\/de\/wp-json\/wp\/v2\/media?parent=5836"}],"curies":[{"name":"wp","href":"https:\/\/api.w.org\/{rel}","templated":true}]}}