{"id":241837,"date":"2023-04-13T16:43:56","date_gmt":"2023-04-13T16:43:56","guid":{"rendered":"https:\/\/dev2.afinialabel.com\/about-afinia\/hp-thermal-inkjet-printing\/"},"modified":"2024-11-22T04:43:33","modified_gmt":"2024-11-22T04:43:33","slug":"hp-thermischer-inkjetdruck","status":"publish","type":"page","link":"https:\/\/dev2.afinialabel.com\/de\/about-afinia\/hp-thermischer-inkjetdruck\/","title":{"rendered":"HP Thermischer Tintenstrahldruck"},"content":{"rendered":"<h3>F\u00fcr jeden Bedarf geeignet<\/h3>\n<p> Die Thermo-Inkjet-Technologie (TiJ) von HP bietet eine unglaubliche Vielseitigkeit und ist damit eine beliebte Wahl auf der ganzen Welt f\u00fcr eine Vielzahl von Etikettendruckanforderungen. <\/p>\n<h3>HP &amp; Afinia Label<\/h3>\n<p> HP setzt sich f\u00fcr Innovationen f\u00fcr alle ein und ver\u00e4ndert die Art und Weise, wie Menschen arbeiten und leben. Afinia Label integriert diese innovative Technologie in Etikettendrucker, um zuverl\u00e4ssige, qualitativ hochwertige Produkte f\u00fcr Unternehmen anzubieten, die ihre Kapitalrendite erh\u00f6hen m\u00f6chten. <\/p>\n<p style=\"text-align: center\"><img fetchpriority=\"high\" decoding=\"async\" class=\"aligncenter wp-image-1538 size-full\" src=\"\/wp-content\/uploads\/hp-l301-l501.jpg\" alt=\"HP Inkjet-Technologie in Afinia Etikettendruckern gefunden\" width=\"1200\" height=\"400\" srcset=\"https:\/\/dev2.afinialabel.com\/wp-content\/uploads\/hp-l301-l501.jpg 1200w, https:\/\/dev2.afinialabel.com\/wp-content\/uploads\/hp-l301-l501-300x100.jpg 300w, https:\/\/dev2.afinialabel.com\/wp-content\/uploads\/hp-l301-l501-1000x333.jpg 1000w, https:\/\/dev2.afinialabel.com\/wp-content\/uploads\/hp-l301-l501-768x256.jpg 768w, https:\/\/dev2.afinialabel.com\/wp-content\/uploads\/hp-l301-l501-640x213.jpg 640w, https:\/\/dev2.afinialabel.com\/wp-content\/uploads\/hp-l301-l501-275x92.jpg 275w, https:\/\/dev2.afinialabel.com\/wp-content\/uploads\/hp-l301-l501-65x22.jpg 65w\" sizes=\"(max-width: 1200px) 100vw, 1200px\" \/><\/p>\n<p> Afinia Label verf\u00fcgt \u00fcber die thermische Tintenstrahltechnologie von HP in mehreren Etikettendruckern, darunter der <a href=\"\/digital-label-printers\/l301-small-business-color-label-printer\/\">L301 Small Business Farbetikettendrucker<\/a> und der <a href=\"\/digital-label-printers\/l502-duo-ink-industrial-color-label-printer\/\">L502 Duo Tintenetikettendrucker<\/a>, um Kunden eine kosteng\u00fcnstige, benutzerfreundliche und professionelle Etikettendruckfunktion zu bieten. <\/p>\n<h3>Warum sich Menschen f\u00fcr HP TiJ entscheiden<\/h3>\n<p> Zuverl\u00e4ssigkeit ist eine Notwendigkeit im Etikettendruck &#8211; und ein zentrales Merkmal der thermischen Inkjet-Technologie von HP. Es ist auch einfach zu bedienen, und HP Specialty Printing Systems (SPS) bietet die notwendigen Tools, um eine schnelle und erfolgreiche Integration in Ihr Unternehmen zu gew\u00e4hrleisten, die Entwicklungskosten zu minimieren und Ihre Ankunft bei lebendigen, sch\u00f6n gekennzeichneten Produkten zu beschleunigen. Als langj\u00e4hriger SPS-Partner verf\u00fcgt Afinia Label \u00fcber viel Erfahrung bei der Integration der HP TIJ-Technologie.<\/p>\n","protected":false},"excerpt":{"rendered":"F\u00fcr jeden Bedarf geeignet Die Thermo-Inkjet-Technologie (TiJ) von HP bietet eine unglaubliche Vielseitigkeit und ist damit eine beliebte Wahl auf der ganzen Welt f\u00fcr eine Vielzahl von Etikettendruckanforderungen. HP &amp; Afinia Label HP setzt sich f\u00fcr Innovationen f\u00fcr alle ein und ver\u00e4ndert die Art und Weise, wie Menschen arbeiten und leben. Afinia Label integriert diese&#8230; <a class=\"view-article\" href=\"https:\/\/dev2.afinialabel.com\/de\/about-afinia\/hp-thermischer-inkjetdruck\/\">Artikel ansehen<\/a>","protected":false},"author":3,"featured_media":0,"parent":241797,"menu_order":233,"comment_status":"closed","ping_status":"closed","template":"","meta":{"_acf_changed":false,"footnotes":""},"class_list":["post-241837","page","type-page","status-publish","hentry"],"acf":[],"yoast_head":"<!-- This site is optimized with the Yoast SEO Premium plugin v27.5 (Yoast SEO v27.5) - https:\/\/yoast.com\/product\/yoast-seo-premium-wordpress\/ -->\n<title>HP Thermischer Tintenstrahldruck &#187; Afinia Label - Make Your Own Labels<\/title>\n<meta name=\"description\" content=\"Digital Color Label Printers and Finishers - HP Thermischer Tintenstrahldruck\" \/>\n<meta name=\"robots\" content=\"index, follow, max-snippet:-1, max-image-preview:large, max-video-preview:-1\" \/>\n<link rel=\"canonical\" href=\"https:\/\/dev2.afinialabel.com\/de\/about-afinia\/hp-thermischer-inkjetdruck\/\" \/>\n<meta property=\"og:locale\" content=\"de_DE\" \/>\n<meta property=\"og:type\" content=\"article\" \/>\n<meta property=\"og:title\" content=\"HP Thermischer Tintenstrahldruck\" \/>\n<meta property=\"og:description\" content=\"F\u00fcr jeden Bedarf geeignet Die Thermo-Inkjet-Technologie (TiJ) von HP bietet eine unglaubliche Vielseitigkeit und ist damit eine beliebte Wahl auf der\" \/>\n<meta property=\"og:url\" content=\"https:\/\/dev2.afinialabel.com\/de\/about-afinia\/hp-thermischer-inkjetdruck\/\" \/>\n<meta property=\"og:site_name\" content=\"Afinia Label - Make Your Own Labels\" \/>\n<meta property=\"article:modified_time\" content=\"2024-11-22T04:43:33+00:00\" \/>\n<meta name=\"twitter:card\" content=\"summary_large_image\" \/>\n<meta name=\"twitter:site\" content=\"@afinialabel\" \/>\n<meta name=\"twitter:label1\" content=\"Gesch\u00e4tzte Lesezeit\" \/>\n\t<meta name=\"twitter:data1\" content=\"1\u00a0Minute\" \/>\n<!-- \/ Yoast SEO Premium plugin. -->","yoast_head_json":{"title":"HP Thermischer Tintenstrahldruck &#187; Afinia Label - Make Your Own Labels","description":"Digital Color Label Printers and Finishers - HP Thermischer Tintenstrahldruck","robots":{"index":"index","follow":"follow","max-snippet":"max-snippet:-1","max-image-preview":"max-image-preview:large","max-video-preview":"max-video-preview:-1"},"canonical":"https:\/\/dev2.afinialabel.com\/de\/about-afinia\/hp-thermischer-inkjetdruck\/","og_locale":"de_DE","og_type":"article","og_title":"HP Thermischer Tintenstrahldruck","og_description":"F\u00fcr jeden Bedarf geeignet Die Thermo-Inkjet-Technologie (TiJ) von HP bietet eine unglaubliche Vielseitigkeit und ist damit eine beliebte Wahl auf der","og_url":"https:\/\/dev2.afinialabel.com\/de\/about-afinia\/hp-thermischer-inkjetdruck\/","og_site_name":"Afinia Label - Make Your Own Labels","article_modified_time":"2024-11-22T04:43:33+00:00","twitter_card":"summary_large_image","twitter_site":"@afinialabel","twitter_misc":{"Gesch\u00e4tzte Lesezeit":"1\u00a0Minute"},"schema":{"@context":"https:\/\/schema.org","@graph":[{"@type":"WebPage","@id":"https:\/\/dev2.afinialabel.com\/de\/about-afinia\/hp-thermischer-inkjetdruck\/","url":"https:\/\/dev2.afinialabel.com\/de\/about-afinia\/hp-thermischer-inkjetdruck\/","name":"HP Thermischer Tintenstrahldruck &#187; Afinia Label - Make Your Own Labels","isPartOf":{"@id":"https:\/\/dev2.afinialabel.com\/de\/#website"},"datePublished":"2023-04-13T16:43:56+00:00","dateModified":"2024-11-22T04:43:33+00:00","description":"Digital Color Label Printers and Finishers - HP Thermischer Tintenstrahldruck","breadcrumb":{"@id":"https:\/\/dev2.afinialabel.com\/de\/about-afinia\/hp-thermischer-inkjetdruck\/#breadcrumb"},"inLanguage":"de","potentialAction":[{"@type":"ReadAction","target":["https:\/\/dev2.afinialabel.com\/de\/about-afinia\/hp-thermischer-inkjetdruck\/"]}]},{"@type":"BreadcrumbList","@id":"https:\/\/dev2.afinialabel.com\/de\/about-afinia\/hp-thermischer-inkjetdruck\/#breadcrumb","itemListElement":[{"@type":"ListItem","position":1,"name":"Home","item":"https:\/\/dev2.afinialabel.com\/de\/"},{"@type":"ListItem","position":2,"name":"\u00dcber Afinia Label","item":"https:\/\/dev2.afinialabel.com\/de\/about-afinia\/"},{"@type":"ListItem","position":3,"name":"HP Thermischer Tintenstrahldruck"}]},{"@type":"WebSite","@id":"https:\/\/dev2.afinialabel.com\/de\/#website","url":"https:\/\/dev2.afinialabel.com\/de\/","name":"Afinia Label - Make Your Own Labels","description":"Digital Color Label Printers and Finishers","publisher":{"@id":"https:\/\/dev2.afinialabel.com\/de\/#organization"},"potentialAction":[{"@type":"SearchAction","target":{"@type":"EntryPoint","urlTemplate":"https:\/\/dev2.afinialabel.com\/de\/?s={search_term_string}"},"query-input":{"@type":"PropertyValueSpecification","valueRequired":true,"valueName":"search_term_string"}}],"inLanguage":"de"},{"@type":"Organization","@id":"https:\/\/dev2.afinialabel.com\/de\/#organization","name":"Afinia Label","url":"https:\/\/dev2.afinialabel.com\/de\/","logo":{"@type":"ImageObject","inLanguage":"de","@id":"https:\/\/dev2.afinialabel.com\/de\/#\/schema\/logo\/image\/","url":"https:\/\/dev2.afinialabel.com\/wp-content\/uploads\/logo-light.svg","contentUrl":"https:\/\/dev2.afinialabel.com\/wp-content\/uploads\/logo-light.svg","width":190,"height":36,"caption":"Afinia Label"},"image":{"@id":"https:\/\/dev2.afinialabel.com\/de\/#\/schema\/logo\/image\/"},"sameAs":["https:\/\/x.com\/afinialabel","https:\/\/www.youtube.com\/channel\/UC7oqak2m5QABw4LzXLuWCaA"]}]}},"_links":{"self":[{"href":"https:\/\/dev2.afinialabel.com\/de\/wp-json\/wp\/v2\/pages\/241837","targetHints":{"allow":["GET"]}}],"collection":[{"href":"https:\/\/dev2.afinialabel.com\/de\/wp-json\/wp\/v2\/pages"}],"about":[{"href":"https:\/\/dev2.afinialabel.com\/de\/wp-json\/wp\/v2\/types\/page"}],"author":[{"embeddable":true,"href":"https:\/\/dev2.afinialabel.com\/de\/wp-json\/wp\/v2\/users\/3"}],"replies":[{"embeddable":true,"href":"https:\/\/dev2.afinialabel.com\/de\/wp-json\/wp\/v2\/comments?post=241837"}],"version-history":[{"count":0,"href":"https:\/\/dev2.afinialabel.com\/de\/wp-json\/wp\/v2\/pages\/241837\/revisions"}],"up":[{"embeddable":true,"href":"https:\/\/dev2.afinialabel.com\/de\/wp-json\/wp\/v2\/pages\/241797"}],"wp:attachment":[{"href":"https:\/\/dev2.afinialabel.com\/de\/wp-json\/wp\/v2\/media?parent=241837"}],"curies":[{"name":"wp","href":"https:\/\/api.w.org\/{rel}","templated":true}]}}