{"id":241797,"date":"2023-04-13T16:42:32","date_gmt":"2023-04-13T16:42:32","guid":{"rendered":"https:\/\/dev2.afinialabel.com\/about-afinia\/"},"modified":"2024-11-22T08:11:15","modified_gmt":"2024-11-22T08:11:15","slug":"about-afinia","status":"publish","type":"page","link":"https:\/\/dev2.afinialabel.com\/de\/about-afinia\/","title":{"rendered":"\u00dcber Afinia Label"},"content":{"rendered":"<h2>Unterst\u00fctzung von Unternehmen bei der Erstellung eigener Etiketten<\/h2>\n<h3>Unternehmen auf der ganzen Welt sparen Zeit und Geld und verbessern gleichzeitig ihre Kennzeichnungsprozesse.<\/h3>\n<p> Wir haben uns den Ruf erarbeitet, Qualit\u00e4tsprodukte anzubieten, die das Drucken und Veredeln von Etiketten einfacher und zuverl\u00e4ssiger als je zuvor machen, ohne dabei den Fokus auf Ihr wichtigstes Gesamtanliegen zu verlieren: eine <strong>solide Kapitalrendite<\/strong>. Egal, ob Sie Ihre Etiketten auslagern oder ein erfahrener <a href=\"https:\/\/dev2.afinialabel.com\/\">Etikettendrucker<\/a> oder -verarbeiter sind, Afinia Label verf\u00fcgt \u00fcber eine Vielzahl von hauseigenen professionellen und industriellen Etikettendruck- und Veredelungsl\u00f6sungen, die Ihren Anforderungen entsprechen. <\/p>\n<h2>Das sagen unsere Kunden<\/h2>\n<p> Kunden auf der ganzen Welt sagen, dass sich unsere professionellen Ger\u00e4te mit einer Reihe von Mitteln amortisieren: <\/p>\n<ul>\n<li><strong>Virtuelle Eliminierung von Etiketteninventar<\/strong> und veralteten Etiketten<\/li>\n<li><strong>Einsparungen bei den Etikettenkosten<\/strong> im Vergleich zu ausgelagerten Tintenstrahldruckern, Bogendruckern oder Tintenstrahldruckern von Wettbewerbern<\/li>\n<li><strong>Verk\u00fcrzung der Time-to-Market<\/strong> durch Vermeidung von Durchlaufzeiten und Verz\u00f6gerungen<\/li>\n<\/ul>\n<p> Viele Kunden kaufen Afinia Label-L\u00f6sungen, um &quot;billigere&quot; zu ersetzen, <strong>wodurch die Tintenkosten um bis zu 80 % gesenkt werden. Allein die Tinteneinsparungen haben viele Kunden von Afinia Label veranlasst, innerhalb von sechs Monaten f\u00fcr einen neuen Drucker zu bezahlen.<\/strong> Achten Sie nicht nur auf den Kaufpreis, sondern auch auf die Betriebskosten. \u201eWeniger teure\u201c Drucker k\u00f6nnen teurer werden, wenn Ihr Druckvolumen einen bestimmten Punkt erreicht. <\/p>\n<h2>Unsere Geschichte<\/h2>\n<p> Afinia Label wurde 2009 gegr\u00fcndet, um Spezialdruckl\u00f6sungen mit erstklassigem Support zu erschwinglichen Preisen anzubieten. Unsere Muttergesellschaft Microboards Technology bietet seit 1989 Medienvervielf\u00e4ltigungsprodukte an. Dies gibt uns ein solides Fundament an technischem Fachwissen und jahrzehntelanger Erfahrung, um den bestm\u00f6glichen Kundenservice zu bieten. Unsere Spezialdruckl\u00f6sungen umfassen den industriellen Hochgeschwindigkeits-Etikettendruck und die <a title=\"L-801 Etikettendrucker\" href=\"\/product-tag\/memjet\/\">Etikettenveredelung<\/a> mit <a href=\"\/finishing-equipment\/\" target=\"_blank\" rel=\"noopener noreferrer\"><\/a>Produkten, die in \u00fcber 55 L\u00e4ndern erh\u00e4ltlich sind. Wir bauen unsere Ausr\u00fcstung, um so schnell wie m\u00f6glich einen Return on Investment zu erzielen. Wir tun dies, indem wir unsere industriellen Etikettendrucker und Finisher so gestalten, dass sie schnell und kosteng\u00fcnstig sind. Abh\u00e4ngig von der Anzahl der Etiketten, die Sie produzieren werden, k\u00f6nnen sich unsere Ger\u00e4te in weniger als einem Jahr amortisieren. Schauen Sie sich auf unserer Website um, um mehr zu erfahren, oder kontaktieren Sie uns \u00fcber unsere <a title=\"Kontakt\" href=\"\/contact\/\">Kontaktseite<\/a>, wenn Sie Fragen haben.<\/p>\n","protected":false},"excerpt":{"rendered":"Unterst\u00fctzung von Unternehmen bei der Erstellung eigener Etiketten Unternehmen auf der ganzen Welt sparen Zeit und Geld und verbessern gleichzeitig ihre Kennzeichnungsprozesse. Wir haben uns den Ruf erarbeitet, Qualit\u00e4tsprodukte anzubieten, die das Drucken und Veredeln von Etiketten einfacher und zuverl\u00e4ssiger als je zuvor machen, ohne dabei den Fokus auf Ihr wichtigstes Gesamtanliegen zu verlieren: eine&#8230; <a class=\"view-article\" href=\"https:\/\/dev2.afinialabel.com\/de\/about-afinia\/\">Artikel ansehen<\/a>","protected":false},"author":3,"featured_media":0,"parent":0,"menu_order":227,"comment_status":"closed","ping_status":"closed","template":"","meta":{"_acf_changed":false,"footnotes":""},"class_list":["post-241797","page","type-page","status-publish","hentry"],"acf":[],"yoast_head":"<!-- This site is optimized with the Yoast SEO Premium plugin v27.5 (Yoast SEO v27.5) - https:\/\/yoast.com\/product\/yoast-seo-premium-wordpress\/ -->\n<title>\u00dcber Afinia Label &#187; Afinia Label - Make Your Own Labels<\/title>\n<meta name=\"description\" content=\"Mit dem umfassendsten Sortiment an Etikettendruck- und Endverarbeitungsger\u00e4ten in der Branche bietet Afinia Label erstklassige L\u00f6sungen f\u00fcr die meisten Anwendungen und Auftragsgr\u00f6\u00dfen. Mit jahrzehntelanger Erfahrung in der Spezialdruckindustrie...\" \/>\n<meta name=\"robots\" content=\"index, follow, max-snippet:-1, max-image-preview:large, max-video-preview:-1\" \/>\n<link rel=\"canonical\" href=\"https:\/\/dev2.afinialabel.com\/de\/about-afinia\/\" \/>\n<meta property=\"og:locale\" content=\"de_DE\" \/>\n<meta property=\"og:type\" content=\"article\" \/>\n<meta property=\"og:title\" content=\"\u00dcber Afinia Label\" \/>\n<meta property=\"og:description\" content=\"Unterst\u00fctzung von Unternehmen bei der Erstellung eigener Etiketten Unternehmen auf der ganzen Welt sparen Zeit und Geld und verbessern gleichzeitig ihre\" \/>\n<meta property=\"og:url\" content=\"https:\/\/dev2.afinialabel.com\/de\/about-afinia\/\" \/>\n<meta property=\"og:site_name\" content=\"Afinia Label - Make Your Own Labels\" \/>\n<meta property=\"article:modified_time\" content=\"2024-11-22T08:11:15+00:00\" \/>\n<meta name=\"twitter:card\" content=\"summary_large_image\" \/>\n<meta name=\"twitter:site\" content=\"@afinialabel\" \/>\n<meta name=\"twitter:label1\" content=\"Gesch\u00e4tzte Lesezeit\" \/>\n\t<meta name=\"twitter:data1\" content=\"2\u00a0Minuten\" \/>\n<!-- \/ Yoast SEO Premium plugin. -->","yoast_head_json":{"title":"\u00dcber Afinia Label &#187; Afinia Label - Make Your Own Labels","description":"Mit dem umfassendsten Sortiment an Etikettendruck- und Endverarbeitungsger\u00e4ten in der Branche bietet Afinia Label erstklassige L\u00f6sungen f\u00fcr die meisten Anwendungen und Auftragsgr\u00f6\u00dfen. Mit jahrzehntelanger Erfahrung in der Spezialdruckindustrie...","robots":{"index":"index","follow":"follow","max-snippet":"max-snippet:-1","max-image-preview":"max-image-preview:large","max-video-preview":"max-video-preview:-1"},"canonical":"https:\/\/dev2.afinialabel.com\/de\/about-afinia\/","og_locale":"de_DE","og_type":"article","og_title":"\u00dcber Afinia Label","og_description":"Unterst\u00fctzung von Unternehmen bei der Erstellung eigener Etiketten Unternehmen auf der ganzen Welt sparen Zeit und Geld und verbessern gleichzeitig ihre","og_url":"https:\/\/dev2.afinialabel.com\/de\/about-afinia\/","og_site_name":"Afinia Label - Make Your Own Labels","article_modified_time":"2024-11-22T08:11:15+00:00","twitter_card":"summary_large_image","twitter_site":"@afinialabel","twitter_misc":{"Gesch\u00e4tzte Lesezeit":"2\u00a0Minuten"},"schema":{"@context":"https:\/\/schema.org","@graph":[{"@type":"WebPage","@id":"https:\/\/dev2.afinialabel.com\/de\/about-afinia\/","url":"https:\/\/dev2.afinialabel.com\/de\/about-afinia\/","name":"\u00dcber Afinia Label &#187; Afinia Label - Make Your Own Labels","isPartOf":{"@id":"https:\/\/dev2.afinialabel.com\/de\/#website"},"datePublished":"2023-04-13T16:42:32+00:00","dateModified":"2024-11-22T08:11:15+00:00","description":"Mit dem umfassendsten Sortiment an Etikettendruck- und Endverarbeitungsger\u00e4ten in der Branche bietet Afinia Label erstklassige L\u00f6sungen f\u00fcr die meisten Anwendungen und Auftragsgr\u00f6\u00dfen. Mit jahrzehntelanger Erfahrung in der Spezialdruckindustrie...","breadcrumb":{"@id":"https:\/\/dev2.afinialabel.com\/de\/about-afinia\/#breadcrumb"},"inLanguage":"de","potentialAction":[{"@type":"ReadAction","target":["https:\/\/dev2.afinialabel.com\/de\/about-afinia\/"]}]},{"@type":"BreadcrumbList","@id":"https:\/\/dev2.afinialabel.com\/de\/about-afinia\/#breadcrumb","itemListElement":[{"@type":"ListItem","position":1,"name":"Home","item":"https:\/\/dev2.afinialabel.com\/de\/"},{"@type":"ListItem","position":2,"name":"\u00dcber Afinia Label"}]},{"@type":"WebSite","@id":"https:\/\/dev2.afinialabel.com\/de\/#website","url":"https:\/\/dev2.afinialabel.com\/de\/","name":"Afinia Label - Make Your Own Labels","description":"Digital Color Label Printers and Finishers","publisher":{"@id":"https:\/\/dev2.afinialabel.com\/de\/#organization"},"potentialAction":[{"@type":"SearchAction","target":{"@type":"EntryPoint","urlTemplate":"https:\/\/dev2.afinialabel.com\/de\/?s={search_term_string}"},"query-input":{"@type":"PropertyValueSpecification","valueRequired":true,"valueName":"search_term_string"}}],"inLanguage":"de"},{"@type":"Organization","@id":"https:\/\/dev2.afinialabel.com\/de\/#organization","name":"Afinia Label","url":"https:\/\/dev2.afinialabel.com\/de\/","logo":{"@type":"ImageObject","inLanguage":"de","@id":"https:\/\/dev2.afinialabel.com\/de\/#\/schema\/logo\/image\/","url":"https:\/\/dev2.afinialabel.com\/wp-content\/uploads\/logo-light.svg","contentUrl":"https:\/\/dev2.afinialabel.com\/wp-content\/uploads\/logo-light.svg","width":190,"height":36,"caption":"Afinia Label"},"image":{"@id":"https:\/\/dev2.afinialabel.com\/de\/#\/schema\/logo\/image\/"},"sameAs":["https:\/\/x.com\/afinialabel","https:\/\/www.youtube.com\/channel\/UC7oqak2m5QABw4LzXLuWCaA"]}]}},"_links":{"self":[{"href":"https:\/\/dev2.afinialabel.com\/de\/wp-json\/wp\/v2\/pages\/241797","targetHints":{"allow":["GET"]}}],"collection":[{"href":"https:\/\/dev2.afinialabel.com\/de\/wp-json\/wp\/v2\/pages"}],"about":[{"href":"https:\/\/dev2.afinialabel.com\/de\/wp-json\/wp\/v2\/types\/page"}],"author":[{"embeddable":true,"href":"https:\/\/dev2.afinialabel.com\/de\/wp-json\/wp\/v2\/users\/3"}],"replies":[{"embeddable":true,"href":"https:\/\/dev2.afinialabel.com\/de\/wp-json\/wp\/v2\/comments?post=241797"}],"version-history":[{"count":0,"href":"https:\/\/dev2.afinialabel.com\/de\/wp-json\/wp\/v2\/pages\/241797\/revisions"}],"wp:attachment":[{"href":"https:\/\/dev2.afinialabel.com\/de\/wp-json\/wp\/v2\/media?parent=241797"}],"curies":[{"name":"wp","href":"https:\/\/api.w.org\/{rel}","templated":true}]}}