{"id":10276,"date":"2023-04-13T16:47:26","date_gmt":"2023-04-13T16:47:26","guid":{"rendered":"https:\/\/dev2.afinialabel.com\/memjet-inkjet-technology\/"},"modified":"2024-11-22T07:23:00","modified_gmt":"2024-11-22T07:23:00","slug":"memjet-inkjet-technologie","status":"publish","type":"page","link":"https:\/\/dev2.afinialabel.com\/de\/about-afinia\/memjet-inkjet-technologie\/","title":{"rendered":"Memjet Inkjet-Technologie"},"content":{"rendered":"<h3>Bietet bemerkenswerte Einfachheit, Geschwindigkeit und Rentabilit\u00e4t im Farbdruck<\/h3>\n<p><img fetchpriority=\"high\" decoding=\"async\" width=\"400\" height=\"133\" class=\"alignright size-full wp-image-1542\" src=\"\/wp-content\/uploads\/Memjet-Logo-PoweredBy-500pxw.png\" alt=\"Afinia Etikettendrucker - Powered by Memjet \" srcset=\"https:\/\/dev2.afinialabel.com\/wp-content\/uploads\/Memjet-Logo-PoweredBy-500pxw.png 400w, https:\/\/dev2.afinialabel.com\/wp-content\/uploads\/Memjet-Logo-PoweredBy-500pxw-300x100.png 300w, https:\/\/dev2.afinialabel.com\/wp-content\/uploads\/Memjet-Logo-PoweredBy-500pxw-275x91.png 275w, https:\/\/dev2.afinialabel.com\/wp-content\/uploads\/Memjet-Logo-PoweredBy-500pxw-65x22.png 65w\" sizes=\"(max-width: 400px) 100vw, 400px\" \/> Memjet stellt keine Drucker her. Stattdessen verbessern sie Drucker, indem sie innovative Technologien und Komponenten an Partner wie Afinia Label liefern. Zu diesen Drucktechnologien geh\u00f6ren blasenschnelle Druckk\u00f6pfe, die von Memjet-Controller-Chips, Software und Tinte unterst\u00fctzt werden. <\/p>\n<h3>Revolutionierung des Etikettendrucks<\/h3>\n<p> Memjet ver\u00e4ndert die Art und Weise, wie Unternehmen drucken. In einigen F\u00e4llen schafft die Technologie sogar v\u00f6llig neue Gesch\u00e4ftsm\u00f6glichkeiten. Durch den Vollfarbdruck mit Produktionsgeschwindigkeit k\u00f6nnen Unternehmen Lager- und Versandkosten reduzieren oder eliminieren. Vollfarbetiketten k\u00f6nnen jetzt bei Bedarf mit variablen Daten gedruckt werden; und kleine Auflagen k\u00f6nnen jetzt kosteng\u00fcnstig und zu niedrigen Gesamtbetriebskosten gedruckt werden. <\/p>\n<h3>Wasserfalltechnologie<\/h3>\n<p> Afinia Etikettendrucker verf\u00fcgen \u00fcber die \u201eWaterfall\u201c -Technologie. Unsere <a href=\"\/product-tag\/memjet\/\">Memjet-betriebenen Farbetikettendrucker<\/a> verf\u00fcgen \u00fcber 70.400 D\u00fcsen pro Druckkopf, die erstaunliche 700 Millionen Tintentropfen pro Sekunde freisetzen. <\/p>\n<p style=\"text-align: center\"><img decoding=\"async\" width=\"1200\" height=\"105\" class=\"aligncenter size-full wp-image-1544\" src=\"\/wp-content\/uploads\/Memjet-Printhead-Wide.png\" alt=\"Memjet Waterfall Inkjet-Druckkopftechnologie von Afinia Label\" srcset=\"https:\/\/dev2.afinialabel.com\/wp-content\/uploads\/Memjet-Printhead-Wide.png 1200w, https:\/\/dev2.afinialabel.com\/wp-content\/uploads\/Memjet-Printhead-Wide-300x26.png 300w, https:\/\/dev2.afinialabel.com\/wp-content\/uploads\/Memjet-Printhead-Wide-1000x88.png 1000w, https:\/\/dev2.afinialabel.com\/wp-content\/uploads\/Memjet-Printhead-Wide-768x67.png 768w, https:\/\/dev2.afinialabel.com\/wp-content\/uploads\/Memjet-Printhead-Wide-640x56.png 640w, https:\/\/dev2.afinialabel.com\/wp-content\/uploads\/Memjet-Printhead-Wide-275x24.png 275w, https:\/\/dev2.afinialabel.com\/wp-content\/uploads\/Memjet-Printhead-Wide-65x6.png 65w\" sizes=\"(max-width: 1200px) 100vw, 1200px\" \/><\/p>\n<p> Es ist energieeffizienter. Es ist mechanischer. Und das bis zu achtmal schneller. Noch schneller als die meisten Schwarzwei\u00dfdrucker. Die Technologie ist ein radikaler Wandel im Druckkopfdesign. Es hat eine Nutzungsdauer von bis zu Millionen von Zoll bedruckter Etiketten. Da der Druckkopf station\u00e4r ist und sich das Papier darunter bewegt, gibt es auch weniger bewegliche Teile, was f\u00fcr zus\u00e4tzliche Geschwindigkeit und Zuverl\u00e4ssigkeit sorgt. <\/p>\n<h3>Memjet &amp; Afinia Label<\/h3>\n<p> Afinia Label entwickelte sich 2012 zu einem f\u00fchrenden Anbieter von digitalen Etikettendrucksystemen, als das Unternehmen mit Memjet zusammenarbeitete, um gemeinsam eine kommerziell rentable Schmalrollen-Etikettendruckl\u00f6sung zu entwickeln. Afinia Label ist heute einer der gr\u00f6\u00dften Distributoren von Memjet-basierten Etikettendruckern der Welt. Die Memjet-Technologie macht nicht nur unsere digitalen Farbetikettendrucker L701, L801 und L901 &#8211; einige der schnellsten ihrer Klasse &#8211; zu Etiketten, die bis zu 85 % weniger kosten als andere Tintenstrahletikettendrucker.<\/p>\n","protected":false},"excerpt":{"rendered":"Bietet bemerkenswerte Einfachheit, Geschwindigkeit und Rentabilit\u00e4t im Farbdruck Memjet stellt keine Drucker her. Stattdessen verbessern sie Drucker, indem sie innovative Technologien und Komponenten an Partner wie Afinia Label liefern. Zu diesen Drucktechnologien geh\u00f6ren blasenschnelle Druckk\u00f6pfe, die von Memjet-Controller-Chips, Software und Tinte unterst\u00fctzt werden. Revolutionierung des Etikettendrucks Memjet ver\u00e4ndert die Art und Weise, wie Unternehmen drucken&#8230;. <a class=\"view-article\" href=\"https:\/\/dev2.afinialabel.com\/de\/about-afinia\/memjet-inkjet-technologie\/\">Artikel ansehen<\/a>","protected":false},"author":3,"featured_media":0,"parent":241797,"menu_order":239,"comment_status":"closed","ping_status":"closed","template":"","meta":{"_acf_changed":false,"footnotes":""},"class_list":["post-10276","page","type-page","status-publish","hentry"],"acf":[],"yoast_head":"<!-- This site is optimized with the Yoast SEO Premium plugin v27.5 (Yoast SEO v27.5) - https:\/\/yoast.com\/product\/yoast-seo-premium-wordpress\/ -->\n<title>Memjet Inkjet-Technologie &#187; Afinia Label - Make Your Own Labels<\/title>\n<meta name=\"description\" content=\"Digital Color Label Printers and Finishers - Memjet Inkjet-Technologie\" \/>\n<meta name=\"robots\" content=\"index, follow, max-snippet:-1, max-image-preview:large, max-video-preview:-1\" \/>\n<link rel=\"canonical\" href=\"https:\/\/dev2.afinialabel.com\/de\/about-afinia\/memjet-inkjet-technologie\/\" \/>\n<meta property=\"og:locale\" content=\"de_DE\" \/>\n<meta property=\"og:type\" content=\"article\" \/>\n<meta property=\"og:title\" content=\"Memjet Inkjet-Technologie\" \/>\n<meta property=\"og:description\" content=\"Bietet bemerkenswerte Einfachheit, Geschwindigkeit und Rentabilit\u00e4t im Farbdruck Memjet stellt keine Drucker her. Stattdessen verbessern sie Drucker,\" \/>\n<meta property=\"og:url\" content=\"https:\/\/dev2.afinialabel.com\/de\/about-afinia\/memjet-inkjet-technologie\/\" \/>\n<meta property=\"og:site_name\" content=\"Afinia Label - Make Your Own Labels\" \/>\n<meta property=\"article:modified_time\" content=\"2024-11-22T07:23:00+00:00\" \/>\n<meta name=\"twitter:card\" content=\"summary_large_image\" \/>\n<meta name=\"twitter:site\" content=\"@afinialabel\" \/>\n<meta name=\"twitter:label1\" content=\"Gesch\u00e4tzte Lesezeit\" \/>\n\t<meta name=\"twitter:data1\" content=\"1\u00a0Minute\" \/>\n<!-- \/ Yoast SEO Premium plugin. -->","yoast_head_json":{"title":"Memjet Inkjet-Technologie &#187; Afinia Label - Make Your Own Labels","description":"Digital Color Label Printers and Finishers - Memjet Inkjet-Technologie","robots":{"index":"index","follow":"follow","max-snippet":"max-snippet:-1","max-image-preview":"max-image-preview:large","max-video-preview":"max-video-preview:-1"},"canonical":"https:\/\/dev2.afinialabel.com\/de\/about-afinia\/memjet-inkjet-technologie\/","og_locale":"de_DE","og_type":"article","og_title":"Memjet Inkjet-Technologie","og_description":"Bietet bemerkenswerte Einfachheit, Geschwindigkeit und Rentabilit\u00e4t im Farbdruck Memjet stellt keine Drucker her. Stattdessen verbessern sie Drucker,","og_url":"https:\/\/dev2.afinialabel.com\/de\/about-afinia\/memjet-inkjet-technologie\/","og_site_name":"Afinia Label - Make Your Own Labels","article_modified_time":"2024-11-22T07:23:00+00:00","twitter_card":"summary_large_image","twitter_site":"@afinialabel","twitter_misc":{"Gesch\u00e4tzte Lesezeit":"1\u00a0Minute"},"schema":{"@context":"https:\/\/schema.org","@graph":[{"@type":"WebPage","@id":"https:\/\/dev2.afinialabel.com\/de\/about-afinia\/memjet-inkjet-technologie\/","url":"https:\/\/dev2.afinialabel.com\/de\/about-afinia\/memjet-inkjet-technologie\/","name":"Memjet Inkjet-Technologie &#187; Afinia Label - Make Your Own Labels","isPartOf":{"@id":"https:\/\/dev2.afinialabel.com\/de\/#website"},"datePublished":"2023-04-13T16:47:26+00:00","dateModified":"2024-11-22T07:23:00+00:00","description":"Digital Color Label Printers and Finishers - Memjet Inkjet-Technologie","breadcrumb":{"@id":"https:\/\/dev2.afinialabel.com\/de\/about-afinia\/memjet-inkjet-technologie\/#breadcrumb"},"inLanguage":"de","potentialAction":[{"@type":"ReadAction","target":["https:\/\/dev2.afinialabel.com\/de\/about-afinia\/memjet-inkjet-technologie\/"]}]},{"@type":"BreadcrumbList","@id":"https:\/\/dev2.afinialabel.com\/de\/about-afinia\/memjet-inkjet-technologie\/#breadcrumb","itemListElement":[{"@type":"ListItem","position":1,"name":"Home","item":"https:\/\/dev2.afinialabel.com\/de\/"},{"@type":"ListItem","position":2,"name":"\u00dcber Afinia Label","item":"https:\/\/dev2.afinialabel.com\/de\/about-afinia\/"},{"@type":"ListItem","position":3,"name":"Memjet Inkjet-Technologie"}]},{"@type":"WebSite","@id":"https:\/\/dev2.afinialabel.com\/de\/#website","url":"https:\/\/dev2.afinialabel.com\/de\/","name":"Afinia Label - Make Your Own Labels","description":"Digital Color Label Printers and Finishers","publisher":{"@id":"https:\/\/dev2.afinialabel.com\/de\/#organization"},"potentialAction":[{"@type":"SearchAction","target":{"@type":"EntryPoint","urlTemplate":"https:\/\/dev2.afinialabel.com\/de\/?s={search_term_string}"},"query-input":{"@type":"PropertyValueSpecification","valueRequired":true,"valueName":"search_term_string"}}],"inLanguage":"de"},{"@type":"Organization","@id":"https:\/\/dev2.afinialabel.com\/de\/#organization","name":"Afinia Label","url":"https:\/\/dev2.afinialabel.com\/de\/","logo":{"@type":"ImageObject","inLanguage":"de","@id":"https:\/\/dev2.afinialabel.com\/de\/#\/schema\/logo\/image\/","url":"https:\/\/dev2.afinialabel.com\/wp-content\/uploads\/logo-light.svg","contentUrl":"https:\/\/dev2.afinialabel.com\/wp-content\/uploads\/logo-light.svg","width":190,"height":36,"caption":"Afinia Label"},"image":{"@id":"https:\/\/dev2.afinialabel.com\/de\/#\/schema\/logo\/image\/"},"sameAs":["https:\/\/x.com\/afinialabel","https:\/\/www.youtube.com\/channel\/UC7oqak2m5QABw4LzXLuWCaA"]}]}},"_links":{"self":[{"href":"https:\/\/dev2.afinialabel.com\/de\/wp-json\/wp\/v2\/pages\/10276","targetHints":{"allow":["GET"]}}],"collection":[{"href":"https:\/\/dev2.afinialabel.com\/de\/wp-json\/wp\/v2\/pages"}],"about":[{"href":"https:\/\/dev2.afinialabel.com\/de\/wp-json\/wp\/v2\/types\/page"}],"author":[{"embeddable":true,"href":"https:\/\/dev2.afinialabel.com\/de\/wp-json\/wp\/v2\/users\/3"}],"replies":[{"embeddable":true,"href":"https:\/\/dev2.afinialabel.com\/de\/wp-json\/wp\/v2\/comments?post=10276"}],"version-history":[{"count":0,"href":"https:\/\/dev2.afinialabel.com\/de\/wp-json\/wp\/v2\/pages\/10276\/revisions"}],"up":[{"embeddable":true,"href":"https:\/\/dev2.afinialabel.com\/de\/wp-json\/wp\/v2\/pages\/241797"}],"wp:attachment":[{"href":"https:\/\/dev2.afinialabel.com\/de\/wp-json\/wp\/v2\/media?parent=10276"}],"curies":[{"name":"wp","href":"https:\/\/api.w.org\/{rel}","templated":true}]}}