{"id":884532,"date":"2024-03-14T16:59:28","date_gmt":"2024-03-14T16:59:28","guid":{"rendered":"https:\/\/dev2.afinialabel.com\/samples-key-x350\/"},"modified":"2026-02-18T04:27:44","modified_gmt":"2026-02-18T04:27:44","slug":"vzorky-key-x350","status":"publish","type":"page","link":"https:\/\/dev2.afinialabel.com\/cs\/vzorky-key-x350\/","title":{"rendered":"X350 Vzorky Kl\u00ed\u010dov\u00e9"},"content":{"rendered":"\t\t<div data-elementor-type=\"wp-page\" data-elementor-id=\"884532\" class=\"elementor elementor-884532 elementor-393798\" data-elementor-post-type=\"page\">\n\t\t\t\t\t\t<section data-particle_enable=\"false\" data-particle-mobile-disabled=\"false\" class=\"elementor-section elementor-top-section elementor-element elementor-element-45cac35 elementor-section-boxed elementor-section-height-default elementor-section-height-default\" data-id=\"45cac35\" data-element_type=\"section\" data-e-type=\"section\">\n\t\t\t\t\t\t<div class=\"elementor-container elementor-column-gap-default\">\n\t\t\t\t\t<div class=\"elementor-column elementor-col-100 elementor-top-column elementor-element elementor-element-4eaaf36\" data-id=\"4eaaf36\" data-element_type=\"column\" data-e-type=\"column\">\n\t\t\t<div class=\"elementor-widget-wrap elementor-element-populated\">\n\t\t\t\t\t\t<div class=\"elementor-element elementor-element-3eb3efd6 elementor-widget elementor-widget-heading\" data-id=\"3eb3efd6\" data-element_type=\"widget\" data-e-type=\"widget\" data-widget_type=\"heading.default\">\n\t\t\t\t<div class=\"elementor-widget-container\">\n\t\t\t\t\t<h1 class=\"elementor-heading-title elementor-size-default\">kl\u00ed\u010d pro vzorky \u0161t\u00edtk\u016f Afinia<span> - cena za tisk<\/span><\/h1>\t\t\t\t<\/div>\n\t\t\t\t<\/div>\n\t\t\t\t<div class=\"elementor-element elementor-element-4462c6b6 elementor-widget elementor-widget-text-editor\" data-id=\"4462c6b6\" data-element_type=\"widget\" data-e-type=\"widget\" data-widget_type=\"text-editor.default\">\n\t\t\t\t<div class=\"elementor-widget-container\">\n\t\t\t\t\t\t\t\t\t<p><span style=\"font-family: var(--normal-font); font-size: var(--standard-font); font-weight: 300;\"><strong>V\u00edtejte na str\u00e1nce se vzorov\u00fdm kl\u00ed\u010dem pro <a href=\"https:\/\/dev2.afinialabel.com\/cs\/digitalni-tiskarna-stitku\/x350-digital-roll-to-roll-press\/\">X350 Digital Roll to Roll Press<\/a>.<\/strong> \u00da\u010delem t\u00e9to tabulky je srovn\u00e1n\u00ed n\u00e1klad\u016f na inkoust na tisk pro \u0161t\u00edtky vyti\u0161t\u011bn\u00e9 na X350. <\/span><\/p>\n<div><span style=\"font-family: var(--normal-font); font-size: var(--standard-font); font-weight: 300;\">Pro srovn\u00e1n\u00ed n\u00e1klad\u016f na na\u0161e <a href=\"\/digital-label-printers\/\">stoln\u00ed tisk\u00e1rny \u0161t\u00edtk\u016f<\/a> <a href=\"https:\/\/dev2.afinialabel.com\/cs\/sample-key\/\" target=\"_blank\" rel=\"noopener\">klikn\u011bte zde<\/a>. <\/span><\/div>\n<h2>D\u00e1v\u00e1 v\u00e1m X350 smysl?<\/h2>\n<p>M\u016f\u017eeme v\u00e1m na to pomoci odpov\u011bd\u011bt. <a href=\"https:\/\/dev2.afinialabel.com\/cs\/vzorek\/\">Pod\u00edvejte se na sv\u016fj vlastn\u00ed n\u00e1vrh<\/a> a z\u00edskejte anal\u00fdzu n\u00e1klad\u016f &#8211; nebo pokud jste p\u0159ipraveni, <a href=\"https:\/\/dev2.afinialabel.com\/cs\/kontakt\/\">napl\u00e1nujte demo<\/a>, abyste vid\u011bli stroj v akci. <\/p>\n<p>Jako v\u017edy n\u00e1s nev\u00e1hejte <a href=\"https:\/\/dev2.afinialabel.com\/cs\/kontakt\/\">kontaktovat<\/a> s dotazy. R\u00e1di ti pom\u016f\u017eeme.<\/p>\n\t\t\t\t\t\t\t\t<\/div>\n\t\t\t\t<\/div>\n\t\t\t\t<div class=\"elementor-element elementor-element-453fbde samples-key-table x350-table elementor-widget elementor-widget-eael-advanced-data-table\" data-id=\"453fbde\" data-element_type=\"widget\" data-e-type=\"widget\" id=\"test-table\" data-widget_type=\"eael-advanced-data-table.default\">\n\t\t\t\t<div class=\"elementor-widget-container\">\n\t\t\t\t\t<div class=\"ea-advanced-data-table-wrap\" data-id=\"453fbde\"><div class=\"ea-advanced-data-table-wrap-inner\">\n                <table class=\"ea-advanced-data-table ea-advanced-data-table-static ea-advanced-data-table-453fbde\" data-id=\"453fbde\"><thead><tr><th><p><br><\/p><\/th><th><p><br><\/p><\/th><th>Velikost (palce)<\/th><th>Velikost (mm)<\/th><th><p><img src='\/wp-content\/uploads\/x350-Logo.png'><\/p><\/th><\/tr><\/thead><tbody><tr><td><p><a href='\/wp-content\/uploads\/x350sample-tilapia.png'><img src='\/wp-content\/uploads\/x350sample-tilapia.png'><\/a><\/p><\/td><td><p>Talapia<\/p><\/td><td>4 x 6<\/td><td>102 x 152<\/td><td>$0,039 <\/td><\/tr><tr><td><p><a href='\/wp-content\/uploads\/x350sample-fundraiserpopcorn.png'><img src='\/wp-content\/uploads\/x350sample-fundraiserpopcorn.png'><\/a><\/p><\/td><td><p>Fundraiser Popcorn<\/p><\/td><td>5 x 6<\/td><td>127 x 152<\/td><td>$0,018 <\/td><\/tr><tr><td><p><a href='\/wp-content\/uploads\/x350sample-algaeclear.png'><img src='\/wp-content\/uploads\/x350sample-algaeclear.png'><\/a><\/p><\/td><td><p>Algaeclear<\/p><\/td><td>4 x 6,5<\/td><td>102 x 165<\/td><td>$0,018 <\/td><\/tr><tr><td><p><a href='\/wp-content\/uploads\/x350sample-Spices.png'><img src='\/wp-content\/uploads\/x350sample-Spices.png'><\/a><\/p><\/td><td><p>Ko\u0159en\u00ed<\/p><\/td><td>4 x 6<\/td><td>102 x 152<\/td><td>$0,018 <\/td><\/tr><tr><td><p><a href='\/wp-content\/uploads\/x350sample-PigLeagueBBQ.png'><img src='\/wp-content\/uploads\/x350sample-PigLeagueBBQ.png'><\/a><\/p><\/td><td><p>Pig League BBQ<\/p><\/td><td>3,5 x 6,5<\/td><td>89 x 165<\/td><td>$0,037 <\/td><\/tr><tr><td><p><a href='\/wp-content\/uploads\/x350sample-icybars.png'><img src='\/wp-content\/uploads\/x350sample-icybars.png'><\/a><\/p><\/td><td><p>Ledov\u00e9 bary<\/p><\/td><td>4 x 6<\/td><td>102 x 152<\/td><td>$0,032 <\/td><\/tr><tr><td><p><a href='\/wp-content\/uploads\/x350sample-carpet.png'><img src='\/wp-content\/uploads\/x350sample-carpet.png'><\/a><\/p><\/td><td><p>Koberec<\/p><\/td><td>3,7 x 5,5<\/td><td>94 x 140<\/td><td>$0,017 <\/td><\/tr><\/tbody><\/table>\n            <\/div><\/div>\t\t\t\t<\/div>\n\t\t\t\t<\/div>\n\t\t\t\t<div class=\"elementor-element elementor-element-26e8773b elementor-widget elementor-widget-text-editor\" data-id=\"26e8773b\" data-element_type=\"widget\" data-e-type=\"widget\" data-widget_type=\"text-editor.default\">\n\t\t\t\t<div class=\"elementor-widget-container\">\n\t\t\t\t\t\t\t\t\t<p>V\u00fdpo\u010dty na tisk p\u0159esn\u00e9 k dubnu 2024. \u010c\u00edsla odr\u00e1\u017eej\u00ed ceny seznamu USD (Amerika) pro inkoust X350. Ceny se mohou zm\u011bnit a nemus\u00ed se okam\u017eit\u011b projevit v t\u011bchto \u00fadaj\u00edch. Pro aktu\u00e1ln\u00ed v\u00fdpo\u010dty pomoc\u00ed n\u00e1vrh\u016f \u0161t\u00edtk\u016f si <a href=\"https:\/\/dev2.afinialabel.com\/cs\/vzorek\/\">vy\u017e\u00e1dejte vzorek<\/a> nebo n\u00e1s <a href=\"https:\/\/dev2.afinialabel.com\/cs\/kontakt\/\">kontaktujte<\/a>.<\/p>\n\t\t\t\t\t\t\t\t<\/div>\n\t\t\t\t<\/div>\n\t\t\t\t\t<\/div>\n\t\t<\/div>\n\t\t\t\t\t<\/div>\n\t\t<\/section>\n\t\t\t\t<\/div>\n\t\t","protected":false},"excerpt":{"rendered":"kl\u00ed\u010d pro vzorky \u0161t\u00edtk\u016f Afinia &#8211; cena za tisk V\u00edtejte na str\u00e1nce se vzorov\u00fdm kl\u00ed\u010dem pro X350 Digital Roll to Roll Press. \u00da\u010delem t\u00e9to tabulky je srovn\u00e1n\u00ed n\u00e1klad\u016f na inkoust na tisk pro \u0161t\u00edtky vyti\u0161t\u011bn\u00e9 na X350. Pro srovn\u00e1n\u00ed n\u00e1klad\u016f na na\u0161e stoln\u00ed tisk\u00e1rny \u0161t\u00edtk\u016f klikn\u011bte zde. D\u00e1v\u00e1 v\u00e1m X350 smysl? M\u016f\u017eeme v\u00e1m na to&#8230; <a class=\"view-article\" href=\"https:\/\/dev2.afinialabel.com\/cs\/vzorky-key-x350\/\">View Article<\/a>","protected":false},"author":3,"featured_media":0,"parent":0,"menu_order":64,"comment_status":"closed","ping_status":"closed","template":"elementor_header_footer","meta":{"_acf_changed":false,"footnotes":""},"class_list":["post-884532","page","type-page","status-publish","hentry"],"acf":[],"yoast_head":"<!-- This site is optimized with the Yoast SEO Premium plugin v27.5 (Yoast SEO v27.5) - https:\/\/yoast.com\/product\/yoast-seo-premium-wordpress\/ -->\n<title>X350 Vzorky Kl\u00ed\u010dov\u00e9 &#187; Afinia Label - Make Your Own Labels<\/title>\n<meta name=\"description\" content=\"Digital Color Label Printers and Finishers - X350 Vzorky Kl\u00ed\u010dov\u00e9\" \/>\n<meta name=\"robots\" content=\"index, follow, max-snippet:-1, max-image-preview:large, max-video-preview:-1\" \/>\n<link rel=\"canonical\" href=\"https:\/\/dev2.afinialabel.com\/cs\/vzorky-key-x350\/\" \/>\n<meta property=\"og:locale\" content=\"cs_CZ\" \/>\n<meta property=\"og:type\" content=\"article\" \/>\n<meta property=\"og:title\" content=\"X350 Vzorky Kl\u00ed\u010dov\u00e9\" \/>\n<meta property=\"og:description\" content=\"kl\u00ed\u010d pro vzorky \u0161t\u00edtk\u016f Afinia - cena za tisk V\u00edtejte na str\u00e1nce se vzorov\u00fdm kl\u00ed\u010dem pro X350 Digital Roll to Roll Press. \u00da\u010delem t\u00e9to tabulky je srovn\u00e1n\u00ed\" \/>\n<meta property=\"og:url\" content=\"https:\/\/dev2.afinialabel.com\/cs\/vzorky-key-x350\/\" \/>\n<meta property=\"og:site_name\" content=\"Afinia Label - Make Your Own Labels\" \/>\n<meta property=\"article:modified_time\" content=\"2026-02-18T04:27:44+00:00\" \/>\n<meta name=\"twitter:card\" content=\"summary_large_image\" \/>\n<meta name=\"twitter:site\" content=\"@afinialabel\" \/>\n<meta name=\"twitter:label1\" content=\"Odhadovan\u00e1 doba \u010dten\u00ed\" \/>\n\t<meta name=\"twitter:data1\" content=\"1 minuta\" \/>\n<!-- \/ Yoast SEO Premium plugin. -->","yoast_head_json":{"title":"X350 Vzorky Kl\u00ed\u010dov\u00e9 &#187; Afinia Label - Make Your Own Labels","description":"Digital Color Label Printers and Finishers - X350 Vzorky Kl\u00ed\u010dov\u00e9","robots":{"index":"index","follow":"follow","max-snippet":"max-snippet:-1","max-image-preview":"max-image-preview:large","max-video-preview":"max-video-preview:-1"},"canonical":"https:\/\/dev2.afinialabel.com\/cs\/vzorky-key-x350\/","og_locale":"cs_CZ","og_type":"article","og_title":"X350 Vzorky Kl\u00ed\u010dov\u00e9","og_description":"kl\u00ed\u010d pro vzorky \u0161t\u00edtk\u016f Afinia - cena za tisk V\u00edtejte na str\u00e1nce se vzorov\u00fdm kl\u00ed\u010dem pro X350 Digital Roll to Roll Press. \u00da\u010delem t\u00e9to tabulky je srovn\u00e1n\u00ed","og_url":"https:\/\/dev2.afinialabel.com\/cs\/vzorky-key-x350\/","og_site_name":"Afinia Label - Make Your Own Labels","article_modified_time":"2026-02-18T04:27:44+00:00","twitter_card":"summary_large_image","twitter_site":"@afinialabel","twitter_misc":{"Odhadovan\u00e1 doba \u010dten\u00ed":"1 minuta"},"schema":{"@context":"https:\/\/schema.org","@graph":[{"@type":"WebPage","@id":"https:\/\/dev2.afinialabel.com\/cs\/vzorky-key-x350\/","url":"https:\/\/dev2.afinialabel.com\/cs\/vzorky-key-x350\/","name":"X350 Vzorky Kl\u00ed\u010dov\u00e9 &#187; Afinia Label - Make Your Own Labels","isPartOf":{"@id":"https:\/\/dev2.afinialabel.com\/cs\/#website"},"datePublished":"2024-03-14T16:59:28+00:00","dateModified":"2026-02-18T04:27:44+00:00","description":"Digital Color Label Printers and Finishers - X350 Vzorky Kl\u00ed\u010dov\u00e9","breadcrumb":{"@id":"https:\/\/dev2.afinialabel.com\/cs\/vzorky-key-x350\/#breadcrumb"},"inLanguage":"cs","potentialAction":[{"@type":"ReadAction","target":["https:\/\/dev2.afinialabel.com\/cs\/vzorky-key-x350\/"]}]},{"@type":"BreadcrumbList","@id":"https:\/\/dev2.afinialabel.com\/cs\/vzorky-key-x350\/#breadcrumb","itemListElement":[{"@type":"ListItem","position":1,"name":"Home","item":"https:\/\/dev2.afinialabel.com\/cs\/"},{"@type":"ListItem","position":2,"name":"X350 Vzorky Kl\u00ed\u010dov\u00e9"}]},{"@type":"WebSite","@id":"https:\/\/dev2.afinialabel.com\/cs\/#website","url":"https:\/\/dev2.afinialabel.com\/cs\/","name":"Afinia Label - Make Your Own Labels","description":"Digital Color Label Printers and Finishers","publisher":{"@id":"https:\/\/dev2.afinialabel.com\/cs\/#organization"},"potentialAction":[{"@type":"SearchAction","target":{"@type":"EntryPoint","urlTemplate":"https:\/\/dev2.afinialabel.com\/cs\/?s={search_term_string}"},"query-input":{"@type":"PropertyValueSpecification","valueRequired":true,"valueName":"search_term_string"}}],"inLanguage":"cs"},{"@type":"Organization","@id":"https:\/\/dev2.afinialabel.com\/cs\/#organization","name":"Afinia Label","url":"https:\/\/dev2.afinialabel.com\/cs\/","logo":{"@type":"ImageObject","inLanguage":"cs","@id":"https:\/\/dev2.afinialabel.com\/cs\/#\/schema\/logo\/image\/","url":"https:\/\/dev2.afinialabel.com\/wp-content\/uploads\/logo-light.svg","contentUrl":"https:\/\/dev2.afinialabel.com\/wp-content\/uploads\/logo-light.svg","width":190,"height":36,"caption":"Afinia Label"},"image":{"@id":"https:\/\/dev2.afinialabel.com\/cs\/#\/schema\/logo\/image\/"},"sameAs":["https:\/\/x.com\/afinialabel","https:\/\/www.youtube.com\/channel\/UC7oqak2m5QABw4LzXLuWCaA"]}]}},"_links":{"self":[{"href":"https:\/\/dev2.afinialabel.com\/cs\/wp-json\/wp\/v2\/pages\/884532","targetHints":{"allow":["GET"]}}],"collection":[{"href":"https:\/\/dev2.afinialabel.com\/cs\/wp-json\/wp\/v2\/pages"}],"about":[{"href":"https:\/\/dev2.afinialabel.com\/cs\/wp-json\/wp\/v2\/types\/page"}],"author":[{"embeddable":true,"href":"https:\/\/dev2.afinialabel.com\/cs\/wp-json\/wp\/v2\/users\/3"}],"replies":[{"embeddable":true,"href":"https:\/\/dev2.afinialabel.com\/cs\/wp-json\/wp\/v2\/comments?post=884532"}],"version-history":[{"count":0,"href":"https:\/\/dev2.afinialabel.com\/cs\/wp-json\/wp\/v2\/pages\/884532\/revisions"}],"wp:attachment":[{"href":"https:\/\/dev2.afinialabel.com\/cs\/wp-json\/wp\/v2\/media?parent=884532"}],"curies":[{"name":"wp","href":"https:\/\/api.w.org\/{rel}","templated":true}]}}