{"id":6179,"date":"2023-03-28T19:40:37","date_gmt":"2023-03-28T19:40:37","guid":{"rendered":"https:\/\/dev2.afinialabel.com\/printer-comparison\/"},"modified":"2024-02-15T17:49:05","modified_gmt":"2024-02-15T17:49:05","slug":"srovnani-tiskaren","status":"publish","type":"page","link":"https:\/\/dev2.afinialabel.com\/cs\/srovnani-tiskaren\/","title":{"rendered":"Graf porovn\u00e1n\u00ed tisk\u00e1ren"},"content":{"rendered":"<p>Porovnejte kl\u00ed\u010dov\u00e9 aspekty v\u0161ech digit\u00e1ln\u00edch tisk\u00e1ren \u0161t\u00edtk\u016f Afinia Label na jednom m\u00edst\u011b. Podrobn\u00e9 informace najdete na str\u00e1nce ka\u017ed\u00e9 tisk\u00e1rny. <a href=\"\/contact\/\">Kontaktujte n\u00e1s<\/a> s dotazy nebo s objedn\u00e1vkami a dostupnost\u00ed.<\/p>\n","protected":false},"excerpt":{"rendered":"Porovnejte kl\u00ed\u010dov\u00e9 aspekty v\u0161ech digit\u00e1ln\u00edch tisk\u00e1ren \u0161t\u00edtk\u016f Afinia Label na jednom m\u00edst\u011b. Podrobn\u00e9 informace najdete na str\u00e1nce ka\u017ed\u00e9 tisk\u00e1rny. Kontaktujte n\u00e1s s dotazy nebo s objedn\u00e1vkami a dostupnost\u00ed.","protected":false},"author":3,"featured_media":0,"parent":0,"menu_order":116,"comment_status":"closed","ping_status":"closed","template":"pageCompare.php","meta":{"_acf_changed":false,"footnotes":""},"class_list":["post-6179","page","type-page","status-publish","hentry"],"acf":[],"yoast_head":"<!-- This site is optimized with the Yoast SEO Premium plugin v27.5 (Yoast SEO v27.5) - https:\/\/yoast.com\/product\/yoast-seo-premium-wordpress\/ -->\n<title>Graf porovn\u00e1n\u00ed tisk\u00e1ren &#187; Afinia Label - Make Your Own Labels<\/title>\n<meta name=\"description\" content=\"Digital Color Label Printers and Finishers - Graf porovn\u00e1n\u00ed tisk\u00e1ren\" \/>\n<meta name=\"robots\" content=\"index, follow, max-snippet:-1, max-image-preview:large, max-video-preview:-1\" \/>\n<link rel=\"canonical\" href=\"https:\/\/dev2.afinialabel.com\/cs\/srovnani-tiskaren\/\" \/>\n<meta property=\"og:locale\" content=\"cs_CZ\" \/>\n<meta property=\"og:type\" content=\"article\" \/>\n<meta property=\"og:title\" content=\"Graf porovn\u00e1n\u00ed tisk\u00e1ren\" \/>\n<meta property=\"og:description\" content=\"Porovnejte kl\u00ed\u010dov\u00e9 aspekty v\u0161ech digit\u00e1ln\u00edch tisk\u00e1ren \u0161t\u00edtk\u016f Afinia Label na jednom m\u00edst\u011b. Podrobn\u00e9 informace najdete na str\u00e1nce ka\u017ed\u00e9 tisk\u00e1rny.\" \/>\n<meta property=\"og:url\" content=\"https:\/\/dev2.afinialabel.com\/cs\/srovnani-tiskaren\/\" \/>\n<meta property=\"og:site_name\" content=\"Afinia Label - Make Your Own Labels\" \/>\n<meta property=\"article:modified_time\" content=\"2024-02-15T17:49:05+00:00\" \/>\n<meta name=\"twitter:card\" content=\"summary_large_image\" \/>\n<meta name=\"twitter:site\" content=\"@afinialabel\" \/>\n<!-- \/ Yoast SEO Premium plugin. -->","yoast_head_json":{"title":"Graf porovn\u00e1n\u00ed tisk\u00e1ren &#187; Afinia Label - Make Your Own Labels","description":"Digital Color Label Printers and Finishers - Graf porovn\u00e1n\u00ed tisk\u00e1ren","robots":{"index":"index","follow":"follow","max-snippet":"max-snippet:-1","max-image-preview":"max-image-preview:large","max-video-preview":"max-video-preview:-1"},"canonical":"https:\/\/dev2.afinialabel.com\/cs\/srovnani-tiskaren\/","og_locale":"cs_CZ","og_type":"article","og_title":"Graf porovn\u00e1n\u00ed tisk\u00e1ren","og_description":"Porovnejte kl\u00ed\u010dov\u00e9 aspekty v\u0161ech digit\u00e1ln\u00edch tisk\u00e1ren \u0161t\u00edtk\u016f Afinia Label na jednom m\u00edst\u011b. Podrobn\u00e9 informace najdete na str\u00e1nce ka\u017ed\u00e9 tisk\u00e1rny.","og_url":"https:\/\/dev2.afinialabel.com\/cs\/srovnani-tiskaren\/","og_site_name":"Afinia Label - Make Your Own Labels","article_modified_time":"2024-02-15T17:49:05+00:00","twitter_card":"summary_large_image","twitter_site":"@afinialabel","schema":{"@context":"https:\/\/schema.org","@graph":[{"@type":"WebPage","@id":"https:\/\/dev2.afinialabel.com\/cs\/srovnani-tiskaren\/","url":"https:\/\/dev2.afinialabel.com\/cs\/srovnani-tiskaren\/","name":"Graf porovn\u00e1n\u00ed tisk\u00e1ren &#187; Afinia Label - Make Your Own Labels","isPartOf":{"@id":"https:\/\/dev2.afinialabel.com\/cs\/#website"},"datePublished":"2023-03-28T19:40:37+00:00","dateModified":"2024-02-15T17:49:05+00:00","description":"Digital Color Label Printers and Finishers - Graf porovn\u00e1n\u00ed tisk\u00e1ren","breadcrumb":{"@id":"https:\/\/dev2.afinialabel.com\/cs\/srovnani-tiskaren\/#breadcrumb"},"inLanguage":"cs","potentialAction":[{"@type":"ReadAction","target":["https:\/\/dev2.afinialabel.com\/cs\/srovnani-tiskaren\/"]}]},{"@type":"BreadcrumbList","@id":"https:\/\/dev2.afinialabel.com\/cs\/srovnani-tiskaren\/#breadcrumb","itemListElement":[{"@type":"ListItem","position":1,"name":"Home","item":"https:\/\/dev2.afinialabel.com\/cs\/"},{"@type":"ListItem","position":2,"name":"Graf porovn\u00e1n\u00ed tisk\u00e1ren"}]},{"@type":"WebSite","@id":"https:\/\/dev2.afinialabel.com\/cs\/#website","url":"https:\/\/dev2.afinialabel.com\/cs\/","name":"Afinia Label - Make Your Own Labels","description":"Digital Color Label Printers and Finishers","publisher":{"@id":"https:\/\/dev2.afinialabel.com\/cs\/#organization"},"potentialAction":[{"@type":"SearchAction","target":{"@type":"EntryPoint","urlTemplate":"https:\/\/dev2.afinialabel.com\/cs\/?s={search_term_string}"},"query-input":{"@type":"PropertyValueSpecification","valueRequired":true,"valueName":"search_term_string"}}],"inLanguage":"cs"},{"@type":"Organization","@id":"https:\/\/dev2.afinialabel.com\/cs\/#organization","name":"Afinia Label","url":"https:\/\/dev2.afinialabel.com\/cs\/","logo":{"@type":"ImageObject","inLanguage":"cs","@id":"https:\/\/dev2.afinialabel.com\/cs\/#\/schema\/logo\/image\/","url":"https:\/\/dev2.afinialabel.com\/wp-content\/uploads\/logo-light.svg","contentUrl":"https:\/\/dev2.afinialabel.com\/wp-content\/uploads\/logo-light.svg","width":190,"height":36,"caption":"Afinia Label"},"image":{"@id":"https:\/\/dev2.afinialabel.com\/cs\/#\/schema\/logo\/image\/"},"sameAs":["https:\/\/x.com\/afinialabel","https:\/\/www.youtube.com\/channel\/UC7oqak2m5QABw4LzXLuWCaA"]}]}},"_links":{"self":[{"href":"https:\/\/dev2.afinialabel.com\/cs\/wp-json\/wp\/v2\/pages\/6179","targetHints":{"allow":["GET"]}}],"collection":[{"href":"https:\/\/dev2.afinialabel.com\/cs\/wp-json\/wp\/v2\/pages"}],"about":[{"href":"https:\/\/dev2.afinialabel.com\/cs\/wp-json\/wp\/v2\/types\/page"}],"author":[{"embeddable":true,"href":"https:\/\/dev2.afinialabel.com\/cs\/wp-json\/wp\/v2\/users\/3"}],"replies":[{"embeddable":true,"href":"https:\/\/dev2.afinialabel.com\/cs\/wp-json\/wp\/v2\/comments?post=6179"}],"version-history":[{"count":0,"href":"https:\/\/dev2.afinialabel.com\/cs\/wp-json\/wp\/v2\/pages\/6179\/revisions"}],"wp:attachment":[{"href":"https:\/\/dev2.afinialabel.com\/cs\/wp-json\/wp\/v2\/media?parent=6179"}],"curies":[{"name":"wp","href":"https:\/\/api.w.org\/{rel}","templated":true}]}}