{"id":6119,"date":"2023-04-13T17:24:00","date_gmt":"2023-04-13T17:24:00","guid":{"rendered":"https:\/\/dev2.afinialabel.com\/samples-key\/"},"modified":"2026-02-14T03:06:58","modified_gmt":"2026-02-14T03:06:58","slug":"sample-key","status":"publish","type":"page","link":"https:\/\/dev2.afinialabel.com\/cs\/sample-key\/","title":{"rendered":"Vzorkovac\u00ed kl\u00ed\u010d"},"content":{"rendered":"\t\t<div data-elementor-type=\"wp-page\" data-elementor-id=\"6119\" class=\"elementor elementor-6119 elementor-1577\" data-elementor-post-type=\"page\">\n\t\t\t\t\t\t<section data-particle_enable=\"false\" data-particle-mobile-disabled=\"false\" class=\"elementor-section elementor-top-section elementor-element elementor-element-45cac35 elementor-section-boxed elementor-section-height-default elementor-section-height-default\" data-id=\"45cac35\" data-element_type=\"section\" data-e-type=\"section\">\n\t\t\t\t\t\t<div class=\"elementor-container elementor-column-gap-default\">\n\t\t\t\t\t<div class=\"elementor-column elementor-col-100 elementor-top-column elementor-element elementor-element-4eaaf36\" data-id=\"4eaaf36\" data-element_type=\"column\" data-e-type=\"column\">\n\t\t\t<div class=\"elementor-widget-wrap elementor-element-populated\">\n\t\t\t\t\t\t<div class=\"elementor-element elementor-element-3eb3efd6 elementor-widget elementor-widget-heading\" data-id=\"3eb3efd6\" data-element_type=\"widget\" data-e-type=\"widget\" data-widget_type=\"heading.default\">\n\t\t\t\t<div class=\"elementor-widget-container\">\n\t\t\t\t\t<h1 class=\"elementor-heading-title elementor-size-default\">Kl\u00ed\u010d pro vzorky \u0161t\u00edtk\u016f Afinia<span> - cena za tisk<\/span><\/h1>\t\t\t\t<\/div>\n\t\t\t\t<\/div>\n\t\t\t\t<div class=\"elementor-element elementor-element-4462c6b6 elementor-widget elementor-widget-text-editor\" data-id=\"4462c6b6\" data-element_type=\"widget\" data-e-type=\"widget\" data-widget_type=\"text-editor.default\">\n\t\t\t\t<div class=\"elementor-widget-container\">\n\t\t\t\t\t\t\t\t\t<h2>Porovnejte n\u00e1klady na tisk mezi tisk\u00e1rnami \u0161t\u00edtk\u016f Afinia<\/h2>\n<p>V\u00edtejte na str\u00e1nce se vzorov\u00fdm kl\u00ed\u010dem Afinia Label. \u00da\u010delem t\u00e9to tabulky je porovn\u00e1n\u00ed n\u00e1klad\u016f na tisk pro stejn\u00fd design, vyti\u0161t\u011bn\u00fd na r\u016fzn\u00fdch stroj\u00edch. <\/p>\n<h2>M\u00e1 vlastn\u00ed tisk smysl?<\/h2>\n<p>M\u016f\u017eeme v\u00e1m na to pomoci odpov\u011bd\u011bt. <a href=\"https:\/\/dev2.afinialabel.com\/cs\/vzorek\/\">Pod\u00edvejte se na sv\u016fj vlastn\u00ed n\u00e1vrh<\/a> a z\u00edskejte anal\u00fdzu n\u00e1klad\u016f &#8211; nebo pokud jste p\u0159ipraveni, <a href=\"https:\/\/dev2.afinialabel.com\/cs\/kontakt\/\">napl\u00e1nujte demo<\/a>, abyste vid\u011bli stroj v akci. <\/p>\n<p>Jako v\u017edy <a href=\"https:\/\/dev2.afinialabel.com\/cs\/kontakt\/\">n\u00e1s nev\u00e1hejte kontaktovat<\/a> s dotazy. R\u00e1di ti pom\u016f\u017eeme.<\/p>\n\t\t\t\t\t\t\t\t<\/div>\n\t\t\t\t<\/div>\n\t\t\t\t<div class=\"elementor-element elementor-element-453fbde samples-key-table elementor-widget elementor-widget-eael-advanced-data-table\" data-id=\"453fbde\" data-element_type=\"widget\" data-e-type=\"widget\" id=\"test-table\" data-widget_type=\"eael-advanced-data-table.default\">\n\t\t\t\t<div class=\"elementor-widget-container\">\n\t\t\t\t\t<div class=\"ea-advanced-data-table-wrap\" data-id=\"453fbde\"><div class=\"ea-advanced-data-table-wrap-inner\">\n                <table class=\"ea-advanced-data-table ea-advanced-data-table-static ea-advanced-data-table-453fbde\" data-id=\"453fbde\"><thead><tr><th><p><br><\/p><\/th><th><p><br><\/p><\/th><th><p><br><\/p><\/th><th><p><br><\/p><\/th><th><p><img decoding=\"async\" src=\"\/wp-content\/uploads\/hp-logo-1.svg\"><\/p><\/th><th><p><img decoding=\"async\" src=\"\/wp-content\/uploads\/memjet-1.svg\"><\/p><\/th><\/tr><\/thead><tbody><tr><td><p><br><\/p><\/td><td><p><br><\/p><\/td><td>Velikost (palce)<\/td><td>Velikost (mm)<\/td><td><p>L502<br>\/F502<\/p><\/td><td><p>L701<\/p><\/td><td><p>L801<\/p><\/td><td><p>L801+<\/p><\/td><td><p>L901<\/p><\/td><td><p>L901+<br>\/FP230<br>\/CP950<\/p><\/td><\/tr><tr><td><p><a href=\"\/wp-content\/uploads\/backpackbrewing-1.jpg\"><img decoding=\"async\" src=\"\/wp-content\/uploads\/backpackbrewing-1.jpg\"><\/a><\/p><\/td><td><p>Pivovarsk\u00fd batoh<\/p><\/td><td>8x3,5<\/td><td>200x90<\/td><td>$0.1028<\/td><td>$0.0450<\/td><td>$0.0368<\/td><td>$0.0384<\/td><td>$0.0357<\/td><td>$0.0357<\/td><\/tr><tr><td><p><a href=\"\/wp-content\/uploads\/chocolates-1.jpg\"><img decoding=\"async\" src=\"\/wp-content\/uploads\/chocolates-1.jpg\"><\/a><\/p><\/td><td><p>\u010cokol\u00e1dy<\/p><\/td><td>5x3<\/td><td>130x75<\/td><td>$0.0352<\/td><td>$0.0169<\/td><td>$0.0138<\/td><td>$0.0144<\/td><td>$0.0134<\/td><td>$0.0134<\/td><\/tr><tr><td><p><a href=\"\/wp-content\/uploads\/colordropseltzer-1.jpg\"><img decoding=\"async\" src=\"\/wp-content\/uploads\/colordropseltzer-1.jpg\"><\/a><\/p><\/td><td><p>Color Drop Seltzer<\/p><\/td><td>8x3,5<\/td><td>200x90<\/td><td>$0.0732<\/td><td>$0.0341<\/td><td>$0.0279<\/td><td>$0.0291<\/td><td>$0.0270<\/td><td>$0.0270<\/td><\/tr><tr><td><p><a href=\"\/wp-content\/uploads\/elephantcoffee-1.jpg\"><img decoding=\"async\" src=\"\/wp-content\/uploads\/elephantcoffee-1.jpg\"><\/a><\/p><\/td><td><p>Slon\u00ed k\u00e1va<\/p><\/td><td>4x6<\/td><td>100x150<\/td><td>$0.0869<\/td><td>$0.0418<\/td><td>$0.0342<\/td><td>$0.0357<\/td><td>$0.0331<\/td><td>$0.0331<\/td><\/tr><tr><td><p><a href=\"\/wp-content\/uploads\/fundraiserpopcorn-1.jpg\"><img decoding=\"async\" src=\"\/wp-content\/uploads\/fundraiserpopcorn-1.jpg\"><\/a><\/p><\/td><td><p>Fundraiser Popcorn<\/p><\/td><td>4,75x6,5<\/td><td>120x165<\/td><td>$0.0853<\/td><td>$0.0394<\/td><td>$0.0322<\/td><td>$0.0336<\/td><td>$0.0312<\/td><td>$0.0312<\/td><\/tr><tr><td><p><a href=\"\/wp-content\/uploads\/handsanitizer-1.jpg\"><img decoding=\"async\" src=\"\/wp-content\/uploads\/handsanitizer-1.jpg\"><\/a><\/p><\/td><td><p>Dezinfek\u010dn\u00ed prost\u0159edek na ruce<\/p><\/td><td>2,5x3,5<\/td><td>65x90<\/td><td>$0.0141<\/td><td>$0.0055<\/td><td>$0.0045<\/td><td>$0.0047<\/td><td>$0.0044<\/td><td>$0.0044<\/td><\/tr><tr><td><p><a href=\"\/wp-content\/uploads\/oftheearthcoffee-1.jpg\"><img decoding=\"async\" src=\"\/wp-content\/uploads\/oftheearthcoffee-1.jpg\"><\/a><\/p><\/td><td><p>Of The Earth Coffee<\/p><\/td><td>4x6<\/td><td>100x150<\/td><td>$0.0634<\/td><td>$0.0302<\/td><td>$0.0247<\/td><td>$0.0258<\/td><td>$0.0239<\/td><td>$0.0239<\/td><\/tr><tr><td><p><a href=\"\/wp-content\/uploads\/pigleaguebbq-1.jpg\"><img decoding=\"async\" src=\"\/wp-content\/uploads\/pigleaguebbq-1.jpg\"><\/a><\/p><\/td><td><p>BBQ ko\u0159en\u00ed Pig League<\/p><\/td><td>5,5x3<\/td><td>140x75<\/td><td>$0.1096<\/td><td>$0.0530<\/td><td>$0.0434<\/td><td>$0.0453<\/td><td>$0.0420<\/td><td>$0.0420<\/td><\/tr><tr><td><p><a href=\"\/wp-content\/uploads\/tilapia-front-1.jpg\"><img decoding=\"async\" src=\"\/wp-content\/uploads\/tilapia-front-1.jpg\"><\/a><\/p><\/td><td><p>Tilapie - p\u0159edn\u00ed<\/p><\/td><td>4x6<\/td><td>100x150<\/td><td>$0.1955<\/td><td>$0.0812<\/td><td>$0.0664<\/td><td>$0.0694<\/td><td>$0.0643<\/td><td>$0.0643<\/td><\/tr><tr><td><p><a href=\"\/wp-content\/uploads\/tilapia-back-1.jpg\"><img decoding=\"async\" src=\"\/wp-content\/uploads\/tilapia-back-1.jpg\"><\/a><\/p><\/td><td><p>Tilapie - Zp\u011bt<\/p><\/td><td>4x6<\/td><td>100x150<\/td><td>$0.0246<\/td><td>$0.0094<\/td><td>$0.0077<\/td><td>$0.0080<\/td><td>$0.0075<\/td><td>$0.0075<\/td><\/tr><tr><td><p><a href=\"\/wp-content\/uploads\/absolutelynuts-1.jpg\"><img decoding=\"async\" src=\"\/wp-content\/uploads\/absolutelynuts-1.jpg\"><\/a><\/p><\/td><td><p>Absolutn\u011b o\u0159echov\u00e9 pouzdro<\/p><\/td><td>4,25x6,75<\/td><td>110x170<\/td><td>$0.0546<\/td><td>$0.0262<\/td><td>$0.0214<\/td><td>$0.0224<\/td><td>$0.0207<\/td><td>$0.0207<\/td><\/tr><tr><td><p><a href=\"\/wp-content\/uploads\/birchwoodcoffee-1.jpg\"><img decoding=\"async\" src=\"\/wp-content\/uploads\/birchwoodcoffee-1.jpg\"><\/a><\/p><\/td><td><p>Pouzdro na k\u00e1vu Birchwood<\/p><\/td><td>6,25x 9<\/td><td>160x230<\/td><td>$0.0895<\/td><td>$0.0396<\/td><td>$0.0324<\/td><td>$0.0338<\/td><td>$0.0314<\/td><td>$0.0314<\/td><\/tr><tr><td><p><a href=\"\/wp-content\/uploads\/elephantcoffee-pouch-1.jpg\"><img decoding=\"async\" src=\"\/wp-content\/uploads\/elephantcoffee-pouch-1.jpg\"><\/a><\/p><\/td><td><p>Slon\u00ed k\u00e1vov\u00e9 pouzdro<\/p><\/td><td>6x8<\/td><td>150x200<\/td><td>$0.1122<\/td><td>$0.0486<\/td><td>$0.0398<\/td><td>$0.0416<\/td><td>$0.0386<\/td><td>$0.0386<\/td><\/tr><\/tbody><\/table>\n            <\/div><\/div>\t\t\t\t<\/div>\n\t\t\t\t<\/div>\n\t\t\t\t<div class=\"elementor-element elementor-element-26e8773b elementor-widget elementor-widget-text-editor\" data-id=\"26e8773b\" data-element_type=\"widget\" data-e-type=\"widget\" data-widget_type=\"text-editor.default\">\n\t\t\t\t<div class=\"elementor-widget-container\">\n\t\t\t\t\t\t\t\t\t<p>POZN\u00c1MKA &#8211; V\u00fdpo\u010dty na tisk jsou p\u0159esn\u00e9 k srpnu 2022. Ceny se mohou zm\u011bnit a nemus\u00ed se okam\u017eit\u011b projevit v t\u011bchto \u00fadaj\u00edch. Pro aktu\u00e1ln\u00ed v\u00fdpo\u010dty pomoc\u00ed n\u00e1vrh\u016f \u0161t\u00edtk\u016f si <a href=\"https:\/\/dev2.afinialabel.com\/cs\/vzorek\/\">vy\u017e\u00e1dejte vzorek<\/a> nebo <a href=\"https:\/\/dev2.afinialabel.com\/cs\/kontakt\/\">n\u00e1s kontaktujte<\/a>.<\/p>\n\t\t\t\t\t\t\t\t<\/div>\n\t\t\t\t<\/div>\n\t\t\t\t\t<\/div>\n\t\t<\/div>\n\t\t\t\t\t<\/div>\n\t\t<\/section>\n\t\t\t\t<\/div>\n\t\t","protected":false},"excerpt":{"rendered":"Kl\u00ed\u010d pro vzorky \u0161t\u00edtk\u016f Afinia &#8211; cena za tisk Porovnejte n\u00e1klady na tisk mezi tisk\u00e1rnami \u0161t\u00edtk\u016f Afinia V\u00edtejte na str\u00e1nce se vzorov\u00fdm kl\u00ed\u010dem Afinia Label. \u00da\u010delem t\u00e9to tabulky je porovn\u00e1n\u00ed n\u00e1klad\u016f na tisk pro stejn\u00fd design, vyti\u0161t\u011bn\u00fd na r\u016fzn\u00fdch stroj\u00edch. M\u00e1 vlastn\u00ed tisk smysl? M\u016f\u017eeme v\u00e1m na to pomoci odpov\u011bd\u011bt. Pod\u00edvejte se na sv\u016fj vlastn\u00ed&#8230; <a class=\"view-article\" href=\"https:\/\/dev2.afinialabel.com\/cs\/sample-key\/\">View Article<\/a>","protected":false},"author":3,"featured_media":0,"parent":0,"menu_order":70,"comment_status":"closed","ping_status":"closed","template":"elementor_header_footer","meta":{"_acf_changed":false,"footnotes":""},"class_list":["post-6119","page","type-page","status-publish","hentry"],"acf":[],"yoast_head":"<!-- This site is optimized with the Yoast SEO Premium plugin v27.5 (Yoast SEO v27.5) - https:\/\/yoast.com\/product\/yoast-seo-premium-wordpress\/ -->\n<title>Vzorkovac\u00ed kl\u00ed\u010d &#187; Afinia Label - Make Your Own Labels<\/title>\n<meta name=\"description\" content=\"Digital Color Label Printers and Finishers - Vzorkovac\u00ed kl\u00ed\u010d\" \/>\n<meta name=\"robots\" content=\"index, follow, max-snippet:-1, max-image-preview:large, max-video-preview:-1\" \/>\n<link rel=\"canonical\" href=\"https:\/\/dev2.afinialabel.com\/cs\/sample-key\/\" \/>\n<meta property=\"og:locale\" content=\"cs_CZ\" \/>\n<meta property=\"og:type\" content=\"article\" \/>\n<meta property=\"og:title\" content=\"Vzorkovac\u00ed kl\u00ed\u010d\" \/>\n<meta property=\"og:description\" content=\"Kl\u00ed\u010d pro vzorky \u0161t\u00edtk\u016f Afinia - cena za tisk Porovnejte n\u00e1klady na tisk mezi tisk\u00e1rnami \u0161t\u00edtk\u016f Afinia V\u00edtejte na str\u00e1nce se vzorov\u00fdm kl\u00ed\u010dem Afinia Label.\" \/>\n<meta property=\"og:url\" content=\"https:\/\/dev2.afinialabel.com\/cs\/sample-key\/\" \/>\n<meta property=\"og:site_name\" content=\"Afinia Label - Make Your Own Labels\" \/>\n<meta property=\"article:modified_time\" content=\"2026-02-14T03:06:58+00:00\" \/>\n<meta name=\"twitter:card\" content=\"summary_large_image\" \/>\n<meta name=\"twitter:site\" content=\"@afinialabel\" \/>\n<meta name=\"twitter:label1\" content=\"Odhadovan\u00e1 doba \u010dten\u00ed\" \/>\n\t<meta name=\"twitter:data1\" content=\"1 minuta\" \/>\n<!-- \/ Yoast SEO Premium plugin. -->","yoast_head_json":{"title":"Vzorkovac\u00ed kl\u00ed\u010d &#187; Afinia Label - Make Your Own Labels","description":"Digital Color Label Printers and Finishers - Vzorkovac\u00ed kl\u00ed\u010d","robots":{"index":"index","follow":"follow","max-snippet":"max-snippet:-1","max-image-preview":"max-image-preview:large","max-video-preview":"max-video-preview:-1"},"canonical":"https:\/\/dev2.afinialabel.com\/cs\/sample-key\/","og_locale":"cs_CZ","og_type":"article","og_title":"Vzorkovac\u00ed kl\u00ed\u010d","og_description":"Kl\u00ed\u010d pro vzorky \u0161t\u00edtk\u016f Afinia - cena za tisk Porovnejte n\u00e1klady na tisk mezi tisk\u00e1rnami \u0161t\u00edtk\u016f Afinia V\u00edtejte na str\u00e1nce se vzorov\u00fdm kl\u00ed\u010dem Afinia Label.","og_url":"https:\/\/dev2.afinialabel.com\/cs\/sample-key\/","og_site_name":"Afinia Label - Make Your Own Labels","article_modified_time":"2026-02-14T03:06:58+00:00","twitter_card":"summary_large_image","twitter_site":"@afinialabel","twitter_misc":{"Odhadovan\u00e1 doba \u010dten\u00ed":"1 minuta"},"schema":{"@context":"https:\/\/schema.org","@graph":[{"@type":"WebPage","@id":"https:\/\/dev2.afinialabel.com\/cs\/sample-key\/","url":"https:\/\/dev2.afinialabel.com\/cs\/sample-key\/","name":"Vzorkovac\u00ed kl\u00ed\u010d &#187; Afinia Label - Make Your Own Labels","isPartOf":{"@id":"https:\/\/dev2.afinialabel.com\/cs\/#website"},"datePublished":"2023-04-13T17:24:00+00:00","dateModified":"2026-02-14T03:06:58+00:00","description":"Digital Color Label Printers and Finishers - Vzorkovac\u00ed kl\u00ed\u010d","breadcrumb":{"@id":"https:\/\/dev2.afinialabel.com\/cs\/sample-key\/#breadcrumb"},"inLanguage":"cs","potentialAction":[{"@type":"ReadAction","target":["https:\/\/dev2.afinialabel.com\/cs\/sample-key\/"]}]},{"@type":"BreadcrumbList","@id":"https:\/\/dev2.afinialabel.com\/cs\/sample-key\/#breadcrumb","itemListElement":[{"@type":"ListItem","position":1,"name":"Home","item":"https:\/\/dev2.afinialabel.com\/cs\/"},{"@type":"ListItem","position":2,"name":"Vzorkovac\u00ed kl\u00ed\u010d"}]},{"@type":"WebSite","@id":"https:\/\/dev2.afinialabel.com\/cs\/#website","url":"https:\/\/dev2.afinialabel.com\/cs\/","name":"Afinia Label - Make Your Own Labels","description":"Digital Color Label Printers and Finishers","publisher":{"@id":"https:\/\/dev2.afinialabel.com\/cs\/#organization"},"potentialAction":[{"@type":"SearchAction","target":{"@type":"EntryPoint","urlTemplate":"https:\/\/dev2.afinialabel.com\/cs\/?s={search_term_string}"},"query-input":{"@type":"PropertyValueSpecification","valueRequired":true,"valueName":"search_term_string"}}],"inLanguage":"cs"},{"@type":"Organization","@id":"https:\/\/dev2.afinialabel.com\/cs\/#organization","name":"Afinia Label","url":"https:\/\/dev2.afinialabel.com\/cs\/","logo":{"@type":"ImageObject","inLanguage":"cs","@id":"https:\/\/dev2.afinialabel.com\/cs\/#\/schema\/logo\/image\/","url":"https:\/\/dev2.afinialabel.com\/wp-content\/uploads\/logo-light.svg","contentUrl":"https:\/\/dev2.afinialabel.com\/wp-content\/uploads\/logo-light.svg","width":190,"height":36,"caption":"Afinia Label"},"image":{"@id":"https:\/\/dev2.afinialabel.com\/cs\/#\/schema\/logo\/image\/"},"sameAs":["https:\/\/x.com\/afinialabel","https:\/\/www.youtube.com\/channel\/UC7oqak2m5QABw4LzXLuWCaA"]}]}},"_links":{"self":[{"href":"https:\/\/dev2.afinialabel.com\/cs\/wp-json\/wp\/v2\/pages\/6119","targetHints":{"allow":["GET"]}}],"collection":[{"href":"https:\/\/dev2.afinialabel.com\/cs\/wp-json\/wp\/v2\/pages"}],"about":[{"href":"https:\/\/dev2.afinialabel.com\/cs\/wp-json\/wp\/v2\/types\/page"}],"author":[{"embeddable":true,"href":"https:\/\/dev2.afinialabel.com\/cs\/wp-json\/wp\/v2\/users\/3"}],"replies":[{"embeddable":true,"href":"https:\/\/dev2.afinialabel.com\/cs\/wp-json\/wp\/v2\/comments?post=6119"}],"version-history":[{"count":0,"href":"https:\/\/dev2.afinialabel.com\/cs\/wp-json\/wp\/v2\/pages\/6119\/revisions"}],"wp:attachment":[{"href":"https:\/\/dev2.afinialabel.com\/cs\/wp-json\/wp\/v2\/media?parent=6119"}],"curies":[{"name":"wp","href":"https:\/\/api.w.org\/{rel}","templated":true}]}}