{"id":6092,"date":"2023-04-13T17:14:41","date_gmt":"2023-04-13T17:14:41","guid":{"rendered":"https:\/\/dev2.afinialabel.com\/memjet\/printhead-best-practices\/"},"modified":"2024-11-14T22:05:19","modified_gmt":"2024-11-14T22:05:19","slug":"printhead-best-practices","status":"publish","type":"page","link":"https:\/\/dev2.afinialabel.com\/cs\/memjet\/printhead-best-practices\/","title":{"rendered":"Osv\u011bd\u010den\u00e9 postupy pro tiskov\u00e9 hlavy Memjet"},"content":{"rendered":"\t\t<div data-elementor-type=\"wp-page\" data-elementor-id=\"6092\" class=\"elementor elementor-6092 elementor-1563\" data-elementor-post-type=\"page\">\n\t\t\t\t\t\t<section data-particle_enable=\"false\" data-particle-mobile-disabled=\"false\" class=\"elementor-section elementor-top-section elementor-element elementor-element-3a168c0 elementor-section-full_width elementor-section-height-default elementor-section-height-default\" data-id=\"3a168c0\" data-element_type=\"section\" data-e-type=\"section\">\n\t\t\t\t\t\t<div class=\"elementor-container elementor-column-gap-default\">\n\t\t\t\t\t<div class=\"elementor-column elementor-col-100 elementor-top-column elementor-element elementor-element-7b27d00\" data-id=\"7b27d00\" data-element_type=\"column\" data-e-type=\"column\">\n\t\t\t<div class=\"elementor-widget-wrap elementor-element-populated\">\n\t\t\t\t\t\t<div class=\"elementor-element elementor-element-665e747 elementor-widget elementor-widget-text-editor\" data-id=\"665e747\" data-element_type=\"widget\" data-e-type=\"widget\" data-widget_type=\"text-editor.default\">\n\t\t\t\t<div class=\"elementor-widget-container\">\n\t\t\t\t\t\t\t\t\t<p>Vyu\u017eijte sv\u00e9 velkokapacitn\u00ed tiskov\u00e9 hlavy Memjet na maximum podle t\u011bchto osv\u011bd\u010den\u00fdch postup\u016f<\/p>\n\t\t\t\t\t\t\t\t<\/div>\n\t\t\t\t<\/div>\n\t\t\t\t<div class=\"elementor-element elementor-element-c9897fa elementor-widget-divider--view-line elementor-widget elementor-widget-divider\" data-id=\"c9897fa\" data-element_type=\"widget\" data-e-type=\"widget\" data-widget_type=\"divider.default\">\n\t\t\t\t<div class=\"elementor-widget-container\">\n\t\t\t\t\t\t\t<div class=\"elementor-divider\">\n\t\t\t<span class=\"elementor-divider-separator\">\n\t\t\t\t\t\t<\/span>\n\t\t<\/div>\n\t\t\t\t\t\t<\/div>\n\t\t\t\t<\/div>\n\t\t\t\t<div class=\"elementor-element elementor-element-14d5217 elementor-widget elementor-widget-text-editor\" data-id=\"14d5217\" data-element_type=\"widget\" data-e-type=\"widget\" data-widget_type=\"text-editor.default\">\n\t\t\t\t<div class=\"elementor-widget-container\">\n\t\t\t\t\t\t\t\t\t<p><em><strong>Pro v\u0161echny tisk\u00e1rny \u0161t\u00edtk\u016f Afinia s technologi\u00ed Memjet<\/strong><\/em><\/p>\n\t\t\t\t\t\t\t\t<\/div>\n\t\t\t\t<\/div>\n\t\t\t\t<div class=\"elementor-element elementor-element-6e74e16 elementor-widget elementor-widget-button\" data-id=\"6e74e16\" data-element_type=\"widget\" data-e-type=\"widget\" data-widget_type=\"button.default\">\n\t\t\t\t<div class=\"elementor-widget-container\">\n\t\t\t\t\t\t\t\t\t<div class=\"elementor-button-wrapper\">\n\t\t\t\t\t<a class=\"elementor-button elementor-button-link elementor-size-sm\" href=\"\/wp-content\/uploads\/AfiniaLabel-MemjetPH-BestPractices-2.0.pdf\">\n\t\t\t\t\t\t<span class=\"elementor-button-content-wrapper\">\n\t\t\t\t\t\t<span class=\"elementor-button-icon\">\n\t\t\t\t<i aria-hidden=\"true\" class=\"far fa-file-pdf\"><\/i>\t\t\t<\/span>\n\t\t\t\t\t\t\t\t\t<span class=\"elementor-button-text\">Osv\u011bd\u010den\u00e9 postupy - zobrazit jako PDF<\/span>\n\t\t\t\t\t<\/span>\n\t\t\t\t\t<\/a>\n\t\t\t\t<\/div>\n\t\t\t\t\t\t\t\t<\/div>\n\t\t\t\t<\/div>\n\t\t\t\t<div class=\"elementor-element elementor-element-92d99bd elementor-widget elementor-widget-button\" data-id=\"92d99bd\" data-element_type=\"widget\" data-e-type=\"widget\" data-widget_type=\"button.default\">\n\t\t\t\t<div class=\"elementor-widget-container\">\n\t\t\t\t\t\t\t\t\t<div class=\"elementor-button-wrapper\">\n\t\t\t\t\t<a class=\"elementor-button elementor-button-link elementor-size-sm\" href=\"\/go\/memjet-rma\">\n\t\t\t\t\t\t<span class=\"elementor-button-content-wrapper\">\n\t\t\t\t\t\t<span class=\"elementor-button-icon\">\n\t\t\t\t<i aria-hidden=\"true\" class=\"fas fa-clipboard-check\"><\/i>\t\t\t<\/span>\n\t\t\t\t\t\t\t\t\t<span class=\"elementor-button-text\"><span>Tiskov\u00e1 hlava Memjet - <\/span>Pokyny RMA<\/span>\n\t\t\t\t\t<\/span>\n\t\t\t\t\t<\/a>\n\t\t\t\t<\/div>\n\t\t\t\t\t\t\t\t<\/div>\n\t\t\t\t<\/div>\n\t\t\t\t<div class=\"elementor-element elementor-element-7dea310 elementor-widget-divider--view-line elementor-widget elementor-widget-divider\" data-id=\"7dea310\" data-element_type=\"widget\" data-e-type=\"widget\" data-widget_type=\"divider.default\">\n\t\t\t\t<div class=\"elementor-widget-container\">\n\t\t\t\t\t\t\t<div class=\"elementor-divider\">\n\t\t\t<span class=\"elementor-divider-separator\">\n\t\t\t\t\t\t<\/span>\n\t\t<\/div>\n\t\t\t\t\t\t<\/div>\n\t\t\t\t<\/div>\n\t\t\t\t<div class=\"elementor-element elementor-element-6ed0dd0 elementor-widget elementor-widget-heading\" data-id=\"6ed0dd0\" data-element_type=\"widget\" data-e-type=\"widget\" data-widget_type=\"heading.default\">\n\t\t\t\t<div class=\"elementor-widget-container\">\n\t\t\t\t\t<h2 class=\"elementor-heading-title elementor-size-default\">Skladov\u00e1n\u00ed a instalace<\/h2>\t\t\t\t<\/div>\n\t\t\t\t<\/div>\n\t\t\t\t<div class=\"elementor-element elementor-element-3989ea5 elementor-widget elementor-widget-text-editor\" data-id=\"3989ea5\" data-element_type=\"widget\" data-e-type=\"widget\" data-widget_type=\"text-editor.default\">\n\t\t\t\t<div class=\"elementor-widget-container\">\n\t\t\t\t\t\t\t\t\t<ul>\n<li>V\u017edy skladujte pravou stranou nahoru, jak je uvedeno na \u0161t\u00edtku krabice<\/li>\n<li>Nainstalujte tiskovou hlavu do dvou let od data v\u00fdroby<\/li>\n<li>Oran\u017eov\u00fd\/\u010derven\u00fd plastov\u00fd uz\u00e1v\u011br si uschovejte z nov\u00e9ho obalu pro<\/li>\n<li>Vym\u011b\u0148te v\u00e1lec z mikrovl\u00e1kna za ka\u017edou novou tiskovou hlavu (nevztahuje se na X350)<\/li>\n<\/ul>\n\t\t\t\t\t\t\t\t<\/div>\n\t\t\t\t<\/div>\n\t\t\t\t<div class=\"elementor-element elementor-element-c348932 elementor-widget elementor-widget-heading\" data-id=\"c348932\" data-element_type=\"widget\" data-e-type=\"widget\" data-widget_type=\"heading.default\">\n\t\t\t\t<div class=\"elementor-widget-container\">\n\t\t\t\t\t<h2 class=\"elementor-heading-title elementor-size-default\">Ne\u010dinnost<\/h2>\t\t\t\t<\/div>\n\t\t\t\t<\/div>\n\t\t\t\t<div class=\"elementor-element elementor-element-7b2c1d0 elementor-widget elementor-widget-text-editor\" data-id=\"7b2c1d0\" data-element_type=\"widget\" data-e-type=\"widget\" data-widget_type=\"text-editor.default\">\n\t\t\t\t<div class=\"elementor-widget-container\">\n\t\t\t\t\t\t\t\t\t<ul>\n<li><strong>A\u017e 10 dn\u00ed: <\/strong> M\u011bjte tisk\u00e1rnu zapnutou v noci a o v\u00edkendech<\/li>\n<li><strong>V\u00edce ne\u017e 10 dn\u00ed: <\/strong> Vyjm\u011bte tiskovou hlavu a ulo\u017ete ji podle pokyn\u016f v p\u0159\u00edru\u010dce k tisk\u00e1rn\u011b<\/li>\n<\/ul>\n\t\t\t\t\t\t\t\t<\/div>\n\t\t\t\t<\/div>\n\t\t\t\t<div class=\"elementor-element elementor-element-f9c1c68 elementor-widget elementor-widget-text-editor\" data-id=\"f9c1c68\" data-element_type=\"widget\" data-e-type=\"widget\" data-widget_type=\"text-editor.default\">\n\t\t\t\t<div class=\"elementor-widget-container\">\n\t\t\t\t\t\t\t\t\t<p><strong>POZN\u00c1MKA:<\/strong> P\u0159i pravideln\u00e9m provozu z\u016fst\u00e1vaj\u00ed trysky <span style=\"text-align: left; background-color: #ffffff;\">tiskov\u00e9 hlavy<\/span> hydratovan\u00e9, proto\u017ee inkoust prot\u00e9k\u00e1 syst\u00e9mem. Z tohoto d\u016fvodu z\u00edsk\u00e1vaj\u00ed t\u011b\u017ec\u00ed u\u017eivatel\u00e9 ze sv\u00fdch tiskov\u00fdch hlav co nejv\u00edce \u017eivota. Pokud jste lehk\u00fd u\u017eivatel, zkuste tisknout ka\u017ed\u00fd den.<\/p>\n<p>Krom\u011b toho pravideln\u00e9 pou\u017e\u00edv\u00e1n\u00ed co nejv\u011bt\u0161\u00ed \u0161\u00ed\u0159ky tisku zv\u00fd\u0161\u00ed v\u00fdstupn\u00ed potenci\u00e1l ka\u017ed\u00e9 <span style=\"text-align: left; background-color: #ffffff;\">tiskov\u00e9 hlavy<\/span>. Pro situace s \u00fazk\u00fdmi \u0161t\u00edtky je toho dosa\u017eeno pomoc\u00ed v\u00edcen\u00e1sobn\u00fdch \u0161t\u00edtk\u016f a \u0159eza\u010dky.<\/p>\n\t\t\t\t\t\t\t\t<\/div>\n\t\t\t\t<\/div>\n\t\t\t\t<div class=\"elementor-element elementor-element-5e015db elementor-widget elementor-widget-heading\" data-id=\"5e015db\" data-element_type=\"widget\" data-e-type=\"widget\" data-widget_type=\"heading.default\">\n\t\t\t\t<div class=\"elementor-widget-container\">\n\t\t\t\t\t<h2 class=\"elementor-heading-title elementor-size-default\">\u017divotn\u00ed prost\u0159ed\u00ed<\/h2>\t\t\t\t<\/div>\n\t\t\t\t<\/div>\n\t\t\t\t<div class=\"elementor-element elementor-element-4ee683d elementor-widget elementor-widget-text-editor\" data-id=\"4ee683d\" data-element_type=\"widget\" data-e-type=\"widget\" data-widget_type=\"text-editor.default\">\n\t\t\t\t<div class=\"elementor-widget-container\">\n\t\t\t\t\t\t\t\t\t<ul>\n<li>Provozn\u00ed: 15\u00b0\u201335\u00b0C; Relativn\u00ed vlhkost: 35\u201380%<\/li>\n<li>Skladov\u00e1n\u00ed: 23\u00b0 -113 \u00b0 F (-5\u00b0-50 \u00b0C); Relativn\u00ed vlhkost: a\u017e 85%, nekondenzuj\u00edc\u00ed p\u0159i 65<\/li>\n<li>Udr\u017eujte \u010dist\u00e9 a bezpra\u0161n\u00e9 prost\u0159ed\u00ed<\/li>\n<li>Pou\u017e\u00edvejte m\u00e9dia, kter\u00e1 jsou \u010dist\u00e1 a bez prachu a zbytk\u016f lepidla<\/li>\n<\/ul>\n\t\t\t\t\t\t\t\t<\/div>\n\t\t\t\t<\/div>\n\t\t\t\t<div class=\"elementor-element elementor-element-67b088e elementor-widget elementor-widget-heading\" data-id=\"67b088e\" data-element_type=\"widget\" data-e-type=\"widget\" data-widget_type=\"heading.default\">\n\t\t\t\t<div class=\"elementor-widget-container\">\n\t\t\t\t\t<h2 class=\"elementor-heading-title elementor-size-default\">\u00dadr\u017eba<\/h2>\t\t\t\t<\/div>\n\t\t\t\t<\/div>\n\t\t\t\t<div class=\"elementor-element elementor-element-5dacf8e elementor-widget elementor-widget-text-editor\" data-id=\"5dacf8e\" data-element_type=\"widget\" data-e-type=\"widget\" data-widget_type=\"text-editor.default\">\n\t\t\t\t<div class=\"elementor-widget-container\">\n\t\t\t\t\t\t\t\t\t<ul>\n<li><strong>Prov\u00e1d\u011bjte pravidelnou \u00fadr\u017ebu \u2014<\/strong> Udr\u017eujte dr\u00e1hu tisk\u00e1rny a m\u00e9dia bez nahromad\u011bn\u00ed pap\u00edrov\u00e9ho prachu a zbytk\u016f lepidla.<\/li>\n<li><strong>Omezte expozici vzduchu \u2014<\/strong> Pokud budou trysky tiskov\u00e9 hlavy vystaveny po dobu del\u0161\u00ed ne\u017e 30 sekund, vyjm\u011bte tiskovou hlavu z tisk\u00e1rny a ulo\u017ete ji do plastov\u00e9ho v\u00ed\u010dka s destilovanou\/deionizovanou vodou.<\/li>\n<li><strong>Ru\u010dn\u00ed \u010di\u0161t\u011bn\u00ed \u2014<\/strong> Pou\u017e\u00edvejte destilovanou\/deionizovanou vodu a had\u0159\u00edk nepou\u0161t\u011bj\u00edc\u00ed vl\u00e1kna. K ot\u00edr\u00e1n\u00ed tiskov\u00e9 hlavy NIKDY NEPOU\u017d\u00cdVEJTE alkohol nebo pap\u00edrov\u00e9 ru\u010dn\u00edky. NIKDY se nedot\u00fdkejte trysek.<\/li>\n<li><strong>Pou\u017e\u00edt KWS \u2014<\/strong> Zachovat v\u00fdchoz\u00ed nastaven\u00ed KWS a upravit &#8211; v p\u0159\u00edpad\u011b pot\u0159eby &#8211; na z\u00e1klad\u011b prost\u0159ed\u00ed.<\/li>\n<\/ul>\n\t\t\t\t\t\t\t\t<\/div>\n\t\t\t\t<\/div>\n\t\t\t\t\t<\/div>\n\t\t<\/div>\n\t\t\t\t\t<\/div>\n\t\t<\/section>\n\t\t\t\t<\/div>\n\t\t","protected":false},"excerpt":{"rendered":"Vyu\u017eijte sv\u00e9 velkokapacitn\u00ed tiskov\u00e9 hlavy Memjet na maximum podle t\u011bchto osv\u011bd\u010den\u00fdch postup\u016f Pro v\u0161echny tisk\u00e1rny \u0161t\u00edtk\u016f Afinia s technologi\u00ed Memjet Osv\u011bd\u010den\u00e9 postupy &#8211; zobrazit jako PDF Tiskov\u00e1 hlava Memjet &#8211; Pokyny RMA Skladov\u00e1n\u00ed a instalace V\u017edy skladujte pravou stranou nahoru, jak je uvedeno na \u0161t\u00edtku krabice Nainstalujte tiskovou hlavu do dvou let od data v\u00fdroby&#8230; <a class=\"view-article\" href=\"https:\/\/dev2.afinialabel.com\/cs\/memjet\/printhead-best-practices\/\">View Article<\/a>","protected":false},"author":3,"featured_media":0,"parent":6082,"menu_order":88,"comment_status":"closed","ping_status":"closed","template":"","meta":{"_acf_changed":false,"footnotes":""},"class_list":["post-6092","page","type-page","status-publish","hentry"],"acf":[],"yoast_head":"<!-- This site is optimized with the Yoast SEO Premium plugin v27.5 (Yoast SEO v27.5) - https:\/\/yoast.com\/product\/yoast-seo-premium-wordpress\/ -->\n<title>Osv\u011bd\u010den\u00e9 postupy pro tiskov\u00e9 hlavy Memjet &#187; Afinia Label - Make Your Own Labels<\/title>\n<meta name=\"description\" content=\"Digital Color Label Printers and Finishers - Osv\u011bd\u010den\u00e9 postupy pro tiskov\u00e9 hlavy Memjet\" \/>\n<meta name=\"robots\" content=\"index, follow, max-snippet:-1, max-image-preview:large, max-video-preview:-1\" \/>\n<link rel=\"canonical\" href=\"https:\/\/dev2.afinialabel.com\/cs\/memjet\/printhead-best-practices\/\" \/>\n<meta property=\"og:locale\" content=\"cs_CZ\" \/>\n<meta property=\"og:type\" content=\"article\" \/>\n<meta property=\"og:title\" content=\"Osv\u011bd\u010den\u00e9 postupy pro tiskov\u00e9 hlavy Memjet\" \/>\n<meta property=\"og:description\" content=\"Vyu\u017eijte sv\u00e9 velkokapacitn\u00ed tiskov\u00e9 hlavy Memjet na maximum podle t\u011bchto osv\u011bd\u010den\u00fdch postup\u016f Pro v\u0161echny tisk\u00e1rny \u0161t\u00edtk\u016f Afinia s technologi\u00ed Memjet\" \/>\n<meta property=\"og:url\" content=\"https:\/\/dev2.afinialabel.com\/cs\/memjet\/printhead-best-practices\/\" \/>\n<meta property=\"og:site_name\" content=\"Afinia Label - Make Your Own Labels\" \/>\n<meta property=\"article:modified_time\" content=\"2024-11-14T22:05:19+00:00\" \/>\n<meta name=\"twitter:card\" content=\"summary_large_image\" \/>\n<meta name=\"twitter:site\" content=\"@afinialabel\" \/>\n<meta name=\"twitter:label1\" content=\"Odhadovan\u00e1 doba \u010dten\u00ed\" \/>\n\t<meta name=\"twitter:data1\" content=\"2 minuty\" \/>\n<!-- \/ Yoast SEO Premium plugin. -->","yoast_head_json":{"title":"Osv\u011bd\u010den\u00e9 postupy pro tiskov\u00e9 hlavy Memjet &#187; Afinia Label - Make Your Own Labels","description":"Digital Color Label Printers and Finishers - Osv\u011bd\u010den\u00e9 postupy pro tiskov\u00e9 hlavy Memjet","robots":{"index":"index","follow":"follow","max-snippet":"max-snippet:-1","max-image-preview":"max-image-preview:large","max-video-preview":"max-video-preview:-1"},"canonical":"https:\/\/dev2.afinialabel.com\/cs\/memjet\/printhead-best-practices\/","og_locale":"cs_CZ","og_type":"article","og_title":"Osv\u011bd\u010den\u00e9 postupy pro tiskov\u00e9 hlavy Memjet","og_description":"Vyu\u017eijte sv\u00e9 velkokapacitn\u00ed tiskov\u00e9 hlavy Memjet na maximum podle t\u011bchto osv\u011bd\u010den\u00fdch postup\u016f Pro v\u0161echny tisk\u00e1rny \u0161t\u00edtk\u016f Afinia s technologi\u00ed Memjet","og_url":"https:\/\/dev2.afinialabel.com\/cs\/memjet\/printhead-best-practices\/","og_site_name":"Afinia Label - Make Your Own Labels","article_modified_time":"2024-11-14T22:05:19+00:00","twitter_card":"summary_large_image","twitter_site":"@afinialabel","twitter_misc":{"Odhadovan\u00e1 doba \u010dten\u00ed":"2 minuty"},"schema":{"@context":"https:\/\/schema.org","@graph":[{"@type":"WebPage","@id":"https:\/\/dev2.afinialabel.com\/cs\/memjet\/printhead-best-practices\/","url":"https:\/\/dev2.afinialabel.com\/cs\/memjet\/printhead-best-practices\/","name":"Osv\u011bd\u010den\u00e9 postupy pro tiskov\u00e9 hlavy Memjet &#187; Afinia Label - Make Your Own Labels","isPartOf":{"@id":"https:\/\/dev2.afinialabel.com\/cs\/#website"},"datePublished":"2023-04-13T17:14:41+00:00","dateModified":"2024-11-14T22:05:19+00:00","description":"Digital Color Label Printers and Finishers - Osv\u011bd\u010den\u00e9 postupy pro tiskov\u00e9 hlavy Memjet","breadcrumb":{"@id":"https:\/\/dev2.afinialabel.com\/cs\/memjet\/printhead-best-practices\/#breadcrumb"},"inLanguage":"cs","potentialAction":[{"@type":"ReadAction","target":["https:\/\/dev2.afinialabel.com\/cs\/memjet\/printhead-best-practices\/"]}]},{"@type":"BreadcrumbList","@id":"https:\/\/dev2.afinialabel.com\/cs\/memjet\/printhead-best-practices\/#breadcrumb","itemListElement":[{"@type":"ListItem","position":1,"name":"Home","item":"https:\/\/dev2.afinialabel.com\/cs\/"},{"@type":"ListItem","position":2,"name":"Memjet","item":"https:\/\/dev2.afinialabel.com\/cs\/memjet\/"},{"@type":"ListItem","position":3,"name":"Osv\u011bd\u010den\u00e9 postupy pro tiskov\u00e9 hlavy Memjet"}]},{"@type":"WebSite","@id":"https:\/\/dev2.afinialabel.com\/cs\/#website","url":"https:\/\/dev2.afinialabel.com\/cs\/","name":"Afinia Label - Make Your Own Labels","description":"Digital Color Label Printers and Finishers","publisher":{"@id":"https:\/\/dev2.afinialabel.com\/cs\/#organization"},"potentialAction":[{"@type":"SearchAction","target":{"@type":"EntryPoint","urlTemplate":"https:\/\/dev2.afinialabel.com\/cs\/?s={search_term_string}"},"query-input":{"@type":"PropertyValueSpecification","valueRequired":true,"valueName":"search_term_string"}}],"inLanguage":"cs"},{"@type":"Organization","@id":"https:\/\/dev2.afinialabel.com\/cs\/#organization","name":"Afinia Label","url":"https:\/\/dev2.afinialabel.com\/cs\/","logo":{"@type":"ImageObject","inLanguage":"cs","@id":"https:\/\/dev2.afinialabel.com\/cs\/#\/schema\/logo\/image\/","url":"https:\/\/dev2.afinialabel.com\/wp-content\/uploads\/logo-light.svg","contentUrl":"https:\/\/dev2.afinialabel.com\/wp-content\/uploads\/logo-light.svg","width":190,"height":36,"caption":"Afinia Label"},"image":{"@id":"https:\/\/dev2.afinialabel.com\/cs\/#\/schema\/logo\/image\/"},"sameAs":["https:\/\/x.com\/afinialabel","https:\/\/www.youtube.com\/channel\/UC7oqak2m5QABw4LzXLuWCaA"]}]}},"_links":{"self":[{"href":"https:\/\/dev2.afinialabel.com\/cs\/wp-json\/wp\/v2\/pages\/6092","targetHints":{"allow":["GET"]}}],"collection":[{"href":"https:\/\/dev2.afinialabel.com\/cs\/wp-json\/wp\/v2\/pages"}],"about":[{"href":"https:\/\/dev2.afinialabel.com\/cs\/wp-json\/wp\/v2\/types\/page"}],"author":[{"embeddable":true,"href":"https:\/\/dev2.afinialabel.com\/cs\/wp-json\/wp\/v2\/users\/3"}],"replies":[{"embeddable":true,"href":"https:\/\/dev2.afinialabel.com\/cs\/wp-json\/wp\/v2\/comments?post=6092"}],"version-history":[{"count":0,"href":"https:\/\/dev2.afinialabel.com\/cs\/wp-json\/wp\/v2\/pages\/6092\/revisions"}],"up":[{"embeddable":true,"href":"https:\/\/dev2.afinialabel.com\/cs\/wp-json\/wp\/v2\/pages\/6082"}],"wp:attachment":[{"href":"https:\/\/dev2.afinialabel.com\/cs\/wp-json\/wp\/v2\/media?parent=6092"}],"curies":[{"name":"wp","href":"https:\/\/api.w.org\/{rel}","templated":true}]}}