{"id":6061,"date":"2023-03-27T20:56:58","date_gmt":"2023-03-27T20:56:58","guid":{"rendered":"https:\/\/dev2.afinialabel.com\/remote-desktop-support\/"},"modified":"2026-02-14T10:45:33","modified_gmt":"2026-02-14T10:45:33","slug":"remote-desktop-support","status":"publish","type":"page","link":"https:\/\/dev2.afinialabel.com\/cs\/remote-desktop-support\/","title":{"rendered":"Podpora vzd\u00e1len\u00e9 plochy"},"content":{"rendered":"<p>Software pro podporu vzd\u00e1len\u00e9 plochy umo\u017e\u0148uje na\u0161im kancel\u00e1\u0159\u00edm technick\u00e9 podpory zobrazit, co je na obrazovce va\u0161eho po\u010d\u00edta\u010de. P\u0159ipojen\u00ed je bezpe\u010dn\u00e9, zabezpe\u010den\u00e9 a neohroz\u00ed v\u00e1\u0161 po\u010d\u00edta\u010d ani souborov\u00e9 syst\u00e9my. Tento podp\u016frn\u00fd software umo\u017e\u0148uje pohodln\u00fd, bezprobl\u00e9mov\u00fd a efektivn\u00ed zp\u016fsob \u0159e\u0161en\u00ed probl\u00e9m\u016f s technickou podporou. Umo\u017e\u0148uje v\u00e1m vr\u00e1tit se k tisku co nejd\u0159\u00edve. M\u00e1te-li jak\u00e9koli dotazy t\u00fdkaj\u00edc\u00ed se pou\u017e\u00edv\u00e1n\u00ed softwaru pro podporu vzd\u00e1len\u00e9 plochy, <a href=\"https:\/\/dev2.afinialabel.com\/cs\/kontakt\/\">obra\u0165te se na n\u00e1\u0161 t\u00fdm podpory<\/a>. Kliknut\u00edm na n\u00ed\u017ee uveden\u00fd odkaz st\u00e1hnete software pro podporu vzd\u00e1len\u00e9 plochy: <a class=\"btn\" href=\"\/assets\/TeamViewerQS_v15.exe\" target=\"_blank\" rel=\"noopener noreferrer\">St\u00e1hnout TeamViewer pro Windows<\/a><\/p>\n","protected":false},"excerpt":{"rendered":"Software pro podporu vzd\u00e1len\u00e9 plochy umo\u017e\u0148uje na\u0161im kancel\u00e1\u0159\u00edm technick\u00e9 podpory zobrazit, co je na obrazovce va\u0161eho po\u010d\u00edta\u010de. P\u0159ipojen\u00ed je bezpe\u010dn\u00e9, zabezpe\u010den\u00e9 a neohroz\u00ed v\u00e1\u0161 po\u010d\u00edta\u010d ani souborov\u00e9 syst\u00e9my. Tento podp\u016frn\u00fd software umo\u017e\u0148uje pohodln\u00fd, bezprobl\u00e9mov\u00fd a efektivn\u00ed zp\u016fsob \u0159e\u0161en\u00ed probl\u00e9m\u016f s technickou podporou. Umo\u017e\u0148uje v\u00e1m vr\u00e1tit se k tisku co nejd\u0159\u00edve. M\u00e1te-li jak\u00e9koli dotazy t\u00fdkaj\u00edc\u00ed se&#8230; <a class=\"view-article\" href=\"https:\/\/dev2.afinialabel.com\/cs\/remote-desktop-support\/\">View Article<\/a>","protected":false},"author":3,"featured_media":0,"parent":0,"menu_order":146,"comment_status":"closed","ping_status":"closed","template":"","meta":{"_acf_changed":false,"footnotes":""},"class_list":["post-6061","page","type-page","status-publish","hentry"],"acf":[],"yoast_head":"<!-- This site is optimized with the Yoast SEO Premium plugin v27.5 (Yoast SEO v27.5) - https:\/\/yoast.com\/product\/yoast-seo-premium-wordpress\/ -->\n<title>Podpora vzd\u00e1len\u00e9 plochy &#187; Afinia Label - Make Your Own Labels<\/title>\n<meta name=\"description\" content=\"Digital Color Label Printers and Finishers - Podpora vzd\u00e1len\u00e9 plochy\" \/>\n<meta name=\"robots\" content=\"index, follow, max-snippet:-1, max-image-preview:large, max-video-preview:-1\" \/>\n<link rel=\"canonical\" href=\"https:\/\/dev2.afinialabel.com\/cs\/remote-desktop-support\/\" \/>\n<meta property=\"og:locale\" content=\"cs_CZ\" \/>\n<meta property=\"og:type\" content=\"article\" \/>\n<meta property=\"og:title\" content=\"Podpora vzd\u00e1len\u00e9 plochy\" \/>\n<meta property=\"og:description\" content=\"Software pro podporu vzd\u00e1len\u00e9 plochy umo\u017e\u0148uje na\u0161im kancel\u00e1\u0159\u00edm technick\u00e9 podpory zobrazit, co je na obrazovce va\u0161eho po\u010d\u00edta\u010de. P\u0159ipojen\u00ed je bezpe\u010dn\u00e9,\" \/>\n<meta property=\"og:url\" content=\"https:\/\/dev2.afinialabel.com\/cs\/remote-desktop-support\/\" \/>\n<meta property=\"og:site_name\" content=\"Afinia Label - Make Your Own Labels\" \/>\n<meta property=\"article:modified_time\" content=\"2026-02-14T10:45:33+00:00\" \/>\n<meta name=\"twitter:card\" content=\"summary_large_image\" \/>\n<meta name=\"twitter:site\" content=\"@afinialabel\" \/>\n<meta name=\"twitter:label1\" content=\"Odhadovan\u00e1 doba \u010dten\u00ed\" \/>\n\t<meta name=\"twitter:data1\" content=\"1 minuta\" \/>\n<!-- \/ Yoast SEO Premium plugin. -->","yoast_head_json":{"title":"Podpora vzd\u00e1len\u00e9 plochy &#187; Afinia Label - Make Your Own Labels","description":"Digital Color Label Printers and Finishers - Podpora vzd\u00e1len\u00e9 plochy","robots":{"index":"index","follow":"follow","max-snippet":"max-snippet:-1","max-image-preview":"max-image-preview:large","max-video-preview":"max-video-preview:-1"},"canonical":"https:\/\/dev2.afinialabel.com\/cs\/remote-desktop-support\/","og_locale":"cs_CZ","og_type":"article","og_title":"Podpora vzd\u00e1len\u00e9 plochy","og_description":"Software pro podporu vzd\u00e1len\u00e9 plochy umo\u017e\u0148uje na\u0161im kancel\u00e1\u0159\u00edm technick\u00e9 podpory zobrazit, co je na obrazovce va\u0161eho po\u010d\u00edta\u010de. P\u0159ipojen\u00ed je bezpe\u010dn\u00e9,","og_url":"https:\/\/dev2.afinialabel.com\/cs\/remote-desktop-support\/","og_site_name":"Afinia Label - Make Your Own Labels","article_modified_time":"2026-02-14T10:45:33+00:00","twitter_card":"summary_large_image","twitter_site":"@afinialabel","twitter_misc":{"Odhadovan\u00e1 doba \u010dten\u00ed":"1 minuta"},"schema":{"@context":"https:\/\/schema.org","@graph":[{"@type":"WebPage","@id":"https:\/\/dev2.afinialabel.com\/cs\/remote-desktop-support\/","url":"https:\/\/dev2.afinialabel.com\/cs\/remote-desktop-support\/","name":"Podpora vzd\u00e1len\u00e9 plochy &#187; Afinia Label - Make Your Own Labels","isPartOf":{"@id":"https:\/\/dev2.afinialabel.com\/cs\/#website"},"datePublished":"2023-03-27T20:56:58+00:00","dateModified":"2026-02-14T10:45:33+00:00","description":"Digital Color Label Printers and Finishers - Podpora vzd\u00e1len\u00e9 plochy","breadcrumb":{"@id":"https:\/\/dev2.afinialabel.com\/cs\/remote-desktop-support\/#breadcrumb"},"inLanguage":"cs","potentialAction":[{"@type":"ReadAction","target":["https:\/\/dev2.afinialabel.com\/cs\/remote-desktop-support\/"]}]},{"@type":"BreadcrumbList","@id":"https:\/\/dev2.afinialabel.com\/cs\/remote-desktop-support\/#breadcrumb","itemListElement":[{"@type":"ListItem","position":1,"name":"Home","item":"https:\/\/dev2.afinialabel.com\/cs\/"},{"@type":"ListItem","position":2,"name":"Podpora vzd\u00e1len\u00e9 plochy"}]},{"@type":"WebSite","@id":"https:\/\/dev2.afinialabel.com\/cs\/#website","url":"https:\/\/dev2.afinialabel.com\/cs\/","name":"Afinia Label - Make Your Own Labels","description":"Digital Color Label Printers and Finishers","publisher":{"@id":"https:\/\/dev2.afinialabel.com\/cs\/#organization"},"potentialAction":[{"@type":"SearchAction","target":{"@type":"EntryPoint","urlTemplate":"https:\/\/dev2.afinialabel.com\/cs\/?s={search_term_string}"},"query-input":{"@type":"PropertyValueSpecification","valueRequired":true,"valueName":"search_term_string"}}],"inLanguage":"cs"},{"@type":"Organization","@id":"https:\/\/dev2.afinialabel.com\/cs\/#organization","name":"Afinia Label","url":"https:\/\/dev2.afinialabel.com\/cs\/","logo":{"@type":"ImageObject","inLanguage":"cs","@id":"https:\/\/dev2.afinialabel.com\/cs\/#\/schema\/logo\/image\/","url":"https:\/\/dev2.afinialabel.com\/wp-content\/uploads\/logo-light.svg","contentUrl":"https:\/\/dev2.afinialabel.com\/wp-content\/uploads\/logo-light.svg","width":190,"height":36,"caption":"Afinia Label"},"image":{"@id":"https:\/\/dev2.afinialabel.com\/cs\/#\/schema\/logo\/image\/"},"sameAs":["https:\/\/x.com\/afinialabel","https:\/\/www.youtube.com\/channel\/UC7oqak2m5QABw4LzXLuWCaA"]}]}},"_links":{"self":[{"href":"https:\/\/dev2.afinialabel.com\/cs\/wp-json\/wp\/v2\/pages\/6061","targetHints":{"allow":["GET"]}}],"collection":[{"href":"https:\/\/dev2.afinialabel.com\/cs\/wp-json\/wp\/v2\/pages"}],"about":[{"href":"https:\/\/dev2.afinialabel.com\/cs\/wp-json\/wp\/v2\/types\/page"}],"author":[{"embeddable":true,"href":"https:\/\/dev2.afinialabel.com\/cs\/wp-json\/wp\/v2\/users\/3"}],"replies":[{"embeddable":true,"href":"https:\/\/dev2.afinialabel.com\/cs\/wp-json\/wp\/v2\/comments?post=6061"}],"version-history":[{"count":0,"href":"https:\/\/dev2.afinialabel.com\/cs\/wp-json\/wp\/v2\/pages\/6061\/revisions"}],"wp:attachment":[{"href":"https:\/\/dev2.afinialabel.com\/cs\/wp-json\/wp\/v2\/media?parent=6061"}],"curies":[{"name":"wp","href":"https:\/\/api.w.org\/{rel}","templated":true}]}}