{"id":5923,"date":"2023-03-20T20:15:57","date_gmt":"2023-03-20T20:15:57","guid":{"rendered":"https:\/\/dev2.afinialabel.com\/retail-personalization\/"},"modified":"2024-11-23T01:58:38","modified_gmt":"2024-11-23T01:58:38","slug":"maloobchodni-personalizace","status":"publish","type":"page","link":"https:\/\/dev2.afinialabel.com\/cs\/maloobchodni-personalizace\/","title":{"rendered":"Maloobchodn\u00ed personalizace"},"content":{"rendered":"&#013;\n<h2 class=\"wp-block-heading\">Produkty ozna\u010den\u00e9 na zak\u00e1zku<\/h2>&#013;\n&#013;\n<p><strong>Spojte svou zna\u010dku se z\u00e1kazn\u00edky prost\u0159ednictv\u00edm p\u0159izp\u016fsoben\u00e9ho balen\u00ed produkt\u016f.<\/strong><\/p>&#013;\n&#013;\n<p><a class=\"btn\" href=\"https:\/\/dev2.afinialabel.com\/cs\/retail-personalization\/priklady\/\">Zobrazit p\u0159\u00edpadov\u00e9 studie personalizace<\/a><\/p>&#013;\n<p>Vlastn\u00ed balen\u00ed na m\u00edst\u011b bere standardn\u00ed maloobchodn\u00ed produkt a &#8211; s pomoc\u00ed <a href=\"https:\/\/dev2.afinialabel.com\/\">stoln\u00ed tisk\u00e1rny \u0161t\u00edtk\u016f<\/a> &#8211; jej ozna\u010duje zp\u016fsobem, kter\u00fd mu d\u00e1v\u00e1 osobn\u00ed dotek. Obvykle se to prov\u00e1d\u00ed p\u0159id\u00e1n\u00edm nebo nahrazen\u00edm v\u00fdrazn\u00e9ho grafick\u00e9ho prvku jm\u00e9nem osoby nebo obr\u00e1zkem. Designov\u00e1 a barevn\u00e1 sch\u00e9mata mohou z\u00e1kazn\u00edci m\u011bnit tak\u00e9 p\u0159i vytv\u00e1\u0159en\u00ed \u0161t\u00edtk\u016f.<\/p>\n<p><img fetchpriority=\"high\" decoding=\"async\" class=\"aligncenter wp-image-1121 size-full\" src=\"\/wp-content\/uploads\/FireHose-123workflow.jpg\" alt=\"Rychl\u00e9, p\u0159izp\u016fsobiteln\u00e9 a snadno p\u0159izp\u016fsobiteln\u00e9 \u0161t\u00edtky pomoc\u00ed digit\u00e1ln\u00edch barevn\u00fdch tisk\u00e1ren Afinia Label\" width=\"1400\" height=\"346\" srcset=\"https:\/\/dev2.afinialabel.com\/wp-content\/uploads\/FireHose-123workflow.jpg 1400w, https:\/\/dev2.afinialabel.com\/wp-content\/uploads\/FireHose-123workflow-300x74.jpg 300w, https:\/\/dev2.afinialabel.com\/wp-content\/uploads\/FireHose-123workflow-1000x247.jpg 1000w, https:\/\/dev2.afinialabel.com\/wp-content\/uploads\/FireHose-123workflow-768x190.jpg 768w, https:\/\/dev2.afinialabel.com\/wp-content\/uploads\/FireHose-123workflow-640x158.jpg 640w, https:\/\/dev2.afinialabel.com\/wp-content\/uploads\/FireHose-123workflow-275x68.jpg 275w, https:\/\/dev2.afinialabel.com\/wp-content\/uploads\/FireHose-123workflow-65x16.jpg 65w\" sizes=\"(max-width: 1400px) 100vw, 1400px\" \/><\/p>\n<p>Tento typ zak\u00e1zkov\u00e9ho balen\u00ed na vy\u017e\u00e1d\u00e1n\u00ed se prezentoval jako p\u0159\u00edle\u017eitost pro maloobchodn\u00ed zna\u010dky maximalizovat z\u00e1jem o produkty a optimalizovat z\u00e1\u017eitek z n\u00e1kupu v obchod\u011b.<\/p>\n&#013;\n<p><strong>V\u00fdhody se\u010dteno a podtr\u017eeno<\/strong><\/p>&#013;\n&#013;\n<div class=\"wp-block-image\">&#013;\n<figure class=\"alignright is-resized\"><img decoding=\"async\" class=\"alignnone wp-image-1122\" src=\"\/wp-content\/uploads\/shorr-survey-e1544476858993.png\" alt=\"D&#x11B;laj&#xED; p&#x159;izp&#x16F;soben&#xE9; obaly produkt hodnotn&#x11B;j&#x161;&#xED;m?\" width=\"238\" height=\"189\" srcset=\"https:\/\/dev2.afinialabel.com\/wp-content\/uploads\/shorr-survey-e1544476858993.png 541w, https:\/\/dev2.afinialabel.com\/wp-content\/uploads\/shorr-survey-e1544476858993-300x238.png 300w, https:\/\/dev2.afinialabel.com\/wp-content\/uploads\/shorr-survey-e1544476858993-275x218.png 275w, https:\/\/dev2.afinialabel.com\/wp-content\/uploads\/shorr-survey-e1544476858993-65x52.png 65w\" sizes=\"(max-width: 238px) 100vw, 238px\" \/>&#013;\n<figcaption><strong>D\u011blaj\u00ed p\u0159izp\u016fsoben\u00e9 obaly produkt hodnotn\u011bj\u0161\u00edm?<\/strong> <br \/><em>(zdroj: Shorr Packaging<\/em>)<\/figcaption>&#013;\n<\/figure>&#013;\n<\/div>&#013;\n&#013;\n<ul class=\"wp-block-list\">&#013;\n<li>Del\u0161\u00ed uchov\u00e1n\u00ed produktu s trval\u00fdmi \u00fa\u010dinky zna\u010dky<\/li>&#013;\n<li>Zv\u00fd\u0161en\u00ed vn\u00edman\u00e9 hodnoty &#8211; v\u00edce ne\u017e polovina spot\u0159ebitel\u016f pova\u017euje v\u00fdrobky balen\u00e9 na zak\u00e1zku za hodnotn\u011bj\u0161\u00ed<\/li>&#013;\n<li>Zlep\u0161ete z\u00e1kaznickou zku\u0161enost &#8211; zna\u010dku, produkt a nakupov\u00e1n\u00ed<\/li>&#013;\n<li>Zv\u00fd\u0161it no\u017en\u00ed provoz ve fyzick\u00fdch maloobchodn\u00edch situac\u00edch<\/li>&#013;\n<li>Bojujte proti online nakupov\u00e1n\u00ed t\u00edm, \u017ee v obchod\u011b nab\u00eddnete p\u0159idanou hodnotu<\/li>&#013;\n<\/ul>&#013;\n&#013;\n<h3 class=\"wp-block-heading\">P\u0159\u00edpady z re\u00e1ln\u00e9ho sv\u011bta<\/h3>&#013;\n&#013;\n<p>Skute\u010dn\u00e9 spole\u010dnosti, jako je ta va\u0161e, pou\u017e\u00edvaj\u00ed tisk\u00e1rny \u0161t\u00edtk\u016f Afinia a buduj\u00ed personaliza\u010dn\u00ed kampan\u011b, aby zv\u00fd\u0161ily prodej a p\u0159il\u00e1kaly n\u00e1v\u0161t\u011bvnost obchod\u016f, zv\u00fd\u0161ily p\u0159\u00edjmy a vybudovaly sv\u00e9 zna\u010dky.\u00a0<\/p>&#013;\n&#013;\n<p><a class=\"btn\" href=\"https:\/\/dev2.afinialabel.com\/cs\/retail-personalization\/priklady\/\">Zobrazit p\u0159\u00edpadov\u00e9 studie personalizace<\/a><\/p>&#013;\n<hr class=\"wp-block-separator\" \/>&#013;\n<h2 class=\"wp-block-heading\">Zeptejte se, chcete-li se dozv\u011bd\u011bt v\u00edce<\/h2>&#013;\n&#013;\n<p>Vyu\u017eijte tohoto <a href=\"https:\/\/dev2.afinialabel.com\/cs\/retail-personalization\/priklady\/\">rostouc\u00edho maloobchodn\u00edho trendu<\/a>. Pokud chce\u0161 probrat ceny, logistiku kampan\u00ed a dal\u0161\u00ed informace, kontaktuj n\u00e1s.<\/p>&#013;\n<noscript class=\"ninja-forms-noscript-message\">\n\tUpozorn\u011bn\u00ed: U tohoto obsahu je vy\u017eadov\u00e1n JavaScript.<\/noscript>\nNebyla nalezena \u017e\u00e1dn\u00e1 pole.<div id=\"nf-form-29-cont\" class=\"nf-form-cont\" aria-live=\"polite\" aria-labelledby=\"nf-form-title-29\" aria-describedby=\"nf-form-errors-29\" role=\"form\">\n\n    <div class=\"nf-loading-spinner\"><\/div>\n\n<\/div>\n        <!-- That data is being printed as a workaround to page builders reordering the order of the scripts loaded-->\n        <script>var formDisplay=1;var nfForms=nfForms||[];var form=[];form.id='29';form.settings={\"ninjaForms\":\"Ninja Forms\",\"changeEmailErrorMsg\":\"Zadejte platnou e-mailovou adresu!\",\"changeDateErrorMsg\":\"Pros\\u00edm vlo\\u017ete spr\\u00e1vn\\u00e9 datum!\",\"confirmFieldErrorMsg\":\"Tato pole se mus\\u00ed shodovat!\",\"fieldNumberNumMinError\":\"Chyba minim\\u00e1ln\\u00ed hodnoty\",\"fieldNumberNumMaxError\":\"Chyba maxim\\u00e1ln\\u00ed hodnoty\",\"fieldNumberIncrementBy\":\"Pros\\u00edm, zvy\\u0161te o\",\"fieldTextareaRTEInsertLink\":\"Vlo\\u017eit odkaz\",\"fieldTextareaRTEInsertMedia\":\"Vlo\\u017ete medi\\u00e1ln\\u00ed soubor\",\"fieldTextareaRTESelectAFile\":\"Vyberte soubor\",\"tableInsertRowAbove\":\"Insert Row Above\",\"tableInsertRowBelow\":\"Insert Row Below\",\"tableInsertColumnLeft\":\"Insert Column Left\",\"tableInsertColumnRight\":\"Insert Column Right\",\"tableDeleteRow\":\"Delete Row\",\"tableDeleteColumn\":\"Delete Column\",\"tableDeleteTable\":\"Delete Table\",\"tableLegacyNotice\":\"This content has tables in the old editor format. Custom styles are preserved until converted. Editing will update to the new format.\",\"tableLegacyConvert\":\"Convert Now\",\"tableInsertTable\":\"Insert Table\",\"dismiss\":\"Skr\\u00fdt\",\"insertLink\":\"Vlo\\u017eit odkaz\",\"formErrorsCorrectErrors\":\"P\\u0159ed odesl\\u00e1n\\u00edm tohoto formul\\u00e1\\u0159e opravte chyby.\",\"formHoneypot\":\"Pokud jste \\u010dlov\\u011bk, kter\\u00fd vid\\u00ed toto pole, nechte ho pros\\u00edm pr\\u00e1zdn\\u00e9.\",\"validateRequiredField\":\"Toto pole je povinn\\u00e9.\",\"honeypotHoneypotError\":\"Honeypot Error\",\"fileUploadOldCodeFileUploadInProgress\":\"Prob\\u00edh\\u00e1 nahr\\u00e1v\\u00e1n\\u00ed souboru.\",\"fileUploadOldCodeFileUpload\":\"NAHR\\u00c1T SOUBOR\",\"currencySymbol\":\"&#36;\",\"fieldsMarkedRequired\":\"Pole ozna\\u010den\\u00e9 <span class=\\\"ninja-forms-req-symbol\\\">*<\\\/span> jsou povinn\\u00e9\",\"thousands_sep\":\"&nbsp;\",\"decimal_point\":\",\",\"siteLocale\":\"cs_CZ\",\"dateFormat\":\"m\\\/d\\\/Y\",\"startOfWeek\":\"1\",\"of\":\"\\\/\",\"previousMonth\":\"P\\u0159edch\\u00e1zej\\u00edc\\u00ed m\\u011bs\\u00edc\",\"nextMonth\":\"P\\u0159\\u00ed\\u0161t\\u00ed m\\u011bs\\u00edc\",\"months\":[\"Leden\",\"\\u00danor\",\"B\\u0159ezen\",\"Duben\",\"Kv\\u011bten\",\"\\u010cerven\",\"\\u010cervenec\",\"Srpen\",\"Z\\u00e1\\u0159\\u00ed\",\"\\u0158\\u00edjen\",\"Listopad\",\"Prosinec\"],\"monthsShort\":[\"Led\",\"\\u00dano\",\"B\\u0159e\",\"Dub\",\"Kv\\u011bten\",\"\\u010cvn\",\"\\u010cvc\",\"Srp\",\"Z\\u00e1\\u0159\",\"\\u0158\\u00edj\",\"Lis\",\"Pro\"],\"weekdays\":[\"Ned\\u011ble\",\"Pond\\u011bl\\u00ed\",\"\\u00dater\\u00fd\",\"St\\u0159eda\",\"\\u010ctvrtek\",\"P\\u00e1tek\",\"Sobota\"],\"weekdaysShort\":[\"Ne\",\"Po\",\"\\u00dat\",\"St\",\"\\u010ct\",\"P\\u00e1\",\"So\"],\"weekdaysMin\":[\"Ne\",\"Po\",\"\\u00dat\",\"St\",\"\\u010ct\",\"P\\u00e1\",\"So\"],\"recaptchaConsentMissing\":\"reCaptcha validation couldn&#039;t load.\",\"recaptchaMissingCookie\":\"reCaptcha v3 validation couldn&#039;t load the cookie needed to submit the form.\",\"recaptchaConsentEvent\":\"Accept reCaptcha cookies before sending the form.\",\"embed_form\":\"\",\"currency_symbol\":\"\",\"title\":\"\",\"beforeForm\":\"\",\"beforeFields\":\"\",\"afterFields\":\"\",\"afterForm\":\"\"};form.fields=[];nfForms.push(form);<\/script>\n        <script id=\"tmpl-nf-mp-form-content\" type=\"text\/template\">\n\t<div class=\"nf-mp-header\"><\/div>\n\t<div class=\"nf-mp-body\"><\/div>\n\t<div class=\"nf-mp-footer\"><\/div>\n<\/script>\n\n\n<script id=\"tmpl-nf-mp-header\" type=\"text\/template\">\n\t{{{ data.renderProgressBar() }}}\n\t{{{ data.renderBreadcrumbs() }}}\n\t{{{ data.renderPartTitle() }}}\n<\/script>\n<script id=\"tmpl-nf-mp-part-title\" type=\"text\/template\">\n\t<h3>\n\t\t{{{ data.title }}}\n\t<\/h3>\n<\/script>\n\n<script id=\"tmpl-nf-mp-footer\" type=\"text\/template\">\n\t{{{ data.renderNextPrevious() }}}\n<\/script>\n\n<script id=\"tmpl-nf-mp-next-previous\" type=\"text\/template\">\n\t<ul class=\"nf-next-previous\">\n\t\t<# if ( data.showPrevious ) { #>\n\t\t<li class=\"nf-previous-item\">\n\t\t\t<input type=\"button\" class=\"nf-previous\" value=\"{{{ data.prevLabel }}}\" \/>\n\t\t<\/li>\n\t\t<# } #>\n\n\t\t<# if ( data.showNext ) { #>\n\t\t<li class=\"nf-next-item\">\n\t\t\t<input type=\"button\" class=\"nf-next\" value=\"{{{ data.nextLabel }}}\" \/>\n\t\t<\/li>\n\t\t<# } #>\n\t<\/ul>\n<\/script>\n\n<script id=\"tmpl-nf-mp-breadcrumbs\" type=\"text\/template\">\n\t<ul class=\"nf-breadcrumbs\">\n\t\t<# _.each( data.parts, function( part, index ) { #>\n\t\t<li class=\"{{{ ( data.currentIndex == index ) ? 'active' : '' }}} {{{ ( part.errors ) ? 'errors' : '' }}}\">\n\t\t\t<a href=\"#\" class=\"nf-breadcrumb\" data-index=\"{{{ index }}}\">{{{ ( part.errors ) ? '' : '' }}} {{{ part.title }}}<\/a>\n\t\t<\/li>\n\t\t<# } ); #>\n\t<\/ul>\n<\/script>\n\n<script id=\"tmpl-nf-mp-progress-bar\" type=\"text\/template\">\n    <div class=\"nf-progress-container\">\n        <div class=\"nf-progress\" style=\"width: {{{ data.percent }}}%;\"><\/div>\n    <\/div>\n<\/script>        <script id=\"nf-tmpl-cell\" type=\"text\/template\">\n            <nf-fields><\/nf-fields>\n        <\/script>\n\n        <script id=\"nf-tmpl-row\" type=\"text\/template\">\n            <nf-cells><\/nf-cells>\n        <\/script>\n\n        &#013;\n","protected":false},"excerpt":{"rendered":"&#013; Produkty ozna\u010den\u00e9 na zak\u00e1zku &#013; &#013; Spojte svou zna\u010dku se z\u00e1kazn\u00edky prost\u0159ednictv\u00edm p\u0159izp\u016fsoben\u00e9ho balen\u00ed produkt\u016f. &#013; &#013; Zobrazit p\u0159\u00edpadov\u00e9 studie personalizace &#013; Vlastn\u00ed balen\u00ed na m\u00edst\u011b bere standardn\u00ed maloobchodn\u00ed produkt a &#8211; s pomoc\u00ed stoln\u00ed tisk\u00e1rny \u0161t\u00edtk\u016f &#8211; jej ozna\u010duje zp\u016fsobem, kter\u00fd mu d\u00e1v\u00e1 osobn\u00ed dotek. Obvykle se to prov\u00e1d\u00ed p\u0159id\u00e1n\u00edm nebo nahrazen\u00edm v\u00fdrazn\u00e9ho&#8230; <a class=\"view-article\" href=\"https:\/\/dev2.afinialabel.com\/cs\/maloobchodni-personalizace\/\">View Article<\/a>","protected":false},"author":3,"featured_media":0,"parent":0,"menu_order":73,"comment_status":"closed","ping_status":"closed","template":"","meta":{"_acf_changed":false,"footnotes":""},"class_list":["post-5923","page","type-page","status-publish","hentry"],"acf":[],"yoast_head":"<!-- This site is optimized with the Yoast SEO Premium plugin v27.5 (Yoast SEO v27.5) - https:\/\/yoast.com\/product\/yoast-seo-premium-wordpress\/ -->\n<title>Maloobchodn\u00ed personalizace &#187; Afinia Label - Make Your Own Labels<\/title>\n<meta name=\"description\" content=\"Spojte svou zna\u010dku se z\u00e1kazn\u00edky prost\u0159ednictv\u00edm p\u0159izp\u016fsoben\u00e9ho balen\u00ed produkt\u016f. Ozna\u010dov\u00e1n\u00ed v m\u00edst\u011b prodeje d\u00e1v\u00e1 spole\u010dnostem v\u00fdhodu a schopnost vytv\u00e1\u0159et nezapomenuteln\u00e9 maloobchodn\u00ed z\u00e1\u017eitky.\" \/>\n<meta name=\"robots\" content=\"index, follow, max-snippet:-1, max-image-preview:large, max-video-preview:-1\" \/>\n<link rel=\"canonical\" href=\"https:\/\/dev2.afinialabel.com\/cs\/maloobchodni-personalizace\/\" \/>\n<meta property=\"og:locale\" content=\"cs_CZ\" \/>\n<meta property=\"og:type\" content=\"article\" \/>\n<meta property=\"og:title\" content=\"Maloobchodn\u00ed personalizace\" \/>\n<meta property=\"og:description\" content=\"&#013; Produkty ozna\u010den\u00e9 na zak\u00e1zku&#013; &#013; Spojte svou zna\u010dku se z\u00e1kazn\u00edky prost\u0159ednictv\u00edm p\u0159izp\u016fsoben\u00e9ho balen\u00ed produkt\u016f.&#013; &#013; Zobrazit\" \/>\n<meta property=\"og:url\" content=\"https:\/\/dev2.afinialabel.com\/cs\/maloobchodni-personalizace\/\" \/>\n<meta property=\"og:site_name\" content=\"Afinia Label - Make Your Own Labels\" \/>\n<meta property=\"article:modified_time\" content=\"2024-11-23T01:58:38+00:00\" \/>\n<meta name=\"twitter:card\" content=\"summary_large_image\" \/>\n<meta name=\"twitter:site\" content=\"@afinialabel\" \/>\n<meta name=\"twitter:label1\" content=\"Odhadovan\u00e1 doba \u010dten\u00ed\" \/>\n\t<meta name=\"twitter:data1\" content=\"2 minuty\" \/>\n<!-- \/ Yoast SEO Premium plugin. -->","yoast_head_json":{"title":"Maloobchodn\u00ed personalizace &#187; Afinia Label - Make Your Own Labels","description":"Spojte svou zna\u010dku se z\u00e1kazn\u00edky prost\u0159ednictv\u00edm p\u0159izp\u016fsoben\u00e9ho balen\u00ed produkt\u016f. Ozna\u010dov\u00e1n\u00ed v m\u00edst\u011b prodeje d\u00e1v\u00e1 spole\u010dnostem v\u00fdhodu a schopnost vytv\u00e1\u0159et nezapomenuteln\u00e9 maloobchodn\u00ed z\u00e1\u017eitky.","robots":{"index":"index","follow":"follow","max-snippet":"max-snippet:-1","max-image-preview":"max-image-preview:large","max-video-preview":"max-video-preview:-1"},"canonical":"https:\/\/dev2.afinialabel.com\/cs\/maloobchodni-personalizace\/","og_locale":"cs_CZ","og_type":"article","og_title":"Maloobchodn\u00ed personalizace","og_description":"&#013; Produkty ozna\u010den\u00e9 na zak\u00e1zku&#013; &#013; Spojte svou zna\u010dku se z\u00e1kazn\u00edky prost\u0159ednictv\u00edm p\u0159izp\u016fsoben\u00e9ho balen\u00ed produkt\u016f.&#013; &#013; Zobrazit","og_url":"https:\/\/dev2.afinialabel.com\/cs\/maloobchodni-personalizace\/","og_site_name":"Afinia Label - Make Your Own Labels","article_modified_time":"2024-11-23T01:58:38+00:00","twitter_card":"summary_large_image","twitter_site":"@afinialabel","twitter_misc":{"Odhadovan\u00e1 doba \u010dten\u00ed":"2 minuty"},"schema":{"@context":"https:\/\/schema.org","@graph":[{"@type":"WebPage","@id":"https:\/\/dev2.afinialabel.com\/cs\/maloobchodni-personalizace\/","url":"https:\/\/dev2.afinialabel.com\/cs\/maloobchodni-personalizace\/","name":"Maloobchodn\u00ed personalizace &#187; Afinia Label - Make Your Own Labels","isPartOf":{"@id":"https:\/\/dev2.afinialabel.com\/cs\/#website"},"datePublished":"2023-03-20T20:15:57+00:00","dateModified":"2024-11-23T01:58:38+00:00","description":"Spojte svou zna\u010dku se z\u00e1kazn\u00edky prost\u0159ednictv\u00edm p\u0159izp\u016fsoben\u00e9ho balen\u00ed produkt\u016f. Ozna\u010dov\u00e1n\u00ed v m\u00edst\u011b prodeje d\u00e1v\u00e1 spole\u010dnostem v\u00fdhodu a schopnost vytv\u00e1\u0159et nezapomenuteln\u00e9 maloobchodn\u00ed z\u00e1\u017eitky.","breadcrumb":{"@id":"https:\/\/dev2.afinialabel.com\/cs\/maloobchodni-personalizace\/#breadcrumb"},"inLanguage":"cs","potentialAction":[{"@type":"ReadAction","target":["https:\/\/dev2.afinialabel.com\/cs\/maloobchodni-personalizace\/"]}]},{"@type":"BreadcrumbList","@id":"https:\/\/dev2.afinialabel.com\/cs\/maloobchodni-personalizace\/#breadcrumb","itemListElement":[{"@type":"ListItem","position":1,"name":"Home","item":"https:\/\/dev2.afinialabel.com\/cs\/"},{"@type":"ListItem","position":2,"name":"Maloobchodn\u00ed personalizace"}]},{"@type":"WebSite","@id":"https:\/\/dev2.afinialabel.com\/cs\/#website","url":"https:\/\/dev2.afinialabel.com\/cs\/","name":"Afinia Label - Make Your Own Labels","description":"Digital Color Label Printers and Finishers","publisher":{"@id":"https:\/\/dev2.afinialabel.com\/cs\/#organization"},"potentialAction":[{"@type":"SearchAction","target":{"@type":"EntryPoint","urlTemplate":"https:\/\/dev2.afinialabel.com\/cs\/?s={search_term_string}"},"query-input":{"@type":"PropertyValueSpecification","valueRequired":true,"valueName":"search_term_string"}}],"inLanguage":"cs"},{"@type":"Organization","@id":"https:\/\/dev2.afinialabel.com\/cs\/#organization","name":"Afinia Label","url":"https:\/\/dev2.afinialabel.com\/cs\/","logo":{"@type":"ImageObject","inLanguage":"cs","@id":"https:\/\/dev2.afinialabel.com\/cs\/#\/schema\/logo\/image\/","url":"https:\/\/dev2.afinialabel.com\/wp-content\/uploads\/logo-light.svg","contentUrl":"https:\/\/dev2.afinialabel.com\/wp-content\/uploads\/logo-light.svg","width":190,"height":36,"caption":"Afinia Label"},"image":{"@id":"https:\/\/dev2.afinialabel.com\/cs\/#\/schema\/logo\/image\/"},"sameAs":["https:\/\/x.com\/afinialabel","https:\/\/www.youtube.com\/channel\/UC7oqak2m5QABw4LzXLuWCaA"]}]}},"_links":{"self":[{"href":"https:\/\/dev2.afinialabel.com\/cs\/wp-json\/wp\/v2\/pages\/5923","targetHints":{"allow":["GET"]}}],"collection":[{"href":"https:\/\/dev2.afinialabel.com\/cs\/wp-json\/wp\/v2\/pages"}],"about":[{"href":"https:\/\/dev2.afinialabel.com\/cs\/wp-json\/wp\/v2\/types\/page"}],"author":[{"embeddable":true,"href":"https:\/\/dev2.afinialabel.com\/cs\/wp-json\/wp\/v2\/users\/3"}],"replies":[{"embeddable":true,"href":"https:\/\/dev2.afinialabel.com\/cs\/wp-json\/wp\/v2\/comments?post=5923"}],"version-history":[{"count":0,"href":"https:\/\/dev2.afinialabel.com\/cs\/wp-json\/wp\/v2\/pages\/5923\/revisions"}],"wp:attachment":[{"href":"https:\/\/dev2.afinialabel.com\/cs\/wp-json\/wp\/v2\/media?parent=5923"}],"curies":[{"name":"wp","href":"https:\/\/api.w.org\/{rel}","templated":true}]}}