{"id":5837,"date":"2023-03-16T18:34:26","date_gmt":"2023-03-16T18:34:26","guid":{"rendered":"https:\/\/dev2.afinialabel.com\/software\/"},"modified":"2024-09-24T00:24:38","modified_gmt":"2024-09-24T00:24:38","slug":"software","status":"publish","type":"page","link":"https:\/\/dev2.afinialabel.com\/cs\/software\/","title":{"rendered":"Software"},"content":{"rendered":"<p>Tisk\u00e1rny \u0161t\u00edtk\u016f Afinia jsou nap\u00e1jeny ovlada\u010dem se syst\u00e9mem Windows, tak\u017ee jsou kompatibiln\u00ed t\u00e9m\u011b\u0159 s jakoukoli aplikac\u00ed Windows. Zat\u00edmco <strong>Afinia neprod\u00e1v\u00e1 software<\/strong> jako sou\u010d\u00e1st na\u0161ich slu\u017eeb, existuje mnoho mo\u017enost\u00ed &#8211; od jednoduch\u00fdch \u010dte\u010dek PDF \u201esta\u010d\u00ed kliknout a vytisknout\u201c a\u017e po pokro\u010dil\u00fd tisk \u0161t\u00edtk\u016f a integraci datab\u00e1ze. M\u016f\u017eeme tak\u00e9 pou\u017e\u00edt pokro\u010dil\u00e9 n\u00e1stroje pro p\u0159izp\u016fsoben\u00ed barev. N\u011bjak\u00e9 ot\u00e1zky? Projd\u011bte si n\u00ed\u017ee uveden\u00e9 odkazy nebo <a href=\"\/contact\/\">kontaktujte na\u0161e specialisty na \u0161t\u00edtky<\/a>, kte\u0159\u00ed v\u00e1m poskytnou dal\u0161\u00ed informace. <\/p>\n<hr>\n<h2><a href=\"https:\/\/get2.adobe.com\/reader\/\"><img decoding=\"async\" class=\"alignright wp-image-1097\" src=\"\/wp-content\/uploads\/adobereader.png\" alt=\"St\u00e1hn\u011bte si Adobe Reader zdarma\" width=\"301\" height=\"121\" srcset=\"https:\/\/dev2.afinialabel.com\/wp-content\/uploads\/adobereader.png 512w, https:\/\/dev2.afinialabel.com\/wp-content\/uploads\/adobereader-300x121.png 300w, https:\/\/dev2.afinialabel.com\/wp-content\/uploads\/adobereader-275x111.png 275w, https:\/\/dev2.afinialabel.com\/wp-content\/uploads\/adobereader-65x26.png 65w\" sizes=\"(max-width: 301px) 100vw, 301px\" \/><\/a><\/h2>\n<h2>Adobe Reader<\/h2>\n<h3>Snadn\u00fd tisk z dokument\u016f PDF<\/h3>\n<p> Adobe Reader je jedn\u00edm z nejb\u011b\u017en\u011bj\u0161\u00edch a nejjednodu\u0161\u0161\u00edch zp\u016fsob\u016f, jak za\u010d\u00edt tisknout vlastn\u00ed \u0161t\u00edtky. <a class=\"btn\" href=\"https:\/\/get2.adobe.com\/reader\/\" target=\"_blank\" rel=\"noopener noreferrer\">St\u00e1hn\u011bte si Adobe Reader zdarma<\/a><\/p>\n<hr>\n<h2><img decoding=\"async\" class=\"alignright wp-image-1094\" src=\"\/wp-content\/uploads\/bartender-logo-1.png\" alt=\"Vyzkou\u0161ejte bezplatnou 30denn\u00ed zku\u0161ebn\u00ed verzi softwaru BarTender od spole\u010dnosti Seagull Scientific\" width=\"234\" height=\"55\" srcset=\"https:\/\/dev2.afinialabel.com\/wp-content\/uploads\/bartender-logo-1.png 400w, https:\/\/dev2.afinialabel.com\/wp-content\/uploads\/bartender-logo-1-300x71.png 300w, https:\/\/dev2.afinialabel.com\/wp-content\/uploads\/bartender-logo-1-275x65.png 275w, https:\/\/dev2.afinialabel.com\/wp-content\/uploads\/bartender-logo-1-65x15.png 65w\" sizes=\"(max-width: 234px) 100vw, 234px\" \/><\/h2>\n<h2>BarTender od Seagull Scientific<\/h2>\n<h3>Pokro\u010dil\u00fd tisk \u0161t\u00edtk\u016f, v\u010detn\u011b integrace prom\u011bnn\u00fdch dat a datab\u00e1ze<\/h3>\n<p> Seagull Scientific nab\u00edz\u00ed bezplatnou 30denn\u00ed zku\u0161ebn\u00ed verzi softwaru BarTender, kter\u00e1 v\u00e1m umo\u017en\u00ed vytv\u00e1\u0159et \u0161t\u00edtky pomoc\u00ed funkc\u00ed z edic Professional, Automation a Enterprise. Tento program umo\u017e\u0148uje m\u011bnit data za b\u011bhu nebo prost\u0159ednictv\u00edm integrace datab\u00e1ze. <a class=\"btn\" title=\"St\u00e1hnout barmana zdarma\" href=\"https:\/\/www.seagullscientific.com\/free-edition-download\/?TrackData=ReferralAccount~U0000665*ReferralCampaign~CMP-01294-P2B5S1#sign-up-form\" target=\"_blank\" rel=\"noopener noreferrer\">30denn\u00ed zku\u0161ebn\u00ed verze aplikace BarTender<\/a><\/p>\n<hr>\n<h2>Wasatch SoftRIP<\/h2>\n<h3>Sofistikovan\u00fd software RIP pro p\u0159esn\u00e9 ovl\u00e1d\u00e1n\u00ed barev<\/h3>\n<p><img decoding=\"async\" class=\"alignright wp-image-1096 size-medium\" src=\"\/wp-content\/uploads\/wasatch-logo.png\" alt=\"Software Wasatch SoftRIP\" width=\"300\" height=\"164\" srcset=\"https:\/\/dev2.afinialabel.com\/wp-content\/uploads\/wasatch-logo.png 400w, https:\/\/dev2.afinialabel.com\/wp-content\/uploads\/wasatch-logo-300x164.png 300w, https:\/\/dev2.afinialabel.com\/wp-content\/uploads\/wasatch-logo-275x151.png 275w, https:\/\/dev2.afinialabel.com\/wp-content\/uploads\/wasatch-logo-65x36.png 65w\" sizes=\"(max-width: 300px) 100vw, 300px\" \/>S jednoduch\u00fdm nastaven\u00edm, intuitivn\u00edm pracovn\u00edm postupem a v\u00fdkonn\u00fdmi ovl\u00e1dac\u00edmi prvky tisku v\u00e1m SoftRIP \u0161et\u0159\u00ed \u010das a pen\u00edze a z\u00e1rove\u0148 produkuje barvy vynikaj\u00edc\u00ed kvality. Se SoftRIPem nemus\u00edte b\u00fdt odborn\u00edkem, abyste mohli tisknout jako jeden z nich. Bez ohledu na to, jak velk\u00e9 nebo slo\u017eit\u00e9 je va\u0161e v\u00fdrobn\u00ed prost\u0159ed\u00ed, SoftRIP m\u00e1 n\u00e1stroje, kter\u00e9 pot\u0159ebujete pro \u00faplnou kontrolu. Wasatch SoftRIP v\u00e1m poskytuje dokonalou kombinaci snadn\u00e9 obsluhy a sofistikovan\u00fdch funkc\u00ed. Nov\u00ed u\u017eivatel\u00e9 budou v provozu b\u011bhem n\u011bkolika minut d\u00edky snadno pou\u017eiteln\u00fdm ovl\u00e1dac\u00edm prvk\u016fm barev, konfigurac\u00edm zobrazen\u00ed plug-and-play a rychl\u00e9mu nastaven\u00ed. Odborn\u00edci na tisk najdou slo\u017eit\u00e9 ovl\u00e1dac\u00ed prvky a inovativn\u00ed n\u00e1stroje pot\u0159ebn\u00e9 k implementaci i t\u011bch nejslo\u017eit\u011bj\u0161\u00edch v\u00fdrobn\u00edch a barevn\u00fdch pracovn\u00edch postup\u016f pro bezkonkuren\u010dn\u00ed kvalitu v\u00fdstupu. <img loading=\"lazy\" decoding=\"async\" class=\"aligncenter wp-image-1095 size-full\" src=\"\/wp-content\/uploads\/wasatch.png\" alt=\"P\u0159ehled funkc\u00ed Wasatch SoftRIP\" width=\"700\" height=\"200\" srcset=\"https:\/\/dev2.afinialabel.com\/wp-content\/uploads\/wasatch.png 700w, https:\/\/dev2.afinialabel.com\/wp-content\/uploads\/wasatch-300x86.png 300w, https:\/\/dev2.afinialabel.com\/wp-content\/uploads\/wasatch-640x183.png 640w, https:\/\/dev2.afinialabel.com\/wp-content\/uploads\/wasatch-275x79.png 275w, https:\/\/dev2.afinialabel.com\/wp-content\/uploads\/wasatch-65x19.png 65w\" sizes=\"(max-width: 700px) 100vw, 700px\" \/><\/p>\n<p><a class=\"btn\" title=\"Wasatch SoftRIP\" href=\"https:\/\/www.wasatch.com\/\" target=\"_blank\" rel=\"noopener noreferrer\">Webov\u00e9 str\u00e1nky Wasatch SoftRIP<\/a><\/p>\n","protected":false},"excerpt":{"rendered":"Tisk\u00e1rny \u0161t\u00edtk\u016f Afinia jsou nap\u00e1jeny ovlada\u010dem se syst\u00e9mem Windows, tak\u017ee jsou kompatibiln\u00ed t\u00e9m\u011b\u0159 s jakoukoli aplikac\u00ed Windows. Zat\u00edmco Afinia neprod\u00e1v\u00e1 software jako sou\u010d\u00e1st na\u0161ich slu\u017eeb, existuje mnoho mo\u017enost\u00ed &#8211; od jednoduch\u00fdch \u010dte\u010dek PDF \u201esta\u010d\u00ed kliknout a vytisknout\u201c a\u017e po pokro\u010dil\u00fd tisk \u0161t\u00edtk\u016f a integraci datab\u00e1ze. M\u016f\u017eeme tak\u00e9 pou\u017e\u00edt pokro\u010dil\u00e9 n\u00e1stroje pro p\u0159izp\u016fsoben\u00ed barev. N\u011bjak\u00e9 ot\u00e1zky?&#8230; <a class=\"view-article\" href=\"https:\/\/dev2.afinialabel.com\/cs\/software\/\">View Article<\/a>","protected":false},"author":3,"featured_media":0,"parent":0,"menu_order":109,"comment_status":"closed","ping_status":"closed","template":"","meta":{"_acf_changed":false,"footnotes":""},"class_list":["post-5837","page","type-page","status-publish","hentry"],"acf":[],"yoast_head":"<!-- This site is optimized with the Yoast SEO Premium plugin v27.5 (Yoast SEO v27.5) - https:\/\/yoast.com\/product\/yoast-seo-premium-wordpress\/ -->\n<title>Software &#187; Afinia Label - Make Your Own Labels<\/title>\n<meta name=\"description\" content=\"Digital Color Label Printers and Finishers - Software\" \/>\n<meta name=\"robots\" content=\"index, follow, max-snippet:-1, max-image-preview:large, max-video-preview:-1\" \/>\n<link rel=\"canonical\" href=\"https:\/\/dev2.afinialabel.com\/cs\/software\/\" \/>\n<meta property=\"og:locale\" content=\"cs_CZ\" \/>\n<meta property=\"og:type\" content=\"article\" \/>\n<meta property=\"og:title\" content=\"Software\" \/>\n<meta property=\"og:description\" content=\"Tisk\u00e1rny \u0161t\u00edtk\u016f Afinia jsou nap\u00e1jeny ovlada\u010dem se syst\u00e9mem Windows, tak\u017ee jsou kompatibiln\u00ed t\u00e9m\u011b\u0159 s jakoukoli aplikac\u00ed Windows. Zat\u00edmco Afinia neprod\u00e1v\u00e1\" \/>\n<meta property=\"og:url\" content=\"https:\/\/dev2.afinialabel.com\/cs\/software\/\" \/>\n<meta property=\"og:site_name\" content=\"Afinia Label - Make Your Own Labels\" \/>\n<meta property=\"article:modified_time\" content=\"2024-09-24T00:24:38+00:00\" \/>\n<meta name=\"twitter:card\" content=\"summary_large_image\" \/>\n<meta name=\"twitter:site\" content=\"@afinialabel\" \/>\n<meta name=\"twitter:label1\" content=\"Odhadovan\u00e1 doba \u010dten\u00ed\" \/>\n\t<meta name=\"twitter:data1\" content=\"2 minuty\" \/>\n<!-- \/ Yoast SEO Premium plugin. -->","yoast_head_json":{"title":"Software &#187; Afinia Label - Make Your Own Labels","description":"Digital Color Label Printers and Finishers - Software","robots":{"index":"index","follow":"follow","max-snippet":"max-snippet:-1","max-image-preview":"max-image-preview:large","max-video-preview":"max-video-preview:-1"},"canonical":"https:\/\/dev2.afinialabel.com\/cs\/software\/","og_locale":"cs_CZ","og_type":"article","og_title":"Software","og_description":"Tisk\u00e1rny \u0161t\u00edtk\u016f Afinia jsou nap\u00e1jeny ovlada\u010dem se syst\u00e9mem Windows, tak\u017ee jsou kompatibiln\u00ed t\u00e9m\u011b\u0159 s jakoukoli aplikac\u00ed Windows. Zat\u00edmco Afinia neprod\u00e1v\u00e1","og_url":"https:\/\/dev2.afinialabel.com\/cs\/software\/","og_site_name":"Afinia Label - Make Your Own Labels","article_modified_time":"2024-09-24T00:24:38+00:00","twitter_card":"summary_large_image","twitter_site":"@afinialabel","twitter_misc":{"Odhadovan\u00e1 doba \u010dten\u00ed":"2 minuty"},"schema":{"@context":"https:\/\/schema.org","@graph":[{"@type":"WebPage","@id":"https:\/\/dev2.afinialabel.com\/cs\/software\/","url":"https:\/\/dev2.afinialabel.com\/cs\/software\/","name":"Software &#187; Afinia Label - Make Your Own Labels","isPartOf":{"@id":"https:\/\/dev2.afinialabel.com\/cs\/#website"},"datePublished":"2023-03-16T18:34:26+00:00","dateModified":"2024-09-24T00:24:38+00:00","description":"Digital Color Label Printers and Finishers - Software","breadcrumb":{"@id":"https:\/\/dev2.afinialabel.com\/cs\/software\/#breadcrumb"},"inLanguage":"cs","potentialAction":[{"@type":"ReadAction","target":["https:\/\/dev2.afinialabel.com\/cs\/software\/"]}]},{"@type":"BreadcrumbList","@id":"https:\/\/dev2.afinialabel.com\/cs\/software\/#breadcrumb","itemListElement":[{"@type":"ListItem","position":1,"name":"Home","item":"https:\/\/dev2.afinialabel.com\/cs\/"},{"@type":"ListItem","position":2,"name":"Software"}]},{"@type":"WebSite","@id":"https:\/\/dev2.afinialabel.com\/cs\/#website","url":"https:\/\/dev2.afinialabel.com\/cs\/","name":"Afinia Label - Make Your Own Labels","description":"Digital Color Label Printers and Finishers","publisher":{"@id":"https:\/\/dev2.afinialabel.com\/cs\/#organization"},"potentialAction":[{"@type":"SearchAction","target":{"@type":"EntryPoint","urlTemplate":"https:\/\/dev2.afinialabel.com\/cs\/?s={search_term_string}"},"query-input":{"@type":"PropertyValueSpecification","valueRequired":true,"valueName":"search_term_string"}}],"inLanguage":"cs"},{"@type":"Organization","@id":"https:\/\/dev2.afinialabel.com\/cs\/#organization","name":"Afinia Label","url":"https:\/\/dev2.afinialabel.com\/cs\/","logo":{"@type":"ImageObject","inLanguage":"cs","@id":"https:\/\/dev2.afinialabel.com\/cs\/#\/schema\/logo\/image\/","url":"https:\/\/dev2.afinialabel.com\/wp-content\/uploads\/logo-light.svg","contentUrl":"https:\/\/dev2.afinialabel.com\/wp-content\/uploads\/logo-light.svg","width":190,"height":36,"caption":"Afinia Label"},"image":{"@id":"https:\/\/dev2.afinialabel.com\/cs\/#\/schema\/logo\/image\/"},"sameAs":["https:\/\/x.com\/afinialabel","https:\/\/www.youtube.com\/channel\/UC7oqak2m5QABw4LzXLuWCaA"]}]}},"_links":{"self":[{"href":"https:\/\/dev2.afinialabel.com\/cs\/wp-json\/wp\/v2\/pages\/5837","targetHints":{"allow":["GET"]}}],"collection":[{"href":"https:\/\/dev2.afinialabel.com\/cs\/wp-json\/wp\/v2\/pages"}],"about":[{"href":"https:\/\/dev2.afinialabel.com\/cs\/wp-json\/wp\/v2\/types\/page"}],"author":[{"embeddable":true,"href":"https:\/\/dev2.afinialabel.com\/cs\/wp-json\/wp\/v2\/users\/3"}],"replies":[{"embeddable":true,"href":"https:\/\/dev2.afinialabel.com\/cs\/wp-json\/wp\/v2\/comments?post=5837"}],"version-history":[{"count":0,"href":"https:\/\/dev2.afinialabel.com\/cs\/wp-json\/wp\/v2\/pages\/5837\/revisions"}],"wp:attachment":[{"href":"https:\/\/dev2.afinialabel.com\/cs\/wp-json\/wp\/v2\/media?parent=5837"}],"curies":[{"name":"wp","href":"https:\/\/api.w.org\/{rel}","templated":true}]}}