{"id":241845,"date":"2023-04-13T16:43:56","date_gmt":"2023-04-13T16:43:56","guid":{"rendered":"https:\/\/dev2.afinialabel.com\/about-afinia\/hp-thermal-inkjet-printing\/"},"modified":"2024-11-22T04:43:50","modified_gmt":"2024-11-22T04:43:50","slug":"hp-thermal-inkjet-printing","status":"publish","type":"page","link":"https:\/\/dev2.afinialabel.com\/cs\/about-afinia\/hp-thermal-inkjet-printing\/","title":{"rendered":"Tepeln\u00fd inkoustov\u00fd tisk HP"},"content":{"rendered":"<h3>Vhodn\u00fd pro ka\u017edou pot\u0159ebu<\/h3>\n<p> Technologie tepeln\u00e9ho inkoustu (TIJ) spole\u010dnosti HP poskytuje neuv\u011b\u0159itelnou v\u0161estrannost, d\u00edky \u010demu\u017e je obl\u00edbenou volbou po cel\u00e9m sv\u011bt\u011b pro \u0161irokou \u0161k\u00e1lu pot\u0159eb tisku \u0161t\u00edtk\u016f. <\/p>\n<h3>\u0160t\u00edtek HP a Afinia<\/h3>\n<p> Spole\u010dnost HP je odhodl\u00e1na inovovat pro v\u0161echny a m\u011bnit zp\u016fsob, jak\u00fdm lid\u00e9 pracuj\u00ed a \u017eij\u00ed. Afinia Label za\u010dle\u0148uje tuto inovativn\u00ed technologii do tisk\u00e1ren \u0161t\u00edtk\u016f a nab\u00edz\u00ed spolehliv\u00e9 a vysoce kvalitn\u00ed produkty pro spole\u010dnosti, kter\u00e9 cht\u011bj\u00ed zv\u00fd\u0161it n\u00e1vratnost investic. <\/p>\n<p style=\"text-align: center\"><img fetchpriority=\"high\" decoding=\"async\" class=\"aligncenter wp-image-1538 size-full\" src=\"\/wp-content\/uploads\/hp-l301-l501.jpg\" alt=\"Inkoustov\u00e1 technologie HP nalezen\u00e1 v barevn\u00fdch tisk\u00e1rn\u00e1ch \u0161t\u00edtk\u016f Afinia\" width=\"1200\" height=\"400\" srcset=\"https:\/\/dev2.afinialabel.com\/wp-content\/uploads\/hp-l301-l501.jpg 1200w, https:\/\/dev2.afinialabel.com\/wp-content\/uploads\/hp-l301-l501-300x100.jpg 300w, https:\/\/dev2.afinialabel.com\/wp-content\/uploads\/hp-l301-l501-1000x333.jpg 1000w, https:\/\/dev2.afinialabel.com\/wp-content\/uploads\/hp-l301-l501-768x256.jpg 768w, https:\/\/dev2.afinialabel.com\/wp-content\/uploads\/hp-l301-l501-640x213.jpg 640w, https:\/\/dev2.afinialabel.com\/wp-content\/uploads\/hp-l301-l501-275x92.jpg 275w, https:\/\/dev2.afinialabel.com\/wp-content\/uploads\/hp-l301-l501-65x22.jpg 65w\" sizes=\"(max-width: 1200px) 100vw, 1200px\" \/><\/p>\n<p> \u0160t\u00edtek Afinia je vybaven tepelnou inkoustovou technologi\u00ed HP v n\u011bkolika tisk\u00e1rn\u00e1ch \u0161t\u00edtk\u016f, v\u010detn\u011b <a href=\"\/digital-label-printers\/l301-small-business-color-label-printer\/\">barevn\u00e9 tisk\u00e1rny \u0161t\u00edtk\u016f L301 Small Business<\/a> a <a href=\"\/digital-label-printers\/l502-duo-ink-industrial-color-label-printer\/\">tisk\u00e1rny \u0161t\u00edtk\u016f L502 Duo<\/a>, kter\u00e1 z\u00e1kazn\u00edk\u016fm nab\u00edz\u00ed ekonomickou, snadno pou\u017eitelnou a profesion\u00e1ln\u00ed kvalitu tisku \u0161t\u00edtk\u016f. <\/p>\n<h3>Pro\u010d si lid\u00e9 vyb\u00edraj\u00ed HP TIJ<\/h3>\n<p> Spolehlivost je nutnost\u00ed p\u0159i tisku \u0161t\u00edtk\u016f &#8211; a kl\u00ed\u010dov\u00fdm prvkem tepeln\u00e9 inkoustov\u00e9 technologie HP. Je tak\u00e9 snadno pou\u017eiteln\u00fd a HP Specialty Printing Systems (SPS) poskytuje pot\u0159ebn\u00e9 n\u00e1stroje k zaji\u0161t\u011bn\u00ed rychl\u00e9 a \u00fasp\u011b\u0161n\u00e9 integrace do va\u0161eho podnik\u00e1n\u00ed, minimalizaci n\u00e1klad\u016f na v\u00fdvoj a urychlen\u00ed va\u0161eho p\u0159\u00edchodu k \u017eiv\u00fdm, kr\u00e1sn\u011b ozna\u010den\u00fdm produkt\u016fm. Jako dlouholet\u00fd partner SPS m\u00e1 Afinia Label spoustu zku\u0161enost\u00ed s integrac\u00ed technologie HP TIJ.<\/p>\n","protected":false},"excerpt":{"rendered":"Vhodn\u00fd pro ka\u017edou pot\u0159ebu Technologie tepeln\u00e9ho inkoustu (TIJ) spole\u010dnosti HP poskytuje neuv\u011b\u0159itelnou v\u0161estrannost, d\u00edky \u010demu\u017e je obl\u00edbenou volbou po cel\u00e9m sv\u011bt\u011b pro \u0161irokou \u0161k\u00e1lu pot\u0159eb tisku \u0161t\u00edtk\u016f. \u0160t\u00edtek HP a Afinia Spole\u010dnost HP je odhodl\u00e1na inovovat pro v\u0161echny a m\u011bnit zp\u016fsob, jak\u00fdm lid\u00e9 pracuj\u00ed a \u017eij\u00ed. Afinia Label za\u010dle\u0148uje tuto inovativn\u00ed technologii do tisk\u00e1ren \u0161t\u00edtk\u016f&#8230; <a class=\"view-article\" href=\"https:\/\/dev2.afinialabel.com\/cs\/about-afinia\/hp-thermal-inkjet-printing\/\">View Article<\/a>","protected":false},"author":3,"featured_media":0,"parent":241803,"menu_order":236,"comment_status":"closed","ping_status":"closed","template":"","meta":{"_acf_changed":false,"footnotes":""},"class_list":["post-241845","page","type-page","status-publish","hentry"],"acf":[],"yoast_head":"<!-- This site is optimized with the Yoast SEO Premium plugin v27.5 (Yoast SEO v27.5) - https:\/\/yoast.com\/product\/yoast-seo-premium-wordpress\/ -->\n<title>Tepeln\u00fd inkoustov\u00fd tisk HP &#187; Afinia Label - Make Your Own Labels<\/title>\n<meta name=\"description\" content=\"Digital Color Label Printers and Finishers - Tepeln\u00fd inkoustov\u00fd tisk HP\" \/>\n<meta name=\"robots\" content=\"index, follow, max-snippet:-1, max-image-preview:large, max-video-preview:-1\" \/>\n<link rel=\"canonical\" href=\"https:\/\/dev2.afinialabel.com\/cs\/about-afinia\/hp-thermal-inkjet-printing\/\" \/>\n<meta property=\"og:locale\" content=\"cs_CZ\" \/>\n<meta property=\"og:type\" content=\"article\" \/>\n<meta property=\"og:title\" content=\"Tepeln\u00fd inkoustov\u00fd tisk HP\" \/>\n<meta property=\"og:description\" content=\"Vhodn\u00fd pro ka\u017edou pot\u0159ebu Technologie tepeln\u00e9ho inkoustu (TIJ) spole\u010dnosti HP poskytuje neuv\u011b\u0159itelnou v\u0161estrannost, d\u00edky \u010demu\u017e je obl\u00edbenou volbou po\" \/>\n<meta property=\"og:url\" content=\"https:\/\/dev2.afinialabel.com\/cs\/about-afinia\/hp-thermal-inkjet-printing\/\" \/>\n<meta property=\"og:site_name\" content=\"Afinia Label - Make Your Own Labels\" \/>\n<meta property=\"article:modified_time\" content=\"2024-11-22T04:43:50+00:00\" \/>\n<meta name=\"twitter:card\" content=\"summary_large_image\" \/>\n<meta name=\"twitter:site\" content=\"@afinialabel\" \/>\n<meta name=\"twitter:label1\" content=\"Odhadovan\u00e1 doba \u010dten\u00ed\" \/>\n\t<meta name=\"twitter:data1\" content=\"1 minuta\" \/>\n<!-- \/ Yoast SEO Premium plugin. -->","yoast_head_json":{"title":"Tepeln\u00fd inkoustov\u00fd tisk HP &#187; Afinia Label - Make Your Own Labels","description":"Digital Color Label Printers and Finishers - Tepeln\u00fd inkoustov\u00fd tisk HP","robots":{"index":"index","follow":"follow","max-snippet":"max-snippet:-1","max-image-preview":"max-image-preview:large","max-video-preview":"max-video-preview:-1"},"canonical":"https:\/\/dev2.afinialabel.com\/cs\/about-afinia\/hp-thermal-inkjet-printing\/","og_locale":"cs_CZ","og_type":"article","og_title":"Tepeln\u00fd inkoustov\u00fd tisk HP","og_description":"Vhodn\u00fd pro ka\u017edou pot\u0159ebu Technologie tepeln\u00e9ho inkoustu (TIJ) spole\u010dnosti HP poskytuje neuv\u011b\u0159itelnou v\u0161estrannost, d\u00edky \u010demu\u017e je obl\u00edbenou volbou po","og_url":"https:\/\/dev2.afinialabel.com\/cs\/about-afinia\/hp-thermal-inkjet-printing\/","og_site_name":"Afinia Label - Make Your Own Labels","article_modified_time":"2024-11-22T04:43:50+00:00","twitter_card":"summary_large_image","twitter_site":"@afinialabel","twitter_misc":{"Odhadovan\u00e1 doba \u010dten\u00ed":"1 minuta"},"schema":{"@context":"https:\/\/schema.org","@graph":[{"@type":"WebPage","@id":"https:\/\/dev2.afinialabel.com\/cs\/about-afinia\/hp-thermal-inkjet-printing\/","url":"https:\/\/dev2.afinialabel.com\/cs\/about-afinia\/hp-thermal-inkjet-printing\/","name":"Tepeln\u00fd inkoustov\u00fd tisk HP &#187; Afinia Label - Make Your Own Labels","isPartOf":{"@id":"https:\/\/dev2.afinialabel.com\/cs\/#website"},"datePublished":"2023-04-13T16:43:56+00:00","dateModified":"2024-11-22T04:43:50+00:00","description":"Digital Color Label Printers and Finishers - Tepeln\u00fd inkoustov\u00fd tisk HP","breadcrumb":{"@id":"https:\/\/dev2.afinialabel.com\/cs\/about-afinia\/hp-thermal-inkjet-printing\/#breadcrumb"},"inLanguage":"cs","potentialAction":[{"@type":"ReadAction","target":["https:\/\/dev2.afinialabel.com\/cs\/about-afinia\/hp-thermal-inkjet-printing\/"]}]},{"@type":"BreadcrumbList","@id":"https:\/\/dev2.afinialabel.com\/cs\/about-afinia\/hp-thermal-inkjet-printing\/#breadcrumb","itemListElement":[{"@type":"ListItem","position":1,"name":"Home","item":"https:\/\/dev2.afinialabel.com\/cs\/"},{"@type":"ListItem","position":2,"name":"O zna\u010dce Afinia","item":"https:\/\/dev2.afinialabel.com\/cs\/about-afinia\/"},{"@type":"ListItem","position":3,"name":"Tepeln\u00fd inkoustov\u00fd tisk HP"}]},{"@type":"WebSite","@id":"https:\/\/dev2.afinialabel.com\/cs\/#website","url":"https:\/\/dev2.afinialabel.com\/cs\/","name":"Afinia Label - Make Your Own Labels","description":"Digital Color Label Printers and Finishers","publisher":{"@id":"https:\/\/dev2.afinialabel.com\/cs\/#organization"},"potentialAction":[{"@type":"SearchAction","target":{"@type":"EntryPoint","urlTemplate":"https:\/\/dev2.afinialabel.com\/cs\/?s={search_term_string}"},"query-input":{"@type":"PropertyValueSpecification","valueRequired":true,"valueName":"search_term_string"}}],"inLanguage":"cs"},{"@type":"Organization","@id":"https:\/\/dev2.afinialabel.com\/cs\/#organization","name":"Afinia Label","url":"https:\/\/dev2.afinialabel.com\/cs\/","logo":{"@type":"ImageObject","inLanguage":"cs","@id":"https:\/\/dev2.afinialabel.com\/cs\/#\/schema\/logo\/image\/","url":"https:\/\/dev2.afinialabel.com\/wp-content\/uploads\/logo-light.svg","contentUrl":"https:\/\/dev2.afinialabel.com\/wp-content\/uploads\/logo-light.svg","width":190,"height":36,"caption":"Afinia Label"},"image":{"@id":"https:\/\/dev2.afinialabel.com\/cs\/#\/schema\/logo\/image\/"},"sameAs":["https:\/\/x.com\/afinialabel","https:\/\/www.youtube.com\/channel\/UC7oqak2m5QABw4LzXLuWCaA"]}]}},"_links":{"self":[{"href":"https:\/\/dev2.afinialabel.com\/cs\/wp-json\/wp\/v2\/pages\/241845","targetHints":{"allow":["GET"]}}],"collection":[{"href":"https:\/\/dev2.afinialabel.com\/cs\/wp-json\/wp\/v2\/pages"}],"about":[{"href":"https:\/\/dev2.afinialabel.com\/cs\/wp-json\/wp\/v2\/types\/page"}],"author":[{"embeddable":true,"href":"https:\/\/dev2.afinialabel.com\/cs\/wp-json\/wp\/v2\/users\/3"}],"replies":[{"embeddable":true,"href":"https:\/\/dev2.afinialabel.com\/cs\/wp-json\/wp\/v2\/comments?post=241845"}],"version-history":[{"count":0,"href":"https:\/\/dev2.afinialabel.com\/cs\/wp-json\/wp\/v2\/pages\/241845\/revisions"}],"up":[{"embeddable":true,"href":"https:\/\/dev2.afinialabel.com\/cs\/wp-json\/wp\/v2\/pages\/241803"}],"wp:attachment":[{"href":"https:\/\/dev2.afinialabel.com\/cs\/wp-json\/wp\/v2\/media?parent=241845"}],"curies":[{"name":"wp","href":"https:\/\/api.w.org\/{rel}","templated":true}]}}