{"id":241803,"date":"2023-04-13T16:42:32","date_gmt":"2023-04-13T16:42:32","guid":{"rendered":"https:\/\/dev2.afinialabel.com\/about-afinia\/"},"modified":"2024-11-22T08:12:38","modified_gmt":"2024-11-22T08:12:38","slug":"about-afinia","status":"publish","type":"page","link":"https:\/\/dev2.afinialabel.com\/cs\/about-afinia\/","title":{"rendered":"O zna\u010dce Afinia"},"content":{"rendered":"<h2>Pom\u00e1h\u00e1me spole\u010dnostem vytv\u00e1\u0159et vlastn\u00ed \u0161t\u00edtky<\/h2>\n<h3>Firmy po cel\u00e9m sv\u011bt\u011b \u0161et\u0159\u00ed \u010das a pen\u00edze a z\u00e1rove\u0148 zlep\u0161uj\u00ed sv\u00e9 procesy ozna\u010dov\u00e1n\u00ed.<\/h3>\n<p> Vybudovali jsme si pov\u011bst poskytovatel\u016f kvalitn\u00edch produkt\u016f, d\u00edky nim\u017e je tisk a dokon\u010dov\u00e1n\u00ed \u0161t\u00edtk\u016f snaz\u0161\u00ed a spolehliv\u011bj\u0161\u00ed ne\u017e kdykoli p\u0159edt\u00edm, ani\u017e bychom ztratili zam\u011b\u0159en\u00ed na v\u00e1\u0161 celkov\u00fd z\u00e1jem \u010d\u00edslo jedna: <strong>solidn\u00ed n\u00e1vratnost investic<\/strong>. A\u0165 u\u017e outsourcujete sv\u00e9 \u0161t\u00edtky nebo jste zku\u0161en\u00fd <a href=\"https:\/\/dev2.afinialabel.com\/\">tisk\u00e1rna \u0161t\u00edtk\u016f<\/a> nebo konvertor, Afinia Label m\u00e1 \u0161irokou \u0161k\u00e1lu intern\u00edch profesion\u00e1ln\u00edch a pr\u016fmyslov\u00fdch tiskov\u00fdch a dokon\u010dovac\u00edch \u0159e\u0161en\u00ed \u0161t\u00edtk\u016f, kter\u00e1 vyhovuj\u00ed va\u0161im pot\u0159eb\u00e1m. <\/p>\n<h2>Co \u0159\u00edkaj\u00ed na\u0161i z\u00e1kazn\u00edci<\/h2>\n<p> Z\u00e1kazn\u00edci po cel\u00e9m sv\u011bt\u011b \u0159\u00edkaj\u00ed, \u017ee na\u0161e profesion\u00e1ln\u00ed vybaven\u00ed se vypl\u00e1c\u00ed \u0159adou prost\u0159edk\u016f: <\/p>\n<ul>\n<li><strong>Virtu\u00e1ln\u00ed eliminace invent\u00e1\u0159e etiket<\/strong> a zastaral\u00fdch etiket<\/li>\n<li><strong>\u00daspora n\u00e1klad\u016f na \u0161t\u00edtky<\/strong> oproti extern\u00edm inkoustov\u00fdm tisk\u00e1rn\u00e1m, inkoustov\u00fdm tisk\u00e1rn\u00e1m nebo inkoustov\u00fdm tisk\u00e1rn\u00e1m konkurence<\/li>\n<li><strong>Zkr\u00e1cen\u00ed doby uveden\u00ed na trh<\/strong> t\u00edm, \u017ee se zabr\u00e1n\u00ed dodac\u00edm lh\u016ft\u00e1m a zpo\u017ed\u011bn\u00edm<\/li>\n<\/ul>\n<p> Mnoho z\u00e1kazn\u00edk\u016f nakupuje \u0159e\u0161en\u00ed Afinia Label, kter\u00e1 nahrazuj\u00ed \u201elevn\u011bj\u0161\u00ed\u201c \u0159e\u0161en\u00ed a <strong>sni\u017euj\u00ed n\u00e1klady na inkoust a\u017e o 80%. Samotn\u00e1 \u00faspora inkoustu m\u00e1 mnoho z\u00e1kazn\u00edk\u016f Afinia Label, kte\u0159\u00ed plat\u00ed za novou tisk\u00e1rnu do \u0161esti m\u011bs\u00edc\u016f.<\/strong> M\u011bjte na pam\u011bti nejen kupn\u00ed cenu, ale i n\u00e1klady na vlastnictv\u00ed. &quot;Levn\u011bj\u0161\u00ed&quot; tisk\u00e1rny mohou b\u00fdt dra\u017e\u0161\u00ed, kdy\u017e va\u0161e tiskov\u00e9 objemy dos\u00e1hnou ur\u010dit\u00e9ho bodu. <\/p>\n<h2>Na\u0161e historie<\/h2>\n<p> Afinia Label byla zalo\u017eena v roce 2009 s c\u00edlem nab\u00edzet speci\u00e1ln\u00ed tiskov\u00e1 \u0159e\u0161en\u00ed s nejlep\u0161\u00ed podporou ve sv\u00e9 t\u0159\u00edd\u011b za dostupn\u00e9 ceny. Na\u0161e mate\u0159sk\u00e1 spole\u010dnost Microboards Technology nab\u00edz\u00ed produkty pro duplikaci m\u00e9di\u00ed od roku 1989. To n\u00e1m d\u00e1v\u00e1 pevn\u00fd z\u00e1klad technick\u00e9 odbornosti a des\u00edtky let zku\u0161enost\u00ed s poskytov\u00e1n\u00edm nejlep\u0161\u00edho mo\u017en\u00e9ho z\u00e1kaznick\u00e9ho servisu. Na\u0161e speci\u00e1ln\u00ed tiskov\u00e1 \u0159e\u0161en\u00ed zahrnuj\u00ed pr\u016fmyslov\u00fd <a title=\"Tisk\u00e1rna \u0161t\u00edtk\u016f L-801\" href=\"\/product-tag\/memjet\/\">vysokorychlostn\u00ed tisk \u0161t\u00edtk\u016f<\/a> a <a href=\"\/finishing-equipment\/\" target=\"_blank\" rel=\"noopener noreferrer\">dokon\u010dov\u00e1n\u00ed \u0161t\u00edtk\u016f<\/a>, p\u0159i\u010dem\u017e produkty jsou k dispozici ve v\u00edce ne\u017e 55 zem\u00edch. Na\u0161e za\u0159\u00edzen\u00ed stav\u00edme tak, abychom co nejd\u0159\u00edve dos\u00e1hli n\u00e1vratnosti investic. D\u011bl\u00e1me to tak, \u017ee na\u0161e pr\u016fmyslov\u00e9 tisk\u00e1rny \u0161t\u00edtk\u016f a fini\u0161ery navrhujeme tak, aby byly rychl\u00e9 a n\u00e1kladov\u011b efektivn\u00ed. V z\u00e1vislosti na po\u010dtu \u0161t\u00edtk\u016f, kter\u00e9 vyrob\u00edte, se na\u0161e za\u0159\u00edzen\u00ed m\u016f\u017ee zaplatit za m\u00e9n\u011b ne\u017e jeden rok. Pod\u00edvejte se na na\u0161e str\u00e1nky, abyste se dozv\u011bd\u011bli v\u00edce, nebo se s n\u00e1mi spojte prost\u0159ednictv\u00edm na\u0161\u00ed <a title=\"Kontaktujte n\u00e1s\" href=\"\/contact\/\">str\u00e1nky Kontaktujte n\u00e1s<\/a> s p\u0159\u00edpadn\u00fdmi dotazy.<\/p>\n","protected":false},"excerpt":{"rendered":"Pom\u00e1h\u00e1me spole\u010dnostem vytv\u00e1\u0159et vlastn\u00ed \u0161t\u00edtky Firmy po cel\u00e9m sv\u011bt\u011b \u0161et\u0159\u00ed \u010das a pen\u00edze a z\u00e1rove\u0148 zlep\u0161uj\u00ed sv\u00e9 procesy ozna\u010dov\u00e1n\u00ed. Vybudovali jsme si pov\u011bst poskytovatel\u016f kvalitn\u00edch produkt\u016f, d\u00edky nim\u017e je tisk a dokon\u010dov\u00e1n\u00ed \u0161t\u00edtk\u016f snaz\u0161\u00ed a spolehliv\u011bj\u0161\u00ed ne\u017e kdykoli p\u0159edt\u00edm, ani\u017e bychom ztratili zam\u011b\u0159en\u00ed na v\u00e1\u0161 celkov\u00fd z\u00e1jem \u010d\u00edslo jedna: solidn\u00ed n\u00e1vratnost investic. A\u0165 u\u017e outsourcujete&#8230; <a class=\"view-article\" href=\"https:\/\/dev2.afinialabel.com\/cs\/about-afinia\/\">View Article<\/a>","protected":false},"author":3,"featured_media":0,"parent":0,"menu_order":252,"comment_status":"closed","ping_status":"closed","template":"","meta":{"_acf_changed":false,"footnotes":""},"class_list":["post-241803","page","type-page","status-publish","hentry"],"acf":[],"yoast_head":"<!-- This site is optimized with the Yoast SEO Premium plugin v27.5 (Yoast SEO v27.5) - https:\/\/yoast.com\/product\/yoast-seo-premium-wordpress\/ -->\n<title>O zna\u010dce Afinia &#187; Afinia Label - Make Your Own Labels<\/title>\n<meta name=\"description\" content=\"S nej\u00fapln\u011bj\u0161\u00ed \u0159adou tiskov\u00fdch a dokon\u010dovac\u00edch za\u0159\u00edzen\u00ed pro etikety v oboru m\u00e1 Afinia Label \u0161pi\u010dkov\u00e1 \u0159e\u0161en\u00ed pro v\u011bt\u0161inu aplikac\u00ed a velikost\u00ed \u00faloh. S des\u00edtkami let zku\u0161enost\u00ed ve speci\u00e1ln\u00edm tiska\u0159sk\u00e9m pr\u016fmyslu...\" \/>\n<meta name=\"robots\" content=\"index, follow, max-snippet:-1, max-image-preview:large, max-video-preview:-1\" \/>\n<link rel=\"canonical\" href=\"https:\/\/dev2.afinialabel.com\/cs\/about-afinia\/\" \/>\n<meta property=\"og:locale\" content=\"cs_CZ\" \/>\n<meta property=\"og:type\" content=\"article\" \/>\n<meta property=\"og:title\" content=\"O zna\u010dce Afinia\" \/>\n<meta property=\"og:description\" content=\"Pom\u00e1h\u00e1me spole\u010dnostem vytv\u00e1\u0159et vlastn\u00ed \u0161t\u00edtky Firmy po cel\u00e9m sv\u011bt\u011b \u0161et\u0159\u00ed \u010das a pen\u00edze a z\u00e1rove\u0148 zlep\u0161uj\u00ed sv\u00e9 procesy ozna\u010dov\u00e1n\u00ed. Vybudovali jsme si pov\u011bst\" \/>\n<meta property=\"og:url\" content=\"https:\/\/dev2.afinialabel.com\/cs\/about-afinia\/\" \/>\n<meta property=\"og:site_name\" content=\"Afinia Label - Make Your Own Labels\" \/>\n<meta property=\"article:modified_time\" content=\"2024-11-22T08:12:38+00:00\" \/>\n<meta name=\"twitter:card\" content=\"summary_large_image\" \/>\n<meta name=\"twitter:site\" content=\"@afinialabel\" \/>\n<meta name=\"twitter:label1\" content=\"Odhadovan\u00e1 doba \u010dten\u00ed\" \/>\n\t<meta name=\"twitter:data1\" content=\"3 minuty\" \/>\n<!-- \/ Yoast SEO Premium plugin. -->","yoast_head_json":{"title":"O zna\u010dce Afinia &#187; Afinia Label - Make Your Own Labels","description":"S nej\u00fapln\u011bj\u0161\u00ed \u0159adou tiskov\u00fdch a dokon\u010dovac\u00edch za\u0159\u00edzen\u00ed pro etikety v oboru m\u00e1 Afinia Label \u0161pi\u010dkov\u00e1 \u0159e\u0161en\u00ed pro v\u011bt\u0161inu aplikac\u00ed a velikost\u00ed \u00faloh. S des\u00edtkami let zku\u0161enost\u00ed ve speci\u00e1ln\u00edm tiska\u0159sk\u00e9m pr\u016fmyslu...","robots":{"index":"index","follow":"follow","max-snippet":"max-snippet:-1","max-image-preview":"max-image-preview:large","max-video-preview":"max-video-preview:-1"},"canonical":"https:\/\/dev2.afinialabel.com\/cs\/about-afinia\/","og_locale":"cs_CZ","og_type":"article","og_title":"O zna\u010dce Afinia","og_description":"Pom\u00e1h\u00e1me spole\u010dnostem vytv\u00e1\u0159et vlastn\u00ed \u0161t\u00edtky Firmy po cel\u00e9m sv\u011bt\u011b \u0161et\u0159\u00ed \u010das a pen\u00edze a z\u00e1rove\u0148 zlep\u0161uj\u00ed sv\u00e9 procesy ozna\u010dov\u00e1n\u00ed. Vybudovali jsme si pov\u011bst","og_url":"https:\/\/dev2.afinialabel.com\/cs\/about-afinia\/","og_site_name":"Afinia Label - Make Your Own Labels","article_modified_time":"2024-11-22T08:12:38+00:00","twitter_card":"summary_large_image","twitter_site":"@afinialabel","twitter_misc":{"Odhadovan\u00e1 doba \u010dten\u00ed":"3 minuty"},"schema":{"@context":"https:\/\/schema.org","@graph":[{"@type":"WebPage","@id":"https:\/\/dev2.afinialabel.com\/cs\/about-afinia\/","url":"https:\/\/dev2.afinialabel.com\/cs\/about-afinia\/","name":"O zna\u010dce Afinia &#187; Afinia Label - Make Your Own Labels","isPartOf":{"@id":"https:\/\/dev2.afinialabel.com\/cs\/#website"},"datePublished":"2023-04-13T16:42:32+00:00","dateModified":"2024-11-22T08:12:38+00:00","description":"S nej\u00fapln\u011bj\u0161\u00ed \u0159adou tiskov\u00fdch a dokon\u010dovac\u00edch za\u0159\u00edzen\u00ed pro etikety v oboru m\u00e1 Afinia Label \u0161pi\u010dkov\u00e1 \u0159e\u0161en\u00ed pro v\u011bt\u0161inu aplikac\u00ed a velikost\u00ed \u00faloh. S des\u00edtkami let zku\u0161enost\u00ed ve speci\u00e1ln\u00edm tiska\u0159sk\u00e9m pr\u016fmyslu...","breadcrumb":{"@id":"https:\/\/dev2.afinialabel.com\/cs\/about-afinia\/#breadcrumb"},"inLanguage":"cs","potentialAction":[{"@type":"ReadAction","target":["https:\/\/dev2.afinialabel.com\/cs\/about-afinia\/"]}]},{"@type":"BreadcrumbList","@id":"https:\/\/dev2.afinialabel.com\/cs\/about-afinia\/#breadcrumb","itemListElement":[{"@type":"ListItem","position":1,"name":"Home","item":"https:\/\/dev2.afinialabel.com\/cs\/"},{"@type":"ListItem","position":2,"name":"O zna\u010dce Afinia"}]},{"@type":"WebSite","@id":"https:\/\/dev2.afinialabel.com\/cs\/#website","url":"https:\/\/dev2.afinialabel.com\/cs\/","name":"Afinia Label - Make Your Own Labels","description":"Digital Color Label Printers and Finishers","publisher":{"@id":"https:\/\/dev2.afinialabel.com\/cs\/#organization"},"potentialAction":[{"@type":"SearchAction","target":{"@type":"EntryPoint","urlTemplate":"https:\/\/dev2.afinialabel.com\/cs\/?s={search_term_string}"},"query-input":{"@type":"PropertyValueSpecification","valueRequired":true,"valueName":"search_term_string"}}],"inLanguage":"cs"},{"@type":"Organization","@id":"https:\/\/dev2.afinialabel.com\/cs\/#organization","name":"Afinia Label","url":"https:\/\/dev2.afinialabel.com\/cs\/","logo":{"@type":"ImageObject","inLanguage":"cs","@id":"https:\/\/dev2.afinialabel.com\/cs\/#\/schema\/logo\/image\/","url":"https:\/\/dev2.afinialabel.com\/wp-content\/uploads\/logo-light.svg","contentUrl":"https:\/\/dev2.afinialabel.com\/wp-content\/uploads\/logo-light.svg","width":190,"height":36,"caption":"Afinia Label"},"image":{"@id":"https:\/\/dev2.afinialabel.com\/cs\/#\/schema\/logo\/image\/"},"sameAs":["https:\/\/x.com\/afinialabel","https:\/\/www.youtube.com\/channel\/UC7oqak2m5QABw4LzXLuWCaA"]}]}},"_links":{"self":[{"href":"https:\/\/dev2.afinialabel.com\/cs\/wp-json\/wp\/v2\/pages\/241803","targetHints":{"allow":["GET"]}}],"collection":[{"href":"https:\/\/dev2.afinialabel.com\/cs\/wp-json\/wp\/v2\/pages"}],"about":[{"href":"https:\/\/dev2.afinialabel.com\/cs\/wp-json\/wp\/v2\/types\/page"}],"author":[{"embeddable":true,"href":"https:\/\/dev2.afinialabel.com\/cs\/wp-json\/wp\/v2\/users\/3"}],"replies":[{"embeddable":true,"href":"https:\/\/dev2.afinialabel.com\/cs\/wp-json\/wp\/v2\/comments?post=241803"}],"version-history":[{"count":0,"href":"https:\/\/dev2.afinialabel.com\/cs\/wp-json\/wp\/v2\/pages\/241803\/revisions"}],"wp:attachment":[{"href":"https:\/\/dev2.afinialabel.com\/cs\/wp-json\/wp\/v2\/media?parent=241803"}],"curies":[{"name":"wp","href":"https:\/\/api.w.org\/{rel}","templated":true}]}}