{"id":10282,"date":"2023-04-13T16:47:26","date_gmt":"2023-04-13T16:47:26","guid":{"rendered":"https:\/\/dev2.afinialabel.com\/memjet-inkjet-technology\/"},"modified":"2024-11-22T05:40:11","modified_gmt":"2024-11-22T05:40:11","slug":"memjet-inkjet-technologie","status":"publish","type":"page","link":"https:\/\/dev2.afinialabel.com\/cs\/about-afinia\/memjet-inkjet-technologie\/","title":{"rendered":"Inkoustov\u00e1 technologie Memjet"},"content":{"rendered":"<h3>Poskytuje pozoruhodnou jednoduchost, rychlost a ziskovost barevn\u00e9ho tisku<\/h3>\n<p><img fetchpriority=\"high\" decoding=\"async\" width=\"400\" height=\"133\" class=\"alignright size-full wp-image-1542\" src=\"\/wp-content\/uploads\/Memjet-Logo-PoweredBy-500pxw.png\" alt=\"Tisk\u00e1rny \u0161t\u00edtk\u016f Afinia - Powered by Memjet \" srcset=\"https:\/\/dev2.afinialabel.com\/wp-content\/uploads\/Memjet-Logo-PoweredBy-500pxw.png 400w, https:\/\/dev2.afinialabel.com\/wp-content\/uploads\/Memjet-Logo-PoweredBy-500pxw-300x100.png 300w, https:\/\/dev2.afinialabel.com\/wp-content\/uploads\/Memjet-Logo-PoweredBy-500pxw-275x91.png 275w, https:\/\/dev2.afinialabel.com\/wp-content\/uploads\/Memjet-Logo-PoweredBy-500pxw-65x22.png 65w\" sizes=\"(max-width: 400px) 100vw, 400px\" \/> Memjet nevyr\u00e1b\u00ed tisk\u00e1rny. M\u00edsto toho zlep\u0161uj\u00ed tisk\u00e1rny t\u00edm, \u017ee dod\u00e1vaj\u00ed inovativn\u00ed technologie a komponenty partner\u016fm, jako je Afinia Label. Tyto tiskov\u00e9 technologie zahrnuj\u00ed rychl\u00e9 tiskov\u00e9 hlavy, kter\u00e9 jsou podporov\u00e1ny \u0159\u00eddic\u00edmi \u010dipy Memjet, softwarem a inkoustem. <\/p>\n<h3>Revolu\u010dn\u00ed tisk \u0161t\u00edtk\u016f<\/h3>\n<p> Memjet m\u011bn\u00ed zp\u016fsob, jak\u00fdm firmy tisknou. V n\u011bkter\u00fdch p\u0159\u00edpadech tato technologie dokonce vytv\u00e1\u0159\u00ed zcela nov\u00e9 obchodn\u00ed p\u0159\u00edle\u017eitosti. Umo\u017en\u011bn\u00edm plnobarevn\u00e9ho tisku rychlost\u00ed v\u00fdroby mohou podniky sn\u00ed\u017eit nebo eliminovat n\u00e1klady na skladov\u00e1n\u00ed a p\u0159epravu. Plnobarevn\u00e9 \u0161t\u00edtky lze nyn\u00ed tisknout na vy\u017e\u00e1d\u00e1n\u00ed s variabiln\u00edmi daty; a kr\u00e1tk\u00e9 s\u00e9rie lze nyn\u00ed tisknout za p\u0159ijatelnou cenu za n\u00edzk\u00e9 celkov\u00e9 n\u00e1klady na vlastnictv\u00ed. <\/p>\n<h3>Technologie vodop\u00e1du<\/h3>\n<p> Tisk\u00e1rny \u0161t\u00edtk\u016f Afinia jsou vybaveny technologi\u00ed \u201eWaterfall\u201c. Na\u0161e <a href=\"\/product-tag\/memjet\/\">barevn\u00e9 tisk\u00e1rny \u0161t\u00edtk\u016f Memjet<\/a> jsou vybaveny 70 400 tryskami na tiskovou hlavu, kter\u00e9 uvol\u0148uj\u00ed neuv\u011b\u0159iteln\u00fdch 700 milion\u016f kapek inkoustu za sekundu. <\/p>\n<p style=\"text-align: center\"><img decoding=\"async\" width=\"1200\" height=\"105\" class=\"aligncenter size-full wp-image-1544\" src=\"\/wp-content\/uploads\/Memjet-Printhead-Wide.png\" alt=\"Technologie inkoustov\u00e9 tiskov\u00e9 hlavy Memjet Waterfall od spole\u010dnosti Afinia Label\" srcset=\"https:\/\/dev2.afinialabel.com\/wp-content\/uploads\/Memjet-Printhead-Wide.png 1200w, https:\/\/dev2.afinialabel.com\/wp-content\/uploads\/Memjet-Printhead-Wide-300x26.png 300w, https:\/\/dev2.afinialabel.com\/wp-content\/uploads\/Memjet-Printhead-Wide-1000x88.png 1000w, https:\/\/dev2.afinialabel.com\/wp-content\/uploads\/Memjet-Printhead-Wide-768x67.png 768w, https:\/\/dev2.afinialabel.com\/wp-content\/uploads\/Memjet-Printhead-Wide-640x56.png 640w, https:\/\/dev2.afinialabel.com\/wp-content\/uploads\/Memjet-Printhead-Wide-275x24.png 275w, https:\/\/dev2.afinialabel.com\/wp-content\/uploads\/Memjet-Printhead-Wide-65x6.png 65w\" sizes=\"(max-width: 1200px) 100vw, 1200px\" \/><\/p>\n<p> Je energeticky \u00fa\u010dinn\u011bj\u0161\u00ed. Je to mechanicky spolehliv\u011bj\u0161\u00ed. A je a\u017e osmkr\u00e1t rychlej\u0161\u00ed. Je\u0161t\u011b rychlej\u0161\u00ed ne\u017e v\u011bt\u0161ina \u010dernob\u00edl\u00fdch tisk\u00e1ren. Technologie p\u0159edstavuje radik\u00e1ln\u00ed posun v designu tiskov\u00e9 hlavy. M\u00e1 \u017eivotnost a\u017e miliony palc\u016f ti\u0161t\u011bn\u00fdch \u0161t\u00edtk\u016f. Vzhledem k tomu, \u017ee tiskov\u00e1 hlava je stacion\u00e1rn\u00ed a pap\u00edr se pohybuje pod n\u00ed, je zde m\u00e9n\u011b pohybliv\u00fdch \u010d\u00e1st\u00ed, co\u017e zvy\u0161uje rychlost a spolehlivost. <\/p>\n<h3>\u0160t\u00edtek Memjet &amp; Afinia<\/h3>\n<p> Afinia Label se objevila jako l\u00eddr digit\u00e1ln\u00edho syst\u00e9mu tisku \u0161t\u00edtk\u016f v roce 2012, kdy spolupracovala se spole\u010dnost\u00ed Memjet na spole\u010dn\u00e9m v\u00fdvoji komer\u010dn\u011b \u017eivotaschopn\u00e9ho \u0159e\u0161en\u00ed pro tisk \u00fazk\u00fdch webov\u00fdch \u0161t\u00edtk\u016f. Afinia Label je nyn\u00ed jedn\u00edm z nejv\u011bt\u0161\u00edch distributor\u016f tisk\u00e1ren \u0161t\u00edtk\u016f na b\u00e1zi Memjet na sv\u011bt\u011b. Nejen\u017ee technologie Memjet d\u011bl\u00e1 na\u0161e digit\u00e1ln\u00ed barevn\u00e9 tisk\u00e1rny \u0161t\u00edtk\u016f L701, L801 a L901 &#8211; n\u011bkter\u00e9 z nejrychlej\u0161\u00edch ve sv\u00e9 t\u0159\u00edd\u011b &#8211; ale tak\u00e9 vytv\u00e1\u0159\u00ed \u0161t\u00edtky, kter\u00e9 stoj\u00ed a\u017e o 85% m\u00e9n\u011b ne\u017e ostatn\u00ed inkoustov\u00e9 tisk\u00e1rny \u0161t\u00edtk\u016f.<\/p>\n","protected":false},"excerpt":{"rendered":"Poskytuje pozoruhodnou jednoduchost, rychlost a ziskovost barevn\u00e9ho tisku Memjet nevyr\u00e1b\u00ed tisk\u00e1rny. M\u00edsto toho zlep\u0161uj\u00ed tisk\u00e1rny t\u00edm, \u017ee dod\u00e1vaj\u00ed inovativn\u00ed technologie a komponenty partner\u016fm, jako je Afinia Label. Tyto tiskov\u00e9 technologie zahrnuj\u00ed rychl\u00e9 tiskov\u00e9 hlavy, kter\u00e9 jsou podporov\u00e1ny \u0159\u00eddic\u00edmi \u010dipy Memjet, softwarem a inkoustem. Revolu\u010dn\u00ed tisk \u0161t\u00edtk\u016f Memjet m\u011bn\u00ed zp\u016fsob, jak\u00fdm firmy tisknou. V n\u011bkter\u00fdch p\u0159\u00edpadech&#8230; <a class=\"view-article\" href=\"https:\/\/dev2.afinialabel.com\/cs\/about-afinia\/memjet-inkjet-technologie\/\">View Article<\/a>","protected":false},"author":3,"featured_media":0,"parent":241803,"menu_order":241,"comment_status":"closed","ping_status":"closed","template":"","meta":{"_acf_changed":false,"footnotes":""},"class_list":["post-10282","page","type-page","status-publish","hentry"],"acf":[],"yoast_head":"<!-- This site is optimized with the Yoast SEO Premium plugin v27.5 (Yoast SEO v27.5) - https:\/\/yoast.com\/product\/yoast-seo-premium-wordpress\/ -->\n<title>Inkoustov\u00e1 technologie Memjet &#187; Afinia Label - Make Your Own Labels<\/title>\n<meta name=\"description\" content=\"Digital Color Label Printers and Finishers - Inkoustov\u00e1 technologie Memjet\" \/>\n<meta name=\"robots\" content=\"index, follow, max-snippet:-1, max-image-preview:large, max-video-preview:-1\" \/>\n<link rel=\"canonical\" href=\"https:\/\/dev2.afinialabel.com\/cs\/about-afinia\/memjet-inkjet-technologie\/\" \/>\n<meta property=\"og:locale\" content=\"cs_CZ\" \/>\n<meta property=\"og:type\" content=\"article\" \/>\n<meta property=\"og:title\" content=\"Inkoustov\u00e1 technologie Memjet\" \/>\n<meta property=\"og:description\" content=\"Poskytuje pozoruhodnou jednoduchost, rychlost a ziskovost barevn\u00e9ho tisku Memjet nevyr\u00e1b\u00ed tisk\u00e1rny. M\u00edsto toho zlep\u0161uj\u00ed tisk\u00e1rny t\u00edm, \u017ee dod\u00e1vaj\u00ed\" \/>\n<meta property=\"og:url\" content=\"https:\/\/dev2.afinialabel.com\/cs\/about-afinia\/memjet-inkjet-technologie\/\" \/>\n<meta property=\"og:site_name\" content=\"Afinia Label - Make Your Own Labels\" \/>\n<meta property=\"article:modified_time\" content=\"2024-11-22T05:40:11+00:00\" \/>\n<meta name=\"twitter:card\" content=\"summary_large_image\" \/>\n<meta name=\"twitter:site\" content=\"@afinialabel\" \/>\n<meta name=\"twitter:label1\" content=\"Odhadovan\u00e1 doba \u010dten\u00ed\" \/>\n\t<meta name=\"twitter:data1\" content=\"2 minuty\" \/>\n<!-- \/ Yoast SEO Premium plugin. -->","yoast_head_json":{"title":"Inkoustov\u00e1 technologie Memjet &#187; Afinia Label - Make Your Own Labels","description":"Digital Color Label Printers and Finishers - Inkoustov\u00e1 technologie Memjet","robots":{"index":"index","follow":"follow","max-snippet":"max-snippet:-1","max-image-preview":"max-image-preview:large","max-video-preview":"max-video-preview:-1"},"canonical":"https:\/\/dev2.afinialabel.com\/cs\/about-afinia\/memjet-inkjet-technologie\/","og_locale":"cs_CZ","og_type":"article","og_title":"Inkoustov\u00e1 technologie Memjet","og_description":"Poskytuje pozoruhodnou jednoduchost, rychlost a ziskovost barevn\u00e9ho tisku Memjet nevyr\u00e1b\u00ed tisk\u00e1rny. M\u00edsto toho zlep\u0161uj\u00ed tisk\u00e1rny t\u00edm, \u017ee dod\u00e1vaj\u00ed","og_url":"https:\/\/dev2.afinialabel.com\/cs\/about-afinia\/memjet-inkjet-technologie\/","og_site_name":"Afinia Label - Make Your Own Labels","article_modified_time":"2024-11-22T05:40:11+00:00","twitter_card":"summary_large_image","twitter_site":"@afinialabel","twitter_misc":{"Odhadovan\u00e1 doba \u010dten\u00ed":"2 minuty"},"schema":{"@context":"https:\/\/schema.org","@graph":[{"@type":"WebPage","@id":"https:\/\/dev2.afinialabel.com\/cs\/about-afinia\/memjet-inkjet-technologie\/","url":"https:\/\/dev2.afinialabel.com\/cs\/about-afinia\/memjet-inkjet-technologie\/","name":"Inkoustov\u00e1 technologie Memjet &#187; Afinia Label - Make Your Own Labels","isPartOf":{"@id":"https:\/\/dev2.afinialabel.com\/cs\/#website"},"datePublished":"2023-04-13T16:47:26+00:00","dateModified":"2024-11-22T05:40:11+00:00","description":"Digital Color Label Printers and Finishers - Inkoustov\u00e1 technologie Memjet","breadcrumb":{"@id":"https:\/\/dev2.afinialabel.com\/cs\/about-afinia\/memjet-inkjet-technologie\/#breadcrumb"},"inLanguage":"cs","potentialAction":[{"@type":"ReadAction","target":["https:\/\/dev2.afinialabel.com\/cs\/about-afinia\/memjet-inkjet-technologie\/"]}]},{"@type":"BreadcrumbList","@id":"https:\/\/dev2.afinialabel.com\/cs\/about-afinia\/memjet-inkjet-technologie\/#breadcrumb","itemListElement":[{"@type":"ListItem","position":1,"name":"Home","item":"https:\/\/dev2.afinialabel.com\/cs\/"},{"@type":"ListItem","position":2,"name":"O zna\u010dce Afinia","item":"https:\/\/dev2.afinialabel.com\/cs\/about-afinia\/"},{"@type":"ListItem","position":3,"name":"Inkoustov\u00e1 technologie Memjet"}]},{"@type":"WebSite","@id":"https:\/\/dev2.afinialabel.com\/cs\/#website","url":"https:\/\/dev2.afinialabel.com\/cs\/","name":"Afinia Label - Make Your Own Labels","description":"Digital Color Label Printers and Finishers","publisher":{"@id":"https:\/\/dev2.afinialabel.com\/cs\/#organization"},"potentialAction":[{"@type":"SearchAction","target":{"@type":"EntryPoint","urlTemplate":"https:\/\/dev2.afinialabel.com\/cs\/?s={search_term_string}"},"query-input":{"@type":"PropertyValueSpecification","valueRequired":true,"valueName":"search_term_string"}}],"inLanguage":"cs"},{"@type":"Organization","@id":"https:\/\/dev2.afinialabel.com\/cs\/#organization","name":"Afinia Label","url":"https:\/\/dev2.afinialabel.com\/cs\/","logo":{"@type":"ImageObject","inLanguage":"cs","@id":"https:\/\/dev2.afinialabel.com\/cs\/#\/schema\/logo\/image\/","url":"https:\/\/dev2.afinialabel.com\/wp-content\/uploads\/logo-light.svg","contentUrl":"https:\/\/dev2.afinialabel.com\/wp-content\/uploads\/logo-light.svg","width":190,"height":36,"caption":"Afinia Label"},"image":{"@id":"https:\/\/dev2.afinialabel.com\/cs\/#\/schema\/logo\/image\/"},"sameAs":["https:\/\/x.com\/afinialabel","https:\/\/www.youtube.com\/channel\/UC7oqak2m5QABw4LzXLuWCaA"]}]}},"_links":{"self":[{"href":"https:\/\/dev2.afinialabel.com\/cs\/wp-json\/wp\/v2\/pages\/10282","targetHints":{"allow":["GET"]}}],"collection":[{"href":"https:\/\/dev2.afinialabel.com\/cs\/wp-json\/wp\/v2\/pages"}],"about":[{"href":"https:\/\/dev2.afinialabel.com\/cs\/wp-json\/wp\/v2\/types\/page"}],"author":[{"embeddable":true,"href":"https:\/\/dev2.afinialabel.com\/cs\/wp-json\/wp\/v2\/users\/3"}],"replies":[{"embeddable":true,"href":"https:\/\/dev2.afinialabel.com\/cs\/wp-json\/wp\/v2\/comments?post=10282"}],"version-history":[{"count":0,"href":"https:\/\/dev2.afinialabel.com\/cs\/wp-json\/wp\/v2\/pages\/10282\/revisions"}],"up":[{"embeddable":true,"href":"https:\/\/dev2.afinialabel.com\/cs\/wp-json\/wp\/v2\/pages\/241803"}],"wp:attachment":[{"href":"https:\/\/dev2.afinialabel.com\/cs\/wp-json\/wp\/v2\/media?parent=10282"}],"curies":[{"name":"wp","href":"https:\/\/api.w.org\/{rel}","templated":true}]}}